{"id":4923,"date":"2022-01-03T22:48:15","date_gmt":"2022-01-03T22:48:15","guid":{"rendered":"https:\/\/recoveryseed.cz\/?post_type=product&#038;p=4923"},"modified":"2026-01-14T14:52:21","modified_gmt":"2026-01-14T14:52:21","slug":"grid-two","status":"publish","type":"product","link":"https:\/\/recoveryseed.cz\/de\/product\/grid-two\/","title":{"rendered":"GRID ZWEI"},"content":{"rendered":"<p class=\" translation-block\">Die Platten von Recoveryseed.cz werden in der <b>Tschechischen Republik<\/b> aus rostfreiem Stahl h\u00f6chster Qualit\u00e4t hergestellt.<\/p>\n<p>Vollst\u00e4ndige Version anzeigen <strong>GRID ZWEI<\/strong> Es enth\u00e4lt zwei Platten ohne Gravierstift oder Autostift, so dass wir es zum Beispiel als Erweiterung Ihres SHAMIR-Backups empfehlen.<\/p>\n<p>Vollst\u00e4ndige Version anzeigen<b> GRID<\/b> hat ein Raster f\u00fcr 1-12 W\u00f6rter auf der Vorderseite und weitere 12-24 auf der R\u00fcckseite. im Gegensatz zu unseren anderen Produkten, hat es keinen zus\u00e4tzlichen Text oder Bitcoin-Logo, so dass es nicht auf den ersten Blick ersichtlich ist, was die Platte ist f\u00fcr.<\/p>\n<p class=\" translation-block\">Es ist ein Stahl <span style=\"font-weight: 400\">1.4307<\/span> mit einer Dicke von 1,5 mm - es sch\u00fctzt Ihr Saatgut vor <b>Wasser, Zeit und Hitze<\/b> - bis zu 1510\u00b0.<\/p>\n<p class=\" translation-block\"><span style=\"font-weight: 400\">Jedes Schild ist mit 24 Feldern vorgedruckt, um Ihr Zugangspasswort<\/span><b> BIP39<\/b><span style=\"font-weight: 400\"> in Form von 12, 18 oder 24 W\u00f6rtern Ihrer Saat zu speichern. Das Plattenmaterial ist sehr stark und nahezu unzerst\u00f6rbar. Die gl\u00e4nzende Spiegeloberfl\u00e4che sorgt f\u00fcr eine nahtlose Sichtbarkeit Ihrer eingravierten Worte.<\/span><\/p>\n<p>Diese Version enth\u00e4lt weder einen Gravierstift noch eine automatische Vertiefung und wird nicht als Geschenk verpackt.<\/p>\n<p><em>WICHTIGER HINWEIS! Kein Produkt, weder von uns noch von einem anderen Unternehmen, kann jemals v\u00f6llige Sicherheit vor Situationen wie einem vollst\u00e4ndigen Durchbrennen und der Zerst\u00f6rung eines Geb\u00e4udes garantieren, in dem sich vorzugsweise noch einige Chemikalien befinden. Wenn die Platte bis zu 1500\u00b0 hei\u00df wird und dann ein Geb\u00e4ude oder ein Dach auf sie f\u00e4llt, kann keine L\u00f6sung auf dem Markt Sie vor dieser Situation bewahren. Dies ist jedoch nicht der Fall mit dem SHAMIR BACKUP von TREZOR, bei dem Sie die S\u00e4maschine auf mehrere Standorte aufteilen k\u00f6nnen und so vermeiden, dass der Zugang zu Ihrem Geldbeutel vollst\u00e4ndig zerst\u00f6rt wird.\u00a0<\/em><\/p>","protected":false},"excerpt":{"rendered":"<p><span style=\"font-weight: 400;\">Packungsinhalt:<\/span><\/p>\n<p><span style=\"font-weight: 400;\">2x R\u00fcckgewinnungs-Saatgutplatte aus hochwertigem Spiegel-Edelstahl<\/span><\/p>\n<p>1x Poliertuch<\/p>","protected":false},"featured_media":5675,"template":"","meta":{"site-sidebar-layout":"default","site-content-layout":"default","ast-site-content-layout":"","site-content-style":"default","site-sidebar-style":"default","ast-global-header-display":"","ast-banner-title-visibility":"","ast-main-header-display":"","ast-hfb-above-header-display":"","ast-hfb-below-header-display":"","ast-hfb-mobile-header-display":"","site-post-title":"","ast-breadcrumbs-content":"","ast-featured-img":"","footer-sml-layout":"","theme-transparent-header-meta":"default","adv-header-id-meta":"","stick-header-meta":"","header-above-stick-meta":"","header-main-stick-meta":"","header-below-stick-meta":"","astra-migrate-meta-layouts":"default","ast-page-background-enabled":"default","ast-page-background-meta":{"desktop":{"background-color":"","background-image":"","background-repeat":"repeat","background-position":"center center","background-size":"auto","background-attachment":"scroll","background-type":"","background-media":"","overlay-type":"","overlay-color":"","overlay-opacity":"","overlay-gradient":""},"tablet":{"background-color":"","background-image":"","background-repeat":"repeat","background-position":"center center","background-size":"auto","background-attachment":"scroll","background-type":"","background-media":"","overlay-type":"","overlay-color":"","overlay-opacity":"","overlay-gradient":""},"mobile":{"background-color":"","background-image":"","background-repeat":"repeat","background-position":"center center","background-size":"auto","background-attachment":"scroll","background-type":"","background-media":"","overlay-type":"","overlay-color":"","overlay-opacity":"","overlay-gradient":""}},"ast-content-background-meta":{"desktop":{"background-color":"var(--ast-global-color-5)","background-image":"","background-repeat":"repeat","background-position":"center center","background-size":"auto","background-attachment":"scroll","background-type":"","background-media":"","overlay-type":"","overlay-color":"","overlay-opacity":"","overlay-gradient":""},"tablet":{"background-color":"var(--ast-global-color-5)","background-image":"","background-repeat":"repeat","background-position":"center center","background-size":"auto","background-attachment":"scroll","background-type":"","background-media":"","overlay-type":"","overlay-color":"","overlay-opacity":"","overlay-gradient":""},"mobile":{"background-color":"var(--ast-global-color-5)","background-image":"","background-repeat":"repeat","background-position":"center center","background-size":"auto","background-attachment":"scroll","background-type":"","background-media":"","overlay-type":"","overlay-color":"","overlay-opacity":"","overlay-gradient":""}}},"product_cat":[62],"product_tag":[],"yoast_head":"<!-- This site is optimized with the Yoast SEO plugin v23.0 - https:\/\/yoast.com\/wordpress\/plugins\/seo\/ -->\n<title>Grid two | recoveryseed.cz<\/title>\n<meta name=\"description\" content=\"Balen\u00ed obsahuje dvakr\u00e1t recovery seed m\u0159\u00ed\u017eku z nerezov\u00e9 oceli pro uchov\u00e1n\u00ed va\u0161ich kryptom\u011bn. Zajist\u011bte jim bezpe\u010d\u00ed. | recoveryseed.cz\" \/>\n<meta name=\"robots\" content=\"index, follow, max-snippet:-1, max-image-preview:large, max-video-preview:-1\" \/>\n<link rel=\"canonical\" href=\"https:\/\/recoveryseed.cz\/de\/product\/grid-two\/\" \/>\n<meta property=\"og:locale\" content=\"de_DE\" \/>\n<meta property=\"og:type\" content=\"article\" \/>\n<meta property=\"og:title\" content=\"Grid two | recoveryseed.cz\" \/>\n<meta property=\"og:description\" content=\"Balen\u00ed obsahuje dvakr\u00e1t recovery seed m\u0159\u00ed\u017eku z nerezov\u00e9 oceli pro uchov\u00e1n\u00ed va\u0161ich kryptom\u011bn. Zajist\u011bte jim bezpe\u010d\u00ed. | recoveryseed.cz\" \/>\n<meta property=\"og:url\" content=\"https:\/\/recoveryseed.cz\/de\/product\/grid-two\/\" \/>\n<meta property=\"og:site_name\" content=\"RecoverySeed.cz - Ulo\u017ete sv\u016fj crypto seed bezpe\u010dn\u011b!\" \/>\n<meta property=\"article:publisher\" content=\"https:\/\/www.facebook.com\/Recoveryseed.cz\" \/>\n<meta property=\"article:modified_time\" content=\"2026-01-14T14:52:21+00:00\" \/>\n<meta property=\"og:image\" content=\"https:\/\/recoveryseed.cz\/wp-content\/uploads\/2022\/01\/double-grid-punch.jpg\" \/>\n\t<meta property=\"og:image:width\" content=\"900\" \/>\n\t<meta property=\"og:image:height\" content=\"900\" \/>\n\t<meta property=\"og:image:type\" content=\"image\/jpeg\" \/>\n<meta name=\"twitter:card\" content=\"summary_large_image\" \/>\n<meta name=\"twitter:label1\" content=\"Est. reading time\" \/>\n\t<meta name=\"twitter:data1\" content=\"2 Minuten\" \/>\n<script type=\"application\/ld+json\" class=\"yoast-schema-graph\">{\"@context\":\"https:\/\/schema.org\",\"@graph\":[{\"@type\":\"WebPage\",\"@id\":\"https:\/\/recoveryseed.cz\/produkt\/grid-two\/\",\"url\":\"https:\/\/recoveryseed.cz\/produkt\/grid-two\/\",\"name\":\"Grid two | recoveryseed.cz\",\"isPartOf\":{\"@id\":\"https:\/\/recoveryseed.cz\/en\/#website\"},\"primaryImageOfPage\":{\"@id\":\"https:\/\/recoveryseed.cz\/produkt\/grid-two\/#primaryimage\"},\"image\":{\"@id\":\"https:\/\/recoveryseed.cz\/produkt\/grid-two\/#primaryimage\"},\"thumbnailUrl\":\"https:\/\/recoveryseed.cz\/wp-content\/uploads\/2022\/01\/double-grid-punch.jpg\",\"datePublished\":\"2022-01-03T22:48:15+00:00\",\"dateModified\":\"2026-01-14T14:52:21+00:00\",\"description\":\"Balen\u00ed obsahuje dvakr\u00e1t recovery seed m\u0159\u00ed\u017eku z nerezov\u00e9 oceli pro uchov\u00e1n\u00ed va\u0161ich kryptom\u011bn. Zajist\u011bte jim bezpe\u010d\u00ed. | recoveryseed.cz\",\"breadcrumb\":{\"@id\":\"https:\/\/recoveryseed.cz\/produkt\/grid-two\/#breadcrumb\"},\"inLanguage\":\"de-DE\",\"potentialAction\":[{\"@type\":\"ReadAction\",\"target\":[\"https:\/\/recoveryseed.cz\/produkt\/grid-two\/\"]}]},{\"@type\":\"ImageObject\",\"inLanguage\":\"de-DE\",\"@id\":\"https:\/\/recoveryseed.cz\/produkt\/grid-two\/#primaryimage\",\"url\":\"https:\/\/recoveryseed.cz\/wp-content\/uploads\/2022\/01\/double-grid-punch.jpg\",\"contentUrl\":\"https:\/\/recoveryseed.cz\/wp-content\/uploads\/2022\/01\/double-grid-punch.jpg\",\"width\":900,\"height\":900},{\"@type\":\"BreadcrumbList\",\"@id\":\"https:\/\/recoveryseed.cz\/produkt\/grid-two\/#breadcrumb\",\"itemListElement\":[{\"@type\":\"ListItem\",\"position\":1,\"name\":\"Dom\u016f\",\"item\":\"https:\/\/recoveryseed.cz\/\"},{\"@type\":\"ListItem\",\"position\":2,\"name\":\"Obchod\",\"item\":\"https:\/\/recoveryseed.cz\/eshop-recovery-seed-metal-plate\/\"},{\"@type\":\"ListItem\",\"position\":3,\"name\":\"GRID TWO\"}]},{\"@type\":\"WebSite\",\"@id\":\"https:\/\/recoveryseed.cz\/en\/#website\",\"url\":\"https:\/\/recoveryseed.cz\/en\/\",\"name\":\"RecoverySeed.cz - Ulo\u017ete sv\u016fj crypto seed bezpe\u010dn\u011b!\",\"description\":\"\",\"publisher\":{\"@id\":\"https:\/\/recoveryseed.cz\/en\/#organization\"},\"potentialAction\":[{\"@type\":\"SearchAction\",\"target\":{\"@type\":\"EntryPoint\",\"urlTemplate\":\"https:\/\/recoveryseed.cz\/en\/?s={search_term_string}\"},\"query-input\":\"required name=search_term_string\"}],\"inLanguage\":\"de-DE\"},{\"@type\":\"Organization\",\"@id\":\"https:\/\/recoveryseed.cz\/en\/#organization\",\"name\":\"Recovery Seed s.r.o.\",\"url\":\"https:\/\/recoveryseed.cz\/en\/\",\"logo\":{\"@type\":\"ImageObject\",\"inLanguage\":\"de-DE\",\"@id\":\"https:\/\/recoveryseed.cz\/en\/#\/schema\/logo\/image\/\",\"url\":\"https:\/\/recoveryseed.cz\/wp-content\/uploads\/2020\/12\/cropped-CryptoSteel__2_-removebg-preview-e1607373653659.png\",\"contentUrl\":\"https:\/\/recoveryseed.cz\/wp-content\/uploads\/2020\/12\/cropped-CryptoSteel__2_-removebg-preview-e1607373653659.png\",\"width\":500,\"height\":88,\"caption\":\"Recovery Seed s.r.o.\"},\"image\":{\"@id\":\"https:\/\/recoveryseed.cz\/en\/#\/schema\/logo\/image\/\"},\"sameAs\":[\"https:\/\/www.facebook.com\/Recoveryseed.cz\",\"https:\/\/www.instagram.com\/recoveryseed.cz\/\"]}]}<\/script>\n<!-- \/ Yoast SEO plugin. -->","yoast_head_json":{"title":"Grid two | recoveryseed.cz","description":"Balen\u00ed obsahuje dvakr\u00e1t recovery seed m\u0159\u00ed\u017eku z nerezov\u00e9 oceli pro uchov\u00e1n\u00ed va\u0161ich kryptom\u011bn. Zajist\u011bte jim bezpe\u010d\u00ed. | recoveryseed.cz","robots":{"index":"index","follow":"follow","max-snippet":"max-snippet:-1","max-image-preview":"max-image-preview:large","max-video-preview":"max-video-preview:-1"},"canonical":"https:\/\/recoveryseed.cz\/de\/product\/grid-two\/","og_locale":"de_DE","og_type":"article","og_title":"Grid two | recoveryseed.cz","og_description":"Balen\u00ed obsahuje dvakr\u00e1t recovery seed m\u0159\u00ed\u017eku z nerezov\u00e9 oceli pro uchov\u00e1n\u00ed va\u0161ich kryptom\u011bn. Zajist\u011bte jim bezpe\u010d\u00ed. | recoveryseed.cz","og_url":"https:\/\/recoveryseed.cz\/de\/product\/grid-two\/","og_site_name":"RecoverySeed.cz - Ulo\u017ete sv\u016fj crypto seed bezpe\u010dn\u011b!","article_publisher":"https:\/\/www.facebook.com\/Recoveryseed.cz","article_modified_time":"2026-01-14T14:52:21+00:00","og_image":[{"width":900,"height":900,"url":"https:\/\/recoveryseed.cz\/wp-content\/uploads\/2022\/01\/double-grid-punch.jpg","type":"image\/jpeg"}],"twitter_card":"summary_large_image","twitter_misc":{"Est. reading time":"2 Minuten"},"schema":{"@context":"https:\/\/schema.org","@graph":[{"@type":"WebPage","@id":"https:\/\/recoveryseed.cz\/produkt\/grid-two\/","url":"https:\/\/recoveryseed.cz\/produkt\/grid-two\/","name":"Grid two | recoveryseed.cz","isPartOf":{"@id":"https:\/\/recoveryseed.cz\/en\/#website"},"primaryImageOfPage":{"@id":"https:\/\/recoveryseed.cz\/produkt\/grid-two\/#primaryimage"},"image":{"@id":"https:\/\/recoveryseed.cz\/produkt\/grid-two\/#primaryimage"},"thumbnailUrl":"https:\/\/recoveryseed.cz\/wp-content\/uploads\/2022\/01\/double-grid-punch.jpg","datePublished":"2022-01-03T22:48:15+00:00","dateModified":"2026-01-14T14:52:21+00:00","description":"Balen\u00ed obsahuje dvakr\u00e1t recovery seed m\u0159\u00ed\u017eku z nerezov\u00e9 oceli pro uchov\u00e1n\u00ed va\u0161ich kryptom\u011bn. Zajist\u011bte jim bezpe\u010d\u00ed. | recoveryseed.cz","breadcrumb":{"@id":"https:\/\/recoveryseed.cz\/produkt\/grid-two\/#breadcrumb"},"inLanguage":"de-DE","potentialAction":[{"@type":"ReadAction","target":["https:\/\/recoveryseed.cz\/produkt\/grid-two\/"]}]},{"@type":"ImageObject","inLanguage":"de-DE","@id":"https:\/\/recoveryseed.cz\/produkt\/grid-two\/#primaryimage","url":"https:\/\/recoveryseed.cz\/wp-content\/uploads\/2022\/01\/double-grid-punch.jpg","contentUrl":"https:\/\/recoveryseed.cz\/wp-content\/uploads\/2022\/01\/double-grid-punch.jpg","width":900,"height":900},{"@type":"BreadcrumbList","@id":"https:\/\/recoveryseed.cz\/produkt\/grid-two\/#breadcrumb","itemListElement":[{"@type":"ListItem","position":1,"name":"Dom\u016f","item":"https:\/\/recoveryseed.cz\/"},{"@type":"ListItem","position":2,"name":"Obchod","item":"https:\/\/recoveryseed.cz\/eshop-recovery-seed-metal-plate\/"},{"@type":"ListItem","position":3,"name":"GRID TWO"}]},{"@type":"WebSite","@id":"https:\/\/recoveryseed.cz\/en\/#website","url":"https:\/\/recoveryseed.cz\/en\/","name":"RecoverySeed.cz - Ulo\u017ete sv\u016fj crypto seed bezpe\u010dn\u011b!","description":"","publisher":{"@id":"https:\/\/recoveryseed.cz\/en\/#organization"},"potentialAction":[{"@type":"SearchAction","target":{"@type":"EntryPoint","urlTemplate":"https:\/\/recoveryseed.cz\/en\/?s={search_term_string}"},"query-input":"required name=search_term_string"}],"inLanguage":"de-DE"},{"@type":"Organization","@id":"https:\/\/recoveryseed.cz\/en\/#organization","name":"Recovery Seed s.r.o.","url":"https:\/\/recoveryseed.cz\/en\/","logo":{"@type":"ImageObject","inLanguage":"de-DE","@id":"https:\/\/recoveryseed.cz\/en\/#\/schema\/logo\/image\/","url":"https:\/\/recoveryseed.cz\/wp-content\/uploads\/2020\/12\/cropped-CryptoSteel__2_-removebg-preview-e1607373653659.png","contentUrl":"https:\/\/recoveryseed.cz\/wp-content\/uploads\/2020\/12\/cropped-CryptoSteel__2_-removebg-preview-e1607373653659.png","width":500,"height":88,"caption":"Recovery Seed s.r.o."},"image":{"@id":"https:\/\/recoveryseed.cz\/en\/#\/schema\/logo\/image\/"},"sameAs":["https:\/\/www.facebook.com\/Recoveryseed.cz","https:\/\/www.instagram.com\/recoveryseed.cz\/"]}]}},"_links":{"self":[{"href":"https:\/\/recoveryseed.cz\/de\/wp-json\/wp\/v2\/product\/4923"}],"collection":[{"href":"https:\/\/recoveryseed.cz\/de\/wp-json\/wp\/v2\/product"}],"about":[{"href":"https:\/\/recoveryseed.cz\/de\/wp-json\/wp\/v2\/types\/product"}],"version-history":[{"count":1,"href":"https:\/\/recoveryseed.cz\/de\/wp-json\/wp\/v2\/product\/4923\/revisions"}],"predecessor-version":[{"id":6816,"href":"https:\/\/recoveryseed.cz\/de\/wp-json\/wp\/v2\/product\/4923\/revisions\/6816"}],"wp:featuredmedia":[{"embeddable":true,"href":"https:\/\/recoveryseed.cz\/de\/wp-json\/wp\/v2\/media\/5675"}],"wp:attachment":[{"href":"https:\/\/recoveryseed.cz\/de\/wp-json\/wp\/v2\/media?parent=4923"}],"wp:term":[{"taxonomy":"product_cat","embeddable":true,"href":"https:\/\/recoveryseed.cz\/de\/wp-json\/wp\/v2\/product_cat?post=4923"},{"taxonomy":"product_tag","embeddable":true,"href":"https:\/\/recoveryseed.cz\/de\/wp-json\/wp\/v2\/product_tag?post=4923"}],"curies":[{"name":"wp","href":"https:\/\/api.w.org\/{rel}","templated":true}]}}