{"id":5658,"date":"2022-10-19T07:58:55","date_gmt":"2022-10-19T07:58:55","guid":{"rendered":"https:\/\/recoveryseed.cz\/?post_type=product&#038;p=5658"},"modified":"2026-01-14T14:52:11","modified_gmt":"2026-01-14T14:52:11","slug":"grid-punch-shamir-backup","status":"publish","type":"product","link":"https:\/\/recoveryseed.cz\/de\/product\/grid-punch-shamir-backup\/","title":{"rendered":"GRID SHAMIR BACKUP"},"content":{"rendered":"<p class=\" translation-block\"><span style=\"font-size: 15px\">Die Platten von Recoveryseed.cz werden in der <b>Tschechischen Republik<\/b> aus rostfreiem Stahl h\u00f6chster Qualit\u00e4t hergestellt.<\/span><\/p>\n<p>Vollst\u00e4ndige Version anzeigen <strong>GRID<\/strong>\u00a0<b>SHAMIR BACKUP <\/b>Enth\u00e4lt <b>4<\/b> Diese Kombination wird f\u00fcr die Shamir-L\u00f6sung empfohlen, die Trezor f\u00fcr sein Hardware-Wallet-Safe-Modell T anbietet. Dieses ultimative Seed-Backup ist eines der sichersten \u00fcberhaupt!<\/p>\n<p>hat ein Raster f\u00fcr 1-12 W\u00f6rter auf der Vorderseite und weitere 12-24 auf der R\u00fcckseite. im Gegensatz zu unseren anderen Produkten, hat es keinen zus\u00e4tzlichen Text oder Bitcoin-Logo, so dass es nicht auf den ersten Blick ersichtlich ist, was die Platte ist f\u00fcr.<\/p>\n<p class=\" translation-block\">Es ist ein Stahl <span style=\"font-weight: 400\">1.4307<\/span> mit einer Dicke von 1,5 mm - es sch\u00fctzt Ihr Saatgut vor <b>Wasser, Zeit und Hitze<\/b> - bis zu 1510\u00b0.<\/p>\n<p><strong style=\"font-size: 15px;\">Wenn Sie m\u00f6chten, k\u00f6nnen Sie Ihrem Einkaufswagen weitere Teile hinzuf\u00fcgen, um die Anzahl der m\u00f6glichen Ablagefl\u00e4chen zu erweitern.<\/strong><\/p>\n<p>F\u00fcr die beste Erkl\u00e4rung zitieren wir Mark Palatinus:<\/p>\n<blockquote><p>\"Die bisherige Praxis, bei der bei Verlust oder Vergessen eines Kryptow\u00e4hrungsschl\u00fcssels ein einziger Satz (der sogenannte Recovery-Seed) aus W\u00f6rtern in einer bestimmten Reihenfolge ausreichte, um ihn wiederzuerlangen, wird durch ein ausgefeilteres System ersetzt. Die Nutzer k\u00f6nnen nun eine einzelne Seed-Phrase in mehrere aufteilen. Bisher wurden die Wiederherstellungswerkzeuge praktisch nur an einem Ort aufbewahrt, in der Regel auf Papier geschrieben und in einem Safe versteckt. Jetzt k\u00f6nnen sie ihren Seed aufteilen und an mehrere Orte oder an mehrere vertrauensw\u00fcrdige Personen weitergeben. Dies erh\u00f6ht den Schutz vor Diebstahl, Verlust oder Besch\u00e4digung des Seeds erheblich. Die Wirkung der Aufteilung des Satzes ist dank Shamir Backup auch im Falle eines Erbschaftsverfahrens bemerkenswert - so dass nur eine Person die Brieftasche nicht wiedererlangen kann. Dar\u00fcber hinaus kann der Nutzer entscheiden, ob er alle Teile oder nur einige davon ben\u00f6tigt, um den Zugriff wiederherzustellen. Auch dank dieser einzigartigen, von Menschen gew\u00e4hlten Konfigurationen kann Ihre Krypto-Wallet jetzt noch besser gesch\u00fctzt werden\", beschreibt Marek Palatinus alias Slush.<\/p><\/blockquote>\n<p class=\" translation-block\">Jedes Schild ist mit 24 Feldern f\u00fcr die Speicherung des <strong>BIP39<\/strong>-Zugangspassworts in Form von 12, 18 oder 24 W\u00f6rtern Ihrer Wahl vorgedruckt. Das Material der Platte ist sehr stark und nahezu unverw\u00fcstlich. Die gl\u00e4nzende Spiegeloberfl\u00e4che garantiert eine einwandfreie Sichtbarkeit Ihrer eingravierten Worte.<\/p>\n<p class=\" translation-block\">Diese Version ist standardm\u00e4\u00dfig in einer <strong>Geschenkversion<\/strong> verpackt.<\/p>\n<p><em>WICHTIGER HINWEIS! Kein Produkt, weder von uns noch von einem anderen Unternehmen, kann jemals v\u00f6llige Sicherheit vor Situationen wie einem vollst\u00e4ndigen Durchbrennen und der Zerst\u00f6rung eines Geb\u00e4udes garantieren, in dem sich vorzugsweise noch einige Chemikalien befinden. Wenn die Platte bis zu 1500\u00b0 hei\u00df wird und dann ein Geb\u00e4ude oder ein Dach auf sie f\u00e4llt, kann keine L\u00f6sung auf dem Markt Sie vor dieser Situation bewahren. Dies ist jedoch nicht der Fall mit dem SHAMIR BACKUP von TREZOR, bei dem Sie die S\u00e4maschine auf mehrere Stellen aufteilen k\u00f6nnen und die Zerst\u00f6rung aller Zug\u00e4nge zu Ihrem Geldbeutel verhindern. Leider ist die Hammerstanze in einer Wohnung oder einem Haus ohne Werkstatt nicht immer geeignet.  Ein automatischer Stempel kann ein guter Ersatz sein und einen Samen auf eine Stahlplatte schreiben, siehe unsere Tests und Bewertungen.<\/em><\/p>","protected":false},"excerpt":{"rendered":"<p>Inhalt der Packung Shamir Backup:<\/p>\n<p>2x R\u00fcckgewinnungs-Saatgutplatte aus hochwertigem Spiegel-Edelstahl<\/p>\n<p>1x automatischer Stempel<\/p>\n<p>1x Reinigungstuch<\/p>","protected":false},"featured_media":5664,"template":"","meta":{"site-sidebar-layout":"default","site-content-layout":"default","ast-site-content-layout":"","site-content-style":"default","site-sidebar-style":"default","ast-global-header-display":"","ast-banner-title-visibility":"","ast-main-header-display":"","ast-hfb-above-header-display":"","ast-hfb-below-header-display":"","ast-hfb-mobile-header-display":"","site-post-title":"","ast-breadcrumbs-content":"","ast-featured-img":"","footer-sml-layout":"","theme-transparent-header-meta":"default","adv-header-id-meta":"","stick-header-meta":"","header-above-stick-meta":"","header-main-stick-meta":"","header-below-stick-meta":"","astra-migrate-meta-layouts":"default","ast-page-background-enabled":"default","ast-page-background-meta":{"desktop":{"background-color":"","background-image":"","background-repeat":"repeat","background-position":"center center","background-size":"auto","background-attachment":"scroll","background-type":"","background-media":"","overlay-type":"","overlay-color":"","overlay-opacity":"","overlay-gradient":""},"tablet":{"background-color":"","background-image":"","background-repeat":"repeat","background-position":"center center","background-size":"auto","background-attachment":"scroll","background-type":"","background-media":"","overlay-type":"","overlay-color":"","overlay-opacity":"","overlay-gradient":""},"mobile":{"background-color":"","background-image":"","background-repeat":"repeat","background-position":"center center","background-size":"auto","background-attachment":"scroll","background-type":"","background-media":"","overlay-type":"","overlay-color":"","overlay-opacity":"","overlay-gradient":""}},"ast-content-background-meta":{"desktop":{"background-color":"var(--ast-global-color-5)","background-image":"","background-repeat":"repeat","background-position":"center center","background-size":"auto","background-attachment":"scroll","background-type":"","background-media":"","overlay-type":"","overlay-color":"","overlay-opacity":"","overlay-gradient":""},"tablet":{"background-color":"var(--ast-global-color-5)","background-image":"","background-repeat":"repeat","background-position":"center center","background-size":"auto","background-attachment":"scroll","background-type":"","background-media":"","overlay-type":"","overlay-color":"","overlay-opacity":"","overlay-gradient":""},"mobile":{"background-color":"var(--ast-global-color-5)","background-image":"","background-repeat":"repeat","background-position":"center center","background-size":"auto","background-attachment":"scroll","background-type":"","background-media":"","overlay-type":"","overlay-color":"","overlay-opacity":"","overlay-gradient":""}}},"product_cat":[62],"product_tag":[],"yoast_head":"<!-- This site is optimized with the Yoast SEO plugin v23.0 - https:\/\/yoast.com\/wordpress\/plugins\/seo\/ -->\n<title>Grid punch shamir backup | recoveryseed.cz<\/title>\n<meta name=\"description\" content=\"Balen\u00ed Shamir backup obsahuje 4 recovery seed m\u0159\u00ed\u017eky z pr\u00e9miov\u00e9 zrcadlov\u00e9 nerezov\u00e9 oceli. Prohl\u00e9dn\u011bte si na\u0161e produkty.\" \/>\n<meta name=\"robots\" content=\"index, follow, max-snippet:-1, max-image-preview:large, max-video-preview:-1\" \/>\n<link rel=\"canonical\" href=\"https:\/\/recoveryseed.cz\/de\/product\/grid-punch-shamir-backup\/\" \/>\n<meta property=\"og:locale\" content=\"de_DE\" \/>\n<meta property=\"og:type\" content=\"article\" \/>\n<meta property=\"og:title\" content=\"Grid punch shamir backup | recoveryseed.cz\" \/>\n<meta property=\"og:description\" content=\"Balen\u00ed Shamir backup obsahuje 4 recovery seed m\u0159\u00ed\u017eky z pr\u00e9miov\u00e9 zrcadlov\u00e9 nerezov\u00e9 oceli. Prohl\u00e9dn\u011bte si na\u0161e produkty.\" \/>\n<meta property=\"og:url\" content=\"https:\/\/recoveryseed.cz\/de\/product\/grid-punch-shamir-backup\/\" \/>\n<meta property=\"og:site_name\" content=\"RecoverySeed.cz - Ulo\u017ete sv\u016fj crypto seed bezpe\u010dn\u011b!\" \/>\n<meta property=\"article:publisher\" content=\"https:\/\/www.facebook.com\/Recoveryseed.cz\" \/>\n<meta property=\"article:modified_time\" content=\"2026-01-14T14:52:11+00:00\" \/>\n<meta property=\"og:image\" content=\"https:\/\/recoveryseed.cz\/wp-content\/uploads\/2022\/10\/grid-shamir-punch-1.jpg\" \/>\n\t<meta property=\"og:image:width\" content=\"900\" \/>\n\t<meta property=\"og:image:height\" content=\"900\" \/>\n\t<meta property=\"og:image:type\" content=\"image\/jpeg\" \/>\n<meta name=\"twitter:card\" content=\"summary_large_image\" \/>\n<meta name=\"twitter:label1\" content=\"Est. reading time\" \/>\n\t<meta name=\"twitter:data1\" content=\"2 Minuten\" \/>\n<script type=\"application\/ld+json\" class=\"yoast-schema-graph\">{\"@context\":\"https:\/\/schema.org\",\"@graph\":[{\"@type\":\"WebPage\",\"@id\":\"https:\/\/recoveryseed.cz\/produkt\/grid-punch-shamir-backup\/\",\"url\":\"https:\/\/recoveryseed.cz\/produkt\/grid-punch-shamir-backup\/\",\"name\":\"Grid punch shamir backup | recoveryseed.cz\",\"isPartOf\":{\"@id\":\"https:\/\/recoveryseed.cz\/en\/#website\"},\"primaryImageOfPage\":{\"@id\":\"https:\/\/recoveryseed.cz\/produkt\/grid-punch-shamir-backup\/#primaryimage\"},\"image\":{\"@id\":\"https:\/\/recoveryseed.cz\/produkt\/grid-punch-shamir-backup\/#primaryimage\"},\"thumbnailUrl\":\"https:\/\/recoveryseed.cz\/wp-content\/uploads\/2022\/10\/grid-shamir-punch-1.jpg\",\"datePublished\":\"2022-10-19T07:58:55+00:00\",\"dateModified\":\"2026-01-14T14:52:11+00:00\",\"description\":\"Balen\u00ed Shamir backup obsahuje 4 recovery seed m\u0159\u00ed\u017eky z pr\u00e9miov\u00e9 zrcadlov\u00e9 nerezov\u00e9 oceli. Prohl\u00e9dn\u011bte si na\u0161e produkty.\",\"breadcrumb\":{\"@id\":\"https:\/\/recoveryseed.cz\/produkt\/grid-punch-shamir-backup\/#breadcrumb\"},\"inLanguage\":\"de-DE\",\"potentialAction\":[{\"@type\":\"ReadAction\",\"target\":[\"https:\/\/recoveryseed.cz\/produkt\/grid-punch-shamir-backup\/\"]}]},{\"@type\":\"ImageObject\",\"inLanguage\":\"de-DE\",\"@id\":\"https:\/\/recoveryseed.cz\/produkt\/grid-punch-shamir-backup\/#primaryimage\",\"url\":\"https:\/\/recoveryseed.cz\/wp-content\/uploads\/2022\/10\/grid-shamir-punch-1.jpg\",\"contentUrl\":\"https:\/\/recoveryseed.cz\/wp-content\/uploads\/2022\/10\/grid-shamir-punch-1.jpg\",\"width\":900,\"height\":900},{\"@type\":\"BreadcrumbList\",\"@id\":\"https:\/\/recoveryseed.cz\/produkt\/grid-punch-shamir-backup\/#breadcrumb\",\"itemListElement\":[{\"@type\":\"ListItem\",\"position\":1,\"name\":\"Dom\u016f\",\"item\":\"https:\/\/recoveryseed.cz\/\"},{\"@type\":\"ListItem\",\"position\":2,\"name\":\"Obchod\",\"item\":\"https:\/\/recoveryseed.cz\/eshop-recovery-seed-metal-plate\/\"},{\"@type\":\"ListItem\",\"position\":3,\"name\":\"GRID PUNCH SHAMIR BACKUP\"}]},{\"@type\":\"WebSite\",\"@id\":\"https:\/\/recoveryseed.cz\/en\/#website\",\"url\":\"https:\/\/recoveryseed.cz\/en\/\",\"name\":\"RecoverySeed.cz - Ulo\u017ete sv\u016fj crypto seed bezpe\u010dn\u011b!\",\"description\":\"\",\"publisher\":{\"@id\":\"https:\/\/recoveryseed.cz\/en\/#organization\"},\"potentialAction\":[{\"@type\":\"SearchAction\",\"target\":{\"@type\":\"EntryPoint\",\"urlTemplate\":\"https:\/\/recoveryseed.cz\/en\/?s={search_term_string}\"},\"query-input\":\"required name=search_term_string\"}],\"inLanguage\":\"de-DE\"},{\"@type\":\"Organization\",\"@id\":\"https:\/\/recoveryseed.cz\/en\/#organization\",\"name\":\"Recovery Seed s.r.o.\",\"url\":\"https:\/\/recoveryseed.cz\/en\/\",\"logo\":{\"@type\":\"ImageObject\",\"inLanguage\":\"de-DE\",\"@id\":\"https:\/\/recoveryseed.cz\/en\/#\/schema\/logo\/image\/\",\"url\":\"https:\/\/recoveryseed.cz\/wp-content\/uploads\/2020\/12\/cropped-CryptoSteel__2_-removebg-preview-e1607373653659.png\",\"contentUrl\":\"https:\/\/recoveryseed.cz\/wp-content\/uploads\/2020\/12\/cropped-CryptoSteel__2_-removebg-preview-e1607373653659.png\",\"width\":500,\"height\":88,\"caption\":\"Recovery Seed s.r.o.\"},\"image\":{\"@id\":\"https:\/\/recoveryseed.cz\/en\/#\/schema\/logo\/image\/\"},\"sameAs\":[\"https:\/\/www.facebook.com\/Recoveryseed.cz\",\"https:\/\/www.instagram.com\/recoveryseed.cz\/\"]}]}<\/script>\n<!-- \/ Yoast SEO plugin. -->","yoast_head_json":{"title":"Grid punch shamir backup | recoveryseed.cz","description":"Balen\u00ed Shamir backup obsahuje 4 recovery seed m\u0159\u00ed\u017eky z pr\u00e9miov\u00e9 zrcadlov\u00e9 nerezov\u00e9 oceli. Prohl\u00e9dn\u011bte si na\u0161e produkty.","robots":{"index":"index","follow":"follow","max-snippet":"max-snippet:-1","max-image-preview":"max-image-preview:large","max-video-preview":"max-video-preview:-1"},"canonical":"https:\/\/recoveryseed.cz\/de\/product\/grid-punch-shamir-backup\/","og_locale":"de_DE","og_type":"article","og_title":"Grid punch shamir backup | recoveryseed.cz","og_description":"Balen\u00ed Shamir backup obsahuje 4 recovery seed m\u0159\u00ed\u017eky z pr\u00e9miov\u00e9 zrcadlov\u00e9 nerezov\u00e9 oceli. Prohl\u00e9dn\u011bte si na\u0161e produkty.","og_url":"https:\/\/recoveryseed.cz\/de\/product\/grid-punch-shamir-backup\/","og_site_name":"RecoverySeed.cz - Ulo\u017ete sv\u016fj crypto seed bezpe\u010dn\u011b!","article_publisher":"https:\/\/www.facebook.com\/Recoveryseed.cz","article_modified_time":"2026-01-14T14:52:11+00:00","og_image":[{"width":900,"height":900,"url":"https:\/\/recoveryseed.cz\/wp-content\/uploads\/2022\/10\/grid-shamir-punch-1.jpg","type":"image\/jpeg"}],"twitter_card":"summary_large_image","twitter_misc":{"Est. reading time":"2 Minuten"},"schema":{"@context":"https:\/\/schema.org","@graph":[{"@type":"WebPage","@id":"https:\/\/recoveryseed.cz\/produkt\/grid-punch-shamir-backup\/","url":"https:\/\/recoveryseed.cz\/produkt\/grid-punch-shamir-backup\/","name":"Grid punch shamir backup | recoveryseed.cz","isPartOf":{"@id":"https:\/\/recoveryseed.cz\/en\/#website"},"primaryImageOfPage":{"@id":"https:\/\/recoveryseed.cz\/produkt\/grid-punch-shamir-backup\/#primaryimage"},"image":{"@id":"https:\/\/recoveryseed.cz\/produkt\/grid-punch-shamir-backup\/#primaryimage"},"thumbnailUrl":"https:\/\/recoveryseed.cz\/wp-content\/uploads\/2022\/10\/grid-shamir-punch-1.jpg","datePublished":"2022-10-19T07:58:55+00:00","dateModified":"2026-01-14T14:52:11+00:00","description":"Balen\u00ed Shamir backup obsahuje 4 recovery seed m\u0159\u00ed\u017eky z pr\u00e9miov\u00e9 zrcadlov\u00e9 nerezov\u00e9 oceli. Prohl\u00e9dn\u011bte si na\u0161e produkty.","breadcrumb":{"@id":"https:\/\/recoveryseed.cz\/produkt\/grid-punch-shamir-backup\/#breadcrumb"},"inLanguage":"de-DE","potentialAction":[{"@type":"ReadAction","target":["https:\/\/recoveryseed.cz\/produkt\/grid-punch-shamir-backup\/"]}]},{"@type":"ImageObject","inLanguage":"de-DE","@id":"https:\/\/recoveryseed.cz\/produkt\/grid-punch-shamir-backup\/#primaryimage","url":"https:\/\/recoveryseed.cz\/wp-content\/uploads\/2022\/10\/grid-shamir-punch-1.jpg","contentUrl":"https:\/\/recoveryseed.cz\/wp-content\/uploads\/2022\/10\/grid-shamir-punch-1.jpg","width":900,"height":900},{"@type":"BreadcrumbList","@id":"https:\/\/recoveryseed.cz\/produkt\/grid-punch-shamir-backup\/#breadcrumb","itemListElement":[{"@type":"ListItem","position":1,"name":"Dom\u016f","item":"https:\/\/recoveryseed.cz\/"},{"@type":"ListItem","position":2,"name":"Obchod","item":"https:\/\/recoveryseed.cz\/eshop-recovery-seed-metal-plate\/"},{"@type":"ListItem","position":3,"name":"GRID PUNCH SHAMIR BACKUP"}]},{"@type":"WebSite","@id":"https:\/\/recoveryseed.cz\/en\/#website","url":"https:\/\/recoveryseed.cz\/en\/","name":"RecoverySeed.cz - Ulo\u017ete sv\u016fj crypto seed bezpe\u010dn\u011b!","description":"","publisher":{"@id":"https:\/\/recoveryseed.cz\/en\/#organization"},"potentialAction":[{"@type":"SearchAction","target":{"@type":"EntryPoint","urlTemplate":"https:\/\/recoveryseed.cz\/en\/?s={search_term_string}"},"query-input":"required name=search_term_string"}],"inLanguage":"de-DE"},{"@type":"Organization","@id":"https:\/\/recoveryseed.cz\/en\/#organization","name":"Recovery Seed s.r.o.","url":"https:\/\/recoveryseed.cz\/en\/","logo":{"@type":"ImageObject","inLanguage":"de-DE","@id":"https:\/\/recoveryseed.cz\/en\/#\/schema\/logo\/image\/","url":"https:\/\/recoveryseed.cz\/wp-content\/uploads\/2020\/12\/cropped-CryptoSteel__2_-removebg-preview-e1607373653659.png","contentUrl":"https:\/\/recoveryseed.cz\/wp-content\/uploads\/2020\/12\/cropped-CryptoSteel__2_-removebg-preview-e1607373653659.png","width":500,"height":88,"caption":"Recovery Seed s.r.o."},"image":{"@id":"https:\/\/recoveryseed.cz\/en\/#\/schema\/logo\/image\/"},"sameAs":["https:\/\/www.facebook.com\/Recoveryseed.cz","https:\/\/www.instagram.com\/recoveryseed.cz\/"]}]}},"_links":{"self":[{"href":"https:\/\/recoveryseed.cz\/de\/wp-json\/wp\/v2\/product\/5658"}],"collection":[{"href":"https:\/\/recoveryseed.cz\/de\/wp-json\/wp\/v2\/product"}],"about":[{"href":"https:\/\/recoveryseed.cz\/de\/wp-json\/wp\/v2\/types\/product"}],"version-history":[{"count":1,"href":"https:\/\/recoveryseed.cz\/de\/wp-json\/wp\/v2\/product\/5658\/revisions"}],"predecessor-version":[{"id":6814,"href":"https:\/\/recoveryseed.cz\/de\/wp-json\/wp\/v2\/product\/5658\/revisions\/6814"}],"wp:featuredmedia":[{"embeddable":true,"href":"https:\/\/recoveryseed.cz\/de\/wp-json\/wp\/v2\/media\/5664"}],"wp:attachment":[{"href":"https:\/\/recoveryseed.cz\/de\/wp-json\/wp\/v2\/media?parent=5658"}],"wp:term":[{"taxonomy":"product_cat","embeddable":true,"href":"https:\/\/recoveryseed.cz\/de\/wp-json\/wp\/v2\/product_cat?post=5658"},{"taxonomy":"product_tag","embeddable":true,"href":"https:\/\/recoveryseed.cz\/de\/wp-json\/wp\/v2\/product_tag?post=5658"}],"curies":[{"name":"wp","href":"https:\/\/api.w.org\/{rel}","templated":true}]}}