{"id":5669,"date":"2022-10-19T08:28:26","date_gmt":"2022-10-19T08:28:26","guid":{"rendered":"https:\/\/recoveryseed.cz\/?post_type=product&#038;p=5669"},"modified":"2026-01-14T14:51:51","modified_gmt":"2026-01-14T14:51:51","slug":"grid-punch-standard","status":"publish","type":"product","link":"https:\/\/recoveryseed.cz\/de\/product\/grid-punch-standard\/","title":{"rendered":"GRID STANDARD"},"content":{"rendered":"<p class=\" translation-block\">Die Platten von Recoveryseed.cz werden in der <b>Tschechischen Republik<\/b> aus rostfreiem Stahl h\u00f6chster Qualit\u00e4t hergestellt.<\/p>\n<p><b>GRID PUNCH<\/b><span style=\"font-weight: 400;\">\u00a0<\/span><b>STANDARD<\/b><span style=\"font-weight: 400;\">\u00a0enth\u00e4lt eine Platte, die zum Schreiben eines Samens verwendet wird. Dadurch wird Ihre Hardware-Wallet auf wunderbare Weise um eine weitere Sicherheitsstufe erweitert. Sie k\u00f6nnen ruhig schlafen, weil Sie wissen, dass Sie alles getan haben, was Sie tun m\u00fcssen, um Ihre Kryptow\u00e4hrungen sicher zu halten.<\/span><\/p>\n<p><span style=\"font-weight: 400;\">Vollst\u00e4ndige Version anzeigen<\/span><b> GRID<\/b><span style=\"font-weight: 400;\"> hat ein Raster f\u00fcr 1-12 W\u00f6rter auf der Vorderseite und weitere 12-24 auf der R\u00fcckseite. im Gegensatz zu unseren anderen Produkten, hat es keinen zus\u00e4tzlichen Text oder Bitcoin-Logo, so dass es nicht auf den ersten Blick ersichtlich ist, was die Platte ist f\u00fcr.\u00a0<\/span><\/p>\n<p><span style=\"font-weight: 400;\">Der Prozess des Schreibens eines Saatguts mit Hilfe des automatischen Verweises ist wirklich einfach. Die vertikale Achse stellt die Buchstaben dar, die horizontale Achse ihre Reihenfolge. Es wird empfohlen, die W\u00f6rter im Voraus mit einem Marker zu markieren und dann einfach den Auto-Zeichensetzer zu verwenden, um die gew\u00fcnschten Felder dauerhaft zu markieren. Es wird empfohlen, die Buchstaben so weit wie m\u00f6glich zu vertiefen. Nur die ersten 4 Buchstaben des Wortes sollten markiert werden.<\/span><\/p>\n<p class=\" translation-block\"><span style=\"font-weight: 400\">Es besteht aus 1.4307 Stahl mit einer Dicke von 1,5 mm - so k\u00f6nnen Sie Ihr Saatgut leicht gegen <\/span><b>Wasser, Zeit und Hitze<\/b><span style=\"font-weight: 400\"> - bis zu 1510\u00b0 - sch\u00fctzen. <\/span><\/p>\n<p class=\" translation-block\"><span style=\"font-size: 15px;font-weight: 400\">Jedes Schild ist mit 24 Feldern zur Speicherung des <span style=\"font-size: 15px;font-weight: bold\">BIP39<\/span>-Zugangspassworts in Form von 12, 18 oder 24 W\u00f6rtern Ihres Saatguts vorgedruckt. Das Material der Platte ist sehr stark und nahezu unzerst\u00f6rbar. Die gl\u00e4nzende Spiegeloberfl\u00e4che sorgt f\u00fcr eine nahtlose Sichtbarkeit Ihrer eingravierten Worte. <\/span><\/p>\n<p><b>Automatische Ausbeulmaschine<\/b><span style=\"font-weight: 400;\"> ist nicht schwer zu bedienen.\u00a0<\/span><\/p>\n<p class=\" translation-block\">Diese Version ist standardm\u00e4\u00dfig in einer <strong>Geschenkversion<\/strong> verpackt.<\/p>\n<p><em>WICHTIGER HINWEIS! Kein Produkt, weder von uns noch von einem anderen Unternehmen, kann jemals v\u00f6llige Sicherheit vor Situationen wie einem vollst\u00e4ndigen Durchbrennen und der Zerst\u00f6rung eines Geb\u00e4udes garantieren, in dem sich vorzugsweise noch einige Chemikalien befinden. Wenn die Platte bis zu 1500\u00b0 hei\u00df wird und dann ein Geb\u00e4ude oder ein Dach auf sie f\u00e4llt, kann keine L\u00f6sung auf dem Markt Sie vor dieser Situation bewahren. Dies ist jedoch nicht der Fall mit dem SHAMIR BACKUP von TREZOR, bei dem Sie die S\u00e4maschine auf mehrere Stellen aufteilen k\u00f6nnen und die Zerst\u00f6rung aller Zug\u00e4nge zu Ihrem Geldbeutel verhindern. Leider ist die Hammerstanze in einer Wohnung oder einem Haus ohne Werkstatt nicht immer geeignet.  Ein automatischer Stempel kann ein guter Ersatz sein und einen Samen auf eine Stahlplatte schreiben, siehe unsere Tests und Bewertungen.<\/em><\/p>","protected":false},"excerpt":{"rendered":"<p><span style=\"font-weight: 400;\">Packungsinhalt:<\/span><\/p>\n<p><span style=\"font-weight: 400;\">1x R\u00fcckgewinnungs-Saatgutplatte aus hochwertigem Spiegel-Edelstahl<\/span><\/p>\n<p><span style=\"font-weight: 400;\">1x automatischer Stempel<\/span><\/p>\n<p>1x Poliertuch<\/p>","protected":false},"featured_media":5670,"template":"","meta":{"site-sidebar-layout":"default","site-content-layout":"default","ast-site-content-layout":"default","site-content-style":"default","site-sidebar-style":"default","ast-global-header-display":"","ast-banner-title-visibility":"","ast-main-header-display":"","ast-hfb-above-header-display":"","ast-hfb-below-header-display":"","ast-hfb-mobile-header-display":"","site-post-title":"","ast-breadcrumbs-content":"","ast-featured-img":"","footer-sml-layout":"","theme-transparent-header-meta":"default","adv-header-id-meta":"","stick-header-meta":"","header-above-stick-meta":"","header-main-stick-meta":"","header-below-stick-meta":"","astra-migrate-meta-layouts":"set","ast-page-background-enabled":"default","ast-page-background-meta":{"desktop":{"background-color":"","background-image":"","background-repeat":"repeat","background-position":"center center","background-size":"auto","background-attachment":"scroll","background-type":"","background-media":"","overlay-type":"","overlay-color":"","overlay-opacity":"","overlay-gradient":""},"tablet":{"background-color":"","background-image":"","background-repeat":"repeat","background-position":"center center","background-size":"auto","background-attachment":"scroll","background-type":"","background-media":"","overlay-type":"","overlay-color":"","overlay-opacity":"","overlay-gradient":""},"mobile":{"background-color":"","background-image":"","background-repeat":"repeat","background-position":"center center","background-size":"auto","background-attachment":"scroll","background-type":"","background-media":"","overlay-type":"","overlay-color":"","overlay-opacity":"","overlay-gradient":""}},"ast-content-background-meta":{"desktop":{"background-color":"var(--ast-global-color-5)","background-image":"","background-repeat":"repeat","background-position":"center center","background-size":"auto","background-attachment":"scroll","background-type":"","background-media":"","overlay-type":"","overlay-color":"","overlay-opacity":"","overlay-gradient":""},"tablet":{"background-color":"var(--ast-global-color-5)","background-image":"","background-repeat":"repeat","background-position":"center center","background-size":"auto","background-attachment":"scroll","background-type":"","background-media":"","overlay-type":"","overlay-color":"","overlay-opacity":"","overlay-gradient":""},"mobile":{"background-color":"var(--ast-global-color-5)","background-image":"","background-repeat":"repeat","background-position":"center center","background-size":"auto","background-attachment":"scroll","background-type":"","background-media":"","overlay-type":"","overlay-color":"","overlay-opacity":"","overlay-gradient":""}}},"product_cat":[62],"product_tag":[],"yoast_head":"<!-- This site is optimized with the Yoast SEO plugin v23.0 - https:\/\/yoast.com\/wordpress\/plugins\/seo\/ -->\n<title>Grid punch standard | recoveryseed.cz<\/title>\n<meta name=\"description\" content=\"Grid punch standard je m\u0159\u00ed\u017ekovan\u00e1 desti\u010dka z pr\u00e9miov\u00e9 zrcadlov\u00e9 oceli, kter\u00e1 zajist\u00ed va\u0161im kryptom\u011bn\u00e1m bezpe\u010d\u00ed. Vyberte si tu svou.\" \/>\n<meta name=\"robots\" content=\"index, follow, max-snippet:-1, max-image-preview:large, max-video-preview:-1\" \/>\n<link rel=\"canonical\" href=\"https:\/\/recoveryseed.cz\/de\/product\/grid-punch-standard\/\" \/>\n<meta property=\"og:locale\" content=\"de_DE\" \/>\n<meta property=\"og:type\" content=\"article\" \/>\n<meta property=\"og:title\" content=\"Grid punch standard | recoveryseed.cz\" \/>\n<meta property=\"og:description\" content=\"Grid punch standard je m\u0159\u00ed\u017ekovan\u00e1 desti\u010dka z pr\u00e9miov\u00e9 zrcadlov\u00e9 oceli, kter\u00e1 zajist\u00ed va\u0161im kryptom\u011bn\u00e1m bezpe\u010d\u00ed. Vyberte si tu svou.\" \/>\n<meta property=\"og:url\" content=\"https:\/\/recoveryseed.cz\/de\/product\/grid-punch-standard\/\" \/>\n<meta property=\"og:site_name\" content=\"RecoverySeed.cz - Ulo\u017ete sv\u016fj crypto seed bezpe\u010dn\u011b!\" \/>\n<meta property=\"article:publisher\" content=\"https:\/\/www.facebook.com\/Recoveryseed.cz\" \/>\n<meta property=\"article:modified_time\" content=\"2026-01-14T14:51:51+00:00\" \/>\n<meta property=\"og:image\" content=\"https:\/\/recoveryseed.cz\/wp-content\/uploads\/2022\/10\/Untitled-design.jpg\" \/>\n\t<meta property=\"og:image:width\" content=\"900\" \/>\n\t<meta property=\"og:image:height\" content=\"900\" \/>\n\t<meta property=\"og:image:type\" content=\"image\/jpeg\" \/>\n<meta name=\"twitter:card\" content=\"summary_large_image\" \/>\n<meta name=\"twitter:label1\" content=\"Est. reading time\" \/>\n\t<meta name=\"twitter:data1\" content=\"2 Minuten\" \/>\n<script type=\"application\/ld+json\" class=\"yoast-schema-graph\">{\"@context\":\"https:\/\/schema.org\",\"@graph\":[{\"@type\":\"WebPage\",\"@id\":\"https:\/\/recoveryseed.cz\/produkt\/grid-punch-standard\/\",\"url\":\"https:\/\/recoveryseed.cz\/produkt\/grid-punch-standard\/\",\"name\":\"Grid punch standard | recoveryseed.cz\",\"isPartOf\":{\"@id\":\"https:\/\/recoveryseed.cz\/en\/#website\"},\"primaryImageOfPage\":{\"@id\":\"https:\/\/recoveryseed.cz\/produkt\/grid-punch-standard\/#primaryimage\"},\"image\":{\"@id\":\"https:\/\/recoveryseed.cz\/produkt\/grid-punch-standard\/#primaryimage\"},\"thumbnailUrl\":\"https:\/\/recoveryseed.cz\/wp-content\/uploads\/2022\/10\/Untitled-design.jpg\",\"datePublished\":\"2022-10-19T08:28:26+00:00\",\"dateModified\":\"2026-01-14T14:51:51+00:00\",\"description\":\"Grid punch standard je m\u0159\u00ed\u017ekovan\u00e1 desti\u010dka z pr\u00e9miov\u00e9 zrcadlov\u00e9 oceli, kter\u00e1 zajist\u00ed va\u0161im kryptom\u011bn\u00e1m bezpe\u010d\u00ed. Vyberte si tu svou.\",\"breadcrumb\":{\"@id\":\"https:\/\/recoveryseed.cz\/produkt\/grid-punch-standard\/#breadcrumb\"},\"inLanguage\":\"de-DE\",\"potentialAction\":[{\"@type\":\"ReadAction\",\"target\":[\"https:\/\/recoveryseed.cz\/produkt\/grid-punch-standard\/\"]}]},{\"@type\":\"ImageObject\",\"inLanguage\":\"de-DE\",\"@id\":\"https:\/\/recoveryseed.cz\/produkt\/grid-punch-standard\/#primaryimage\",\"url\":\"https:\/\/recoveryseed.cz\/wp-content\/uploads\/2022\/10\/Untitled-design.jpg\",\"contentUrl\":\"https:\/\/recoveryseed.cz\/wp-content\/uploads\/2022\/10\/Untitled-design.jpg\",\"width\":900,\"height\":900},{\"@type\":\"BreadcrumbList\",\"@id\":\"https:\/\/recoveryseed.cz\/produkt\/grid-punch-standard\/#breadcrumb\",\"itemListElement\":[{\"@type\":\"ListItem\",\"position\":1,\"name\":\"Dom\u016f\",\"item\":\"https:\/\/recoveryseed.cz\/\"},{\"@type\":\"ListItem\",\"position\":2,\"name\":\"Obchod\",\"item\":\"https:\/\/recoveryseed.cz\/eshop-recovery-seed-metal-plate\/\"},{\"@type\":\"ListItem\",\"position\":3,\"name\":\"GRID PUNCH STANDARD\"}]},{\"@type\":\"WebSite\",\"@id\":\"https:\/\/recoveryseed.cz\/en\/#website\",\"url\":\"https:\/\/recoveryseed.cz\/en\/\",\"name\":\"RecoverySeed.cz - Ulo\u017ete sv\u016fj crypto seed bezpe\u010dn\u011b!\",\"description\":\"\",\"publisher\":{\"@id\":\"https:\/\/recoveryseed.cz\/en\/#organization\"},\"potentialAction\":[{\"@type\":\"SearchAction\",\"target\":{\"@type\":\"EntryPoint\",\"urlTemplate\":\"https:\/\/recoveryseed.cz\/en\/?s={search_term_string}\"},\"query-input\":\"required name=search_term_string\"}],\"inLanguage\":\"de-DE\"},{\"@type\":\"Organization\",\"@id\":\"https:\/\/recoveryseed.cz\/en\/#organization\",\"name\":\"Recovery Seed s.r.o.\",\"url\":\"https:\/\/recoveryseed.cz\/en\/\",\"logo\":{\"@type\":\"ImageObject\",\"inLanguage\":\"de-DE\",\"@id\":\"https:\/\/recoveryseed.cz\/en\/#\/schema\/logo\/image\/\",\"url\":\"https:\/\/recoveryseed.cz\/wp-content\/uploads\/2020\/12\/cropped-CryptoSteel__2_-removebg-preview-e1607373653659.png\",\"contentUrl\":\"https:\/\/recoveryseed.cz\/wp-content\/uploads\/2020\/12\/cropped-CryptoSteel__2_-removebg-preview-e1607373653659.png\",\"width\":500,\"height\":88,\"caption\":\"Recovery Seed s.r.o.\"},\"image\":{\"@id\":\"https:\/\/recoveryseed.cz\/en\/#\/schema\/logo\/image\/\"},\"sameAs\":[\"https:\/\/www.facebook.com\/Recoveryseed.cz\",\"https:\/\/www.instagram.com\/recoveryseed.cz\/\"]}]}<\/script>\n<!-- \/ Yoast SEO plugin. -->","yoast_head_json":{"title":"Grid punch standard | recoveryseed.cz","description":"Grid punch standard je m\u0159\u00ed\u017ekovan\u00e1 desti\u010dka z pr\u00e9miov\u00e9 zrcadlov\u00e9 oceli, kter\u00e1 zajist\u00ed va\u0161im kryptom\u011bn\u00e1m bezpe\u010d\u00ed. Vyberte si tu svou.","robots":{"index":"index","follow":"follow","max-snippet":"max-snippet:-1","max-image-preview":"max-image-preview:large","max-video-preview":"max-video-preview:-1"},"canonical":"https:\/\/recoveryseed.cz\/de\/product\/grid-punch-standard\/","og_locale":"de_DE","og_type":"article","og_title":"Grid punch standard | recoveryseed.cz","og_description":"Grid punch standard je m\u0159\u00ed\u017ekovan\u00e1 desti\u010dka z pr\u00e9miov\u00e9 zrcadlov\u00e9 oceli, kter\u00e1 zajist\u00ed va\u0161im kryptom\u011bn\u00e1m bezpe\u010d\u00ed. Vyberte si tu svou.","og_url":"https:\/\/recoveryseed.cz\/de\/product\/grid-punch-standard\/","og_site_name":"RecoverySeed.cz - Ulo\u017ete sv\u016fj crypto seed bezpe\u010dn\u011b!","article_publisher":"https:\/\/www.facebook.com\/Recoveryseed.cz","article_modified_time":"2026-01-14T14:51:51+00:00","og_image":[{"width":900,"height":900,"url":"https:\/\/recoveryseed.cz\/wp-content\/uploads\/2022\/10\/Untitled-design.jpg","type":"image\/jpeg"}],"twitter_card":"summary_large_image","twitter_misc":{"Est. reading time":"2 Minuten"},"schema":{"@context":"https:\/\/schema.org","@graph":[{"@type":"WebPage","@id":"https:\/\/recoveryseed.cz\/produkt\/grid-punch-standard\/","url":"https:\/\/recoveryseed.cz\/produkt\/grid-punch-standard\/","name":"Grid punch standard | recoveryseed.cz","isPartOf":{"@id":"https:\/\/recoveryseed.cz\/en\/#website"},"primaryImageOfPage":{"@id":"https:\/\/recoveryseed.cz\/produkt\/grid-punch-standard\/#primaryimage"},"image":{"@id":"https:\/\/recoveryseed.cz\/produkt\/grid-punch-standard\/#primaryimage"},"thumbnailUrl":"https:\/\/recoveryseed.cz\/wp-content\/uploads\/2022\/10\/Untitled-design.jpg","datePublished":"2022-10-19T08:28:26+00:00","dateModified":"2026-01-14T14:51:51+00:00","description":"Grid punch standard je m\u0159\u00ed\u017ekovan\u00e1 desti\u010dka z pr\u00e9miov\u00e9 zrcadlov\u00e9 oceli, kter\u00e1 zajist\u00ed va\u0161im kryptom\u011bn\u00e1m bezpe\u010d\u00ed. Vyberte si tu svou.","breadcrumb":{"@id":"https:\/\/recoveryseed.cz\/produkt\/grid-punch-standard\/#breadcrumb"},"inLanguage":"de-DE","potentialAction":[{"@type":"ReadAction","target":["https:\/\/recoveryseed.cz\/produkt\/grid-punch-standard\/"]}]},{"@type":"ImageObject","inLanguage":"de-DE","@id":"https:\/\/recoveryseed.cz\/produkt\/grid-punch-standard\/#primaryimage","url":"https:\/\/recoveryseed.cz\/wp-content\/uploads\/2022\/10\/Untitled-design.jpg","contentUrl":"https:\/\/recoveryseed.cz\/wp-content\/uploads\/2022\/10\/Untitled-design.jpg","width":900,"height":900},{"@type":"BreadcrumbList","@id":"https:\/\/recoveryseed.cz\/produkt\/grid-punch-standard\/#breadcrumb","itemListElement":[{"@type":"ListItem","position":1,"name":"Dom\u016f","item":"https:\/\/recoveryseed.cz\/"},{"@type":"ListItem","position":2,"name":"Obchod","item":"https:\/\/recoveryseed.cz\/eshop-recovery-seed-metal-plate\/"},{"@type":"ListItem","position":3,"name":"GRID PUNCH STANDARD"}]},{"@type":"WebSite","@id":"https:\/\/recoveryseed.cz\/en\/#website","url":"https:\/\/recoveryseed.cz\/en\/","name":"RecoverySeed.cz - Ulo\u017ete sv\u016fj crypto seed bezpe\u010dn\u011b!","description":"","publisher":{"@id":"https:\/\/recoveryseed.cz\/en\/#organization"},"potentialAction":[{"@type":"SearchAction","target":{"@type":"EntryPoint","urlTemplate":"https:\/\/recoveryseed.cz\/en\/?s={search_term_string}"},"query-input":"required name=search_term_string"}],"inLanguage":"de-DE"},{"@type":"Organization","@id":"https:\/\/recoveryseed.cz\/en\/#organization","name":"Recovery Seed s.r.o.","url":"https:\/\/recoveryseed.cz\/en\/","logo":{"@type":"ImageObject","inLanguage":"de-DE","@id":"https:\/\/recoveryseed.cz\/en\/#\/schema\/logo\/image\/","url":"https:\/\/recoveryseed.cz\/wp-content\/uploads\/2020\/12\/cropped-CryptoSteel__2_-removebg-preview-e1607373653659.png","contentUrl":"https:\/\/recoveryseed.cz\/wp-content\/uploads\/2020\/12\/cropped-CryptoSteel__2_-removebg-preview-e1607373653659.png","width":500,"height":88,"caption":"Recovery Seed s.r.o."},"image":{"@id":"https:\/\/recoveryseed.cz\/en\/#\/schema\/logo\/image\/"},"sameAs":["https:\/\/www.facebook.com\/Recoveryseed.cz","https:\/\/www.instagram.com\/recoveryseed.cz\/"]}]}},"_links":{"self":[{"href":"https:\/\/recoveryseed.cz\/de\/wp-json\/wp\/v2\/product\/5669"}],"collection":[{"href":"https:\/\/recoveryseed.cz\/de\/wp-json\/wp\/v2\/product"}],"about":[{"href":"https:\/\/recoveryseed.cz\/de\/wp-json\/wp\/v2\/types\/product"}],"version-history":[{"count":1,"href":"https:\/\/recoveryseed.cz\/de\/wp-json\/wp\/v2\/product\/5669\/revisions"}],"predecessor-version":[{"id":6779,"href":"https:\/\/recoveryseed.cz\/de\/wp-json\/wp\/v2\/product\/5669\/revisions\/6779"}],"wp:featuredmedia":[{"embeddable":true,"href":"https:\/\/recoveryseed.cz\/de\/wp-json\/wp\/v2\/media\/5670"}],"wp:attachment":[{"href":"https:\/\/recoveryseed.cz\/de\/wp-json\/wp\/v2\/media?parent=5669"}],"wp:term":[{"taxonomy":"product_cat","embeddable":true,"href":"https:\/\/recoveryseed.cz\/de\/wp-json\/wp\/v2\/product_cat?post=5669"},{"taxonomy":"product_tag","embeddable":true,"href":"https:\/\/recoveryseed.cz\/de\/wp-json\/wp\/v2\/product_tag?post=5669"}],"curies":[{"name":"wp","href":"https:\/\/api.w.org\/{rel}","templated":true}]}}