{"id":3070,"date":"2021-02-26T09:20:38","date_gmt":"2021-02-26T09:20:38","guid":{"rendered":"https:\/\/recoveryseed.cz\/?post_type=product&#038;p=3070"},"modified":"2026-01-14T14:52:54","modified_gmt":"2026-01-14T14:52:54","slug":"recovery-seed-desticka","status":"publish","type":"product","link":"https:\/\/recoveryseed.cz\/en\/product\/recovery-seed-destination\/","title":{"rendered":"Recovery Seed ONE"},"content":{"rendered":"<div data-elementor-type=\"product-post\" data-elementor-id=\"3070\" class=\"elementor elementor-3070\" data-elementor-post-type=\"product\">\n\t\t\t\t\t\t<section class=\"elementor-section elementor-top-section elementor-element elementor-element-46496fb elementor-section-boxed elementor-section-height-default elementor-section-height-default\" data-id=\"46496fb\" data-element_type=\"section\">\n\t\t\t\t\t\t<div class=\"elementor-container elementor-column-gap-default\">\n\t\t\t\t\t<div class=\"elementor-column elementor-col-33 elementor-top-column elementor-element elementor-element-397e6b4\" data-id=\"397e6b4\" data-element_type=\"column\">\n\t\t\t<div class=\"elementor-widget-wrap elementor-element-populated\">\n\t\t\t\t\t\t<div class=\"elementor-element elementor-element-bc68738 elementor-widget elementor-widget-image\" data-id=\"bc68738\" data-element_type=\"widget\" data-widget_type=\"image.default\">\n\t\t\t\t<div class=\"elementor-widget-container\">\n\t\t\t<style>\/*! elementor - v3.19.0 - 28-02-2024 *\/\n.elementor-widget-image{text-align:center}.elementor-widget-image a{display:inline-block}.elementor-widget-image a img[src$=\".svg\"]{width:48px}.elementor-widget-image img{vertical-align:middle;display:inline-block}<\/style>\t\t\t\t\t\t\t\t\t\t\t<a href=\"https:\/\/recoveryseed.cz\/wp-content\/uploads\/2021\/12\/IMG_4574-1.png\" data-elementor-open-lightbox=\"yes\" data-elementor-lightbox-title=\"Ocelov\u00e1 desti\u010dka recoveryseed.cz po zkou\u0161ce ohn\u011bm\" data-elementor-lightbox-description=\"Fire test recovery seed plate metal - recoveryseed.czTestovan\u00ed grav\u00edrovac\u00ed pera a ocelov\u00e9 desti\u010dky pro ochranu kryptom\u011bn a seedu BIP39\" data-e-action-hash=\"#elementor-action%3Aaction%3Dlightbox%26settings%3DeyJpZCI6NDYwMywidXJsIjoiaHR0cHM6XC9cL3JlY292ZXJ5c2VlZC5jelwvd3AtY29udGVudFwvdXBsb2Fkc1wvMjAyMVwvMTJcL0lNR180NTc0LTEucG5nIn0%3D\">\n\t\t\t\t\t\t\t<img fetchpriority=\"high\" decoding=\"async\" width=\"1024\" height=\"683\" src=\"https:\/\/recoveryseed.cz\/wp-content\/uploads\/2021\/12\/IMG_4574-1.png\" class=\"attachment-large size-large wp-image-4603\" alt=\"\" srcset=\"https:\/\/recoveryseed.cz\/wp-content\/uploads\/2021\/12\/IMG_4574-1.png 1024w, https:\/\/recoveryseed.cz\/wp-content\/uploads\/2021\/12\/IMG_4574-1-300x200.png 300w, https:\/\/recoveryseed.cz\/wp-content\/uploads\/2021\/12\/IMG_4574-1-768x512.png 768w, https:\/\/recoveryseed.cz\/wp-content\/uploads\/2021\/12\/IMG_4574-1-600x400.png 600w\" sizes=\"(max-width: 1024px) 100vw, 1024px\" \/>\t\t\t\t\t\t\t\t<\/a>\n\t\t\t\t\t\t\t\t\t\t\t\t\t<\/div>\n\t\t\t\t<\/div>\n\t\t\t\t\t<\/div>\n\t\t<\/div>\n\t\t\t\t<div class=\"elementor-column elementor-col-33 elementor-top-column elementor-element elementor-element-dc27fab\" data-id=\"dc27fab\" data-element_type=\"column\">\n\t\t\t<div class=\"elementor-widget-wrap elementor-element-populated\">\n\t\t\t\t\t\t<div class=\"elementor-element elementor-element-c3d1674 elementor-widget elementor-widget-video\" data-id=\"c3d1674\" data-element_type=\"widget\" data-settings=\"{&quot;youtube_url&quot;:&quot;https:\\\/\\\/www.youtube.com\\\/watch?v=gNe5HuwcdNQ&quot;,&quot;mute&quot;:&quot;yes&quot;,&quot;show_image_overlay&quot;:&quot;yes&quot;,&quot;image_overlay&quot;:{&quot;url&quot;:&quot;https:\\\/\\\/recoveryseed.cz\\\/wp-content\\\/uploads\\\/2021\\\/12\\\/Most-Attractive-Youtube-Thumbnail-1-1.png&quot;,&quot;id&quot;:4641,&quot;size&quot;:&quot;&quot;},&quot;video_type&quot;:&quot;youtube&quot;,&quot;controls&quot;:&quot;yes&quot;}\" data-widget_type=\"video.default\">\n\t\t\t\t<div class=\"elementor-widget-container\">\n\t\t\t<style>\/*! elementor - v3.19.0 - 28-02-2024 *\/\n.elementor-widget-video .elementor-widget-container{overflow:hidden;transform:translateZ(0)}.elementor-widget-video .elementor-wrapper{aspect-ratio:var(--video-aspect-ratio)}.elementor-widget-video .elementor-wrapper iframe,.elementor-widget-video .elementor-wrapper video{height:100%;width:100%;display:flex;border:none;background-color:#000}@supports not (aspect-ratio:1\/1){.elementor-widget-video .elementor-wrapper{position:relative;overflow:hidden;height:0;padding-bottom:calc(100% \/ var(--video-aspect-ratio))}.elementor-widget-video .elementor-wrapper iframe,.elementor-widget-video .elementor-wrapper video{position:absolute;top:0;right:0;bottom:0;left:0}}.elementor-widget-video .elementor-open-inline .elementor-custom-embed-image-overlay{position:absolute;top:0;right:0;bottom:0;left:0;background-size:cover;background-position:50%}.elementor-widget-video .elementor-custom-embed-image-overlay{cursor:pointer;text-align:center}.elementor-widget-video .elementor-custom-embed-image-overlay:hover .elementor-custom-embed-play i{opacity:1}.elementor-widget-video .elementor-custom-embed-image-overlay img{display:block;width:100%;aspect-ratio:var(--video-aspect-ratio);-o-object-fit:cover;object-fit:cover;-o-object-position:center center;object-position:center center}@supports not (aspect-ratio:1\/1){.elementor-widget-video .elementor-custom-embed-image-overlay{position:relative;overflow:hidden;height:0;padding-bottom:calc(100% \/ var(--video-aspect-ratio))}.elementor-widget-video .elementor-custom-embed-image-overlay img{position:absolute;top:0;right:0;bottom:0;left:0}}.elementor-widget-video .e-hosted-video .elementor-video{-o-object-fit:cover;object-fit:cover}.e-con-inner>.elementor-widget-video,.e-con>.elementor-widget-video{width:var(--container-widget-width);--flex-grow:var(--container-widget-flex-grow)}<\/style>\t\t<div class=\"elementor-wrapper elementor-open-inline\">\n\t\t\t<div class=\"elementor-video\"><\/div>\t\t\t\t<div class=\"elementor-custom-embed-image-overlay\" style=\"background-image: url(https:\/\/recoveryseed.cz\/wp-content\/uploads\/2021\/12\/Most-Attractive-Youtube-Thumbnail-1-1.png);\">\n\t\t\t\t\t\t\t\t\t\t\t\t\t\t\t\t<div class=\"elementor-custom-embed-play\" role=\"button\" aria-label=\"Play Video\" tabindex=\"0\">\n\t\t\t\t\t\t\t<i aria-hidden=\"true\" class=\"eicon-play\"><\/i>\t\t\t\t\t\t\t<span class=\"elementor-screen-only\">Play Video<\/span>\n\t\t\t\t\t\t<\/div>\n\t\t\t\t\t\t\t\t\t<\/div>\n\t\t\t\t\t<\/div>\n\t\t\t\t<\/div>\n\t\t\t\t<\/div>\n\t\t\t\t\t<\/div>\n\t\t<\/div>\n\t\t\t\t<div class=\"elementor-column elementor-col-33 elementor-top-column elementor-element elementor-element-f4414fd\" data-id=\"f4414fd\" data-element_type=\"column\">\n\t\t\t<div class=\"elementor-widget-wrap elementor-element-populated\">\n\t\t\t\t\t\t<div class=\"elementor-element elementor-element-166b404 elementor-widget elementor-widget-image\" data-id=\"166b404\" data-element_type=\"widget\" data-widget_type=\"image.default\">\n\t\t\t\t<div class=\"elementor-widget-container\">\n\t\t\t\t\t\t\t\t\t\t\t\t\t\t<a href=\"https:\/\/recoveryseed.cz\/wp-content\/uploads\/2021\/12\/photo-1-scaled.jpg\" data-elementor-open-lightbox=\"yes\" data-elementor-lightbox-title=\"P\u0159edn\u00ed strana seedu pro ulo\u017een\u00ed 24 slov - Recovery Seed\" data-elementor-lightbox-description=\"Fire test recovery seed plate metal - recoveryseed.czTestovan\u00ed grav\u00edrovac\u00ed pera a ocelov\u00e9 desti\u010dky pro ochranu kryptom\u011bn a seedu BIP39\" data-e-action-hash=\"#elementor-action%3Aaction%3Dlightbox%26settings%3DeyJpZCI6NDYwMSwidXJsIjoiaHR0cHM6XC9cL3JlY292ZXJ5c2VlZC5jelwvd3AtY29udGVudFwvdXBsb2Fkc1wvMjAyMVwvMTJcL3Bob3RvLTEtc2NhbGVkLmpwZyJ9\">\n\t\t\t\t\t\t\t<img decoding=\"async\" width=\"1024\" height=\"683\" src=\"https:\/\/recoveryseed.cz\/wp-content\/uploads\/2021\/12\/photo-1-1024x683.jpg\" class=\"attachment-large size-large wp-image-4601\" alt=\"\" srcset=\"https:\/\/recoveryseed.cz\/wp-content\/uploads\/2021\/12\/photo-1-1024x683.jpg 1024w, https:\/\/recoveryseed.cz\/wp-content\/uploads\/2021\/12\/photo-1-300x200.jpg 300w, https:\/\/recoveryseed.cz\/wp-content\/uploads\/2021\/12\/photo-1-768x512.jpg 768w, https:\/\/recoveryseed.cz\/wp-content\/uploads\/2021\/12\/photo-1-1536x1024.jpg 1536w, https:\/\/recoveryseed.cz\/wp-content\/uploads\/2021\/12\/photo-1-2048x1365.jpg 2048w, https:\/\/recoveryseed.cz\/wp-content\/uploads\/2021\/12\/photo-1-600x400.jpg 600w\" sizes=\"(max-width: 1024px) 100vw, 1024px\" \/>\t\t\t\t\t\t\t\t<\/a>\n\t\t\t\t\t\t\t\t\t\t\t\t\t<\/div>\n\t\t\t\t<\/div>\n\t\t\t\t\t<\/div>\n\t\t<\/div>\n\t\t\t\t\t<\/div>\n\t\t<\/section>\n\t\t\t\t<section class=\"elementor-section elementor-top-section elementor-element elementor-element-5b81f04c elementor-section-boxed elementor-section-height-default elementor-section-height-default\" data-id=\"5b81f04c\" data-element_type=\"section\">\n\t\t\t\t\t\t<div class=\"elementor-container elementor-column-gap-default\">\n\t\t\t\t\t<div class=\"elementor-column elementor-col-100 elementor-top-column elementor-element elementor-element-5104b4a8\" data-id=\"5104b4a8\" data-element_type=\"column\">\n\t\t\t<div class=\"elementor-widget-wrap elementor-element-populated\">\n\t\t\t\t\t\t<div class=\"elementor-element elementor-element-14e7c250 elementor-widget elementor-widget-text-editor\" data-id=\"14e7c250\" data-element_type=\"widget\" data-widget_type=\"text-editor.default\">\n\t\t\t\t<div class=\"elementor-widget-container\">\n\t\t\t<style>\/*! elementor - v3.19.0 - 28-02-2024 *\/\n.elementor-widget-text-editor.elementor-drop-cap-view-stacked .elementor-drop-cap{background-color:#69727d;color:#fff}.elementor-widget-text-editor.elementor-drop-cap-view-framed .elementor-drop-cap{color:#69727d;border:3px solid;background-color:transparent}.elementor-widget-text-editor:not(.elementor-drop-cap-view-default) .elementor-drop-cap{margin-top:8px}.elementor-widget-text-editor:not(.elementor-drop-cap-view-default) .elementor-drop-cap-letter{width:1em;height:1em}.elementor-widget-text-editor .elementor-drop-cap{float:left;text-align:center;line-height:1;font-size:50px}.elementor-widget-text-editor .elementor-drop-cap-letter{display:inline-block}<\/style>\t\t\t\t<p class=\" translation-block\">Recoveryseed.cz plates are made in the <b>Czech Republic<\/b> from the highest quality mirror stainless steel.<\/p>\n<p class=\" translation-block\">Version <b>ONE<\/b> contains one plate, which is used to record one seed, and thus beautifully complements your hardware wallet with another level of security. So you can sleep peacefully knowing that you have done everything necessary for the security of your cryptocurrencies. This version does not include an engraving pencil.<\/p>\n<p>Our plates offer a combination of premium design and maximum functionality. On the front of the plate there is a table with 24 fields for your seed, on the back you will find an elaborate Bitcoin logo.<\/p>\n<p class=\" translation-block\">Plate is made of stainless steel 1.4307 with a thickness of 1.5mm. With this construction, it will effectively protect your seed against water, time, and heat, up to 1510\u00b0C.<\/p>\n<p style=\"font-size: 15px; font-style: normal; font-weight: 400;\" class=\" translation-block\">24 fields are pre-printed on each plate to store the  BIP39 access password  in the form of 12, 18 or 24 words of your seed. The plate material is very strong and almost indestructible. The glossy mirror surface guarantees trouble-free visibility of your engraved words.<\/p>\n<p style=\"font-size: 15px; font-style: normal; font-weight: 400;\">The back of the plate is also mirror-glossy and features the Bitcoin logo with our site's web address.<\/p>\n<p style=\"font-size: 15px; font-style: normal; font-weight: 400;\"><span style=\"font-size: 15px; font-style: normal; font-weight: 400;\">This version does not include an engraving pencil and is not gift-wrapped.<\/span><\/p>\n<p><em>IMPORTANT NOTICE! No products, whether from us or any other company, will ever guarantee complete safety from situations such as a complete burnout and destruction of a building where there are still preferably some chemicals. If the plate gets hot to 1500\u00b0 and then a building or roof falls on it, no solution on the market can save you from this situation. However, this is not the case with TREZOR's SHAMIR BACKUP, where you can split the seeder into multiple locations and prevent the destruction of all access to your wallet. Our plates can also be purchased without an engraving pen if you prefer, for example, to write by embossing letters, which you can do with your own assistance. Unfortunately, hammer engraving is not always suitable in an apartment or house without a workshop.  An engraving pen is a great substitute and can write a seed on a steel plate, see our engraving tests and reviews<\/em><\/p>\t\t\t\t\t\t<\/div>\n\t\t\t\t<\/div>\n\t\t\t\t\t<\/div>\n\t\t<\/div>\n\t\t\t\t\t<\/div>\n\t\t<\/section>\n\t\t\t\t<\/div>","protected":false},"excerpt":{"rendered":"<p><span style=\"font-weight: 400;\">Package contents:<\/span><\/p>\n<p><span style=\"font-weight: 400;\">1x recovery seed card made of premium mirror stainless steel<\/span><\/p>\n<p>1x polishing cloth<\/p>","protected":false},"featured_media":3072,"template":"","meta":{"site-sidebar-layout":"default","site-content-layout":"default","ast-site-content-layout":"default","site-content-style":"default","site-sidebar-style":"default","ast-global-header-display":"","ast-banner-title-visibility":"","ast-main-header-display":"","ast-hfb-above-header-display":"","ast-hfb-below-header-display":"","ast-hfb-mobile-header-display":"","site-post-title":"","ast-breadcrumbs-content":"","ast-featured-img":"","footer-sml-layout":"","theme-transparent-header-meta":"default","adv-header-id-meta":"","stick-header-meta":"","header-above-stick-meta":"","header-main-stick-meta":"","header-below-stick-meta":"","astra-migrate-meta-layouts":"set","ast-page-background-enabled":"default","ast-page-background-meta":{"desktop":{"background-color":"","background-image":"","background-repeat":"repeat","background-position":"center center","background-size":"auto","background-attachment":"scroll","background-type":"","background-media":"","overlay-type":"","overlay-color":"","overlay-opacity":"","overlay-gradient":""},"tablet":{"background-color":"","background-image":"","background-repeat":"repeat","background-position":"center center","background-size":"auto","background-attachment":"scroll","background-type":"","background-media":"","overlay-type":"","overlay-color":"","overlay-opacity":"","overlay-gradient":""},"mobile":{"background-color":"","background-image":"","background-repeat":"repeat","background-position":"center center","background-size":"auto","background-attachment":"scroll","background-type":"","background-media":"","overlay-type":"","overlay-color":"","overlay-opacity":"","overlay-gradient":""}},"ast-content-background-meta":{"desktop":{"background-color":"var(--ast-global-color-5)","background-image":"","background-repeat":"repeat","background-position":"center center","background-size":"auto","background-attachment":"scroll","background-type":"","background-media":"","overlay-type":"","overlay-color":"","overlay-opacity":"","overlay-gradient":""},"tablet":{"background-color":"var(--ast-global-color-5)","background-image":"","background-repeat":"repeat","background-position":"center center","background-size":"auto","background-attachment":"scroll","background-type":"","background-media":"","overlay-type":"","overlay-color":"","overlay-opacity":"","overlay-gradient":""},"mobile":{"background-color":"var(--ast-global-color-5)","background-image":"","background-repeat":"repeat","background-position":"center center","background-size":"auto","background-attachment":"scroll","background-type":"","background-media":"","overlay-type":"","overlay-color":"","overlay-opacity":"","overlay-gradient":""}}},"product_cat":[25],"product_tag":[],"yoast_head":"<!-- This site is optimized with the Yoast SEO plugin v23.0 - https:\/\/yoast.com\/wordpress\/plugins\/seo\/ -->\n<title>Recovery seed one | recoveryseed.cz<\/title>\n<meta name=\"description\" content=\"Recovery seed one je kvalitn\u00ed desti\u010dka z pr\u00e9miov\u00e9 nerezov\u00e9 oceli, kter\u00e1 dok\u00e1\u017ee ochr\u00e1nit va\u0161e kryptom\u011bny. Prohl\u00e9dn\u011bte si n\u00e1\u0161 web. | recoveryseed.cz\" \/>\n<meta name=\"robots\" content=\"index, follow, max-snippet:-1, max-image-preview:large, max-video-preview:-1\" \/>\n<link rel=\"canonical\" href=\"https:\/\/recoveryseed.cz\/en\/product\/recovery-seed-destination\/\" \/>\n<meta property=\"og:locale\" content=\"en_GB\" \/>\n<meta property=\"og:type\" content=\"article\" \/>\n<meta property=\"og:title\" content=\"Recovery seed one | recoveryseed.cz\" \/>\n<meta property=\"og:description\" content=\"Recovery seed one je kvalitn\u00ed desti\u010dka z pr\u00e9miov\u00e9 nerezov\u00e9 oceli, kter\u00e1 dok\u00e1\u017ee ochr\u00e1nit va\u0161e kryptom\u011bny. Prohl\u00e9dn\u011bte si n\u00e1\u0161 web. | recoveryseed.cz\" \/>\n<meta property=\"og:url\" content=\"https:\/\/recoveryseed.cz\/en\/product\/recovery-seed-destination\/\" \/>\n<meta property=\"og:site_name\" content=\"RecoverySeed.cz - Ulo\u017ete sv\u016fj crypto seed bezpe\u010dn\u011b!\" \/>\n<meta property=\"article:publisher\" content=\"https:\/\/www.facebook.com\/Recoveryseed.cz\" \/>\n<meta property=\"article:modified_time\" content=\"2026-01-14T14:52:54+00:00\" \/>\n<meta property=\"og:image\" content=\"https:\/\/recoveryseed.cz\/wp-content\/uploads\/2021\/02\/desticka-recovery-seed.png\" \/>\n\t<meta property=\"og:image:width\" content=\"900\" \/>\n\t<meta property=\"og:image:height\" content=\"919\" \/>\n\t<meta property=\"og:image:type\" content=\"image\/png\" \/>\n<meta name=\"twitter:card\" content=\"summary_large_image\" \/>\n<meta name=\"twitter:label1\" content=\"Estimated reading time\" \/>\n\t<meta name=\"twitter:data1\" content=\"3 minutes\" \/>\n<script type=\"application\/ld+json\" class=\"yoast-schema-graph\">{\"@context\":\"https:\/\/schema.org\",\"@graph\":[{\"@type\":\"WebPage\",\"@id\":\"https:\/\/recoveryseed.cz\/produkt\/recovery-seed-desticka\/\",\"url\":\"https:\/\/recoveryseed.cz\/produkt\/recovery-seed-desticka\/\",\"name\":\"Recovery seed one | recoveryseed.cz\",\"isPartOf\":{\"@id\":\"https:\/\/recoveryseed.cz\/en\/#website\"},\"primaryImageOfPage\":{\"@id\":\"https:\/\/recoveryseed.cz\/produkt\/recovery-seed-desticka\/#primaryimage\"},\"image\":{\"@id\":\"https:\/\/recoveryseed.cz\/produkt\/recovery-seed-desticka\/#primaryimage\"},\"thumbnailUrl\":\"https:\/\/recoveryseed.cz\/wp-content\/uploads\/2021\/02\/desticka-recovery-seed.png\",\"datePublished\":\"2021-02-26T09:20:38+00:00\",\"dateModified\":\"2026-01-14T14:52:54+00:00\",\"description\":\"Recovery seed one je kvalitn\u00ed desti\u010dka z pr\u00e9miov\u00e9 nerezov\u00e9 oceli, kter\u00e1 dok\u00e1\u017ee ochr\u00e1nit va\u0161e kryptom\u011bny. Prohl\u00e9dn\u011bte si n\u00e1\u0161 web. | recoveryseed.cz\",\"breadcrumb\":{\"@id\":\"https:\/\/recoveryseed.cz\/produkt\/recovery-seed-desticka\/#breadcrumb\"},\"inLanguage\":\"en-GB\",\"potentialAction\":[{\"@type\":\"ReadAction\",\"target\":[\"https:\/\/recoveryseed.cz\/produkt\/recovery-seed-desticka\/\"]}]},{\"@type\":\"ImageObject\",\"inLanguage\":\"en-GB\",\"@id\":\"https:\/\/recoveryseed.cz\/produkt\/recovery-seed-desticka\/#primaryimage\",\"url\":\"https:\/\/recoveryseed.cz\/wp-content\/uploads\/2021\/02\/desticka-recovery-seed.png\",\"contentUrl\":\"https:\/\/recoveryseed.cz\/wp-content\/uploads\/2021\/02\/desticka-recovery-seed.png\",\"width\":900,\"height\":919,\"caption\":\"Recovery Seed desti\u010dka 2.0\"},{\"@type\":\"BreadcrumbList\",\"@id\":\"https:\/\/recoveryseed.cz\/produkt\/recovery-seed-desticka\/#breadcrumb\",\"itemListElement\":[{\"@type\":\"ListItem\",\"position\":1,\"name\":\"Dom\u016f\",\"item\":\"https:\/\/recoveryseed.cz\/\"},{\"@type\":\"ListItem\",\"position\":2,\"name\":\"Obchod\",\"item\":\"https:\/\/recoveryseed.cz\/eshop-recovery-seed-metal-plate\/\"},{\"@type\":\"ListItem\",\"position\":3,\"name\":\"Recovery Seed ONE\"}]},{\"@type\":\"WebSite\",\"@id\":\"https:\/\/recoveryseed.cz\/en\/#website\",\"url\":\"https:\/\/recoveryseed.cz\/en\/\",\"name\":\"RecoverySeed.cz - Ulo\u017ete sv\u016fj crypto seed bezpe\u010dn\u011b!\",\"description\":\"\",\"publisher\":{\"@id\":\"https:\/\/recoveryseed.cz\/en\/#organization\"},\"potentialAction\":[{\"@type\":\"SearchAction\",\"target\":{\"@type\":\"EntryPoint\",\"urlTemplate\":\"https:\/\/recoveryseed.cz\/en\/?s={search_term_string}\"},\"query-input\":\"required name=search_term_string\"}],\"inLanguage\":\"en-GB\"},{\"@type\":\"Organization\",\"@id\":\"https:\/\/recoveryseed.cz\/en\/#organization\",\"name\":\"Recovery Seed s.r.o.\",\"url\":\"https:\/\/recoveryseed.cz\/en\/\",\"logo\":{\"@type\":\"ImageObject\",\"inLanguage\":\"en-GB\",\"@id\":\"https:\/\/recoveryseed.cz\/en\/#\/schema\/logo\/image\/\",\"url\":\"https:\/\/recoveryseed.cz\/wp-content\/uploads\/2020\/12\/cropped-CryptoSteel__2_-removebg-preview-e1607373653659.png\",\"contentUrl\":\"https:\/\/recoveryseed.cz\/wp-content\/uploads\/2020\/12\/cropped-CryptoSteel__2_-removebg-preview-e1607373653659.png\",\"width\":500,\"height\":88,\"caption\":\"Recovery Seed s.r.o.\"},\"image\":{\"@id\":\"https:\/\/recoveryseed.cz\/en\/#\/schema\/logo\/image\/\"},\"sameAs\":[\"https:\/\/www.facebook.com\/Recoveryseed.cz\",\"https:\/\/www.instagram.com\/recoveryseed.cz\/\"]}]}<\/script>\n<!-- \/ Yoast SEO plugin. -->","yoast_head_json":{"title":"Recovery seed one | recoveryseed.cz","description":"Recovery seed one je kvalitn\u00ed desti\u010dka z pr\u00e9miov\u00e9 nerezov\u00e9 oceli, kter\u00e1 dok\u00e1\u017ee ochr\u00e1nit va\u0161e kryptom\u011bny. Prohl\u00e9dn\u011bte si n\u00e1\u0161 web. | recoveryseed.cz","robots":{"index":"index","follow":"follow","max-snippet":"max-snippet:-1","max-image-preview":"max-image-preview:large","max-video-preview":"max-video-preview:-1"},"canonical":"https:\/\/recoveryseed.cz\/en\/product\/recovery-seed-destination\/","og_locale":"en_GB","og_type":"article","og_title":"Recovery seed one | recoveryseed.cz","og_description":"Recovery seed one je kvalitn\u00ed desti\u010dka z pr\u00e9miov\u00e9 nerezov\u00e9 oceli, kter\u00e1 dok\u00e1\u017ee ochr\u00e1nit va\u0161e kryptom\u011bny. Prohl\u00e9dn\u011bte si n\u00e1\u0161 web. | recoveryseed.cz","og_url":"https:\/\/recoveryseed.cz\/en\/product\/recovery-seed-destination\/","og_site_name":"RecoverySeed.cz - Ulo\u017ete sv\u016fj crypto seed bezpe\u010dn\u011b!","article_publisher":"https:\/\/www.facebook.com\/Recoveryseed.cz","article_modified_time":"2026-01-14T14:52:54+00:00","og_image":[{"width":900,"height":919,"url":"https:\/\/recoveryseed.cz\/wp-content\/uploads\/2021\/02\/desticka-recovery-seed.png","type":"image\/png"}],"twitter_card":"summary_large_image","twitter_misc":{"Estimated reading time":"3 minutes"},"schema":{"@context":"https:\/\/schema.org","@graph":[{"@type":"WebPage","@id":"https:\/\/recoveryseed.cz\/produkt\/recovery-seed-desticka\/","url":"https:\/\/recoveryseed.cz\/produkt\/recovery-seed-desticka\/","name":"Recovery seed one | recoveryseed.cz","isPartOf":{"@id":"https:\/\/recoveryseed.cz\/en\/#website"},"primaryImageOfPage":{"@id":"https:\/\/recoveryseed.cz\/produkt\/recovery-seed-desticka\/#primaryimage"},"image":{"@id":"https:\/\/recoveryseed.cz\/produkt\/recovery-seed-desticka\/#primaryimage"},"thumbnailUrl":"https:\/\/recoveryseed.cz\/wp-content\/uploads\/2021\/02\/desticka-recovery-seed.png","datePublished":"2021-02-26T09:20:38+00:00","dateModified":"2026-01-14T14:52:54+00:00","description":"Recovery seed one je kvalitn\u00ed desti\u010dka z pr\u00e9miov\u00e9 nerezov\u00e9 oceli, kter\u00e1 dok\u00e1\u017ee ochr\u00e1nit va\u0161e kryptom\u011bny. Prohl\u00e9dn\u011bte si n\u00e1\u0161 web. | recoveryseed.cz","breadcrumb":{"@id":"https:\/\/recoveryseed.cz\/produkt\/recovery-seed-desticka\/#breadcrumb"},"inLanguage":"en-GB","potentialAction":[{"@type":"ReadAction","target":["https:\/\/recoveryseed.cz\/produkt\/recovery-seed-desticka\/"]}]},{"@type":"ImageObject","inLanguage":"en-GB","@id":"https:\/\/recoveryseed.cz\/produkt\/recovery-seed-desticka\/#primaryimage","url":"https:\/\/recoveryseed.cz\/wp-content\/uploads\/2021\/02\/desticka-recovery-seed.png","contentUrl":"https:\/\/recoveryseed.cz\/wp-content\/uploads\/2021\/02\/desticka-recovery-seed.png","width":900,"height":919,"caption":"Recovery Seed desti\u010dka 2.0"},{"@type":"BreadcrumbList","@id":"https:\/\/recoveryseed.cz\/produkt\/recovery-seed-desticka\/#breadcrumb","itemListElement":[{"@type":"ListItem","position":1,"name":"Dom\u016f","item":"https:\/\/recoveryseed.cz\/"},{"@type":"ListItem","position":2,"name":"Obchod","item":"https:\/\/recoveryseed.cz\/eshop-recovery-seed-metal-plate\/"},{"@type":"ListItem","position":3,"name":"Recovery Seed ONE"}]},{"@type":"WebSite","@id":"https:\/\/recoveryseed.cz\/en\/#website","url":"https:\/\/recoveryseed.cz\/en\/","name":"RecoverySeed.cz - Ulo\u017ete sv\u016fj crypto seed bezpe\u010dn\u011b!","description":"","publisher":{"@id":"https:\/\/recoveryseed.cz\/en\/#organization"},"potentialAction":[{"@type":"SearchAction","target":{"@type":"EntryPoint","urlTemplate":"https:\/\/recoveryseed.cz\/en\/?s={search_term_string}"},"query-input":"required name=search_term_string"}],"inLanguage":"en-GB"},{"@type":"Organization","@id":"https:\/\/recoveryseed.cz\/en\/#organization","name":"Recovery Seed s.r.o.","url":"https:\/\/recoveryseed.cz\/en\/","logo":{"@type":"ImageObject","inLanguage":"en-GB","@id":"https:\/\/recoveryseed.cz\/en\/#\/schema\/logo\/image\/","url":"https:\/\/recoveryseed.cz\/wp-content\/uploads\/2020\/12\/cropped-CryptoSteel__2_-removebg-preview-e1607373653659.png","contentUrl":"https:\/\/recoveryseed.cz\/wp-content\/uploads\/2020\/12\/cropped-CryptoSteel__2_-removebg-preview-e1607373653659.png","width":500,"height":88,"caption":"Recovery Seed s.r.o."},"image":{"@id":"https:\/\/recoveryseed.cz\/en\/#\/schema\/logo\/image\/"},"sameAs":["https:\/\/www.facebook.com\/Recoveryseed.cz","https:\/\/www.instagram.com\/recoveryseed.cz\/"]}]}},"_links":{"self":[{"href":"https:\/\/recoveryseed.cz\/en\/wp-json\/wp\/v2\/product\/3070"}],"collection":[{"href":"https:\/\/recoveryseed.cz\/en\/wp-json\/wp\/v2\/product"}],"about":[{"href":"https:\/\/recoveryseed.cz\/en\/wp-json\/wp\/v2\/types\/product"}],"version-history":[{"count":1,"href":"https:\/\/recoveryseed.cz\/en\/wp-json\/wp\/v2\/product\/3070\/revisions"}],"predecessor-version":[{"id":6781,"href":"https:\/\/recoveryseed.cz\/en\/wp-json\/wp\/v2\/product\/3070\/revisions\/6781"}],"wp:featuredmedia":[{"embeddable":true,"href":"https:\/\/recoveryseed.cz\/en\/wp-json\/wp\/v2\/media\/3072"}],"wp:attachment":[{"href":"https:\/\/recoveryseed.cz\/en\/wp-json\/wp\/v2\/media?parent=3070"}],"wp:term":[{"taxonomy":"product_cat","embeddable":true,"href":"https:\/\/recoveryseed.cz\/en\/wp-json\/wp\/v2\/product_cat?post=3070"},{"taxonomy":"product_tag","embeddable":true,"href":"https:\/\/recoveryseed.cz\/en\/wp-json\/wp\/v2\/product_tag?post=3070"}],"curies":[{"name":"wp","href":"https:\/\/api.w.org\/{rel}","templated":true}]}}