{"id":5666,"date":"2022-10-19T08:20:39","date_gmt":"2022-10-19T08:20:39","guid":{"rendered":"https:\/\/recoveryseed.cz\/?post_type=product&#038;p=5666"},"modified":"2026-01-14T14:52:01","modified_gmt":"2026-01-14T14:52:01","slug":"grid-punch-double","status":"publish","type":"product","link":"https:\/\/recoveryseed.cz\/en\/product\/grid-punch-double\/","title":{"rendered":"GRID PUNCH DOUBLE"},"content":{"rendered":"<p class=\" translation-block\">Recoveryseed.cz plates are made in the <b>Czech Republic<\/b> from the highest quality mirror stainless steel.<\/p>\n<p>Version<strong> GRID<\/strong> <b>DOUBLE\u00a0<\/b>contains\u00a0<b>2<\/b>\u00a0recovery seed plates, we recommend this combination if you have 2 wallets and therefore need to reliably write 2 seeds. Or if you want to gift your loved ones or friends with our recovery seed plate.<\/p>\n<p><span style=\"font-weight: 400;\">Version<\/span><b> GRID<\/b><span style=\"font-weight: 400;\"> has a grid for 1-12 words on the front, and another 12-24 on the back. Unlike our other products, it does not have any additional text or the bitcoin logo, so it is not noticeable at first glance what the plate is for.\u00a0<\/span><\/p>\n<p><span style=\"font-weight: 400;\">The procedure for writing a seed using an automatic punch is really simple. The vertical axis represents the letters, and the horizontal axis their order. We recommend marking the words in advance with a marker, then you only need to permanently mark the required fields with an automatic punch. We recommend deepening the letters as much as possible. Only the first 4 letters of the word are marked.<\/span><\/p>\n<p class=\" translation-block\">Plate is made of stainless steel 1.4307 with a thickness of 1.5mm. With this construction, it will effectively protect your seed against water, time, and heat, up to 1510\u00b0C.<\/p>\n<p class=\" translation-block\">24 fields are pre-printed on each plate to store the  BIP39 access password  in the form of 12, 18 or 24 words of your seed. The plate material is very strong and almost indestructible. The glossy mirror surface guarantees trouble-free visibility of your engraved words.<\/p>\n<p><span style=\"font-weight: 400;\">The automatic punch is not difficult to operate.<\/span><\/p>\n<p class=\" translation-block\"><strong>This version comes in a gift box.<\/strong><\/p>\n<p><em><strong>IMPORTANT WARNING!<\/strong> No products, whether from us or other companies, will ever guarantee you complete safety against such situations as, for example, complete burning and destruction of a building where some chemicals are best found. If the plate heats up to 1500\u00b0 and then a building or roof falls on it, no solution on the market will save you from this situation. However, this does not apply to TREZOR's SHAMIR BACKUP, where you divide your seeds into several places and thus prevent the destruction of all access to your wallet. Unfortunately, stamping with a hammer is not always suitable in an apartment or house without a workshop. The automatic puncher can perfectly write the seed on the steel plate, see our tests and reviews.<\/em><\/p>","protected":false},"excerpt":{"rendered":"<p>Package contents:<\/p>\n<p>2x recovery seed card made of premium mirror stainless steel<\/p>\n<p>1x automatic punch<\/p>\n<p>1x polishing cloth<\/p>","protected":false},"featured_media":5667,"template":"","meta":{"site-sidebar-layout":"default","site-content-layout":"default","ast-site-content-layout":"","site-content-style":"default","site-sidebar-style":"default","ast-global-header-display":"","ast-banner-title-visibility":"","ast-main-header-display":"","ast-hfb-above-header-display":"","ast-hfb-below-header-display":"","ast-hfb-mobile-header-display":"","site-post-title":"","ast-breadcrumbs-content":"","ast-featured-img":"","footer-sml-layout":"","theme-transparent-header-meta":"default","adv-header-id-meta":"","stick-header-meta":"","header-above-stick-meta":"","header-main-stick-meta":"","header-below-stick-meta":"","astra-migrate-meta-layouts":"default","ast-page-background-enabled":"default","ast-page-background-meta":{"desktop":{"background-color":"","background-image":"","background-repeat":"repeat","background-position":"center center","background-size":"auto","background-attachment":"scroll","background-type":"","background-media":"","overlay-type":"","overlay-color":"","overlay-opacity":"","overlay-gradient":""},"tablet":{"background-color":"","background-image":"","background-repeat":"repeat","background-position":"center center","background-size":"auto","background-attachment":"scroll","background-type":"","background-media":"","overlay-type":"","overlay-color":"","overlay-opacity":"","overlay-gradient":""},"mobile":{"background-color":"","background-image":"","background-repeat":"repeat","background-position":"center center","background-size":"auto","background-attachment":"scroll","background-type":"","background-media":"","overlay-type":"","overlay-color":"","overlay-opacity":"","overlay-gradient":""}},"ast-content-background-meta":{"desktop":{"background-color":"var(--ast-global-color-5)","background-image":"","background-repeat":"repeat","background-position":"center center","background-size":"auto","background-attachment":"scroll","background-type":"","background-media":"","overlay-type":"","overlay-color":"","overlay-opacity":"","overlay-gradient":""},"tablet":{"background-color":"var(--ast-global-color-5)","background-image":"","background-repeat":"repeat","background-position":"center center","background-size":"auto","background-attachment":"scroll","background-type":"","background-media":"","overlay-type":"","overlay-color":"","overlay-opacity":"","overlay-gradient":""},"mobile":{"background-color":"var(--ast-global-color-5)","background-image":"","background-repeat":"repeat","background-position":"center center","background-size":"auto","background-attachment":"scroll","background-type":"","background-media":"","overlay-type":"","overlay-color":"","overlay-opacity":"","overlay-gradient":""}}},"product_cat":[62],"product_tag":[],"yoast_head":"<!-- This site is optimized with the Yoast SEO plugin v23.0 - https:\/\/yoast.com\/wordpress\/plugins\/seo\/ -->\n<title>Grid punch double | recoveryseed.cz<\/title>\n<meta name=\"description\" content=\"V tomto bal\u00ed\u010dku naleznete 2 recovery m\u0159\u00ed\u017ekovan\u00e9 desti\u010dky z pr\u00e9miov\u00e9 oceli, kter\u00e9 zajist\u00ed va\u0161im kryptom\u011bn\u00e1m bezpe\u010d\u00ed. Zjist\u011bte v\u00edce.\" \/>\n<meta name=\"robots\" content=\"index, follow, max-snippet:-1, max-image-preview:large, max-video-preview:-1\" \/>\n<link rel=\"canonical\" href=\"https:\/\/recoveryseed.cz\/en\/product\/grid-punch-double\/\" \/>\n<meta property=\"og:locale\" content=\"en_GB\" \/>\n<meta property=\"og:type\" content=\"article\" \/>\n<meta property=\"og:title\" content=\"Grid punch double | recoveryseed.cz\" \/>\n<meta property=\"og:description\" content=\"V tomto bal\u00ed\u010dku naleznete 2 recovery m\u0159\u00ed\u017ekovan\u00e9 desti\u010dky z pr\u00e9miov\u00e9 oceli, kter\u00e9 zajist\u00ed va\u0161im kryptom\u011bn\u00e1m bezpe\u010d\u00ed. Zjist\u011bte v\u00edce.\" \/>\n<meta property=\"og:url\" content=\"https:\/\/recoveryseed.cz\/en\/product\/grid-punch-double\/\" \/>\n<meta property=\"og:site_name\" content=\"RecoverySeed.cz - Ulo\u017ete sv\u016fj crypto seed bezpe\u010dn\u011b!\" \/>\n<meta property=\"article:publisher\" content=\"https:\/\/www.facebook.com\/Recoveryseed.cz\" \/>\n<meta property=\"article:modified_time\" content=\"2026-01-14T14:52:01+00:00\" \/>\n<meta property=\"og:image\" content=\"https:\/\/recoveryseed.cz\/wp-content\/uploads\/2022\/10\/double-grid.jpg\" \/>\n\t<meta property=\"og:image:width\" content=\"900\" \/>\n\t<meta property=\"og:image:height\" content=\"900\" \/>\n\t<meta property=\"og:image:type\" content=\"image\/jpeg\" \/>\n<meta name=\"twitter:card\" content=\"summary_large_image\" \/>\n<meta name=\"twitter:label1\" content=\"Estimated reading time\" \/>\n\t<meta name=\"twitter:data1\" content=\"2 minutes\" \/>\n<script type=\"application\/ld+json\" class=\"yoast-schema-graph\">{\"@context\":\"https:\/\/schema.org\",\"@graph\":[{\"@type\":\"WebPage\",\"@id\":\"https:\/\/recoveryseed.cz\/produkt\/grid-punch-double\/\",\"url\":\"https:\/\/recoveryseed.cz\/produkt\/grid-punch-double\/\",\"name\":\"Grid punch double | recoveryseed.cz\",\"isPartOf\":{\"@id\":\"https:\/\/recoveryseed.cz\/en\/#website\"},\"primaryImageOfPage\":{\"@id\":\"https:\/\/recoveryseed.cz\/produkt\/grid-punch-double\/#primaryimage\"},\"image\":{\"@id\":\"https:\/\/recoveryseed.cz\/produkt\/grid-punch-double\/#primaryimage\"},\"thumbnailUrl\":\"https:\/\/recoveryseed.cz\/wp-content\/uploads\/2022\/10\/double-grid.jpg\",\"datePublished\":\"2022-10-19T08:20:39+00:00\",\"dateModified\":\"2026-01-14T14:52:01+00:00\",\"description\":\"V tomto bal\u00ed\u010dku naleznete 2 recovery m\u0159\u00ed\u017ekovan\u00e9 desti\u010dky z pr\u00e9miov\u00e9 oceli, kter\u00e9 zajist\u00ed va\u0161im kryptom\u011bn\u00e1m bezpe\u010d\u00ed. Zjist\u011bte v\u00edce.\",\"breadcrumb\":{\"@id\":\"https:\/\/recoveryseed.cz\/produkt\/grid-punch-double\/#breadcrumb\"},\"inLanguage\":\"en-GB\",\"potentialAction\":[{\"@type\":\"ReadAction\",\"target\":[\"https:\/\/recoveryseed.cz\/produkt\/grid-punch-double\/\"]}]},{\"@type\":\"ImageObject\",\"inLanguage\":\"en-GB\",\"@id\":\"https:\/\/recoveryseed.cz\/produkt\/grid-punch-double\/#primaryimage\",\"url\":\"https:\/\/recoveryseed.cz\/wp-content\/uploads\/2022\/10\/double-grid.jpg\",\"contentUrl\":\"https:\/\/recoveryseed.cz\/wp-content\/uploads\/2022\/10\/double-grid.jpg\",\"width\":900,\"height\":900},{\"@type\":\"BreadcrumbList\",\"@id\":\"https:\/\/recoveryseed.cz\/produkt\/grid-punch-double\/#breadcrumb\",\"itemListElement\":[{\"@type\":\"ListItem\",\"position\":1,\"name\":\"Dom\u016f\",\"item\":\"https:\/\/recoveryseed.cz\/\"},{\"@type\":\"ListItem\",\"position\":2,\"name\":\"Obchod\",\"item\":\"https:\/\/recoveryseed.cz\/eshop-recovery-seed-metal-plate\/\"},{\"@type\":\"ListItem\",\"position\":3,\"name\":\"GRID PUNCH DOUBLE\"}]},{\"@type\":\"WebSite\",\"@id\":\"https:\/\/recoveryseed.cz\/en\/#website\",\"url\":\"https:\/\/recoveryseed.cz\/en\/\",\"name\":\"RecoverySeed.cz - Ulo\u017ete sv\u016fj crypto seed bezpe\u010dn\u011b!\",\"description\":\"\",\"publisher\":{\"@id\":\"https:\/\/recoveryseed.cz\/en\/#organization\"},\"potentialAction\":[{\"@type\":\"SearchAction\",\"target\":{\"@type\":\"EntryPoint\",\"urlTemplate\":\"https:\/\/recoveryseed.cz\/en\/?s={search_term_string}\"},\"query-input\":\"required name=search_term_string\"}],\"inLanguage\":\"en-GB\"},{\"@type\":\"Organization\",\"@id\":\"https:\/\/recoveryseed.cz\/en\/#organization\",\"name\":\"Recovery Seed s.r.o.\",\"url\":\"https:\/\/recoveryseed.cz\/en\/\",\"logo\":{\"@type\":\"ImageObject\",\"inLanguage\":\"en-GB\",\"@id\":\"https:\/\/recoveryseed.cz\/en\/#\/schema\/logo\/image\/\",\"url\":\"https:\/\/recoveryseed.cz\/wp-content\/uploads\/2020\/12\/cropped-CryptoSteel__2_-removebg-preview-e1607373653659.png\",\"contentUrl\":\"https:\/\/recoveryseed.cz\/wp-content\/uploads\/2020\/12\/cropped-CryptoSteel__2_-removebg-preview-e1607373653659.png\",\"width\":500,\"height\":88,\"caption\":\"Recovery Seed s.r.o.\"},\"image\":{\"@id\":\"https:\/\/recoveryseed.cz\/en\/#\/schema\/logo\/image\/\"},\"sameAs\":[\"https:\/\/www.facebook.com\/Recoveryseed.cz\",\"https:\/\/www.instagram.com\/recoveryseed.cz\/\"]}]}<\/script>\n<!-- \/ Yoast SEO plugin. -->","yoast_head_json":{"title":"Grid punch double | recoveryseed.cz","description":"V tomto bal\u00ed\u010dku naleznete 2 recovery m\u0159\u00ed\u017ekovan\u00e9 desti\u010dky z pr\u00e9miov\u00e9 oceli, kter\u00e9 zajist\u00ed va\u0161im kryptom\u011bn\u00e1m bezpe\u010d\u00ed. Zjist\u011bte v\u00edce.","robots":{"index":"index","follow":"follow","max-snippet":"max-snippet:-1","max-image-preview":"max-image-preview:large","max-video-preview":"max-video-preview:-1"},"canonical":"https:\/\/recoveryseed.cz\/en\/product\/grid-punch-double\/","og_locale":"en_GB","og_type":"article","og_title":"Grid punch double | recoveryseed.cz","og_description":"V tomto bal\u00ed\u010dku naleznete 2 recovery m\u0159\u00ed\u017ekovan\u00e9 desti\u010dky z pr\u00e9miov\u00e9 oceli, kter\u00e9 zajist\u00ed va\u0161im kryptom\u011bn\u00e1m bezpe\u010d\u00ed. Zjist\u011bte v\u00edce.","og_url":"https:\/\/recoveryseed.cz\/en\/product\/grid-punch-double\/","og_site_name":"RecoverySeed.cz - Ulo\u017ete sv\u016fj crypto seed bezpe\u010dn\u011b!","article_publisher":"https:\/\/www.facebook.com\/Recoveryseed.cz","article_modified_time":"2026-01-14T14:52:01+00:00","og_image":[{"width":900,"height":900,"url":"https:\/\/recoveryseed.cz\/wp-content\/uploads\/2022\/10\/double-grid.jpg","type":"image\/jpeg"}],"twitter_card":"summary_large_image","twitter_misc":{"Estimated reading time":"2 minutes"},"schema":{"@context":"https:\/\/schema.org","@graph":[{"@type":"WebPage","@id":"https:\/\/recoveryseed.cz\/produkt\/grid-punch-double\/","url":"https:\/\/recoveryseed.cz\/produkt\/grid-punch-double\/","name":"Grid punch double | recoveryseed.cz","isPartOf":{"@id":"https:\/\/recoveryseed.cz\/en\/#website"},"primaryImageOfPage":{"@id":"https:\/\/recoveryseed.cz\/produkt\/grid-punch-double\/#primaryimage"},"image":{"@id":"https:\/\/recoveryseed.cz\/produkt\/grid-punch-double\/#primaryimage"},"thumbnailUrl":"https:\/\/recoveryseed.cz\/wp-content\/uploads\/2022\/10\/double-grid.jpg","datePublished":"2022-10-19T08:20:39+00:00","dateModified":"2026-01-14T14:52:01+00:00","description":"V tomto bal\u00ed\u010dku naleznete 2 recovery m\u0159\u00ed\u017ekovan\u00e9 desti\u010dky z pr\u00e9miov\u00e9 oceli, kter\u00e9 zajist\u00ed va\u0161im kryptom\u011bn\u00e1m bezpe\u010d\u00ed. Zjist\u011bte v\u00edce.","breadcrumb":{"@id":"https:\/\/recoveryseed.cz\/produkt\/grid-punch-double\/#breadcrumb"},"inLanguage":"en-GB","potentialAction":[{"@type":"ReadAction","target":["https:\/\/recoveryseed.cz\/produkt\/grid-punch-double\/"]}]},{"@type":"ImageObject","inLanguage":"en-GB","@id":"https:\/\/recoveryseed.cz\/produkt\/grid-punch-double\/#primaryimage","url":"https:\/\/recoveryseed.cz\/wp-content\/uploads\/2022\/10\/double-grid.jpg","contentUrl":"https:\/\/recoveryseed.cz\/wp-content\/uploads\/2022\/10\/double-grid.jpg","width":900,"height":900},{"@type":"BreadcrumbList","@id":"https:\/\/recoveryseed.cz\/produkt\/grid-punch-double\/#breadcrumb","itemListElement":[{"@type":"ListItem","position":1,"name":"Dom\u016f","item":"https:\/\/recoveryseed.cz\/"},{"@type":"ListItem","position":2,"name":"Obchod","item":"https:\/\/recoveryseed.cz\/eshop-recovery-seed-metal-plate\/"},{"@type":"ListItem","position":3,"name":"GRID PUNCH DOUBLE"}]},{"@type":"WebSite","@id":"https:\/\/recoveryseed.cz\/en\/#website","url":"https:\/\/recoveryseed.cz\/en\/","name":"RecoverySeed.cz - Ulo\u017ete sv\u016fj crypto seed bezpe\u010dn\u011b!","description":"","publisher":{"@id":"https:\/\/recoveryseed.cz\/en\/#organization"},"potentialAction":[{"@type":"SearchAction","target":{"@type":"EntryPoint","urlTemplate":"https:\/\/recoveryseed.cz\/en\/?s={search_term_string}"},"query-input":"required name=search_term_string"}],"inLanguage":"en-GB"},{"@type":"Organization","@id":"https:\/\/recoveryseed.cz\/en\/#organization","name":"Recovery Seed s.r.o.","url":"https:\/\/recoveryseed.cz\/en\/","logo":{"@type":"ImageObject","inLanguage":"en-GB","@id":"https:\/\/recoveryseed.cz\/en\/#\/schema\/logo\/image\/","url":"https:\/\/recoveryseed.cz\/wp-content\/uploads\/2020\/12\/cropped-CryptoSteel__2_-removebg-preview-e1607373653659.png","contentUrl":"https:\/\/recoveryseed.cz\/wp-content\/uploads\/2020\/12\/cropped-CryptoSteel__2_-removebg-preview-e1607373653659.png","width":500,"height":88,"caption":"Recovery Seed s.r.o."},"image":{"@id":"https:\/\/recoveryseed.cz\/en\/#\/schema\/logo\/image\/"},"sameAs":["https:\/\/www.facebook.com\/Recoveryseed.cz","https:\/\/www.instagram.com\/recoveryseed.cz\/"]}]}},"_links":{"self":[{"href":"https:\/\/recoveryseed.cz\/en\/wp-json\/wp\/v2\/product\/5666"}],"collection":[{"href":"https:\/\/recoveryseed.cz\/en\/wp-json\/wp\/v2\/product"}],"about":[{"href":"https:\/\/recoveryseed.cz\/en\/wp-json\/wp\/v2\/types\/product"}],"version-history":[{"count":1,"href":"https:\/\/recoveryseed.cz\/en\/wp-json\/wp\/v2\/product\/5666\/revisions"}],"predecessor-version":[{"id":6811,"href":"https:\/\/recoveryseed.cz\/en\/wp-json\/wp\/v2\/product\/5666\/revisions\/6811"}],"wp:featuredmedia":[{"embeddable":true,"href":"https:\/\/recoveryseed.cz\/en\/wp-json\/wp\/v2\/media\/5667"}],"wp:attachment":[{"href":"https:\/\/recoveryseed.cz\/en\/wp-json\/wp\/v2\/media?parent=5666"}],"wp:term":[{"taxonomy":"product_cat","embeddable":true,"href":"https:\/\/recoveryseed.cz\/en\/wp-json\/wp\/v2\/product_cat?post=5666"},{"taxonomy":"product_tag","embeddable":true,"href":"https:\/\/recoveryseed.cz\/en\/wp-json\/wp\/v2\/product_tag?post=5666"}],"curies":[{"name":"wp","href":"https:\/\/api.w.org\/{rel}","templated":true}]}}