{"id":4742,"date":"2021-12-12T23:16:55","date_gmt":"2021-12-12T23:16:55","guid":{"rendered":"https:\/\/recoveryseed.cz\/?post_type=product&#038;p=4742"},"modified":"2023-03-12T09:10:29","modified_gmt":"2023-03-12T09:10:29","slug":"grid-standart","status":"publish","type":"product","link":"https:\/\/recoveryseed.cz\/es\/product\/rejilla-standart\/","title":{"rendered":"REJILLA EST\u00c1NDAR"},"content":{"rendered":"<p class=\" translation-block\">Las placas Recoveryseed.cz se fabrican en <b>Rep\u00fablica Checa<\/b> a partir de acero inoxidable de espejo de la m\u00e1s alta calidad.<\/p>\n<p><b>GRID<\/b><span style=\"font-weight: 400;\">\u00a0<\/span><b>EST\u00c1NDAR<\/b><span style=\"font-weight: 400;\">\u00a0contiene una placa, que se utiliza para escribir una semilla. Esto a\u00f1adir\u00e1 maravillosamente otro nivel de seguridad a tu monedero hardware. Puedes dormir tranquilo sabiendo que has hecho todo lo necesario para mantener tus criptodivisas seguras.<\/span><\/p>\n<p><span style=\"font-weight: 400;\">Ver la versi\u00f3n completa<\/span><b> GRID<\/b><span style=\"font-weight: 400;\"> tiene una cuadr\u00edcula para 1-12 palabras en el anverso, y otras 12-24 en el reverso.A diferencia de nuestros otros productos, no tiene texto adicional ni logotipo de bitcoin, por lo que no es obvio a primera vista para qu\u00e9 sirve la placa.\u00a0<\/span><\/p>\n<p><span style=\"font-weight: 400;\">El proceso de escribir la semilla con el l\u00e1piz de grabado es realmente sencillo. El eje vertical representa las letras, y el eje horizontal su orden. Recomendamos marcar las palabras de antemano con un rotulador y, a continuaci\u00f3n, utilizar el l\u00e1piz de grabado para marcar de forma permanente los campos deseados. Recomendamos que las letras sean lo m\u00e1s profundas posible. S\u00f3lo deben marcarse las 4 primeras letras de la palabra.<\/span><\/p>\n<p class=\" translation-block\"><span style=\"font-weight: 400\">Es de acero EN 10088-2 con un grosor de 1,5 mm - para que pueda proteger f\u00e1cilmente sus semillas contra <\/span><b>agua, tiempo y calor<\/b><span style=\"font-weight: 400\">hasta 1510\u00b0. <\/span><\/p>\n<p class=\" translation-block\"><span style=\"font-size: 15px;font-weight: 400\">Cada placa est\u00e1 preimpresa con 24 campos para almacenar la <span style=\"font-size: 15px;font-weight: bold\">contrase\u00f1a de acceso BIP39<\/span> en forma de 12, 18 o 24 palabras de su semilla. El material de la placa es muy resistente y casi indestructible. La superficie de espejo brillante garantiza una visibilidad perfecta de sus palabras grabadas. <\/span><\/p>\n<p><b>L\u00e1piz grabador<\/b><span style=\"font-weight: 400;\">\u00a0no es dif\u00edcil de manejar. No es necesario encenderlo despu\u00e9s de insertar las pilas AA. Basta con mantener pulsado el bot\u00f3n situado en la parte delantera del l\u00e1piz. El l\u00e1piz se enciende autom\u00e1ticamente y podr\u00e1s grabar de forma r\u00e1pida y sencilla. Pilas no incluidas<\/span><\/p>\n<p class=\" translation-block\">Esta versi\u00f3n viene empaquetada de serie en una versi\u00f3n <strong>regalo<\/strong>.<\/p>\n<p><em>AVISO IMPORTANTE Ning\u00fan producto, ya sea nuestro o de cualquier otra empresa, garantizar\u00e1 nunca una seguridad total frente a situaciones como una combusti\u00f3n completa y la destrucci\u00f3n de un edificio en el que todav\u00eda queden preferiblemente algunos productos qu\u00edmicos. Si la placa se calienta hasta 1500\u00b0 y luego cae sobre ella un edificio o un tejado, ninguna soluci\u00f3n del mercado podr\u00e1 salvarle de esta situaci\u00f3n. Sin embargo, este no es el caso con el SHAMIR BACKUP de TREZOR, donde se puede dividir la sembradora en varios lugares y evitar la destrucci\u00f3n de todo el acceso a su cartera. Nuestras placas tambi\u00e9n pueden adquirirse sin bol\u00edgrafo grabador si prefiere, por ejemplo, escribir estampando letras, lo que podr\u00e1 hacer con su propia ayuda. Lamentablemente, el grabado a martillo no siempre es adecuado en un apartamento o casa sin taller.  Un bol\u00edgrafo grabador puede ser un gran sustituto e inscribir una semilla en una placa de acero, consulte nuestras pruebas y rese\u00f1as de grabado.<\/em><\/p>","protected":false},"excerpt":{"rendered":"<p><span style=\"font-weight: 400;\">Contenido del paquete:<\/span><\/p>\n<p><span style=\"font-weight: 400;\">1x placa de siembra de recuperaci\u00f3n de acero inoxidable espejo de primera calidad<\/span><\/p>\n<p><span style=\"font-weight: 400;\">1x l\u00e1piz de grabado (pilas no incluidas)<\/span><\/p>\n<p>1x pa\u00f1o de pulido<\/p>","protected":false},"featured_media":5687,"template":"","meta":{"site-sidebar-layout":"default","site-content-layout":"default","ast-site-content-layout":"","site-content-style":"default","site-sidebar-style":"default","ast-global-header-display":"","ast-banner-title-visibility":"","ast-main-header-display":"","ast-hfb-above-header-display":"","ast-hfb-below-header-display":"","ast-hfb-mobile-header-display":"","site-post-title":"","ast-breadcrumbs-content":"","ast-featured-img":"","footer-sml-layout":"","theme-transparent-header-meta":"default","adv-header-id-meta":"","stick-header-meta":"","header-above-stick-meta":"","header-main-stick-meta":"","header-below-stick-meta":"","astra-migrate-meta-layouts":"default","ast-page-background-enabled":"default","ast-page-background-meta":{"desktop":{"background-color":"","background-image":"","background-repeat":"repeat","background-position":"center center","background-size":"auto","background-attachment":"scroll","background-type":"","background-media":"","overlay-type":"","overlay-color":"","overlay-opacity":"","overlay-gradient":""},"tablet":{"background-color":"","background-image":"","background-repeat":"repeat","background-position":"center center","background-size":"auto","background-attachment":"scroll","background-type":"","background-media":"","overlay-type":"","overlay-color":"","overlay-opacity":"","overlay-gradient":""},"mobile":{"background-color":"","background-image":"","background-repeat":"repeat","background-position":"center center","background-size":"auto","background-attachment":"scroll","background-type":"","background-media":"","overlay-type":"","overlay-color":"","overlay-opacity":"","overlay-gradient":""}},"ast-content-background-meta":{"desktop":{"background-color":"var(--ast-global-color-5)","background-image":"","background-repeat":"repeat","background-position":"center center","background-size":"auto","background-attachment":"scroll","background-type":"","background-media":"","overlay-type":"","overlay-color":"","overlay-opacity":"","overlay-gradient":""},"tablet":{"background-color":"var(--ast-global-color-5)","background-image":"","background-repeat":"repeat","background-position":"center center","background-size":"auto","background-attachment":"scroll","background-type":"","background-media":"","overlay-type":"","overlay-color":"","overlay-opacity":"","overlay-gradient":""},"mobile":{"background-color":"var(--ast-global-color-5)","background-image":"","background-repeat":"repeat","background-position":"center center","background-size":"auto","background-attachment":"scroll","background-type":"","background-media":"","overlay-type":"","overlay-color":"","overlay-opacity":"","overlay-gradient":""}}},"product_cat":[62],"product_tag":[],"yoast_head":"<!-- This site is optimized with the Yoast SEO plugin v23.0 - https:\/\/yoast.com\/wordpress\/plugins\/seo\/ -->\n<title>Grid standard | recoveryseed.cz<\/title>\n<meta name=\"description\" content=\"Grid standard je recovery seed desti\u010dka s m\u0159\u00ed\u017ekou z pr\u00e9miov\u00e9 zrcadlov\u00e9 nerezov\u00e9 oceli. Vyzkou\u0161ejte ji tak\u00e9. | recoveryseed.cz\" \/>\n<meta name=\"robots\" content=\"index, follow, max-snippet:-1, max-image-preview:large, max-video-preview:-1\" \/>\n<link rel=\"canonical\" href=\"https:\/\/recoveryseed.cz\/es\/product\/rejilla-standart\/\" \/>\n<meta property=\"og:locale\" content=\"es_ES\" \/>\n<meta property=\"og:type\" content=\"article\" \/>\n<meta property=\"og:title\" content=\"Grid standard | recoveryseed.cz\" \/>\n<meta property=\"og:description\" content=\"Grid standard je recovery seed desti\u010dka s m\u0159\u00ed\u017ekou z pr\u00e9miov\u00e9 zrcadlov\u00e9 nerezov\u00e9 oceli. Vyzkou\u0161ejte ji tak\u00e9. | recoveryseed.cz\" \/>\n<meta property=\"og:url\" content=\"https:\/\/recoveryseed.cz\/es\/product\/rejilla-standart\/\" \/>\n<meta property=\"og:site_name\" content=\"RecoverySeed.cz - Ulo\u017ete sv\u016fj crypto seed bezpe\u010dn\u011b!\" \/>\n<meta property=\"article:publisher\" content=\"https:\/\/www.facebook.com\/Recoveryseed.cz\" \/>\n<meta property=\"article:modified_time\" content=\"2023-03-12T09:10:29+00:00\" \/>\n<meta property=\"og:image\" content=\"https:\/\/recoveryseed.cz\/wp-content\/uploads\/2021\/12\/standard-1.jpg\" \/>\n\t<meta property=\"og:image:width\" content=\"900\" \/>\n\t<meta property=\"og:image:height\" content=\"900\" \/>\n\t<meta property=\"og:image:type\" content=\"image\/jpeg\" \/>\n<meta name=\"twitter:card\" content=\"summary_large_image\" \/>\n<meta name=\"twitter:label1\" content=\"Est. reading time\" \/>\n\t<meta name=\"twitter:data1\" content=\"3 minutos\" \/>\n<script type=\"application\/ld+json\" class=\"yoast-schema-graph\">{\"@context\":\"https:\/\/schema.org\",\"@graph\":[{\"@type\":\"WebPage\",\"@id\":\"https:\/\/recoveryseed.cz\/produkt\/grid-standart\/\",\"url\":\"https:\/\/recoveryseed.cz\/produkt\/grid-standart\/\",\"name\":\"Grid standard | recoveryseed.cz\",\"isPartOf\":{\"@id\":\"https:\/\/recoveryseed.cz\/en\/#website\"},\"primaryImageOfPage\":{\"@id\":\"https:\/\/recoveryseed.cz\/produkt\/grid-standart\/#primaryimage\"},\"image\":{\"@id\":\"https:\/\/recoveryseed.cz\/produkt\/grid-standart\/#primaryimage\"},\"thumbnailUrl\":\"https:\/\/recoveryseed.cz\/wp-content\/uploads\/2021\/12\/standard-1.jpg\",\"datePublished\":\"2021-12-12T23:16:55+00:00\",\"dateModified\":\"2023-03-12T09:10:29+00:00\",\"description\":\"Grid standard je recovery seed desti\u010dka s m\u0159\u00ed\u017ekou z pr\u00e9miov\u00e9 zrcadlov\u00e9 nerezov\u00e9 oceli. Vyzkou\u0161ejte ji tak\u00e9. | recoveryseed.cz\",\"breadcrumb\":{\"@id\":\"https:\/\/recoveryseed.cz\/produkt\/grid-standart\/#breadcrumb\"},\"inLanguage\":\"es\",\"potentialAction\":[{\"@type\":\"ReadAction\",\"target\":[\"https:\/\/recoveryseed.cz\/produkt\/grid-standart\/\"]}]},{\"@type\":\"ImageObject\",\"inLanguage\":\"es\",\"@id\":\"https:\/\/recoveryseed.cz\/produkt\/grid-standart\/#primaryimage\",\"url\":\"https:\/\/recoveryseed.cz\/wp-content\/uploads\/2021\/12\/standard-1.jpg\",\"contentUrl\":\"https:\/\/recoveryseed.cz\/wp-content\/uploads\/2021\/12\/standard-1.jpg\",\"width\":900,\"height\":900},{\"@type\":\"BreadcrumbList\",\"@id\":\"https:\/\/recoveryseed.cz\/produkt\/grid-standart\/#breadcrumb\",\"itemListElement\":[{\"@type\":\"ListItem\",\"position\":1,\"name\":\"Dom\u016f\",\"item\":\"https:\/\/recoveryseed.cz\/\"},{\"@type\":\"ListItem\",\"position\":2,\"name\":\"Obchod\",\"item\":\"https:\/\/recoveryseed.cz\/eshop-recovery-seed-metal-plate\/\"},{\"@type\":\"ListItem\",\"position\":3,\"name\":\"GRID STANDARD\"}]},{\"@type\":\"WebSite\",\"@id\":\"https:\/\/recoveryseed.cz\/en\/#website\",\"url\":\"https:\/\/recoveryseed.cz\/en\/\",\"name\":\"RecoverySeed.cz - Ulo\u017ete sv\u016fj crypto seed bezpe\u010dn\u011b!\",\"description\":\"\",\"publisher\":{\"@id\":\"https:\/\/recoveryseed.cz\/en\/#organization\"},\"potentialAction\":[{\"@type\":\"SearchAction\",\"target\":{\"@type\":\"EntryPoint\",\"urlTemplate\":\"https:\/\/recoveryseed.cz\/en\/?s={search_term_string}\"},\"query-input\":\"required name=search_term_string\"}],\"inLanguage\":\"es\"},{\"@type\":\"Organization\",\"@id\":\"https:\/\/recoveryseed.cz\/en\/#organization\",\"name\":\"Recovery Seed s.r.o.\",\"url\":\"https:\/\/recoveryseed.cz\/en\/\",\"logo\":{\"@type\":\"ImageObject\",\"inLanguage\":\"es\",\"@id\":\"https:\/\/recoveryseed.cz\/en\/#\/schema\/logo\/image\/\",\"url\":\"https:\/\/recoveryseed.cz\/wp-content\/uploads\/2020\/12\/cropped-CryptoSteel__2_-removebg-preview-e1607373653659.png\",\"contentUrl\":\"https:\/\/recoveryseed.cz\/wp-content\/uploads\/2020\/12\/cropped-CryptoSteel__2_-removebg-preview-e1607373653659.png\",\"width\":500,\"height\":88,\"caption\":\"Recovery Seed s.r.o.\"},\"image\":{\"@id\":\"https:\/\/recoveryseed.cz\/en\/#\/schema\/logo\/image\/\"},\"sameAs\":[\"https:\/\/www.facebook.com\/Recoveryseed.cz\",\"https:\/\/www.instagram.com\/recoveryseed.cz\/\"]}]}<\/script>\n<!-- \/ Yoast SEO plugin. -->","yoast_head_json":{"title":"Grid standard | recoveryseed.cz","description":"Grid standard je recovery seed desti\u010dka s m\u0159\u00ed\u017ekou z pr\u00e9miov\u00e9 zrcadlov\u00e9 nerezov\u00e9 oceli. Vyzkou\u0161ejte ji tak\u00e9. | recoveryseed.cz","robots":{"index":"index","follow":"follow","max-snippet":"max-snippet:-1","max-image-preview":"max-image-preview:large","max-video-preview":"max-video-preview:-1"},"canonical":"https:\/\/recoveryseed.cz\/es\/product\/rejilla-standart\/","og_locale":"es_ES","og_type":"article","og_title":"Grid standard | recoveryseed.cz","og_description":"Grid standard je recovery seed desti\u010dka s m\u0159\u00ed\u017ekou z pr\u00e9miov\u00e9 zrcadlov\u00e9 nerezov\u00e9 oceli. Vyzkou\u0161ejte ji tak\u00e9. | recoveryseed.cz","og_url":"https:\/\/recoveryseed.cz\/es\/product\/rejilla-standart\/","og_site_name":"RecoverySeed.cz - Ulo\u017ete sv\u016fj crypto seed bezpe\u010dn\u011b!","article_publisher":"https:\/\/www.facebook.com\/Recoveryseed.cz","article_modified_time":"2023-03-12T09:10:29+00:00","og_image":[{"width":900,"height":900,"url":"https:\/\/recoveryseed.cz\/wp-content\/uploads\/2021\/12\/standard-1.jpg","type":"image\/jpeg"}],"twitter_card":"summary_large_image","twitter_misc":{"Est. reading time":"3 minutos"},"schema":{"@context":"https:\/\/schema.org","@graph":[{"@type":"WebPage","@id":"https:\/\/recoveryseed.cz\/produkt\/grid-standart\/","url":"https:\/\/recoveryseed.cz\/produkt\/grid-standart\/","name":"Grid standard | recoveryseed.cz","isPartOf":{"@id":"https:\/\/recoveryseed.cz\/en\/#website"},"primaryImageOfPage":{"@id":"https:\/\/recoveryseed.cz\/produkt\/grid-standart\/#primaryimage"},"image":{"@id":"https:\/\/recoveryseed.cz\/produkt\/grid-standart\/#primaryimage"},"thumbnailUrl":"https:\/\/recoveryseed.cz\/wp-content\/uploads\/2021\/12\/standard-1.jpg","datePublished":"2021-12-12T23:16:55+00:00","dateModified":"2023-03-12T09:10:29+00:00","description":"Grid standard je recovery seed desti\u010dka s m\u0159\u00ed\u017ekou z pr\u00e9miov\u00e9 zrcadlov\u00e9 nerezov\u00e9 oceli. Vyzkou\u0161ejte ji tak\u00e9. | recoveryseed.cz","breadcrumb":{"@id":"https:\/\/recoveryseed.cz\/produkt\/grid-standart\/#breadcrumb"},"inLanguage":"es","potentialAction":[{"@type":"ReadAction","target":["https:\/\/recoveryseed.cz\/produkt\/grid-standart\/"]}]},{"@type":"ImageObject","inLanguage":"es","@id":"https:\/\/recoveryseed.cz\/produkt\/grid-standart\/#primaryimage","url":"https:\/\/recoveryseed.cz\/wp-content\/uploads\/2021\/12\/standard-1.jpg","contentUrl":"https:\/\/recoveryseed.cz\/wp-content\/uploads\/2021\/12\/standard-1.jpg","width":900,"height":900},{"@type":"BreadcrumbList","@id":"https:\/\/recoveryseed.cz\/produkt\/grid-standart\/#breadcrumb","itemListElement":[{"@type":"ListItem","position":1,"name":"Dom\u016f","item":"https:\/\/recoveryseed.cz\/"},{"@type":"ListItem","position":2,"name":"Obchod","item":"https:\/\/recoveryseed.cz\/eshop-recovery-seed-metal-plate\/"},{"@type":"ListItem","position":3,"name":"GRID STANDARD"}]},{"@type":"WebSite","@id":"https:\/\/recoveryseed.cz\/en\/#website","url":"https:\/\/recoveryseed.cz\/en\/","name":"RecoverySeed.cz - Ulo\u017ete sv\u016fj crypto seed bezpe\u010dn\u011b!","description":"","publisher":{"@id":"https:\/\/recoveryseed.cz\/en\/#organization"},"potentialAction":[{"@type":"SearchAction","target":{"@type":"EntryPoint","urlTemplate":"https:\/\/recoveryseed.cz\/en\/?s={search_term_string}"},"query-input":"required name=search_term_string"}],"inLanguage":"es"},{"@type":"Organization","@id":"https:\/\/recoveryseed.cz\/en\/#organization","name":"Recovery Seed s.r.o.","url":"https:\/\/recoveryseed.cz\/en\/","logo":{"@type":"ImageObject","inLanguage":"es","@id":"https:\/\/recoveryseed.cz\/en\/#\/schema\/logo\/image\/","url":"https:\/\/recoveryseed.cz\/wp-content\/uploads\/2020\/12\/cropped-CryptoSteel__2_-removebg-preview-e1607373653659.png","contentUrl":"https:\/\/recoveryseed.cz\/wp-content\/uploads\/2020\/12\/cropped-CryptoSteel__2_-removebg-preview-e1607373653659.png","width":500,"height":88,"caption":"Recovery Seed s.r.o."},"image":{"@id":"https:\/\/recoveryseed.cz\/en\/#\/schema\/logo\/image\/"},"sameAs":["https:\/\/www.facebook.com\/Recoveryseed.cz","https:\/\/www.instagram.com\/recoveryseed.cz\/"]}]}},"_links":{"self":[{"href":"https:\/\/recoveryseed.cz\/es\/wp-json\/wp\/v2\/product\/4742"}],"collection":[{"href":"https:\/\/recoveryseed.cz\/es\/wp-json\/wp\/v2\/product"}],"about":[{"href":"https:\/\/recoveryseed.cz\/es\/wp-json\/wp\/v2\/types\/product"}],"version-history":[{"count":0,"href":"https:\/\/recoveryseed.cz\/es\/wp-json\/wp\/v2\/product\/4742\/revisions"}],"wp:featuredmedia":[{"embeddable":true,"href":"https:\/\/recoveryseed.cz\/es\/wp-json\/wp\/v2\/media\/5687"}],"wp:attachment":[{"href":"https:\/\/recoveryseed.cz\/es\/wp-json\/wp\/v2\/media?parent=4742"}],"wp:term":[{"taxonomy":"product_cat","embeddable":true,"href":"https:\/\/recoveryseed.cz\/es\/wp-json\/wp\/v2\/product_cat?post=4742"},{"taxonomy":"product_tag","embeddable":true,"href":"https:\/\/recoveryseed.cz\/es\/wp-json\/wp\/v2\/product_tag?post=4742"}],"curies":[{"name":"wp","href":"https:\/\/api.w.org\/{rel}","templated":true}]}}