{"id":4919,"date":"2022-01-03T22:45:16","date_gmt":"2022-01-03T22:45:16","guid":{"rendered":"https:\/\/recoveryseed.cz\/?post_type=product&#038;p=4919"},"modified":"2026-01-14T14:52:32","modified_gmt":"2026-01-14T14:52:32","slug":"grid-one","status":"publish","type":"product","link":"https:\/\/recoveryseed.cz\/es\/product\/grid-one\/","title":{"rendered":"GRID UNO"},"content":{"rendered":"<p class=\" translation-block\">Las placas Recoveryseed.cz se fabrican en <b>Rep\u00fablica Checa<\/b> a partir de acero inoxidable de espejo de la m\u00e1s alta calidad.<\/p>\n<p>Ver la versi\u00f3n completa<strong> GRID<\/strong> <b>UNA<\/b> Contiene una placa, que se utiliza para escribir una semilla, y por lo tanto agrega maravillosamente otro nivel de seguridad a su billetera de hardware. Puede dormir tranquilo sabiendo que ha hecho todo lo necesario para mantener seguras sus criptodivisas. Esta versi\u00f3n no incluye un l\u00e1piz grabador ni un hoyuelo autom\u00e1tico.<\/p>\n<p><span style=\"font-weight: 400;\">Ver la versi\u00f3n completa<\/span><b> GRID<\/b><span style=\"font-weight: 400;\"> tiene una cuadr\u00edcula para 1-12 palabras en el anverso, y otras 12-24 en el reverso.A diferencia de nuestros otros productos, no tiene texto adicional ni logotipo de bitcoin, por lo que no es obvio a primera vista para qu\u00e9 sirve la placa.\u00a0<\/span><\/p>\n<p>&nbsp;<\/p>\n<p class=\" translation-block\"><span style=\"font-weight: 400\">Es de acero 1.4307 con un grosor de 1,5 mm - para que pueda proteger f\u00e1cilmente sus semillas contra <\/span><b>agua, tiempo y calor<\/b><span style=\"font-weight: 400\">hasta 1510\u00b0. <\/span><\/p>\n<p class=\" translation-block\"><span style=\"font-weight: 400\">Cada placa est\u00e1 preimpresa con 24 campos para almacenar su contrase\u00f1a de acceso<\/span><b> BIP39<\/b><span style=\"font-weight: 400\"> en forma de 12, 18 o 24 palabras de su semilla. El material de la placa es muy resistente y casi indestructible. La superficie de espejo brillante garantiza una visibilidad perfecta de sus palabras grabadas.<\/span>.<\/p>\n<p><span style=\"font-weight: 400;\">Esta versi\u00f3n no incluye l\u00e1piz de grabado ni hoyuelo autom\u00e1tico y no se entrega envuelta para regalo.<\/span><\/p>\n<p><em>AVISO IMPORTANTE Ning\u00fan producto, ya sea nuestro o de cualquier otra empresa, garantizar\u00e1 nunca una seguridad total frente a situaciones como una combusti\u00f3n completa y la destrucci\u00f3n de un edificio en el que todav\u00eda queden preferiblemente algunos productos qu\u00edmicos. Si la placa se calienta hasta 1500\u00b0 y luego cae sobre ella un edificio o un tejado, ninguna soluci\u00f3n del mercado podr\u00e1 salvarle de esta situaci\u00f3n. Sin embargo, este no es el caso con el SHAMIR BACKUP de TREZOR, donde se puede dividir la sembradora en varios lugares y evitar la destrucci\u00f3n de todo el acceso a su cartera.\u00a0<\/em><\/p>","protected":false},"excerpt":{"rendered":"<p><span style=\"font-weight: 400;\">Contenido del paquete:<\/span><\/p>\n<p><span style=\"font-weight: 400;\">1x placa de siembra de recuperaci\u00f3n de acero inoxidable espejo de primera calidad<\/span><\/p>\n<p>1x pa\u00f1o de pulido<\/p>","protected":false},"featured_media":5673,"template":"","meta":{"site-sidebar-layout":"default","site-content-layout":"default","ast-site-content-layout":"","site-content-style":"default","site-sidebar-style":"default","ast-global-header-display":"","ast-banner-title-visibility":"","ast-main-header-display":"","ast-hfb-above-header-display":"","ast-hfb-below-header-display":"","ast-hfb-mobile-header-display":"","site-post-title":"","ast-breadcrumbs-content":"","ast-featured-img":"","footer-sml-layout":"","theme-transparent-header-meta":"default","adv-header-id-meta":"","stick-header-meta":"","header-above-stick-meta":"","header-main-stick-meta":"","header-below-stick-meta":"","astra-migrate-meta-layouts":"default","ast-page-background-enabled":"default","ast-page-background-meta":{"desktop":{"background-color":"","background-image":"","background-repeat":"repeat","background-position":"center center","background-size":"auto","background-attachment":"scroll","background-type":"","background-media":"","overlay-type":"","overlay-color":"","overlay-opacity":"","overlay-gradient":""},"tablet":{"background-color":"","background-image":"","background-repeat":"repeat","background-position":"center center","background-size":"auto","background-attachment":"scroll","background-type":"","background-media":"","overlay-type":"","overlay-color":"","overlay-opacity":"","overlay-gradient":""},"mobile":{"background-color":"","background-image":"","background-repeat":"repeat","background-position":"center center","background-size":"auto","background-attachment":"scroll","background-type":"","background-media":"","overlay-type":"","overlay-color":"","overlay-opacity":"","overlay-gradient":""}},"ast-content-background-meta":{"desktop":{"background-color":"var(--ast-global-color-5)","background-image":"","background-repeat":"repeat","background-position":"center center","background-size":"auto","background-attachment":"scroll","background-type":"","background-media":"","overlay-type":"","overlay-color":"","overlay-opacity":"","overlay-gradient":""},"tablet":{"background-color":"var(--ast-global-color-5)","background-image":"","background-repeat":"repeat","background-position":"center center","background-size":"auto","background-attachment":"scroll","background-type":"","background-media":"","overlay-type":"","overlay-color":"","overlay-opacity":"","overlay-gradient":""},"mobile":{"background-color":"var(--ast-global-color-5)","background-image":"","background-repeat":"repeat","background-position":"center center","background-size":"auto","background-attachment":"scroll","background-type":"","background-media":"","overlay-type":"","overlay-color":"","overlay-opacity":"","overlay-gradient":""}}},"product_cat":[62],"product_tag":[],"yoast_head":"<!-- This site is optimized with the Yoast SEO plugin v23.0 - https:\/\/yoast.com\/wordpress\/plugins\/seo\/ -->\n<title>Grid one | recoveryseed.cz<\/title>\n<meta name=\"description\" content=\"Objevte inovativn\u00ed m\u0159\u00ed\u017ekovanou recovery seed desti\u010dku z kvalitn\u00ed nerezov\u00e9 oceli pro bezpe\u010dn\u00e9 ulo\u017een\u00ed va\u0161ich kryptom\u011bn. Zjist\u011bte v\u00edce.\" \/>\n<meta name=\"robots\" content=\"index, follow, max-snippet:-1, max-image-preview:large, max-video-preview:-1\" \/>\n<link rel=\"canonical\" href=\"https:\/\/recoveryseed.cz\/es\/product\/grid-one\/\" \/>\n<meta property=\"og:locale\" content=\"es_ES\" \/>\n<meta property=\"og:type\" content=\"article\" \/>\n<meta property=\"og:title\" content=\"Grid one | recoveryseed.cz\" \/>\n<meta property=\"og:description\" content=\"Objevte inovativn\u00ed m\u0159\u00ed\u017ekovanou recovery seed desti\u010dku z kvalitn\u00ed nerezov\u00e9 oceli pro bezpe\u010dn\u00e9 ulo\u017een\u00ed va\u0161ich kryptom\u011bn. Zjist\u011bte v\u00edce.\" \/>\n<meta property=\"og:url\" content=\"https:\/\/recoveryseed.cz\/es\/product\/grid-one\/\" \/>\n<meta property=\"og:site_name\" content=\"RecoverySeed.cz - Ulo\u017ete sv\u016fj crypto seed bezpe\u010dn\u011b!\" \/>\n<meta property=\"article:publisher\" content=\"https:\/\/www.facebook.com\/Recoveryseed.cz\" \/>\n<meta property=\"article:modified_time\" content=\"2026-01-14T14:52:32+00:00\" \/>\n<meta property=\"og:image\" content=\"https:\/\/recoveryseed.cz\/wp-content\/uploads\/2022\/01\/one-grid.jpg\" \/>\n\t<meta property=\"og:image:width\" content=\"900\" \/>\n\t<meta property=\"og:image:height\" content=\"900\" \/>\n\t<meta property=\"og:image:type\" content=\"image\/jpeg\" \/>\n<meta name=\"twitter:card\" content=\"summary_large_image\" \/>\n<meta name=\"twitter:label1\" content=\"Est. reading time\" \/>\n\t<meta name=\"twitter:data1\" content=\"2 minutos\" \/>\n<script type=\"application\/ld+json\" class=\"yoast-schema-graph\">{\"@context\":\"https:\/\/schema.org\",\"@graph\":[{\"@type\":\"WebPage\",\"@id\":\"https:\/\/recoveryseed.cz\/produkt\/grid-one\/\",\"url\":\"https:\/\/recoveryseed.cz\/produkt\/grid-one\/\",\"name\":\"Grid one | recoveryseed.cz\",\"isPartOf\":{\"@id\":\"https:\/\/recoveryseed.cz\/en\/#website\"},\"primaryImageOfPage\":{\"@id\":\"https:\/\/recoveryseed.cz\/produkt\/grid-one\/#primaryimage\"},\"image\":{\"@id\":\"https:\/\/recoveryseed.cz\/produkt\/grid-one\/#primaryimage\"},\"thumbnailUrl\":\"https:\/\/recoveryseed.cz\/wp-content\/uploads\/2022\/01\/one-grid.jpg\",\"datePublished\":\"2022-01-03T22:45:16+00:00\",\"dateModified\":\"2026-01-14T14:52:32+00:00\",\"description\":\"Objevte inovativn\u00ed m\u0159\u00ed\u017ekovanou recovery seed desti\u010dku z kvalitn\u00ed nerezov\u00e9 oceli pro bezpe\u010dn\u00e9 ulo\u017een\u00ed va\u0161ich kryptom\u011bn. Zjist\u011bte v\u00edce.\",\"breadcrumb\":{\"@id\":\"https:\/\/recoveryseed.cz\/produkt\/grid-one\/#breadcrumb\"},\"inLanguage\":\"es\",\"potentialAction\":[{\"@type\":\"ReadAction\",\"target\":[\"https:\/\/recoveryseed.cz\/produkt\/grid-one\/\"]}]},{\"@type\":\"ImageObject\",\"inLanguage\":\"es\",\"@id\":\"https:\/\/recoveryseed.cz\/produkt\/grid-one\/#primaryimage\",\"url\":\"https:\/\/recoveryseed.cz\/wp-content\/uploads\/2022\/01\/one-grid.jpg\",\"contentUrl\":\"https:\/\/recoveryseed.cz\/wp-content\/uploads\/2022\/01\/one-grid.jpg\",\"width\":900,\"height\":900},{\"@type\":\"BreadcrumbList\",\"@id\":\"https:\/\/recoveryseed.cz\/produkt\/grid-one\/#breadcrumb\",\"itemListElement\":[{\"@type\":\"ListItem\",\"position\":1,\"name\":\"Dom\u016f\",\"item\":\"https:\/\/recoveryseed.cz\/\"},{\"@type\":\"ListItem\",\"position\":2,\"name\":\"Obchod\",\"item\":\"https:\/\/recoveryseed.cz\/eshop-recovery-seed-metal-plate\/\"},{\"@type\":\"ListItem\",\"position\":3,\"name\":\"GRID ONE\"}]},{\"@type\":\"WebSite\",\"@id\":\"https:\/\/recoveryseed.cz\/en\/#website\",\"url\":\"https:\/\/recoveryseed.cz\/en\/\",\"name\":\"RecoverySeed.cz - Ulo\u017ete sv\u016fj crypto seed bezpe\u010dn\u011b!\",\"description\":\"\",\"publisher\":{\"@id\":\"https:\/\/recoveryseed.cz\/en\/#organization\"},\"potentialAction\":[{\"@type\":\"SearchAction\",\"target\":{\"@type\":\"EntryPoint\",\"urlTemplate\":\"https:\/\/recoveryseed.cz\/en\/?s={search_term_string}\"},\"query-input\":\"required name=search_term_string\"}],\"inLanguage\":\"es\"},{\"@type\":\"Organization\",\"@id\":\"https:\/\/recoveryseed.cz\/en\/#organization\",\"name\":\"Recovery Seed s.r.o.\",\"url\":\"https:\/\/recoveryseed.cz\/en\/\",\"logo\":{\"@type\":\"ImageObject\",\"inLanguage\":\"es\",\"@id\":\"https:\/\/recoveryseed.cz\/en\/#\/schema\/logo\/image\/\",\"url\":\"https:\/\/recoveryseed.cz\/wp-content\/uploads\/2020\/12\/cropped-CryptoSteel__2_-removebg-preview-e1607373653659.png\",\"contentUrl\":\"https:\/\/recoveryseed.cz\/wp-content\/uploads\/2020\/12\/cropped-CryptoSteel__2_-removebg-preview-e1607373653659.png\",\"width\":500,\"height\":88,\"caption\":\"Recovery Seed s.r.o.\"},\"image\":{\"@id\":\"https:\/\/recoveryseed.cz\/en\/#\/schema\/logo\/image\/\"},\"sameAs\":[\"https:\/\/www.facebook.com\/Recoveryseed.cz\",\"https:\/\/www.instagram.com\/recoveryseed.cz\/\"]}]}<\/script>\n<!-- \/ Yoast SEO plugin. -->","yoast_head_json":{"title":"Grid one | recoveryseed.cz","description":"Objevte inovativn\u00ed m\u0159\u00ed\u017ekovanou recovery seed desti\u010dku z kvalitn\u00ed nerezov\u00e9 oceli pro bezpe\u010dn\u00e9 ulo\u017een\u00ed va\u0161ich kryptom\u011bn. Zjist\u011bte v\u00edce.","robots":{"index":"index","follow":"follow","max-snippet":"max-snippet:-1","max-image-preview":"max-image-preview:large","max-video-preview":"max-video-preview:-1"},"canonical":"https:\/\/recoveryseed.cz\/es\/product\/grid-one\/","og_locale":"es_ES","og_type":"article","og_title":"Grid one | recoveryseed.cz","og_description":"Objevte inovativn\u00ed m\u0159\u00ed\u017ekovanou recovery seed desti\u010dku z kvalitn\u00ed nerezov\u00e9 oceli pro bezpe\u010dn\u00e9 ulo\u017een\u00ed va\u0161ich kryptom\u011bn. Zjist\u011bte v\u00edce.","og_url":"https:\/\/recoveryseed.cz\/es\/product\/grid-one\/","og_site_name":"RecoverySeed.cz - Ulo\u017ete sv\u016fj crypto seed bezpe\u010dn\u011b!","article_publisher":"https:\/\/www.facebook.com\/Recoveryseed.cz","article_modified_time":"2026-01-14T14:52:32+00:00","og_image":[{"width":900,"height":900,"url":"https:\/\/recoveryseed.cz\/wp-content\/uploads\/2022\/01\/one-grid.jpg","type":"image\/jpeg"}],"twitter_card":"summary_large_image","twitter_misc":{"Est. reading time":"2 minutos"},"schema":{"@context":"https:\/\/schema.org","@graph":[{"@type":"WebPage","@id":"https:\/\/recoveryseed.cz\/produkt\/grid-one\/","url":"https:\/\/recoveryseed.cz\/produkt\/grid-one\/","name":"Grid one | recoveryseed.cz","isPartOf":{"@id":"https:\/\/recoveryseed.cz\/en\/#website"},"primaryImageOfPage":{"@id":"https:\/\/recoveryseed.cz\/produkt\/grid-one\/#primaryimage"},"image":{"@id":"https:\/\/recoveryseed.cz\/produkt\/grid-one\/#primaryimage"},"thumbnailUrl":"https:\/\/recoveryseed.cz\/wp-content\/uploads\/2022\/01\/one-grid.jpg","datePublished":"2022-01-03T22:45:16+00:00","dateModified":"2026-01-14T14:52:32+00:00","description":"Objevte inovativn\u00ed m\u0159\u00ed\u017ekovanou recovery seed desti\u010dku z kvalitn\u00ed nerezov\u00e9 oceli pro bezpe\u010dn\u00e9 ulo\u017een\u00ed va\u0161ich kryptom\u011bn. Zjist\u011bte v\u00edce.","breadcrumb":{"@id":"https:\/\/recoveryseed.cz\/produkt\/grid-one\/#breadcrumb"},"inLanguage":"es","potentialAction":[{"@type":"ReadAction","target":["https:\/\/recoveryseed.cz\/produkt\/grid-one\/"]}]},{"@type":"ImageObject","inLanguage":"es","@id":"https:\/\/recoveryseed.cz\/produkt\/grid-one\/#primaryimage","url":"https:\/\/recoveryseed.cz\/wp-content\/uploads\/2022\/01\/one-grid.jpg","contentUrl":"https:\/\/recoveryseed.cz\/wp-content\/uploads\/2022\/01\/one-grid.jpg","width":900,"height":900},{"@type":"BreadcrumbList","@id":"https:\/\/recoveryseed.cz\/produkt\/grid-one\/#breadcrumb","itemListElement":[{"@type":"ListItem","position":1,"name":"Dom\u016f","item":"https:\/\/recoveryseed.cz\/"},{"@type":"ListItem","position":2,"name":"Obchod","item":"https:\/\/recoveryseed.cz\/eshop-recovery-seed-metal-plate\/"},{"@type":"ListItem","position":3,"name":"GRID ONE"}]},{"@type":"WebSite","@id":"https:\/\/recoveryseed.cz\/en\/#website","url":"https:\/\/recoveryseed.cz\/en\/","name":"RecoverySeed.cz - Ulo\u017ete sv\u016fj crypto seed bezpe\u010dn\u011b!","description":"","publisher":{"@id":"https:\/\/recoveryseed.cz\/en\/#organization"},"potentialAction":[{"@type":"SearchAction","target":{"@type":"EntryPoint","urlTemplate":"https:\/\/recoveryseed.cz\/en\/?s={search_term_string}"},"query-input":"required name=search_term_string"}],"inLanguage":"es"},{"@type":"Organization","@id":"https:\/\/recoveryseed.cz\/en\/#organization","name":"Recovery Seed s.r.o.","url":"https:\/\/recoveryseed.cz\/en\/","logo":{"@type":"ImageObject","inLanguage":"es","@id":"https:\/\/recoveryseed.cz\/en\/#\/schema\/logo\/image\/","url":"https:\/\/recoveryseed.cz\/wp-content\/uploads\/2020\/12\/cropped-CryptoSteel__2_-removebg-preview-e1607373653659.png","contentUrl":"https:\/\/recoveryseed.cz\/wp-content\/uploads\/2020\/12\/cropped-CryptoSteel__2_-removebg-preview-e1607373653659.png","width":500,"height":88,"caption":"Recovery Seed s.r.o."},"image":{"@id":"https:\/\/recoveryseed.cz\/en\/#\/schema\/logo\/image\/"},"sameAs":["https:\/\/www.facebook.com\/Recoveryseed.cz","https:\/\/www.instagram.com\/recoveryseed.cz\/"]}]}},"_links":{"self":[{"href":"https:\/\/recoveryseed.cz\/es\/wp-json\/wp\/v2\/product\/4919"}],"collection":[{"href":"https:\/\/recoveryseed.cz\/es\/wp-json\/wp\/v2\/product"}],"about":[{"href":"https:\/\/recoveryseed.cz\/es\/wp-json\/wp\/v2\/types\/product"}],"version-history":[{"count":1,"href":"https:\/\/recoveryseed.cz\/es\/wp-json\/wp\/v2\/product\/4919\/revisions"}],"predecessor-version":[{"id":6815,"href":"https:\/\/recoveryseed.cz\/es\/wp-json\/wp\/v2\/product\/4919\/revisions\/6815"}],"wp:featuredmedia":[{"embeddable":true,"href":"https:\/\/recoveryseed.cz\/es\/wp-json\/wp\/v2\/media\/5673"}],"wp:attachment":[{"href":"https:\/\/recoveryseed.cz\/es\/wp-json\/wp\/v2\/media?parent=4919"}],"wp:term":[{"taxonomy":"product_cat","embeddable":true,"href":"https:\/\/recoveryseed.cz\/es\/wp-json\/wp\/v2\/product_cat?post=4919"},{"taxonomy":"product_tag","embeddable":true,"href":"https:\/\/recoveryseed.cz\/es\/wp-json\/wp\/v2\/product_tag?post=4919"}],"curies":[{"name":"wp","href":"https:\/\/api.w.org\/{rel}","templated":true}]}}