{"id":4893,"date":"2022-01-03T22:35:50","date_gmt":"2022-01-03T22:35:50","guid":{"rendered":"https:\/\/recoveryseed.cz\/?page_id=4893"},"modified":"2024-11-28T08:31:13","modified_gmt":"2024-11-28T08:31:13","slug":"standart-produkty","status":"publish","type":"page","link":"https:\/\/recoveryseed.cz\/fr\/produits-standard\/","title":{"rendered":"Version standard"},"content":{"rendered":"<div data-elementor-type=\"wp-page\" data-elementor-id=\"4893\" class=\"elementor elementor-4893\" data-elementor-post-type=\"page\">\n\t\t\t\t\t\t<section class=\"elementor-section elementor-top-section elementor-element elementor-element-c9b5256 elementor-section-boxed elementor-section-height-default elementor-section-height-default\" data-id=\"c9b5256\" data-element_type=\"section\">\n\t\t\t\t\t\t<div class=\"elementor-container elementor-column-gap-default\">\n\t\t\t\t\t<div class=\"elementor-column elementor-col-100 elementor-top-column elementor-element elementor-element-2a17c6e\" data-id=\"2a17c6e\" data-element_type=\"column\">\n\t\t\t<div class=\"elementor-widget-wrap elementor-element-populated\">\n\t\t\t\t\t\t<div class=\"elementor-element elementor-element-e95c789 elementor-widget elementor-widget-heading\" data-id=\"e95c789\" data-element_type=\"widget\" data-widget_type=\"heading.default\">\n\t\t\t\t<div class=\"elementor-widget-container\">\n\t\t\t<style>\/*! elementor - v3.19.0 - 28-02-2024 *\/\n.elementor-heading-title{padding:0;margin:0;line-height:1}.elementor-widget-heading .elementor-heading-title[class*=elementor-size-]>a{color:inherit;font-size:inherit;line-height:inherit}.elementor-widget-heading .elementor-heading-title.elementor-size-small{font-size:15px}.elementor-widget-heading .elementor-heading-title.elementor-size-medium{font-size:19px}.elementor-widget-heading .elementor-heading-title.elementor-size-large{font-size:29px}.elementor-widget-heading .elementor-heading-title.elementor-size-xl{font-size:39px}.elementor-widget-heading .elementor-heading-title.elementor-size-xxl{font-size:59px}<\/style><h2 class=\"elementor-heading-title elementor-size-default\">VERSION STANDARD<\/h2>\t\t<\/div>\n\t\t\t\t<\/div>\n\t\t\t\t\t<\/div>\n\t\t<\/div>\n\t\t\t\t\t<\/div>\n\t\t<\/section>\n\t\t\t\t<section class=\"elementor-section elementor-top-section elementor-element elementor-element-6821a52 elementor-section-boxed elementor-section-height-default elementor-section-height-default\" data-id=\"6821a52\" data-element_type=\"section\">\n\t\t\t\t\t\t<div class=\"elementor-container elementor-column-gap-default\">\n\t\t\t\t\t<div class=\"elementor-column elementor-col-100 elementor-top-column elementor-element elementor-element-b0c168b\" data-id=\"b0c168b\" data-element_type=\"column\">\n\t\t\t<div class=\"elementor-widget-wrap elementor-element-populated\">\n\t\t\t\t\t\t<div class=\"elementor-element elementor-element-8c6342a elementor-grid-4 elementor-grid-tablet-3 elementor-grid-mobile-2 elementor-products-grid elementor-wc-products elementor-widget elementor-widget-woocommerce-products\" data-id=\"8c6342a\" data-element_type=\"widget\" data-widget_type=\"woocommerce-products.default\">\n\t\t\t\t<div class=\"elementor-widget-container\">\n\t\t\t<link rel=\"stylesheet\" href=\"https:\/\/recoveryseed.cz\/wp-content\/plugins\/elementor-pro\/assets\/css\/widget-woocommerce.min.css\"><div class=\"woocommerce columns-4\"><ul class=\"products elementor-grid columns-4\">\n<li class=\"desktop-align-center tablet-align-center mobile-align-center product type-product post-3070 status-publish first instock product_cat-recovery-seed-2-0 has-post-thumbnail featured taxable shipping-taxable purchasable product-type-simple\">\n\t<a href=\"https:\/\/recoveryseed.cz\/fr\/product\/recuperation-destination-des-semences\/\" class=\"woocommerce-LoopProduct-link woocommerce-loop-product__link\"><img fetchpriority=\"high\" decoding=\"async\" width=\"300\" height=\"300\" src=\"https:\/\/recoveryseed.cz\/wp-content\/uploads\/2021\/02\/desticka-recovery-seed-300x300.png\" class=\"attachment-woocommerce_thumbnail size-woocommerce_thumbnail\" alt=\"\" srcset=\"https:\/\/recoveryseed.cz\/wp-content\/uploads\/2021\/02\/desticka-recovery-seed-300x300.png 300w, https:\/\/recoveryseed.cz\/wp-content\/uploads\/2021\/02\/desticka-recovery-seed-150x150.png 150w, https:\/\/recoveryseed.cz\/wp-content\/uploads\/2021\/02\/desticka-recovery-seed-100x100.png 100w\" sizes=\"(max-width: 300px) 100vw, 300px\" \/><h2 class=\"woocommerce-loop-product__title\">Graine de r\u00e9cup\u00e9ration ONE<\/h2>\n\t<span class=\"price\"><span class=\"woocs_price_code\" data-currency=\"\" data-redraw-id=\"69ef7f74b8d2e\"  data-product-id=\"3070\"><span class=\"woocommerce-Price-amount amount\"><bdi>41&nbsp;<span class=\"woocommerce-Price-currencySymbol\">\u20ac<\/span><\/bdi><\/span> <small class=\"woocommerce-price-suffix\">(TVA incluse)<\/small><\/span><\/span>\n<\/a><a href=\"https:\/\/recoveryseed.cz\/fr\/product\/recuperation-destination-des-semences\/\" aria-describedby=\"woocommerce_loop_add_to_cart_link_describedby_3070\" data-quantity=\"1\" class=\"button product_type_simple add_to_cart_button\" data-product_id=\"3070\" data-product_sku=\"\" aria-label=\"Ajouter au panier : &quot;Recovery Seed ONE&quot;\" rel=\"nofollow\" data-no-translation-aria-label=\"\">Ajouter au panier<\/a><span id=\"woocommerce_loop_add_to_cart_link_describedby_3070\" class=\"screen-reader-text\">\n\t<\/span>\n<\/li>\n<li class=\"desktop-align-center tablet-align-center mobile-align-center product type-product post-3064 status-publish instock product_cat-recovery-seed-2-0 has-post-thumbnail featured taxable shipping-taxable purchasable product-type-simple\">\n\t<a href=\"https:\/\/recoveryseed.cz\/fr\/product\/recuperation-semence-standart\/\" class=\"woocommerce-LoopProduct-link woocommerce-loop-product__link\"><img decoding=\"async\" width=\"300\" height=\"300\" src=\"https:\/\/recoveryseed.cz\/wp-content\/uploads\/2021\/02\/deska-a-pero-300x300.png\" class=\"attachment-woocommerce_thumbnail size-woocommerce_thumbnail\" alt=\"\" srcset=\"https:\/\/recoveryseed.cz\/wp-content\/uploads\/2021\/02\/deska-a-pero-300x300.png 300w, https:\/\/recoveryseed.cz\/wp-content\/uploads\/2021\/02\/deska-a-pero-150x150.png 150w, https:\/\/recoveryseed.cz\/wp-content\/uploads\/2021\/02\/deska-a-pero-100x100.png 100w\" sizes=\"(max-width: 300px) 100vw, 300px\" \/><h2 class=\"woocommerce-loop-product__title\">Graine de r\u00e9cup\u00e9ration STANDARD<\/h2>\n\t<span class=\"price\"><span class=\"woocs_price_code\" data-currency=\"\" data-redraw-id=\"69ef7f74ba251\"  data-product-id=\"3064\"><span class=\"woocommerce-Price-amount amount\"><bdi>45&nbsp;<span class=\"woocommerce-Price-currencySymbol\">\u20ac<\/span><\/bdi><\/span> <small class=\"woocommerce-price-suffix\">(TVA incluse)<\/small><\/span><\/span>\n<\/a><a href=\"https:\/\/recoveryseed.cz\/fr\/product\/recuperation-semence-standart\/\" aria-describedby=\"woocommerce_loop_add_to_cart_link_describedby_3064\" data-quantity=\"1\" class=\"button product_type_simple add_to_cart_button\" data-product_id=\"3064\" data-product_sku=\"\" aria-label=\"Ajouter au panier : &quot;Recovery Seed STANDARD&quot;\" rel=\"nofollow\" data-no-translation-aria-label=\"\">Ajouter au panier<\/a><span id=\"woocommerce_loop_add_to_cart_link_describedby_3064\" class=\"screen-reader-text\">\n\t<\/span>\n<\/li>\n<li class=\"desktop-align-center tablet-align-center mobile-align-center product type-product post-3055 status-publish instock product_cat-recovery-seed-2-0 has-post-thumbnail featured taxable shipping-taxable purchasable product-type-simple\">\n\t<a href=\"https:\/\/recoveryseed.cz\/fr\/product\/recuperation-semence-a-deux-chiffres\/\" class=\"woocommerce-LoopProduct-link woocommerce-loop-product__link\"><img decoding=\"async\" width=\"300\" height=\"300\" src=\"https:\/\/recoveryseed.cz\/wp-content\/uploads\/2021\/02\/2-desticky-2.0-300x300.png\" class=\"attachment-woocommerce_thumbnail size-woocommerce_thumbnail\" alt=\"graine de r\u00e9cup\u00e9ration bitcoin\" srcset=\"https:\/\/recoveryseed.cz\/wp-content\/uploads\/2021\/02\/2-desticky-2.0-300x300.png 300w, https:\/\/recoveryseed.cz\/wp-content\/uploads\/2021\/02\/2-desticky-2.0-150x150.png 150w, https:\/\/recoveryseed.cz\/wp-content\/uploads\/2021\/02\/2-desticky-2.0-100x100.png 100w\" sizes=\"(max-width: 300px) 100vw, 300px\" \/><h2 class=\"woocommerce-loop-product__title\">Graine de r\u00e9cup\u00e9ration TWO<\/h2>\n\t<span class=\"price\"><span class=\"woocs_price_code\" data-currency=\"\" data-redraw-id=\"69ef7f74bb212\"  data-product-id=\"3055\"><span class=\"woocommerce-Price-amount amount\"><bdi>65&nbsp;<span class=\"woocommerce-Price-currencySymbol\">\u20ac<\/span><\/bdi><\/span> <small class=\"woocommerce-price-suffix\">(TVA incluse)<\/small><\/span><\/span>\n<\/a><a href=\"https:\/\/recoveryseed.cz\/fr\/product\/recuperation-semence-a-deux-chiffres\/\" aria-describedby=\"woocommerce_loop_add_to_cart_link_describedby_3055\" data-quantity=\"1\" class=\"button product_type_simple add_to_cart_button\" data-product_id=\"3055\" data-product_sku=\"\" aria-label=\"Ajouter au panier : &quot;Recovery Seed TWO&quot;\" rel=\"nofollow\" data-no-translation-aria-label=\"\">Ajouter au panier<\/a><span id=\"woocommerce_loop_add_to_cart_link_describedby_3055\" class=\"screen-reader-text\">\n\t<\/span>\n<\/li>\n<li class=\"desktop-align-center tablet-align-center mobile-align-center product type-product post-3061 status-publish last instock product_cat-recovery-seed-2-0 has-post-thumbnail featured taxable shipping-taxable purchasable product-type-simple\">\n\t<a href=\"https:\/\/recoveryseed.cz\/fr\/product\/recuperation-semence-double\/\" class=\"woocommerce-LoopProduct-link woocommerce-loop-product__link\"><img loading=\"lazy\" decoding=\"async\" width=\"300\" height=\"300\" src=\"https:\/\/recoveryseed.cz\/wp-content\/uploads\/2021\/02\/2-desky-a-pero-300x300.png\" class=\"attachment-woocommerce_thumbnail size-woocommerce_thumbnail\" alt=\"graines de r\u00e9cup\u00e9ration\" srcset=\"https:\/\/recoveryseed.cz\/wp-content\/uploads\/2021\/02\/2-desky-a-pero-300x300.png 300w, https:\/\/recoveryseed.cz\/wp-content\/uploads\/2021\/02\/2-desky-a-pero-150x150.png 150w, https:\/\/recoveryseed.cz\/wp-content\/uploads\/2021\/02\/2-desky-a-pero-100x100.png 100w\" sizes=\"(max-width: 300px) 100vw, 300px\" \/><h2 class=\"woocommerce-loop-product__title\">Graine de r\u00e9cup\u00e9ration DOUBLE<\/h2>\n\t<span class=\"price\"><span class=\"woocs_price_code\" data-currency=\"\" data-redraw-id=\"69ef7f74bc2ca\"  data-product-id=\"3061\"><span class=\"woocommerce-Price-amount amount\"><bdi>69&nbsp;<span class=\"woocommerce-Price-currencySymbol\">\u20ac<\/span><\/bdi><\/span> <small class=\"woocommerce-price-suffix\">(TVA incluse)<\/small><\/span><\/span>\n<\/a><a href=\"https:\/\/recoveryseed.cz\/fr\/product\/recuperation-semence-double\/\" aria-describedby=\"woocommerce_loop_add_to_cart_link_describedby_3061\" data-quantity=\"1\" class=\"button product_type_simple add_to_cart_button\" data-product_id=\"3061\" data-product_sku=\"\" aria-label=\"Ajouter au panier : &quot;Recovery Seed DOUBLE&quot;\" rel=\"nofollow\" data-no-translation-aria-label=\"\">Ajouter au panier<\/a><span id=\"woocommerce_loop_add_to_cart_link_describedby_3061\" class=\"screen-reader-text\">\n\t<\/span>\n<\/li>\n<li class=\"desktop-align-center tablet-align-center mobile-align-center product type-product post-2731 status-publish first instock product_cat-recovery-seed-2-0 has-post-thumbnail featured taxable shipping-taxable purchasable product-type-simple\">\n\t<a href=\"https:\/\/recoveryseed.cz\/fr\/product\/shamir-backup-recovery-seed-2\/\" class=\"woocommerce-LoopProduct-link woocommerce-loop-product__link\"><img loading=\"lazy\" decoding=\"async\" width=\"300\" height=\"300\" src=\"https:\/\/recoveryseed.cz\/wp-content\/uploads\/2021\/02\/shamir-recovery-seed-300x300.png\" class=\"attachment-woocommerce_thumbnail size-woocommerce_thumbnail\" alt=\"graine de r\u00e9cup\u00e9ration shamir backup\" srcset=\"https:\/\/recoveryseed.cz\/wp-content\/uploads\/2021\/02\/shamir-recovery-seed-300x300.png 300w, https:\/\/recoveryseed.cz\/wp-content\/uploads\/2021\/02\/shamir-recovery-seed-150x150.png 150w, https:\/\/recoveryseed.cz\/wp-content\/uploads\/2021\/02\/shamir-recovery-seed-100x100.png 100w\" sizes=\"(max-width: 300px) 100vw, 300px\" \/><h2 class=\"woocommerce-loop-product__title\">SHAMIR \u00c9DITION DE SAUVEGARDE<\/h2>\n\t<span class=\"price\"><span class=\"woocs_price_code\" data-currency=\"\" data-redraw-id=\"69ef7f74bd367\"  data-product-id=\"2731\"><span class=\"woocommerce-Price-amount amount\"><bdi>115&nbsp;<span class=\"woocommerce-Price-currencySymbol\">\u20ac<\/span><\/bdi><\/span> <small class=\"woocommerce-price-suffix\">(TVA incluse)<\/small><\/span><\/span>\n<\/a><a href=\"https:\/\/recoveryseed.cz\/fr\/product\/shamir-backup-recovery-seed-2\/\" aria-describedby=\"woocommerce_loop_add_to_cart_link_describedby_2731\" data-quantity=\"1\" class=\"button product_type_simple add_to_cart_button\" data-product_id=\"2731\" data-product_sku=\"\" aria-label=\"Ajouter au panier : &quot;SHAMIR BACKUP EDICE&quot;\" rel=\"nofollow\" data-no-translation-aria-label=\"\">Ajouter au panier<\/a><span id=\"woocommerce_loop_add_to_cart_link_describedby_2731\" class=\"screen-reader-text\">\n\t<\/span>\n<\/li>\n<\/ul>\n<\/div>\t\t<\/div>\n\t\t\t\t<\/div>\n\t\t\t\t\t<\/div>\n\t\t<\/div>\n\t\t\t\t\t<\/div>\n\t\t<\/section>\n\t\t\t\t<\/div>","protected":false},"excerpt":{"rendered":"<p>VERSION STANDARD<\/p>","protected":false},"author":1,"featured_media":0,"parent":0,"menu_order":0,"comment_status":"closed","ping_status":"closed","template":"","meta":{"site-sidebar-layout":"no-sidebar","site-content-layout":"page-builder","ast-site-content-layout":"","site-content-style":"default","site-sidebar-style":"default","ast-global-header-display":"","ast-banner-title-visibility":"","ast-main-header-display":"","ast-hfb-above-header-display":"","ast-hfb-below-header-display":"","ast-hfb-mobile-header-display":"","site-post-title":"disabled","ast-breadcrumbs-content":"","ast-featured-img":"disabled","footer-sml-layout":"","theme-transparent-header-meta":"default","adv-header-id-meta":"","stick-header-meta":"","header-above-stick-meta":"","header-main-stick-meta":"","header-below-stick-meta":"","astra-migrate-meta-layouts":"default","ast-page-background-enabled":"default","ast-page-background-meta":{"desktop":{"background-color":"","background-image":"","background-repeat":"repeat","background-position":"center center","background-size":"auto","background-attachment":"scroll","background-type":"","background-media":"","overlay-type":"","overlay-color":"","overlay-opacity":"","overlay-gradient":""},"tablet":{"background-color":"","background-image":"","background-repeat":"repeat","background-position":"center center","background-size":"auto","background-attachment":"scroll","background-type":"","background-media":"","overlay-type":"","overlay-color":"","overlay-opacity":"","overlay-gradient":""},"mobile":{"background-color":"","background-image":"","background-repeat":"repeat","background-position":"center center","background-size":"auto","background-attachment":"scroll","background-type":"","background-media":"","overlay-type":"","overlay-color":"","overlay-opacity":"","overlay-gradient":""}},"ast-content-background-meta":{"desktop":{"background-color":"var(--ast-global-color-5)","background-image":"","background-repeat":"repeat","background-position":"center center","background-size":"auto","background-attachment":"scroll","background-type":"","background-media":"","overlay-type":"","overlay-color":"","overlay-opacity":"","overlay-gradient":""},"tablet":{"background-color":"var(--ast-global-color-5)","background-image":"","background-repeat":"repeat","background-position":"center center","background-size":"auto","background-attachment":"scroll","background-type":"","background-media":"","overlay-type":"","overlay-color":"","overlay-opacity":"","overlay-gradient":""},"mobile":{"background-color":"var(--ast-global-color-5)","background-image":"","background-repeat":"repeat","background-position":"center center","background-size":"auto","background-attachment":"scroll","background-type":"","background-media":"","overlay-type":"","overlay-color":"","overlay-opacity":"","overlay-gradient":""}},"footnotes":""},"yoast_head":"<!-- This site is optimized with the Yoast SEO plugin v23.0 - https:\/\/yoast.com\/wordpress\/plugins\/seo\/ -->\n<title>Standard verze | recoveryseed.cz<\/title>\n<meta name=\"robots\" content=\"index, follow, max-snippet:-1, max-image-preview:large, max-video-preview:-1\" \/>\n<link rel=\"canonical\" href=\"https:\/\/recoveryseed.cz\/fr\/produits-standard\/\" \/>\n<meta property=\"og:locale\" content=\"fr_FR\" \/>\n<meta property=\"og:type\" content=\"article\" \/>\n<meta property=\"og:title\" content=\"Standard verze | recoveryseed.cz\" \/>\n<meta property=\"og:description\" content=\"VERZE STANDARD\" \/>\n<meta property=\"og:url\" content=\"https:\/\/recoveryseed.cz\/fr\/produits-standard\/\" \/>\n<meta property=\"og:site_name\" content=\"RecoverySeed.cz - Ulo\u017ete sv\u016fj crypto seed bezpe\u010dn\u011b!\" \/>\n<meta property=\"article:publisher\" content=\"https:\/\/www.facebook.com\/Recoveryseed.cz\" \/>\n<meta property=\"article:modified_time\" content=\"2024-11-28T08:31:13+00:00\" \/>\n<meta name=\"twitter:card\" content=\"summary_large_image\" \/>\n<meta name=\"twitter:label1\" content=\"Est. reading time\" \/>\n\t<meta name=\"twitter:data1\" content=\"2 minutes\" \/>\n<script type=\"application\/ld+json\" class=\"yoast-schema-graph\">{\"@context\":\"https:\/\/schema.org\",\"@graph\":[{\"@type\":\"WebPage\",\"@id\":\"https:\/\/recoveryseed.cz\/standart-produkty\/\",\"url\":\"https:\/\/recoveryseed.cz\/standart-produkty\/\",\"name\":\"Standard verze | recoveryseed.cz\",\"isPartOf\":{\"@id\":\"https:\/\/recoveryseed.cz\/en\/#website\"},\"datePublished\":\"2022-01-03T22:35:50+00:00\",\"dateModified\":\"2024-11-28T08:31:13+00:00\",\"breadcrumb\":{\"@id\":\"https:\/\/recoveryseed.cz\/standart-produkty\/#breadcrumb\"},\"inLanguage\":\"fr-FR\",\"potentialAction\":[{\"@type\":\"ReadAction\",\"target\":[\"https:\/\/recoveryseed.cz\/standart-produkty\/\"]}]},{\"@type\":\"BreadcrumbList\",\"@id\":\"https:\/\/recoveryseed.cz\/standart-produkty\/#breadcrumb\",\"itemListElement\":[{\"@type\":\"ListItem\",\"position\":1,\"name\":\"Dom\u016f\",\"item\":\"https:\/\/recoveryseed.cz\/\"},{\"@type\":\"ListItem\",\"position\":2,\"name\":\"Standard verze\"}]},{\"@type\":\"WebSite\",\"@id\":\"https:\/\/recoveryseed.cz\/en\/#website\",\"url\":\"https:\/\/recoveryseed.cz\/en\/\",\"name\":\"RecoverySeed.cz - Ulo\u017ete sv\u016fj crypto seed bezpe\u010dn\u011b!\",\"description\":\"\",\"publisher\":{\"@id\":\"https:\/\/recoveryseed.cz\/en\/#organization\"},\"potentialAction\":[{\"@type\":\"SearchAction\",\"target\":{\"@type\":\"EntryPoint\",\"urlTemplate\":\"https:\/\/recoveryseed.cz\/en\/?s={search_term_string}\"},\"query-input\":\"required name=search_term_string\"}],\"inLanguage\":\"fr-FR\"},{\"@type\":\"Organization\",\"@id\":\"https:\/\/recoveryseed.cz\/en\/#organization\",\"name\":\"Recovery Seed s.r.o.\",\"url\":\"https:\/\/recoveryseed.cz\/en\/\",\"logo\":{\"@type\":\"ImageObject\",\"inLanguage\":\"fr-FR\",\"@id\":\"https:\/\/recoveryseed.cz\/en\/#\/schema\/logo\/image\/\",\"url\":\"https:\/\/recoveryseed.cz\/wp-content\/uploads\/2020\/12\/cropped-CryptoSteel__2_-removebg-preview-e1607373653659.png\",\"contentUrl\":\"https:\/\/recoveryseed.cz\/wp-content\/uploads\/2020\/12\/cropped-CryptoSteel__2_-removebg-preview-e1607373653659.png\",\"width\":500,\"height\":88,\"caption\":\"Recovery Seed s.r.o.\"},\"image\":{\"@id\":\"https:\/\/recoveryseed.cz\/en\/#\/schema\/logo\/image\/\"},\"sameAs\":[\"https:\/\/www.facebook.com\/Recoveryseed.cz\",\"https:\/\/www.instagram.com\/recoveryseed.cz\/\"]}]}<\/script>\n<!-- \/ Yoast SEO plugin. -->","yoast_head_json":{"title":"Standard verze | recoveryseed.cz","robots":{"index":"index","follow":"follow","max-snippet":"max-snippet:-1","max-image-preview":"max-image-preview:large","max-video-preview":"max-video-preview:-1"},"canonical":"https:\/\/recoveryseed.cz\/fr\/produits-standard\/","og_locale":"fr_FR","og_type":"article","og_title":"Standard verze | recoveryseed.cz","og_description":"VERZE STANDARD","og_url":"https:\/\/recoveryseed.cz\/fr\/produits-standard\/","og_site_name":"RecoverySeed.cz - Ulo\u017ete sv\u016fj crypto seed bezpe\u010dn\u011b!","article_publisher":"https:\/\/www.facebook.com\/Recoveryseed.cz","article_modified_time":"2024-11-28T08:31:13+00:00","twitter_card":"summary_large_image","twitter_misc":{"Est. reading time":"2 minutes"},"schema":{"@context":"https:\/\/schema.org","@graph":[{"@type":"WebPage","@id":"https:\/\/recoveryseed.cz\/standart-produkty\/","url":"https:\/\/recoveryseed.cz\/standart-produkty\/","name":"Standard verze | recoveryseed.cz","isPartOf":{"@id":"https:\/\/recoveryseed.cz\/en\/#website"},"datePublished":"2022-01-03T22:35:50+00:00","dateModified":"2024-11-28T08:31:13+00:00","breadcrumb":{"@id":"https:\/\/recoveryseed.cz\/standart-produkty\/#breadcrumb"},"inLanguage":"fr-FR","potentialAction":[{"@type":"ReadAction","target":["https:\/\/recoveryseed.cz\/standart-produkty\/"]}]},{"@type":"BreadcrumbList","@id":"https:\/\/recoveryseed.cz\/standart-produkty\/#breadcrumb","itemListElement":[{"@type":"ListItem","position":1,"name":"Dom\u016f","item":"https:\/\/recoveryseed.cz\/"},{"@type":"ListItem","position":2,"name":"Standard verze"}]},{"@type":"WebSite","@id":"https:\/\/recoveryseed.cz\/en\/#website","url":"https:\/\/recoveryseed.cz\/en\/","name":"RecoverySeed.cz - Ulo\u017ete sv\u016fj crypto seed bezpe\u010dn\u011b!","description":"","publisher":{"@id":"https:\/\/recoveryseed.cz\/en\/#organization"},"potentialAction":[{"@type":"SearchAction","target":{"@type":"EntryPoint","urlTemplate":"https:\/\/recoveryseed.cz\/en\/?s={search_term_string}"},"query-input":"required name=search_term_string"}],"inLanguage":"fr-FR"},{"@type":"Organization","@id":"https:\/\/recoveryseed.cz\/en\/#organization","name":"Recovery Seed s.r.o.","url":"https:\/\/recoveryseed.cz\/en\/","logo":{"@type":"ImageObject","inLanguage":"fr-FR","@id":"https:\/\/recoveryseed.cz\/en\/#\/schema\/logo\/image\/","url":"https:\/\/recoveryseed.cz\/wp-content\/uploads\/2020\/12\/cropped-CryptoSteel__2_-removebg-preview-e1607373653659.png","contentUrl":"https:\/\/recoveryseed.cz\/wp-content\/uploads\/2020\/12\/cropped-CryptoSteel__2_-removebg-preview-e1607373653659.png","width":500,"height":88,"caption":"Recovery Seed s.r.o."},"image":{"@id":"https:\/\/recoveryseed.cz\/en\/#\/schema\/logo\/image\/"},"sameAs":["https:\/\/www.facebook.com\/Recoveryseed.cz","https:\/\/www.instagram.com\/recoveryseed.cz\/"]}]}},"_links":{"self":[{"href":"https:\/\/recoveryseed.cz\/fr\/wp-json\/wp\/v2\/pages\/4893"}],"collection":[{"href":"https:\/\/recoveryseed.cz\/fr\/wp-json\/wp\/v2\/pages"}],"about":[{"href":"https:\/\/recoveryseed.cz\/fr\/wp-json\/wp\/v2\/types\/page"}],"author":[{"embeddable":true,"href":"https:\/\/recoveryseed.cz\/fr\/wp-json\/wp\/v2\/users\/1"}],"replies":[{"embeddable":true,"href":"https:\/\/recoveryseed.cz\/fr\/wp-json\/wp\/v2\/comments?post=4893"}],"version-history":[{"count":3,"href":"https:\/\/recoveryseed.cz\/fr\/wp-json\/wp\/v2\/pages\/4893\/revisions"}],"predecessor-version":[{"id":6853,"href":"https:\/\/recoveryseed.cz\/fr\/wp-json\/wp\/v2\/pages\/4893\/revisions\/6853"}],"wp:attachment":[{"href":"https:\/\/recoveryseed.cz\/fr\/wp-json\/wp\/v2\/media?parent=4893"}],"curies":[{"name":"wp","href":"https:\/\/api.w.org\/{rel}","templated":true}]}}