{"id":4923,"date":"2022-01-03T22:48:15","date_gmt":"2022-01-03T22:48:15","guid":{"rendered":"https:\/\/recoveryseed.cz\/?post_type=product&#038;p=4923"},"modified":"2026-01-14T14:52:21","modified_gmt":"2026-01-14T14:52:21","slug":"grid-two","status":"publish","type":"product","link":"https:\/\/recoveryseed.cz\/fr\/product\/grille-deux\/","title":{"rendered":"GRILLE DEUX"},"content":{"rendered":"<p class=\" translation-block\">Les plaques Recoveryseed.cz sont fabriqu\u00e9es en <b>R\u00e9publique tch\u00e8que<\/b> \u00e0 partir d'un acier inoxydable miroir de la plus haute qualit\u00e9.<\/p>\n<p>Voir la version compl\u00e8te <strong>GRILLE DEUX<\/strong> Il contient deux plaques sans crayon \u00e0 graver ni auto-crayon, nous le recommandons donc par exemple comme extension de votre backup SHAMIR.<\/p>\n<p>Voir la version compl\u00e8te<b> GRILLE<\/b> La version GRID comporte une grille de 1 \u00e0 12 mots au recto et une autre de 12 \u00e0 24 mots au verso. Contrairement \u00e0 nos autres produits, elle ne comporte pas de texte suppl\u00e9mentaire ni de logo bitcoin, de sorte qu'il n'est pas \u00e9vident au premier coup d'\u0153il de savoir \u00e0 quoi sert la plaque.<\/p>\n<p class=\" translation-block\">Il s'agit d'un acier <span style=\"font-weight : 400\">1.4307<\/span> d'une \u00e9paisseur de 1,5 mm - il prot\u00e9gera vos semences contre <b>l'eau, le temps et la chaleur<\/b> - jusqu'\u00e0 1510\u00b0.<\/p>\n<p class=\" translation-block\"><span style=\"font-weight : 400\">Chaque plaque est pr\u00e9-imprim\u00e9e avec 24 champs pour stocker votre mot de passe d'acc\u00e8s<\/span><b>BIP39<\/b><span style=\"font-weight : 400\"> sous la forme de 12, 18 ou 24 mots de votre choix. Le mat\u00e9riau de la plaque est tr\u00e8s solide et presque indestructible. La surface miroir brillante assure une visibilit\u00e9 parfaite de vos mots grav\u00e9s.<\/span><\/p>\n<p>Cette version ne comprend pas de crayon \u00e0 graver ni de fossette automatique et n'est pas emball\u00e9e.<\/p>\n<p><em>AVIS IMPORTANT ! Aucun produit, que ce soit le n\u00f4tre ou celui d'une autre entreprise, ne garantira jamais une s\u00e9curit\u00e9 totale dans des situations telles qu'une combustion compl\u00e8te et la destruction d'un b\u00e2timent o\u00f9 se trouvent encore, de pr\u00e9f\u00e9rence, des produits chimiques. Si la plaque atteint une temp\u00e9rature de 1500\u00b0 et qu'un b\u00e2timent ou un toit tombe dessus, aucune solution sur le march\u00e9 ne pourra vous sauver de cette situation. Ce n'est toutefois pas le cas avec le SHAMIR BACKUP de TREZOR, qui vous permet de diviser le semoir en plusieurs endroits et d'emp\u00eacher la destruction de tout acc\u00e8s \u00e0 votre portefeuille.\u00a0<\/em><\/p>","protected":false},"excerpt":{"rendered":"<p><span style=\"font-weight: 400;\">Contenu de l'emballage :<\/span><\/p>\n<p><span style=\"font-weight: 400;\">1x plaque de semences de r\u00e9cup\u00e9ration en acier inoxydable miroir de premi\u00e8re qualit\u00e9<\/span><\/p>\n<p>1x chiffon de polissage<\/p>","protected":false},"featured_media":5675,"template":"","meta":{"site-sidebar-layout":"default","site-content-layout":"default","ast-site-content-layout":"","site-content-style":"default","site-sidebar-style":"default","ast-global-header-display":"","ast-banner-title-visibility":"","ast-main-header-display":"","ast-hfb-above-header-display":"","ast-hfb-below-header-display":"","ast-hfb-mobile-header-display":"","site-post-title":"","ast-breadcrumbs-content":"","ast-featured-img":"","footer-sml-layout":"","theme-transparent-header-meta":"default","adv-header-id-meta":"","stick-header-meta":"","header-above-stick-meta":"","header-main-stick-meta":"","header-below-stick-meta":"","astra-migrate-meta-layouts":"default","ast-page-background-enabled":"default","ast-page-background-meta":{"desktop":{"background-color":"","background-image":"","background-repeat":"repeat","background-position":"center center","background-size":"auto","background-attachment":"scroll","background-type":"","background-media":"","overlay-type":"","overlay-color":"","overlay-opacity":"","overlay-gradient":""},"tablet":{"background-color":"","background-image":"","background-repeat":"repeat","background-position":"center center","background-size":"auto","background-attachment":"scroll","background-type":"","background-media":"","overlay-type":"","overlay-color":"","overlay-opacity":"","overlay-gradient":""},"mobile":{"background-color":"","background-image":"","background-repeat":"repeat","background-position":"center center","background-size":"auto","background-attachment":"scroll","background-type":"","background-media":"","overlay-type":"","overlay-color":"","overlay-opacity":"","overlay-gradient":""}},"ast-content-background-meta":{"desktop":{"background-color":"var(--ast-global-color-5)","background-image":"","background-repeat":"repeat","background-position":"center center","background-size":"auto","background-attachment":"scroll","background-type":"","background-media":"","overlay-type":"","overlay-color":"","overlay-opacity":"","overlay-gradient":""},"tablet":{"background-color":"var(--ast-global-color-5)","background-image":"","background-repeat":"repeat","background-position":"center center","background-size":"auto","background-attachment":"scroll","background-type":"","background-media":"","overlay-type":"","overlay-color":"","overlay-opacity":"","overlay-gradient":""},"mobile":{"background-color":"var(--ast-global-color-5)","background-image":"","background-repeat":"repeat","background-position":"center center","background-size":"auto","background-attachment":"scroll","background-type":"","background-media":"","overlay-type":"","overlay-color":"","overlay-opacity":"","overlay-gradient":""}}},"product_cat":[62],"product_tag":[],"yoast_head":"<!-- This site is optimized with the Yoast SEO plugin v23.0 - https:\/\/yoast.com\/wordpress\/plugins\/seo\/ -->\n<title>Grid two | recoveryseed.cz<\/title>\n<meta name=\"description\" content=\"Balen\u00ed obsahuje dvakr\u00e1t recovery seed m\u0159\u00ed\u017eku z nerezov\u00e9 oceli pro uchov\u00e1n\u00ed va\u0161ich kryptom\u011bn. Zajist\u011bte jim bezpe\u010d\u00ed. | recoveryseed.cz\" \/>\n<meta name=\"robots\" content=\"index, follow, max-snippet:-1, max-image-preview:large, max-video-preview:-1\" \/>\n<link rel=\"canonical\" href=\"https:\/\/recoveryseed.cz\/fr\/product\/grille-deux\/\" \/>\n<meta property=\"og:locale\" content=\"fr_FR\" \/>\n<meta property=\"og:type\" content=\"article\" \/>\n<meta property=\"og:title\" content=\"Grid two | recoveryseed.cz\" \/>\n<meta property=\"og:description\" content=\"Balen\u00ed obsahuje dvakr\u00e1t recovery seed m\u0159\u00ed\u017eku z nerezov\u00e9 oceli pro uchov\u00e1n\u00ed va\u0161ich kryptom\u011bn. Zajist\u011bte jim bezpe\u010d\u00ed. | recoveryseed.cz\" \/>\n<meta property=\"og:url\" content=\"https:\/\/recoveryseed.cz\/fr\/product\/grille-deux\/\" \/>\n<meta property=\"og:site_name\" content=\"RecoverySeed.cz - Ulo\u017ete sv\u016fj crypto seed bezpe\u010dn\u011b!\" \/>\n<meta property=\"article:publisher\" content=\"https:\/\/www.facebook.com\/Recoveryseed.cz\" \/>\n<meta property=\"article:modified_time\" content=\"2026-01-14T14:52:21+00:00\" \/>\n<meta property=\"og:image\" content=\"https:\/\/recoveryseed.cz\/wp-content\/uploads\/2022\/01\/double-grid-punch.jpg\" \/>\n\t<meta property=\"og:image:width\" content=\"900\" \/>\n\t<meta property=\"og:image:height\" content=\"900\" \/>\n\t<meta property=\"og:image:type\" content=\"image\/jpeg\" \/>\n<meta name=\"twitter:card\" content=\"summary_large_image\" \/>\n<meta name=\"twitter:label1\" content=\"Est. reading time\" \/>\n\t<meta name=\"twitter:data1\" content=\"2 minutes\" \/>\n<script type=\"application\/ld+json\" class=\"yoast-schema-graph\">{\"@context\":\"https:\/\/schema.org\",\"@graph\":[{\"@type\":\"WebPage\",\"@id\":\"https:\/\/recoveryseed.cz\/produkt\/grid-two\/\",\"url\":\"https:\/\/recoveryseed.cz\/produkt\/grid-two\/\",\"name\":\"Grid two | recoveryseed.cz\",\"isPartOf\":{\"@id\":\"https:\/\/recoveryseed.cz\/en\/#website\"},\"primaryImageOfPage\":{\"@id\":\"https:\/\/recoveryseed.cz\/produkt\/grid-two\/#primaryimage\"},\"image\":{\"@id\":\"https:\/\/recoveryseed.cz\/produkt\/grid-two\/#primaryimage\"},\"thumbnailUrl\":\"https:\/\/recoveryseed.cz\/wp-content\/uploads\/2022\/01\/double-grid-punch.jpg\",\"datePublished\":\"2022-01-03T22:48:15+00:00\",\"dateModified\":\"2026-01-14T14:52:21+00:00\",\"description\":\"Balen\u00ed obsahuje dvakr\u00e1t recovery seed m\u0159\u00ed\u017eku z nerezov\u00e9 oceli pro uchov\u00e1n\u00ed va\u0161ich kryptom\u011bn. Zajist\u011bte jim bezpe\u010d\u00ed. | recoveryseed.cz\",\"breadcrumb\":{\"@id\":\"https:\/\/recoveryseed.cz\/produkt\/grid-two\/#breadcrumb\"},\"inLanguage\":\"fr-FR\",\"potentialAction\":[{\"@type\":\"ReadAction\",\"target\":[\"https:\/\/recoveryseed.cz\/produkt\/grid-two\/\"]}]},{\"@type\":\"ImageObject\",\"inLanguage\":\"fr-FR\",\"@id\":\"https:\/\/recoveryseed.cz\/produkt\/grid-two\/#primaryimage\",\"url\":\"https:\/\/recoveryseed.cz\/wp-content\/uploads\/2022\/01\/double-grid-punch.jpg\",\"contentUrl\":\"https:\/\/recoveryseed.cz\/wp-content\/uploads\/2022\/01\/double-grid-punch.jpg\",\"width\":900,\"height\":900},{\"@type\":\"BreadcrumbList\",\"@id\":\"https:\/\/recoveryseed.cz\/produkt\/grid-two\/#breadcrumb\",\"itemListElement\":[{\"@type\":\"ListItem\",\"position\":1,\"name\":\"Dom\u016f\",\"item\":\"https:\/\/recoveryseed.cz\/\"},{\"@type\":\"ListItem\",\"position\":2,\"name\":\"Obchod\",\"item\":\"https:\/\/recoveryseed.cz\/eshop-recovery-seed-metal-plate\/\"},{\"@type\":\"ListItem\",\"position\":3,\"name\":\"GRID TWO\"}]},{\"@type\":\"WebSite\",\"@id\":\"https:\/\/recoveryseed.cz\/en\/#website\",\"url\":\"https:\/\/recoveryseed.cz\/en\/\",\"name\":\"RecoverySeed.cz - Ulo\u017ete sv\u016fj crypto seed bezpe\u010dn\u011b!\",\"description\":\"\",\"publisher\":{\"@id\":\"https:\/\/recoveryseed.cz\/en\/#organization\"},\"potentialAction\":[{\"@type\":\"SearchAction\",\"target\":{\"@type\":\"EntryPoint\",\"urlTemplate\":\"https:\/\/recoveryseed.cz\/en\/?s={search_term_string}\"},\"query-input\":\"required name=search_term_string\"}],\"inLanguage\":\"fr-FR\"},{\"@type\":\"Organization\",\"@id\":\"https:\/\/recoveryseed.cz\/en\/#organization\",\"name\":\"Recovery Seed s.r.o.\",\"url\":\"https:\/\/recoveryseed.cz\/en\/\",\"logo\":{\"@type\":\"ImageObject\",\"inLanguage\":\"fr-FR\",\"@id\":\"https:\/\/recoveryseed.cz\/en\/#\/schema\/logo\/image\/\",\"url\":\"https:\/\/recoveryseed.cz\/wp-content\/uploads\/2020\/12\/cropped-CryptoSteel__2_-removebg-preview-e1607373653659.png\",\"contentUrl\":\"https:\/\/recoveryseed.cz\/wp-content\/uploads\/2020\/12\/cropped-CryptoSteel__2_-removebg-preview-e1607373653659.png\",\"width\":500,\"height\":88,\"caption\":\"Recovery Seed s.r.o.\"},\"image\":{\"@id\":\"https:\/\/recoveryseed.cz\/en\/#\/schema\/logo\/image\/\"},\"sameAs\":[\"https:\/\/www.facebook.com\/Recoveryseed.cz\",\"https:\/\/www.instagram.com\/recoveryseed.cz\/\"]}]}<\/script>\n<!-- \/ Yoast SEO plugin. -->","yoast_head_json":{"title":"Grid two | recoveryseed.cz","description":"Balen\u00ed obsahuje dvakr\u00e1t recovery seed m\u0159\u00ed\u017eku z nerezov\u00e9 oceli pro uchov\u00e1n\u00ed va\u0161ich kryptom\u011bn. Zajist\u011bte jim bezpe\u010d\u00ed. | recoveryseed.cz","robots":{"index":"index","follow":"follow","max-snippet":"max-snippet:-1","max-image-preview":"max-image-preview:large","max-video-preview":"max-video-preview:-1"},"canonical":"https:\/\/recoveryseed.cz\/fr\/product\/grille-deux\/","og_locale":"fr_FR","og_type":"article","og_title":"Grid two | recoveryseed.cz","og_description":"Balen\u00ed obsahuje dvakr\u00e1t recovery seed m\u0159\u00ed\u017eku z nerezov\u00e9 oceli pro uchov\u00e1n\u00ed va\u0161ich kryptom\u011bn. Zajist\u011bte jim bezpe\u010d\u00ed. | recoveryseed.cz","og_url":"https:\/\/recoveryseed.cz\/fr\/product\/grille-deux\/","og_site_name":"RecoverySeed.cz - Ulo\u017ete sv\u016fj crypto seed bezpe\u010dn\u011b!","article_publisher":"https:\/\/www.facebook.com\/Recoveryseed.cz","article_modified_time":"2026-01-14T14:52:21+00:00","og_image":[{"width":900,"height":900,"url":"https:\/\/recoveryseed.cz\/wp-content\/uploads\/2022\/01\/double-grid-punch.jpg","type":"image\/jpeg"}],"twitter_card":"summary_large_image","twitter_misc":{"Est. reading time":"2 minutes"},"schema":{"@context":"https:\/\/schema.org","@graph":[{"@type":"WebPage","@id":"https:\/\/recoveryseed.cz\/produkt\/grid-two\/","url":"https:\/\/recoveryseed.cz\/produkt\/grid-two\/","name":"Grid two | recoveryseed.cz","isPartOf":{"@id":"https:\/\/recoveryseed.cz\/en\/#website"},"primaryImageOfPage":{"@id":"https:\/\/recoveryseed.cz\/produkt\/grid-two\/#primaryimage"},"image":{"@id":"https:\/\/recoveryseed.cz\/produkt\/grid-two\/#primaryimage"},"thumbnailUrl":"https:\/\/recoveryseed.cz\/wp-content\/uploads\/2022\/01\/double-grid-punch.jpg","datePublished":"2022-01-03T22:48:15+00:00","dateModified":"2026-01-14T14:52:21+00:00","description":"Balen\u00ed obsahuje dvakr\u00e1t recovery seed m\u0159\u00ed\u017eku z nerezov\u00e9 oceli pro uchov\u00e1n\u00ed va\u0161ich kryptom\u011bn. Zajist\u011bte jim bezpe\u010d\u00ed. | recoveryseed.cz","breadcrumb":{"@id":"https:\/\/recoveryseed.cz\/produkt\/grid-two\/#breadcrumb"},"inLanguage":"fr-FR","potentialAction":[{"@type":"ReadAction","target":["https:\/\/recoveryseed.cz\/produkt\/grid-two\/"]}]},{"@type":"ImageObject","inLanguage":"fr-FR","@id":"https:\/\/recoveryseed.cz\/produkt\/grid-two\/#primaryimage","url":"https:\/\/recoveryseed.cz\/wp-content\/uploads\/2022\/01\/double-grid-punch.jpg","contentUrl":"https:\/\/recoveryseed.cz\/wp-content\/uploads\/2022\/01\/double-grid-punch.jpg","width":900,"height":900},{"@type":"BreadcrumbList","@id":"https:\/\/recoveryseed.cz\/produkt\/grid-two\/#breadcrumb","itemListElement":[{"@type":"ListItem","position":1,"name":"Dom\u016f","item":"https:\/\/recoveryseed.cz\/"},{"@type":"ListItem","position":2,"name":"Obchod","item":"https:\/\/recoveryseed.cz\/eshop-recovery-seed-metal-plate\/"},{"@type":"ListItem","position":3,"name":"GRID TWO"}]},{"@type":"WebSite","@id":"https:\/\/recoveryseed.cz\/en\/#website","url":"https:\/\/recoveryseed.cz\/en\/","name":"RecoverySeed.cz - Ulo\u017ete sv\u016fj crypto seed bezpe\u010dn\u011b!","description":"","publisher":{"@id":"https:\/\/recoveryseed.cz\/en\/#organization"},"potentialAction":[{"@type":"SearchAction","target":{"@type":"EntryPoint","urlTemplate":"https:\/\/recoveryseed.cz\/en\/?s={search_term_string}"},"query-input":"required name=search_term_string"}],"inLanguage":"fr-FR"},{"@type":"Organization","@id":"https:\/\/recoveryseed.cz\/en\/#organization","name":"Recovery Seed s.r.o.","url":"https:\/\/recoveryseed.cz\/en\/","logo":{"@type":"ImageObject","inLanguage":"fr-FR","@id":"https:\/\/recoveryseed.cz\/en\/#\/schema\/logo\/image\/","url":"https:\/\/recoveryseed.cz\/wp-content\/uploads\/2020\/12\/cropped-CryptoSteel__2_-removebg-preview-e1607373653659.png","contentUrl":"https:\/\/recoveryseed.cz\/wp-content\/uploads\/2020\/12\/cropped-CryptoSteel__2_-removebg-preview-e1607373653659.png","width":500,"height":88,"caption":"Recovery Seed s.r.o."},"image":{"@id":"https:\/\/recoveryseed.cz\/en\/#\/schema\/logo\/image\/"},"sameAs":["https:\/\/www.facebook.com\/Recoveryseed.cz","https:\/\/www.instagram.com\/recoveryseed.cz\/"]}]}},"_links":{"self":[{"href":"https:\/\/recoveryseed.cz\/fr\/wp-json\/wp\/v2\/product\/4923"}],"collection":[{"href":"https:\/\/recoveryseed.cz\/fr\/wp-json\/wp\/v2\/product"}],"about":[{"href":"https:\/\/recoveryseed.cz\/fr\/wp-json\/wp\/v2\/types\/product"}],"version-history":[{"count":1,"href":"https:\/\/recoveryseed.cz\/fr\/wp-json\/wp\/v2\/product\/4923\/revisions"}],"predecessor-version":[{"id":6816,"href":"https:\/\/recoveryseed.cz\/fr\/wp-json\/wp\/v2\/product\/4923\/revisions\/6816"}],"wp:featuredmedia":[{"embeddable":true,"href":"https:\/\/recoveryseed.cz\/fr\/wp-json\/wp\/v2\/media\/5675"}],"wp:attachment":[{"href":"https:\/\/recoveryseed.cz\/fr\/wp-json\/wp\/v2\/media?parent=4923"}],"wp:term":[{"taxonomy":"product_cat","embeddable":true,"href":"https:\/\/recoveryseed.cz\/fr\/wp-json\/wp\/v2\/product_cat?post=4923"},{"taxonomy":"product_tag","embeddable":true,"href":"https:\/\/recoveryseed.cz\/fr\/wp-json\/wp\/v2\/product_tag?post=4923"}],"curies":[{"name":"wp","href":"https:\/\/api.w.org\/{rel}","templated":true}]}}