{"id":5658,"date":"2022-10-19T07:58:55","date_gmt":"2022-10-19T07:58:55","guid":{"rendered":"https:\/\/recoveryseed.cz\/?post_type=product&#038;p=5658"},"modified":"2026-01-14T14:52:11","modified_gmt":"2026-01-14T14:52:11","slug":"grid-punch-shamir-backup","status":"publish","type":"product","link":"https:\/\/recoveryseed.cz\/fr\/product\/grille-punch-shamir-backup\/","title":{"rendered":"GRILLE PUNCH SHAMIR BACKUP"},"content":{"rendered":"<p class=\" translation-block\"><span style=\"font-size : 15px\">Les plaquesecoveryseed.cz sont fabriqu\u00e9es en <b>R\u00e9publique tch\u00e8que<\/b> \u00e0 partir d'acier inoxydable miroir de la plus haute qualit\u00e9.<\/span><\/p>\n<p>Voir la version compl\u00e8te <strong>GRILLE<\/strong>\u00a0<b>SHAMIR BACKUP <\/b>Contient <b>4<\/b> cette combinaison est recommand\u00e9e pour la solution Shamir propos\u00e9e par Trezor pour son coffre-fort mat\u00e9riel pour porte-monnaie mod\u00e8le T. Cette ultime sauvegarde de semences est l'une des plus s\u00fbres jamais r\u00e9alis\u00e9es !<\/p>\n<p>La version GRID comporte une grille de 1 \u00e0 12 mots au recto et une autre de 12 \u00e0 24 mots au verso. Contrairement \u00e0 nos autres produits, elle ne comporte pas de texte suppl\u00e9mentaire ni de logo bitcoin, de sorte qu'il n'est pas \u00e9vident au premier coup d'\u0153il de savoir \u00e0 quoi sert la plaque.<\/p>\n<p class=\" translation-block\">Il s'agit d'un acier <span style=\"font-weight : 400\">1.4307<\/span> d'une \u00e9paisseur de 1,5 mm - il prot\u00e9gera vos semences contre <b>l'eau, le temps et la chaleur<\/b> - jusqu'\u00e0 1510\u00b0.<\/p>\n<p><strong style=\"font-size: 15px;\">Si vous le souhaitez, vous pouvez ajouter d'autres pi\u00e8ces \u00e0 votre panier pour augmenter le nombre d'espaces de rangement possibles.<\/strong><\/p>\n<p>Pour la meilleure explication, nous citerons Mark Palatinus :<\/p>\n<blockquote><p>La pratique pr\u00e9c\u00e9dente, selon laquelle, en cas de perte ou d'oubli d'une cl\u00e9 de crypto-monnaie, il suffisait d'une seule phrase (la \"graine de r\u00e9cup\u00e9ration\") compos\u00e9e de mots dans un ordre pr\u00e9cis pour la r\u00e9cup\u00e9rer, est remplac\u00e9e par un syst\u00e8me plus sophistiqu\u00e9. Les utilisateurs peuvent d\u00e9sormais diviser une seule phrase de r\u00e9cup\u00e9ration en plusieurs. Les utilisateurs disposent d'outils de r\u00e9cup\u00e9ration virtuellement stock\u00e9s dans un seul endroit physique, g\u00e9n\u00e9ralement \u00e9crits sur du papier et cach\u00e9s dans un coffre-fort. D\u00e9sormais, ils peuvent diviser et distribuer leurs semences \u00e0 plusieurs endroits ou \u00e0 plusieurs personnes de confiance. Cela augmente consid\u00e9rablement la r\u00e9sistance au vol, \u00e0 la perte ou \u00e0 l'endommagement de la semence. L'impact de la division de la phrase est \u00e9galement notable gr\u00e2ce \u00e0 la sauvegarde Shamir en cas de proc\u00e9dure d'h\u00e9ritage - de sorte qu'une seule personne ne puisse pas r\u00e9cup\u00e9rer le portefeuille. En outre, les utilisateurs peuvent d\u00e9cider s'ils ont besoin de toutes les parties ou seulement de certaines d'entre elles pour restaurer l'acc\u00e8s. Gr\u00e2ce \u00e0 ces configurations uniques choisies par l'homme, votre portefeuille de crypto-monnaies peut d\u00e9sormais \u00eatre encore mieux prot\u00e9g\u00e9\", explique Marek Palatinus, alias Slush.<\/p><\/blockquote>\n<p class=\" translation-block\">Chaque plaque est pr\u00e9-imprim\u00e9e avec 24 champs pour stocker le mot de passe d'acc\u00e8s au <strong>BIP39<\/strong> sous la forme de 12, 18 ou 24 mots de votre choix. Le mat\u00e9riau de la plaque est tr\u00e8s solide et presque indestructible. La surface miroir brillante garantit une visibilit\u00e9 parfaite des mots grav\u00e9s.<\/p>\n<p class=\" translation-block\">Cette version est livr\u00e9e en standard dans une version <strong>cadeau<\/strong>.<\/p>\n<p><em>AVIS IMPORTANT ! Aucun produit, que ce soit le n\u00f4tre ou celui d'une autre entreprise, ne garantira jamais une s\u00e9curit\u00e9 totale dans des situations telles qu'une combustion compl\u00e8te et la destruction d'un b\u00e2timent o\u00f9 se trouvent encore, de pr\u00e9f\u00e9rence, des produits chimiques. Si la plaque atteint une temp\u00e9rature de 1500\u00b0 et qu'un b\u00e2timent ou un toit tombe dessus, aucune solution sur le march\u00e9 ne pourra vous sauver de cette situation. Ce n'est pas le cas avec le SHAMIR BACKUP de TREZOR, qui vous permet de diviser le semoir en plusieurs endroits et d'emp\u00eacher la destruction de tout acc\u00e8s \u00e0 votre portefeuille. Malheureusement, l'estampillage au marteau n'est pas toujours adapt\u00e9 \u00e0 un appartement ou \u00e0 une maison sans atelier.  Un poin\u00e7on automatique peut r\u00e9aliser un excellent marquage sur une plaque d'acier, voir nos tests et avis.<\/em><\/p>","protected":false},"excerpt":{"rendered":"<p>Contenu du paquet Shamir backup :<\/p>\n<p>4x plaque de semences de r\u00e9cup\u00e9ration en acier inoxydable miroir de premi\u00e8re qualit\u00e9<\/p>\n<p>1x poin\u00e7on automatique<\/p>\n<p>1x lingette de nettoyage<\/p>","protected":false},"featured_media":5664,"template":"","meta":{"site-sidebar-layout":"default","site-content-layout":"default","ast-site-content-layout":"","site-content-style":"default","site-sidebar-style":"default","ast-global-header-display":"","ast-banner-title-visibility":"","ast-main-header-display":"","ast-hfb-above-header-display":"","ast-hfb-below-header-display":"","ast-hfb-mobile-header-display":"","site-post-title":"","ast-breadcrumbs-content":"","ast-featured-img":"","footer-sml-layout":"","theme-transparent-header-meta":"default","adv-header-id-meta":"","stick-header-meta":"","header-above-stick-meta":"","header-main-stick-meta":"","header-below-stick-meta":"","astra-migrate-meta-layouts":"default","ast-page-background-enabled":"default","ast-page-background-meta":{"desktop":{"background-color":"","background-image":"","background-repeat":"repeat","background-position":"center center","background-size":"auto","background-attachment":"scroll","background-type":"","background-media":"","overlay-type":"","overlay-color":"","overlay-opacity":"","overlay-gradient":""},"tablet":{"background-color":"","background-image":"","background-repeat":"repeat","background-position":"center center","background-size":"auto","background-attachment":"scroll","background-type":"","background-media":"","overlay-type":"","overlay-color":"","overlay-opacity":"","overlay-gradient":""},"mobile":{"background-color":"","background-image":"","background-repeat":"repeat","background-position":"center center","background-size":"auto","background-attachment":"scroll","background-type":"","background-media":"","overlay-type":"","overlay-color":"","overlay-opacity":"","overlay-gradient":""}},"ast-content-background-meta":{"desktop":{"background-color":"var(--ast-global-color-5)","background-image":"","background-repeat":"repeat","background-position":"center center","background-size":"auto","background-attachment":"scroll","background-type":"","background-media":"","overlay-type":"","overlay-color":"","overlay-opacity":"","overlay-gradient":""},"tablet":{"background-color":"var(--ast-global-color-5)","background-image":"","background-repeat":"repeat","background-position":"center center","background-size":"auto","background-attachment":"scroll","background-type":"","background-media":"","overlay-type":"","overlay-color":"","overlay-opacity":"","overlay-gradient":""},"mobile":{"background-color":"var(--ast-global-color-5)","background-image":"","background-repeat":"repeat","background-position":"center center","background-size":"auto","background-attachment":"scroll","background-type":"","background-media":"","overlay-type":"","overlay-color":"","overlay-opacity":"","overlay-gradient":""}}},"product_cat":[62],"product_tag":[],"yoast_head":"<!-- This site is optimized with the Yoast SEO plugin v23.0 - https:\/\/yoast.com\/wordpress\/plugins\/seo\/ -->\n<title>Grid punch shamir backup | recoveryseed.cz<\/title>\n<meta name=\"description\" content=\"Balen\u00ed Shamir backup obsahuje 4 recovery seed m\u0159\u00ed\u017eky z pr\u00e9miov\u00e9 zrcadlov\u00e9 nerezov\u00e9 oceli. Prohl\u00e9dn\u011bte si na\u0161e produkty.\" \/>\n<meta name=\"robots\" content=\"index, follow, max-snippet:-1, max-image-preview:large, max-video-preview:-1\" \/>\n<link rel=\"canonical\" href=\"https:\/\/recoveryseed.cz\/fr\/product\/grille-punch-shamir-backup\/\" \/>\n<meta property=\"og:locale\" content=\"fr_FR\" \/>\n<meta property=\"og:type\" content=\"article\" \/>\n<meta property=\"og:title\" content=\"Grid punch shamir backup | recoveryseed.cz\" \/>\n<meta property=\"og:description\" content=\"Balen\u00ed Shamir backup obsahuje 4 recovery seed m\u0159\u00ed\u017eky z pr\u00e9miov\u00e9 zrcadlov\u00e9 nerezov\u00e9 oceli. Prohl\u00e9dn\u011bte si na\u0161e produkty.\" \/>\n<meta property=\"og:url\" content=\"https:\/\/recoveryseed.cz\/fr\/product\/grille-punch-shamir-backup\/\" \/>\n<meta property=\"og:site_name\" content=\"RecoverySeed.cz - Ulo\u017ete sv\u016fj crypto seed bezpe\u010dn\u011b!\" \/>\n<meta property=\"article:publisher\" content=\"https:\/\/www.facebook.com\/Recoveryseed.cz\" \/>\n<meta property=\"article:modified_time\" content=\"2026-01-14T14:52:11+00:00\" \/>\n<meta property=\"og:image\" content=\"https:\/\/recoveryseed.cz\/wp-content\/uploads\/2022\/10\/grid-shamir-punch-1.jpg\" \/>\n\t<meta property=\"og:image:width\" content=\"900\" \/>\n\t<meta property=\"og:image:height\" content=\"900\" \/>\n\t<meta property=\"og:image:type\" content=\"image\/jpeg\" \/>\n<meta name=\"twitter:card\" content=\"summary_large_image\" \/>\n<meta name=\"twitter:label1\" content=\"Est. reading time\" \/>\n\t<meta name=\"twitter:data1\" content=\"2 minutes\" \/>\n<script type=\"application\/ld+json\" class=\"yoast-schema-graph\">{\"@context\":\"https:\/\/schema.org\",\"@graph\":[{\"@type\":\"WebPage\",\"@id\":\"https:\/\/recoveryseed.cz\/produkt\/grid-punch-shamir-backup\/\",\"url\":\"https:\/\/recoveryseed.cz\/produkt\/grid-punch-shamir-backup\/\",\"name\":\"Grid punch shamir backup | recoveryseed.cz\",\"isPartOf\":{\"@id\":\"https:\/\/recoveryseed.cz\/en\/#website\"},\"primaryImageOfPage\":{\"@id\":\"https:\/\/recoveryseed.cz\/produkt\/grid-punch-shamir-backup\/#primaryimage\"},\"image\":{\"@id\":\"https:\/\/recoveryseed.cz\/produkt\/grid-punch-shamir-backup\/#primaryimage\"},\"thumbnailUrl\":\"https:\/\/recoveryseed.cz\/wp-content\/uploads\/2022\/10\/grid-shamir-punch-1.jpg\",\"datePublished\":\"2022-10-19T07:58:55+00:00\",\"dateModified\":\"2026-01-14T14:52:11+00:00\",\"description\":\"Balen\u00ed Shamir backup obsahuje 4 recovery seed m\u0159\u00ed\u017eky z pr\u00e9miov\u00e9 zrcadlov\u00e9 nerezov\u00e9 oceli. Prohl\u00e9dn\u011bte si na\u0161e produkty.\",\"breadcrumb\":{\"@id\":\"https:\/\/recoveryseed.cz\/produkt\/grid-punch-shamir-backup\/#breadcrumb\"},\"inLanguage\":\"fr-FR\",\"potentialAction\":[{\"@type\":\"ReadAction\",\"target\":[\"https:\/\/recoveryseed.cz\/produkt\/grid-punch-shamir-backup\/\"]}]},{\"@type\":\"ImageObject\",\"inLanguage\":\"fr-FR\",\"@id\":\"https:\/\/recoveryseed.cz\/produkt\/grid-punch-shamir-backup\/#primaryimage\",\"url\":\"https:\/\/recoveryseed.cz\/wp-content\/uploads\/2022\/10\/grid-shamir-punch-1.jpg\",\"contentUrl\":\"https:\/\/recoveryseed.cz\/wp-content\/uploads\/2022\/10\/grid-shamir-punch-1.jpg\",\"width\":900,\"height\":900},{\"@type\":\"BreadcrumbList\",\"@id\":\"https:\/\/recoveryseed.cz\/produkt\/grid-punch-shamir-backup\/#breadcrumb\",\"itemListElement\":[{\"@type\":\"ListItem\",\"position\":1,\"name\":\"Dom\u016f\",\"item\":\"https:\/\/recoveryseed.cz\/\"},{\"@type\":\"ListItem\",\"position\":2,\"name\":\"Obchod\",\"item\":\"https:\/\/recoveryseed.cz\/eshop-recovery-seed-metal-plate\/\"},{\"@type\":\"ListItem\",\"position\":3,\"name\":\"GRID PUNCH SHAMIR BACKUP\"}]},{\"@type\":\"WebSite\",\"@id\":\"https:\/\/recoveryseed.cz\/en\/#website\",\"url\":\"https:\/\/recoveryseed.cz\/en\/\",\"name\":\"RecoverySeed.cz - Ulo\u017ete sv\u016fj crypto seed bezpe\u010dn\u011b!\",\"description\":\"\",\"publisher\":{\"@id\":\"https:\/\/recoveryseed.cz\/en\/#organization\"},\"potentialAction\":[{\"@type\":\"SearchAction\",\"target\":{\"@type\":\"EntryPoint\",\"urlTemplate\":\"https:\/\/recoveryseed.cz\/en\/?s={search_term_string}\"},\"query-input\":\"required name=search_term_string\"}],\"inLanguage\":\"fr-FR\"},{\"@type\":\"Organization\",\"@id\":\"https:\/\/recoveryseed.cz\/en\/#organization\",\"name\":\"Recovery Seed s.r.o.\",\"url\":\"https:\/\/recoveryseed.cz\/en\/\",\"logo\":{\"@type\":\"ImageObject\",\"inLanguage\":\"fr-FR\",\"@id\":\"https:\/\/recoveryseed.cz\/en\/#\/schema\/logo\/image\/\",\"url\":\"https:\/\/recoveryseed.cz\/wp-content\/uploads\/2020\/12\/cropped-CryptoSteel__2_-removebg-preview-e1607373653659.png\",\"contentUrl\":\"https:\/\/recoveryseed.cz\/wp-content\/uploads\/2020\/12\/cropped-CryptoSteel__2_-removebg-preview-e1607373653659.png\",\"width\":500,\"height\":88,\"caption\":\"Recovery Seed s.r.o.\"},\"image\":{\"@id\":\"https:\/\/recoveryseed.cz\/en\/#\/schema\/logo\/image\/\"},\"sameAs\":[\"https:\/\/www.facebook.com\/Recoveryseed.cz\",\"https:\/\/www.instagram.com\/recoveryseed.cz\/\"]}]}<\/script>\n<!-- \/ Yoast SEO plugin. -->","yoast_head_json":{"title":"Grid punch shamir backup | recoveryseed.cz","description":"Balen\u00ed Shamir backup obsahuje 4 recovery seed m\u0159\u00ed\u017eky z pr\u00e9miov\u00e9 zrcadlov\u00e9 nerezov\u00e9 oceli. Prohl\u00e9dn\u011bte si na\u0161e produkty.","robots":{"index":"index","follow":"follow","max-snippet":"max-snippet:-1","max-image-preview":"max-image-preview:large","max-video-preview":"max-video-preview:-1"},"canonical":"https:\/\/recoveryseed.cz\/fr\/product\/grille-punch-shamir-backup\/","og_locale":"fr_FR","og_type":"article","og_title":"Grid punch shamir backup | recoveryseed.cz","og_description":"Balen\u00ed Shamir backup obsahuje 4 recovery seed m\u0159\u00ed\u017eky z pr\u00e9miov\u00e9 zrcadlov\u00e9 nerezov\u00e9 oceli. Prohl\u00e9dn\u011bte si na\u0161e produkty.","og_url":"https:\/\/recoveryseed.cz\/fr\/product\/grille-punch-shamir-backup\/","og_site_name":"RecoverySeed.cz - Ulo\u017ete sv\u016fj crypto seed bezpe\u010dn\u011b!","article_publisher":"https:\/\/www.facebook.com\/Recoveryseed.cz","article_modified_time":"2026-01-14T14:52:11+00:00","og_image":[{"width":900,"height":900,"url":"https:\/\/recoveryseed.cz\/wp-content\/uploads\/2022\/10\/grid-shamir-punch-1.jpg","type":"image\/jpeg"}],"twitter_card":"summary_large_image","twitter_misc":{"Est. reading time":"2 minutes"},"schema":{"@context":"https:\/\/schema.org","@graph":[{"@type":"WebPage","@id":"https:\/\/recoveryseed.cz\/produkt\/grid-punch-shamir-backup\/","url":"https:\/\/recoveryseed.cz\/produkt\/grid-punch-shamir-backup\/","name":"Grid punch shamir backup | recoveryseed.cz","isPartOf":{"@id":"https:\/\/recoveryseed.cz\/en\/#website"},"primaryImageOfPage":{"@id":"https:\/\/recoveryseed.cz\/produkt\/grid-punch-shamir-backup\/#primaryimage"},"image":{"@id":"https:\/\/recoveryseed.cz\/produkt\/grid-punch-shamir-backup\/#primaryimage"},"thumbnailUrl":"https:\/\/recoveryseed.cz\/wp-content\/uploads\/2022\/10\/grid-shamir-punch-1.jpg","datePublished":"2022-10-19T07:58:55+00:00","dateModified":"2026-01-14T14:52:11+00:00","description":"Balen\u00ed Shamir backup obsahuje 4 recovery seed m\u0159\u00ed\u017eky z pr\u00e9miov\u00e9 zrcadlov\u00e9 nerezov\u00e9 oceli. Prohl\u00e9dn\u011bte si na\u0161e produkty.","breadcrumb":{"@id":"https:\/\/recoveryseed.cz\/produkt\/grid-punch-shamir-backup\/#breadcrumb"},"inLanguage":"fr-FR","potentialAction":[{"@type":"ReadAction","target":["https:\/\/recoveryseed.cz\/produkt\/grid-punch-shamir-backup\/"]}]},{"@type":"ImageObject","inLanguage":"fr-FR","@id":"https:\/\/recoveryseed.cz\/produkt\/grid-punch-shamir-backup\/#primaryimage","url":"https:\/\/recoveryseed.cz\/wp-content\/uploads\/2022\/10\/grid-shamir-punch-1.jpg","contentUrl":"https:\/\/recoveryseed.cz\/wp-content\/uploads\/2022\/10\/grid-shamir-punch-1.jpg","width":900,"height":900},{"@type":"BreadcrumbList","@id":"https:\/\/recoveryseed.cz\/produkt\/grid-punch-shamir-backup\/#breadcrumb","itemListElement":[{"@type":"ListItem","position":1,"name":"Dom\u016f","item":"https:\/\/recoveryseed.cz\/"},{"@type":"ListItem","position":2,"name":"Obchod","item":"https:\/\/recoveryseed.cz\/eshop-recovery-seed-metal-plate\/"},{"@type":"ListItem","position":3,"name":"GRID PUNCH SHAMIR BACKUP"}]},{"@type":"WebSite","@id":"https:\/\/recoveryseed.cz\/en\/#website","url":"https:\/\/recoveryseed.cz\/en\/","name":"RecoverySeed.cz - Ulo\u017ete sv\u016fj crypto seed bezpe\u010dn\u011b!","description":"","publisher":{"@id":"https:\/\/recoveryseed.cz\/en\/#organization"},"potentialAction":[{"@type":"SearchAction","target":{"@type":"EntryPoint","urlTemplate":"https:\/\/recoveryseed.cz\/en\/?s={search_term_string}"},"query-input":"required name=search_term_string"}],"inLanguage":"fr-FR"},{"@type":"Organization","@id":"https:\/\/recoveryseed.cz\/en\/#organization","name":"Recovery Seed s.r.o.","url":"https:\/\/recoveryseed.cz\/en\/","logo":{"@type":"ImageObject","inLanguage":"fr-FR","@id":"https:\/\/recoveryseed.cz\/en\/#\/schema\/logo\/image\/","url":"https:\/\/recoveryseed.cz\/wp-content\/uploads\/2020\/12\/cropped-CryptoSteel__2_-removebg-preview-e1607373653659.png","contentUrl":"https:\/\/recoveryseed.cz\/wp-content\/uploads\/2020\/12\/cropped-CryptoSteel__2_-removebg-preview-e1607373653659.png","width":500,"height":88,"caption":"Recovery Seed s.r.o."},"image":{"@id":"https:\/\/recoveryseed.cz\/en\/#\/schema\/logo\/image\/"},"sameAs":["https:\/\/www.facebook.com\/Recoveryseed.cz","https:\/\/www.instagram.com\/recoveryseed.cz\/"]}]}},"_links":{"self":[{"href":"https:\/\/recoveryseed.cz\/fr\/wp-json\/wp\/v2\/product\/5658"}],"collection":[{"href":"https:\/\/recoveryseed.cz\/fr\/wp-json\/wp\/v2\/product"}],"about":[{"href":"https:\/\/recoveryseed.cz\/fr\/wp-json\/wp\/v2\/types\/product"}],"version-history":[{"count":1,"href":"https:\/\/recoveryseed.cz\/fr\/wp-json\/wp\/v2\/product\/5658\/revisions"}],"predecessor-version":[{"id":6814,"href":"https:\/\/recoveryseed.cz\/fr\/wp-json\/wp\/v2\/product\/5658\/revisions\/6814"}],"wp:featuredmedia":[{"embeddable":true,"href":"https:\/\/recoveryseed.cz\/fr\/wp-json\/wp\/v2\/media\/5664"}],"wp:attachment":[{"href":"https:\/\/recoveryseed.cz\/fr\/wp-json\/wp\/v2\/media?parent=5658"}],"wp:term":[{"taxonomy":"product_cat","embeddable":true,"href":"https:\/\/recoveryseed.cz\/fr\/wp-json\/wp\/v2\/product_cat?post=5658"},{"taxonomy":"product_tag","embeddable":true,"href":"https:\/\/recoveryseed.cz\/fr\/wp-json\/wp\/v2\/product_tag?post=5658"}],"curies":[{"name":"wp","href":"https:\/\/api.w.org\/{rel}","templated":true}]}}