{"id":5669,"date":"2022-10-19T08:28:26","date_gmt":"2022-10-19T08:28:26","guid":{"rendered":"https:\/\/recoveryseed.cz\/?post_type=product&#038;p=5669"},"modified":"2026-01-14T14:51:51","modified_gmt":"2026-01-14T14:51:51","slug":"grid-punch-standard","status":"publish","type":"product","link":"https:\/\/recoveryseed.cz\/fr\/product\/grille-punch-standard\/","title":{"rendered":"NORME DE PERFORATION DE LA GRILLE"},"content":{"rendered":"<p class=\" translation-block\">Les plaques Recoveryseed.cz sont fabriqu\u00e9es en <b>R\u00e9publique tch\u00e8que<\/b> \u00e0 partir d'un acier inoxydable miroir de la plus haute qualit\u00e9.<\/p>\n<p><b>GRID PUNCH<\/b><span style=\"font-weight: 400;\">\u00a0<\/span><b>STANDARD<\/b><span style=\"font-weight: 400;\">\u00a0contient une plaque, qui est utilis\u00e9e pour \u00e9crire une graine. Cela ajoutera un niveau de s\u00e9curit\u00e9 suppl\u00e9mentaire \u00e0 votre hardware wallet. Vous pouvez dormir tranquille en sachant que vous avez fait tout ce qu'il fallait pour garder vos crypto-monnaies en s\u00e9curit\u00e9.<\/span><\/p>\n<p><span style=\"font-weight: 400;\">Voir la version compl\u00e8te<\/span><b> GRILLE<\/b><span style=\"font-weight: 400;\"> La version GRID comporte une grille de 1 \u00e0 12 mots au recto et une autre de 12 \u00e0 24 mots au verso. Contrairement \u00e0 nos autres produits, elle ne comporte pas de texte suppl\u00e9mentaire ni de logo bitcoin, de sorte qu'il n'est pas \u00e9vident au premier coup d'\u0153il de savoir \u00e0 quoi sert la plaque.\u00a0<\/span><\/p>\n<p><span style=\"font-weight: 400;\">Le processus de r\u00e9daction d'une semence \u00e0 l'aide de l'auto-r\u00e9primande est tr\u00e8s simple. L'axe vertical repr\u00e9sente les lettres et l'axe horizontal leur ordre. Il est recommand\u00e9 de marquer les mots \u00e0 l'avance \u00e0 l'aide d'un marqueur, puis d'utiliser l'auto-punctuateur pour marquer de mani\u00e8re permanente les champs souhait\u00e9s. Il est recommand\u00e9 d'approfondir les lettres autant que possible. Seules les 4 premi\u00e8res lettres du mot doivent \u00eatre marqu\u00e9es.<\/span><\/p>\n<p class=\" translation-block\"><span style=\"font-weight : 400\">Il s'agit d'un acier 1.4307 d'une \u00e9paisseur de 1.5mm - vous pouvez donc facilement prot\u00e9ger vos semences contre <\/span><b>l'eau, le temps et la chaleur<\/b><span style=\"font-weight : 400\"> - jusqu'\u00e0 1510\u00b0. <\/span>.<\/p>\n<p class=\" translation-block\"><span style=\"font-size : 15px;font-weight : 400\">Chaque plaque est pr\u00e9-imprim\u00e9e avec 24 champs pour stocker le <span style=\"font-size : 15px;font-weight : bold\">mot de passe d'acc\u00e8s au BIP39<\/span> sous la forme de 12, 18 ou 24 mots de votre choix. Le mat\u00e9riau de la plaque est tr\u00e8s solide et presque indestructible. La surface miroir brillante assure une visibilit\u00e9 parfaite de vos mots grav\u00e9s. <\/span><\/p>\n<p><b>Machine \u00e0 bosseler automatique<\/b><span style=\"font-weight: 400;\"> n'est pas difficile \u00e0 utiliser.\u00a0<\/span><\/p>\n<p class=\" translation-block\">Cette version est livr\u00e9e en standard dans une version <strong>cadeau<\/strong>.<\/p>\n<p><em>AVIS IMPORTANT ! Aucun produit, que ce soit le n\u00f4tre ou celui d'une autre entreprise, ne garantira jamais une s\u00e9curit\u00e9 totale dans des situations telles qu'une combustion compl\u00e8te et la destruction d'un b\u00e2timent o\u00f9 se trouvent encore, de pr\u00e9f\u00e9rence, des produits chimiques. Si la plaque atteint une temp\u00e9rature de 1500\u00b0 et qu'un b\u00e2timent ou un toit tombe dessus, aucune solution sur le march\u00e9 ne pourra vous sauver de cette situation. Ce n'est pas le cas avec le SHAMIR BACKUP de TREZOR, qui vous permet de diviser le semoir en plusieurs endroits et d'emp\u00eacher la destruction de tout acc\u00e8s \u00e0 votre portefeuille. Malheureusement, l'estampage au marteau ne convient pas toujours dans un appartement ou une maison sans atelier.  Un poin\u00e7on automatique peut tr\u00e8s bien le remplacer et \u00e9crire une graine sur une plaque d'acier, voir nos tests et avis.<\/em><\/p>","protected":false},"excerpt":{"rendered":"<p><span style=\"font-weight: 400;\">Contenu de l'emballage :<\/span><\/p>\n<p><span style=\"font-weight: 400;\">1x plaque de semences de r\u00e9cup\u00e9ration en acier inoxydable miroir de premi\u00e8re qualit\u00e9<\/span><\/p>\n<p><span style=\"font-weight: 400;\">1x poin\u00e7on automatique<\/span><\/p>\n<p>1x chiffon de polissage<\/p>","protected":false},"featured_media":5670,"template":"","meta":{"site-sidebar-layout":"default","site-content-layout":"default","ast-site-content-layout":"default","site-content-style":"default","site-sidebar-style":"default","ast-global-header-display":"","ast-banner-title-visibility":"","ast-main-header-display":"","ast-hfb-above-header-display":"","ast-hfb-below-header-display":"","ast-hfb-mobile-header-display":"","site-post-title":"","ast-breadcrumbs-content":"","ast-featured-img":"","footer-sml-layout":"","theme-transparent-header-meta":"default","adv-header-id-meta":"","stick-header-meta":"","header-above-stick-meta":"","header-main-stick-meta":"","header-below-stick-meta":"","astra-migrate-meta-layouts":"set","ast-page-background-enabled":"default","ast-page-background-meta":{"desktop":{"background-color":"","background-image":"","background-repeat":"repeat","background-position":"center center","background-size":"auto","background-attachment":"scroll","background-type":"","background-media":"","overlay-type":"","overlay-color":"","overlay-opacity":"","overlay-gradient":""},"tablet":{"background-color":"","background-image":"","background-repeat":"repeat","background-position":"center center","background-size":"auto","background-attachment":"scroll","background-type":"","background-media":"","overlay-type":"","overlay-color":"","overlay-opacity":"","overlay-gradient":""},"mobile":{"background-color":"","background-image":"","background-repeat":"repeat","background-position":"center center","background-size":"auto","background-attachment":"scroll","background-type":"","background-media":"","overlay-type":"","overlay-color":"","overlay-opacity":"","overlay-gradient":""}},"ast-content-background-meta":{"desktop":{"background-color":"var(--ast-global-color-5)","background-image":"","background-repeat":"repeat","background-position":"center center","background-size":"auto","background-attachment":"scroll","background-type":"","background-media":"","overlay-type":"","overlay-color":"","overlay-opacity":"","overlay-gradient":""},"tablet":{"background-color":"var(--ast-global-color-5)","background-image":"","background-repeat":"repeat","background-position":"center center","background-size":"auto","background-attachment":"scroll","background-type":"","background-media":"","overlay-type":"","overlay-color":"","overlay-opacity":"","overlay-gradient":""},"mobile":{"background-color":"var(--ast-global-color-5)","background-image":"","background-repeat":"repeat","background-position":"center center","background-size":"auto","background-attachment":"scroll","background-type":"","background-media":"","overlay-type":"","overlay-color":"","overlay-opacity":"","overlay-gradient":""}}},"product_cat":[62],"product_tag":[],"yoast_head":"<!-- This site is optimized with the Yoast SEO plugin v23.0 - https:\/\/yoast.com\/wordpress\/plugins\/seo\/ -->\n<title>Grid punch standard | recoveryseed.cz<\/title>\n<meta name=\"description\" content=\"Grid punch standard je m\u0159\u00ed\u017ekovan\u00e1 desti\u010dka z pr\u00e9miov\u00e9 zrcadlov\u00e9 oceli, kter\u00e1 zajist\u00ed va\u0161im kryptom\u011bn\u00e1m bezpe\u010d\u00ed. Vyberte si tu svou.\" \/>\n<meta name=\"robots\" content=\"index, follow, max-snippet:-1, max-image-preview:large, max-video-preview:-1\" \/>\n<link rel=\"canonical\" href=\"https:\/\/recoveryseed.cz\/fr\/product\/grille-punch-standard\/\" \/>\n<meta property=\"og:locale\" content=\"fr_FR\" \/>\n<meta property=\"og:type\" content=\"article\" \/>\n<meta property=\"og:title\" content=\"Grid punch standard | recoveryseed.cz\" \/>\n<meta property=\"og:description\" content=\"Grid punch standard je m\u0159\u00ed\u017ekovan\u00e1 desti\u010dka z pr\u00e9miov\u00e9 zrcadlov\u00e9 oceli, kter\u00e1 zajist\u00ed va\u0161im kryptom\u011bn\u00e1m bezpe\u010d\u00ed. Vyberte si tu svou.\" \/>\n<meta property=\"og:url\" content=\"https:\/\/recoveryseed.cz\/fr\/product\/grille-punch-standard\/\" \/>\n<meta property=\"og:site_name\" content=\"RecoverySeed.cz - Ulo\u017ete sv\u016fj crypto seed bezpe\u010dn\u011b!\" \/>\n<meta property=\"article:publisher\" content=\"https:\/\/www.facebook.com\/Recoveryseed.cz\" \/>\n<meta property=\"article:modified_time\" content=\"2026-01-14T14:51:51+00:00\" \/>\n<meta property=\"og:image\" content=\"https:\/\/recoveryseed.cz\/wp-content\/uploads\/2022\/10\/Untitled-design.jpg\" \/>\n\t<meta property=\"og:image:width\" content=\"900\" \/>\n\t<meta property=\"og:image:height\" content=\"900\" \/>\n\t<meta property=\"og:image:type\" content=\"image\/jpeg\" \/>\n<meta name=\"twitter:card\" content=\"summary_large_image\" \/>\n<meta name=\"twitter:label1\" content=\"Est. reading time\" \/>\n\t<meta name=\"twitter:data1\" content=\"2 minutes\" \/>\n<script type=\"application\/ld+json\" class=\"yoast-schema-graph\">{\"@context\":\"https:\/\/schema.org\",\"@graph\":[{\"@type\":\"WebPage\",\"@id\":\"https:\/\/recoveryseed.cz\/produkt\/grid-punch-standard\/\",\"url\":\"https:\/\/recoveryseed.cz\/produkt\/grid-punch-standard\/\",\"name\":\"Grid punch standard | recoveryseed.cz\",\"isPartOf\":{\"@id\":\"https:\/\/recoveryseed.cz\/en\/#website\"},\"primaryImageOfPage\":{\"@id\":\"https:\/\/recoveryseed.cz\/produkt\/grid-punch-standard\/#primaryimage\"},\"image\":{\"@id\":\"https:\/\/recoveryseed.cz\/produkt\/grid-punch-standard\/#primaryimage\"},\"thumbnailUrl\":\"https:\/\/recoveryseed.cz\/wp-content\/uploads\/2022\/10\/Untitled-design.jpg\",\"datePublished\":\"2022-10-19T08:28:26+00:00\",\"dateModified\":\"2026-01-14T14:51:51+00:00\",\"description\":\"Grid punch standard je m\u0159\u00ed\u017ekovan\u00e1 desti\u010dka z pr\u00e9miov\u00e9 zrcadlov\u00e9 oceli, kter\u00e1 zajist\u00ed va\u0161im kryptom\u011bn\u00e1m bezpe\u010d\u00ed. Vyberte si tu svou.\",\"breadcrumb\":{\"@id\":\"https:\/\/recoveryseed.cz\/produkt\/grid-punch-standard\/#breadcrumb\"},\"inLanguage\":\"fr-FR\",\"potentialAction\":[{\"@type\":\"ReadAction\",\"target\":[\"https:\/\/recoveryseed.cz\/produkt\/grid-punch-standard\/\"]}]},{\"@type\":\"ImageObject\",\"inLanguage\":\"fr-FR\",\"@id\":\"https:\/\/recoveryseed.cz\/produkt\/grid-punch-standard\/#primaryimage\",\"url\":\"https:\/\/recoveryseed.cz\/wp-content\/uploads\/2022\/10\/Untitled-design.jpg\",\"contentUrl\":\"https:\/\/recoveryseed.cz\/wp-content\/uploads\/2022\/10\/Untitled-design.jpg\",\"width\":900,\"height\":900},{\"@type\":\"BreadcrumbList\",\"@id\":\"https:\/\/recoveryseed.cz\/produkt\/grid-punch-standard\/#breadcrumb\",\"itemListElement\":[{\"@type\":\"ListItem\",\"position\":1,\"name\":\"Dom\u016f\",\"item\":\"https:\/\/recoveryseed.cz\/\"},{\"@type\":\"ListItem\",\"position\":2,\"name\":\"Obchod\",\"item\":\"https:\/\/recoveryseed.cz\/eshop-recovery-seed-metal-plate\/\"},{\"@type\":\"ListItem\",\"position\":3,\"name\":\"GRID PUNCH STANDARD\"}]},{\"@type\":\"WebSite\",\"@id\":\"https:\/\/recoveryseed.cz\/en\/#website\",\"url\":\"https:\/\/recoveryseed.cz\/en\/\",\"name\":\"RecoverySeed.cz - Ulo\u017ete sv\u016fj crypto seed bezpe\u010dn\u011b!\",\"description\":\"\",\"publisher\":{\"@id\":\"https:\/\/recoveryseed.cz\/en\/#organization\"},\"potentialAction\":[{\"@type\":\"SearchAction\",\"target\":{\"@type\":\"EntryPoint\",\"urlTemplate\":\"https:\/\/recoveryseed.cz\/en\/?s={search_term_string}\"},\"query-input\":\"required name=search_term_string\"}],\"inLanguage\":\"fr-FR\"},{\"@type\":\"Organization\",\"@id\":\"https:\/\/recoveryseed.cz\/en\/#organization\",\"name\":\"Recovery Seed s.r.o.\",\"url\":\"https:\/\/recoveryseed.cz\/en\/\",\"logo\":{\"@type\":\"ImageObject\",\"inLanguage\":\"fr-FR\",\"@id\":\"https:\/\/recoveryseed.cz\/en\/#\/schema\/logo\/image\/\",\"url\":\"https:\/\/recoveryseed.cz\/wp-content\/uploads\/2020\/12\/cropped-CryptoSteel__2_-removebg-preview-e1607373653659.png\",\"contentUrl\":\"https:\/\/recoveryseed.cz\/wp-content\/uploads\/2020\/12\/cropped-CryptoSteel__2_-removebg-preview-e1607373653659.png\",\"width\":500,\"height\":88,\"caption\":\"Recovery Seed s.r.o.\"},\"image\":{\"@id\":\"https:\/\/recoveryseed.cz\/en\/#\/schema\/logo\/image\/\"},\"sameAs\":[\"https:\/\/www.facebook.com\/Recoveryseed.cz\",\"https:\/\/www.instagram.com\/recoveryseed.cz\/\"]}]}<\/script>\n<!-- \/ Yoast SEO plugin. -->","yoast_head_json":{"title":"Grid punch standard | recoveryseed.cz","description":"Grid punch standard je m\u0159\u00ed\u017ekovan\u00e1 desti\u010dka z pr\u00e9miov\u00e9 zrcadlov\u00e9 oceli, kter\u00e1 zajist\u00ed va\u0161im kryptom\u011bn\u00e1m bezpe\u010d\u00ed. Vyberte si tu svou.","robots":{"index":"index","follow":"follow","max-snippet":"max-snippet:-1","max-image-preview":"max-image-preview:large","max-video-preview":"max-video-preview:-1"},"canonical":"https:\/\/recoveryseed.cz\/fr\/product\/grille-punch-standard\/","og_locale":"fr_FR","og_type":"article","og_title":"Grid punch standard | recoveryseed.cz","og_description":"Grid punch standard je m\u0159\u00ed\u017ekovan\u00e1 desti\u010dka z pr\u00e9miov\u00e9 zrcadlov\u00e9 oceli, kter\u00e1 zajist\u00ed va\u0161im kryptom\u011bn\u00e1m bezpe\u010d\u00ed. Vyberte si tu svou.","og_url":"https:\/\/recoveryseed.cz\/fr\/product\/grille-punch-standard\/","og_site_name":"RecoverySeed.cz - Ulo\u017ete sv\u016fj crypto seed bezpe\u010dn\u011b!","article_publisher":"https:\/\/www.facebook.com\/Recoveryseed.cz","article_modified_time":"2026-01-14T14:51:51+00:00","og_image":[{"width":900,"height":900,"url":"https:\/\/recoveryseed.cz\/wp-content\/uploads\/2022\/10\/Untitled-design.jpg","type":"image\/jpeg"}],"twitter_card":"summary_large_image","twitter_misc":{"Est. reading time":"2 minutes"},"schema":{"@context":"https:\/\/schema.org","@graph":[{"@type":"WebPage","@id":"https:\/\/recoveryseed.cz\/produkt\/grid-punch-standard\/","url":"https:\/\/recoveryseed.cz\/produkt\/grid-punch-standard\/","name":"Grid punch standard | recoveryseed.cz","isPartOf":{"@id":"https:\/\/recoveryseed.cz\/en\/#website"},"primaryImageOfPage":{"@id":"https:\/\/recoveryseed.cz\/produkt\/grid-punch-standard\/#primaryimage"},"image":{"@id":"https:\/\/recoveryseed.cz\/produkt\/grid-punch-standard\/#primaryimage"},"thumbnailUrl":"https:\/\/recoveryseed.cz\/wp-content\/uploads\/2022\/10\/Untitled-design.jpg","datePublished":"2022-10-19T08:28:26+00:00","dateModified":"2026-01-14T14:51:51+00:00","description":"Grid punch standard je m\u0159\u00ed\u017ekovan\u00e1 desti\u010dka z pr\u00e9miov\u00e9 zrcadlov\u00e9 oceli, kter\u00e1 zajist\u00ed va\u0161im kryptom\u011bn\u00e1m bezpe\u010d\u00ed. Vyberte si tu svou.","breadcrumb":{"@id":"https:\/\/recoveryseed.cz\/produkt\/grid-punch-standard\/#breadcrumb"},"inLanguage":"fr-FR","potentialAction":[{"@type":"ReadAction","target":["https:\/\/recoveryseed.cz\/produkt\/grid-punch-standard\/"]}]},{"@type":"ImageObject","inLanguage":"fr-FR","@id":"https:\/\/recoveryseed.cz\/produkt\/grid-punch-standard\/#primaryimage","url":"https:\/\/recoveryseed.cz\/wp-content\/uploads\/2022\/10\/Untitled-design.jpg","contentUrl":"https:\/\/recoveryseed.cz\/wp-content\/uploads\/2022\/10\/Untitled-design.jpg","width":900,"height":900},{"@type":"BreadcrumbList","@id":"https:\/\/recoveryseed.cz\/produkt\/grid-punch-standard\/#breadcrumb","itemListElement":[{"@type":"ListItem","position":1,"name":"Dom\u016f","item":"https:\/\/recoveryseed.cz\/"},{"@type":"ListItem","position":2,"name":"Obchod","item":"https:\/\/recoveryseed.cz\/eshop-recovery-seed-metal-plate\/"},{"@type":"ListItem","position":3,"name":"GRID PUNCH STANDARD"}]},{"@type":"WebSite","@id":"https:\/\/recoveryseed.cz\/en\/#website","url":"https:\/\/recoveryseed.cz\/en\/","name":"RecoverySeed.cz - Ulo\u017ete sv\u016fj crypto seed bezpe\u010dn\u011b!","description":"","publisher":{"@id":"https:\/\/recoveryseed.cz\/en\/#organization"},"potentialAction":[{"@type":"SearchAction","target":{"@type":"EntryPoint","urlTemplate":"https:\/\/recoveryseed.cz\/en\/?s={search_term_string}"},"query-input":"required name=search_term_string"}],"inLanguage":"fr-FR"},{"@type":"Organization","@id":"https:\/\/recoveryseed.cz\/en\/#organization","name":"Recovery Seed s.r.o.","url":"https:\/\/recoveryseed.cz\/en\/","logo":{"@type":"ImageObject","inLanguage":"fr-FR","@id":"https:\/\/recoveryseed.cz\/en\/#\/schema\/logo\/image\/","url":"https:\/\/recoveryseed.cz\/wp-content\/uploads\/2020\/12\/cropped-CryptoSteel__2_-removebg-preview-e1607373653659.png","contentUrl":"https:\/\/recoveryseed.cz\/wp-content\/uploads\/2020\/12\/cropped-CryptoSteel__2_-removebg-preview-e1607373653659.png","width":500,"height":88,"caption":"Recovery Seed s.r.o."},"image":{"@id":"https:\/\/recoveryseed.cz\/en\/#\/schema\/logo\/image\/"},"sameAs":["https:\/\/www.facebook.com\/Recoveryseed.cz","https:\/\/www.instagram.com\/recoveryseed.cz\/"]}]}},"_links":{"self":[{"href":"https:\/\/recoveryseed.cz\/fr\/wp-json\/wp\/v2\/product\/5669"}],"collection":[{"href":"https:\/\/recoveryseed.cz\/fr\/wp-json\/wp\/v2\/product"}],"about":[{"href":"https:\/\/recoveryseed.cz\/fr\/wp-json\/wp\/v2\/types\/product"}],"version-history":[{"count":1,"href":"https:\/\/recoveryseed.cz\/fr\/wp-json\/wp\/v2\/product\/5669\/revisions"}],"predecessor-version":[{"id":6779,"href":"https:\/\/recoveryseed.cz\/fr\/wp-json\/wp\/v2\/product\/5669\/revisions\/6779"}],"wp:featuredmedia":[{"embeddable":true,"href":"https:\/\/recoveryseed.cz\/fr\/wp-json\/wp\/v2\/media\/5670"}],"wp:attachment":[{"href":"https:\/\/recoveryseed.cz\/fr\/wp-json\/wp\/v2\/media?parent=5669"}],"wp:term":[{"taxonomy":"product_cat","embeddable":true,"href":"https:\/\/recoveryseed.cz\/fr\/wp-json\/wp\/v2\/product_cat?post=5669"},{"taxonomy":"product_tag","embeddable":true,"href":"https:\/\/recoveryseed.cz\/fr\/wp-json\/wp\/v2\/product_tag?post=5669"}],"curies":[{"name":"wp","href":"https:\/\/api.w.org\/{rel}","templated":true}]}}