{"id":4886,"date":"2022-01-03T22:32:20","date_gmt":"2022-01-03T22:32:20","guid":{"rendered":"https:\/\/recoveryseed.cz\/?post_type=product&#038;p=4886"},"modified":"2023-03-12T09:17:46","modified_gmt":"2023-03-12T09:17:46","slug":"grid-double","status":"publish","type":"product","link":"https:\/\/recoveryseed.cz\/it\/product\/griglia-doppia\/","title":{"rendered":"GRIGLIA DOPPIA"},"content":{"rendered":"<p class=\" translation-block\">Le piastre di Recoveryseed.cz sono prodotte nella <b>Repubblica Ceca<\/b> con acciaio inossidabile a specchio della massima qualit\u00e0.<\/p>\n<p>Visualizza la versione completa<strong> GRIGLIA<\/strong> <b>DOPPIO\u00a0<\/b>Contiene\u00a0<b>2<\/b>\u00a0Questa combinazione \u00e8 consigliata se avete 2 portafogli e quindi avete bisogno di scrivere in modo affidabile 2 semi. Oppure se volete regalare alla vostra famiglia o ai vostri amici il nostro piatto di semi di recupero.<\/p>\n<p><span style=\"font-weight: 400;\">Visualizza la versione completa<\/span><b> GRIGLIA<\/b><span style=\"font-weight: 400;\"> A differenza di altri nostri prodotti, non presenta alcun testo aggiuntivo o logo bitcoin, per cui non \u00e8 evidente a prima vista a cosa serva la targhetta.\u00a0<\/span><\/p>\n<p><span style=\"font-weight: 400;\">Il processo di scrittura del seme con la matita per incisione \u00e8 molto semplice. L'asse verticale rappresenta le lettere e quello orizzontale il loro ordine. Si consiglia di segnare le parole in anticipo con un pennarello, quindi di utilizzare la matita per incisione per marcare in modo permanente i campi desiderati. Si consiglia di approfondire il pi\u00f9 possibile le lettere. Si consiglia di marcare solo le prime 4 lettere della parola.<\/span><\/p>\n<p class=\" translation-block\"><span style=\"font-weight: 400\">Si tratta di acciaio EN 10088-2 con uno spessore di 1,5 mm, in modo da proteggere facilmente le sementi dall'acqua, dal tempo e dal calore<\/b><span style=\"font-weight: 400\"> - fino a 1510\u00b0. <\/span><\/p>\n<p class=\" translation-block\"><span style=\"font-size: 15px;font-weight: 400\">Ogni targa \u00e8 prestampata con 24 campi per memorizzare la password di accesso <span style=\"font-size: 15px;font-weight: bold\">BIP39<\/span> sotto forma di 12, 18 o 24 parole del vostro seme. Il materiale della piastra \u00e8 molto resistente e quasi indistruttibile. La superficie lucida a specchio garantisce una visibilit\u00e0 perfetta delle parole incise. <\/span>.<\/p>\n<p><b>Matita per incisione<\/b><span style=\"font-weight: 400;\">\u00a0non \u00e8 difficile da usare. Non \u00e8 necessario accenderla dopo aver inserito le batterie AA. \u00c8 sufficiente tenere premuto il pulsante situato sulla parte anteriore della matita. La matita si avvia automaticamente e si pu\u00f2 incidere in modo facile e veloce. Batterie non incluse<\/span><\/p>\n<p class=\" translation-block\">Questa versione \u00e8 confezionata in versione <strong>regalo<\/strong> come standard.<\/p>","protected":false},"excerpt":{"rendered":"<p>Contenuto della confezione:<\/p>\n<p>2x piastra di recupero dei semi in acciaio inox a specchio di prima qualit\u00e0<\/p>\n<p>1x matita per incisione (batterie non incluse)<\/p>\n<p>1x panno di lucidatura<\/p>","protected":false},"featured_media":5686,"template":"","meta":{"site-sidebar-layout":"default","site-content-layout":"default","ast-site-content-layout":"","site-content-style":"default","site-sidebar-style":"default","ast-global-header-display":"","ast-banner-title-visibility":"","ast-main-header-display":"","ast-hfb-above-header-display":"","ast-hfb-below-header-display":"","ast-hfb-mobile-header-display":"","site-post-title":"","ast-breadcrumbs-content":"","ast-featured-img":"","footer-sml-layout":"","theme-transparent-header-meta":"default","adv-header-id-meta":"","stick-header-meta":"","header-above-stick-meta":"","header-main-stick-meta":"","header-below-stick-meta":"","astra-migrate-meta-layouts":"default","ast-page-background-enabled":"default","ast-page-background-meta":{"desktop":{"background-color":"","background-image":"","background-repeat":"repeat","background-position":"center center","background-size":"auto","background-attachment":"scroll","background-type":"","background-media":"","overlay-type":"","overlay-color":"","overlay-opacity":"","overlay-gradient":""},"tablet":{"background-color":"","background-image":"","background-repeat":"repeat","background-position":"center center","background-size":"auto","background-attachment":"scroll","background-type":"","background-media":"","overlay-type":"","overlay-color":"","overlay-opacity":"","overlay-gradient":""},"mobile":{"background-color":"","background-image":"","background-repeat":"repeat","background-position":"center center","background-size":"auto","background-attachment":"scroll","background-type":"","background-media":"","overlay-type":"","overlay-color":"","overlay-opacity":"","overlay-gradient":""}},"ast-content-background-meta":{"desktop":{"background-color":"var(--ast-global-color-5)","background-image":"","background-repeat":"repeat","background-position":"center center","background-size":"auto","background-attachment":"scroll","background-type":"","background-media":"","overlay-type":"","overlay-color":"","overlay-opacity":"","overlay-gradient":""},"tablet":{"background-color":"var(--ast-global-color-5)","background-image":"","background-repeat":"repeat","background-position":"center center","background-size":"auto","background-attachment":"scroll","background-type":"","background-media":"","overlay-type":"","overlay-color":"","overlay-opacity":"","overlay-gradient":""},"mobile":{"background-color":"var(--ast-global-color-5)","background-image":"","background-repeat":"repeat","background-position":"center center","background-size":"auto","background-attachment":"scroll","background-type":"","background-media":"","overlay-type":"","overlay-color":"","overlay-opacity":"","overlay-gradient":""}}},"product_cat":[62],"product_tag":[],"yoast_head":"<!-- This site is optimized with the Yoast SEO plugin v23.0 - https:\/\/yoast.com\/wordpress\/plugins\/seo\/ -->\n<title>Grid double | recoveryseed.cz<\/title>\n<meta name=\"description\" content=\"Balen\u00ed obsahuje dvakr\u00e1t m\u0159\u00ed\u017ekovanou desti\u010dku z pr\u00e9miov\u00e9 oceli pro bezpe\u010dn\u00e9 ulo\u017een\u00ed va\u0161ich kryptom\u011bn. Objednejte si ho je\u0161t\u011b dnes.\" \/>\n<meta name=\"robots\" content=\"index, follow, max-snippet:-1, max-image-preview:large, max-video-preview:-1\" \/>\n<link rel=\"canonical\" href=\"https:\/\/recoveryseed.cz\/it\/product\/griglia-doppia\/\" \/>\n<meta property=\"og:locale\" content=\"it_IT\" \/>\n<meta property=\"og:type\" content=\"article\" \/>\n<meta property=\"og:title\" content=\"Grid double | recoveryseed.cz\" \/>\n<meta property=\"og:description\" content=\"Balen\u00ed obsahuje dvakr\u00e1t m\u0159\u00ed\u017ekovanou desti\u010dku z pr\u00e9miov\u00e9 oceli pro bezpe\u010dn\u00e9 ulo\u017een\u00ed va\u0161ich kryptom\u011bn. Objednejte si ho je\u0161t\u011b dnes.\" \/>\n<meta property=\"og:url\" content=\"https:\/\/recoveryseed.cz\/it\/product\/griglia-doppia\/\" \/>\n<meta property=\"og:site_name\" content=\"RecoverySeed.cz - Ulo\u017ete sv\u016fj crypto seed bezpe\u010dn\u011b!\" \/>\n<meta property=\"article:publisher\" content=\"https:\/\/www.facebook.com\/Recoveryseed.cz\" \/>\n<meta property=\"article:modified_time\" content=\"2023-03-12T09:17:46+00:00\" \/>\n<meta property=\"og:image\" content=\"https:\/\/recoveryseed.cz\/wp-content\/uploads\/2022\/01\/grid-double-standard-1.jpg\" \/>\n\t<meta property=\"og:image:width\" content=\"900\" \/>\n\t<meta property=\"og:image:height\" content=\"900\" \/>\n\t<meta property=\"og:image:type\" content=\"image\/jpeg\" \/>\n<meta name=\"twitter:card\" content=\"summary_large_image\" \/>\n<meta name=\"twitter:label1\" content=\"Est. reading time\" \/>\n\t<meta name=\"twitter:data1\" content=\"2 minuti\" \/>\n<script type=\"application\/ld+json\" class=\"yoast-schema-graph\">{\"@context\":\"https:\/\/schema.org\",\"@graph\":[{\"@type\":\"WebPage\",\"@id\":\"https:\/\/recoveryseed.cz\/produkt\/grid-double\/\",\"url\":\"https:\/\/recoveryseed.cz\/produkt\/grid-double\/\",\"name\":\"Grid double | recoveryseed.cz\",\"isPartOf\":{\"@id\":\"https:\/\/recoveryseed.cz\/en\/#website\"},\"primaryImageOfPage\":{\"@id\":\"https:\/\/recoveryseed.cz\/produkt\/grid-double\/#primaryimage\"},\"image\":{\"@id\":\"https:\/\/recoveryseed.cz\/produkt\/grid-double\/#primaryimage\"},\"thumbnailUrl\":\"https:\/\/recoveryseed.cz\/wp-content\/uploads\/2022\/01\/grid-double-standard-1.jpg\",\"datePublished\":\"2022-01-03T22:32:20+00:00\",\"dateModified\":\"2023-03-12T09:17:46+00:00\",\"description\":\"Balen\u00ed obsahuje dvakr\u00e1t m\u0159\u00ed\u017ekovanou desti\u010dku z pr\u00e9miov\u00e9 oceli pro bezpe\u010dn\u00e9 ulo\u017een\u00ed va\u0161ich kryptom\u011bn. Objednejte si ho je\u0161t\u011b dnes.\",\"breadcrumb\":{\"@id\":\"https:\/\/recoveryseed.cz\/produkt\/grid-double\/#breadcrumb\"},\"inLanguage\":\"it-IT\",\"potentialAction\":[{\"@type\":\"ReadAction\",\"target\":[\"https:\/\/recoveryseed.cz\/produkt\/grid-double\/\"]}]},{\"@type\":\"ImageObject\",\"inLanguage\":\"it-IT\",\"@id\":\"https:\/\/recoveryseed.cz\/produkt\/grid-double\/#primaryimage\",\"url\":\"https:\/\/recoveryseed.cz\/wp-content\/uploads\/2022\/01\/grid-double-standard-1.jpg\",\"contentUrl\":\"https:\/\/recoveryseed.cz\/wp-content\/uploads\/2022\/01\/grid-double-standard-1.jpg\",\"width\":900,\"height\":900},{\"@type\":\"BreadcrumbList\",\"@id\":\"https:\/\/recoveryseed.cz\/produkt\/grid-double\/#breadcrumb\",\"itemListElement\":[{\"@type\":\"ListItem\",\"position\":1,\"name\":\"Dom\u016f\",\"item\":\"https:\/\/recoveryseed.cz\/\"},{\"@type\":\"ListItem\",\"position\":2,\"name\":\"Obchod\",\"item\":\"https:\/\/recoveryseed.cz\/eshop-recovery-seed-metal-plate\/\"},{\"@type\":\"ListItem\",\"position\":3,\"name\":\"GRID DOUBLE\"}]},{\"@type\":\"WebSite\",\"@id\":\"https:\/\/recoveryseed.cz\/en\/#website\",\"url\":\"https:\/\/recoveryseed.cz\/en\/\",\"name\":\"RecoverySeed.cz - Ulo\u017ete sv\u016fj crypto seed bezpe\u010dn\u011b!\",\"description\":\"\",\"publisher\":{\"@id\":\"https:\/\/recoveryseed.cz\/en\/#organization\"},\"potentialAction\":[{\"@type\":\"SearchAction\",\"target\":{\"@type\":\"EntryPoint\",\"urlTemplate\":\"https:\/\/recoveryseed.cz\/en\/?s={search_term_string}\"},\"query-input\":\"required name=search_term_string\"}],\"inLanguage\":\"it-IT\"},{\"@type\":\"Organization\",\"@id\":\"https:\/\/recoveryseed.cz\/en\/#organization\",\"name\":\"Recovery Seed s.r.o.\",\"url\":\"https:\/\/recoveryseed.cz\/en\/\",\"logo\":{\"@type\":\"ImageObject\",\"inLanguage\":\"it-IT\",\"@id\":\"https:\/\/recoveryseed.cz\/en\/#\/schema\/logo\/image\/\",\"url\":\"https:\/\/recoveryseed.cz\/wp-content\/uploads\/2020\/12\/cropped-CryptoSteel__2_-removebg-preview-e1607373653659.png\",\"contentUrl\":\"https:\/\/recoveryseed.cz\/wp-content\/uploads\/2020\/12\/cropped-CryptoSteel__2_-removebg-preview-e1607373653659.png\",\"width\":500,\"height\":88,\"caption\":\"Recovery Seed s.r.o.\"},\"image\":{\"@id\":\"https:\/\/recoveryseed.cz\/en\/#\/schema\/logo\/image\/\"},\"sameAs\":[\"https:\/\/www.facebook.com\/Recoveryseed.cz\",\"https:\/\/www.instagram.com\/recoveryseed.cz\/\"]}]}<\/script>\n<!-- \/ Yoast SEO plugin. -->","yoast_head_json":{"title":"Grid double | recoveryseed.cz","description":"Balen\u00ed obsahuje dvakr\u00e1t m\u0159\u00ed\u017ekovanou desti\u010dku z pr\u00e9miov\u00e9 oceli pro bezpe\u010dn\u00e9 ulo\u017een\u00ed va\u0161ich kryptom\u011bn. Objednejte si ho je\u0161t\u011b dnes.","robots":{"index":"index","follow":"follow","max-snippet":"max-snippet:-1","max-image-preview":"max-image-preview:large","max-video-preview":"max-video-preview:-1"},"canonical":"https:\/\/recoveryseed.cz\/it\/product\/griglia-doppia\/","og_locale":"it_IT","og_type":"article","og_title":"Grid double | recoveryseed.cz","og_description":"Balen\u00ed obsahuje dvakr\u00e1t m\u0159\u00ed\u017ekovanou desti\u010dku z pr\u00e9miov\u00e9 oceli pro bezpe\u010dn\u00e9 ulo\u017een\u00ed va\u0161ich kryptom\u011bn. Objednejte si ho je\u0161t\u011b dnes.","og_url":"https:\/\/recoveryseed.cz\/it\/product\/griglia-doppia\/","og_site_name":"RecoverySeed.cz - Ulo\u017ete sv\u016fj crypto seed bezpe\u010dn\u011b!","article_publisher":"https:\/\/www.facebook.com\/Recoveryseed.cz","article_modified_time":"2023-03-12T09:17:46+00:00","og_image":[{"width":900,"height":900,"url":"https:\/\/recoveryseed.cz\/wp-content\/uploads\/2022\/01\/grid-double-standard-1.jpg","type":"image\/jpeg"}],"twitter_card":"summary_large_image","twitter_misc":{"Est. reading time":"2 minuti"},"schema":{"@context":"https:\/\/schema.org","@graph":[{"@type":"WebPage","@id":"https:\/\/recoveryseed.cz\/produkt\/grid-double\/","url":"https:\/\/recoveryseed.cz\/produkt\/grid-double\/","name":"Grid double | recoveryseed.cz","isPartOf":{"@id":"https:\/\/recoveryseed.cz\/en\/#website"},"primaryImageOfPage":{"@id":"https:\/\/recoveryseed.cz\/produkt\/grid-double\/#primaryimage"},"image":{"@id":"https:\/\/recoveryseed.cz\/produkt\/grid-double\/#primaryimage"},"thumbnailUrl":"https:\/\/recoveryseed.cz\/wp-content\/uploads\/2022\/01\/grid-double-standard-1.jpg","datePublished":"2022-01-03T22:32:20+00:00","dateModified":"2023-03-12T09:17:46+00:00","description":"Balen\u00ed obsahuje dvakr\u00e1t m\u0159\u00ed\u017ekovanou desti\u010dku z pr\u00e9miov\u00e9 oceli pro bezpe\u010dn\u00e9 ulo\u017een\u00ed va\u0161ich kryptom\u011bn. Objednejte si ho je\u0161t\u011b dnes.","breadcrumb":{"@id":"https:\/\/recoveryseed.cz\/produkt\/grid-double\/#breadcrumb"},"inLanguage":"it-IT","potentialAction":[{"@type":"ReadAction","target":["https:\/\/recoveryseed.cz\/produkt\/grid-double\/"]}]},{"@type":"ImageObject","inLanguage":"it-IT","@id":"https:\/\/recoveryseed.cz\/produkt\/grid-double\/#primaryimage","url":"https:\/\/recoveryseed.cz\/wp-content\/uploads\/2022\/01\/grid-double-standard-1.jpg","contentUrl":"https:\/\/recoveryseed.cz\/wp-content\/uploads\/2022\/01\/grid-double-standard-1.jpg","width":900,"height":900},{"@type":"BreadcrumbList","@id":"https:\/\/recoveryseed.cz\/produkt\/grid-double\/#breadcrumb","itemListElement":[{"@type":"ListItem","position":1,"name":"Dom\u016f","item":"https:\/\/recoveryseed.cz\/"},{"@type":"ListItem","position":2,"name":"Obchod","item":"https:\/\/recoveryseed.cz\/eshop-recovery-seed-metal-plate\/"},{"@type":"ListItem","position":3,"name":"GRID DOUBLE"}]},{"@type":"WebSite","@id":"https:\/\/recoveryseed.cz\/en\/#website","url":"https:\/\/recoveryseed.cz\/en\/","name":"RecoverySeed.cz - Ulo\u017ete sv\u016fj crypto seed bezpe\u010dn\u011b!","description":"","publisher":{"@id":"https:\/\/recoveryseed.cz\/en\/#organization"},"potentialAction":[{"@type":"SearchAction","target":{"@type":"EntryPoint","urlTemplate":"https:\/\/recoveryseed.cz\/en\/?s={search_term_string}"},"query-input":"required name=search_term_string"}],"inLanguage":"it-IT"},{"@type":"Organization","@id":"https:\/\/recoveryseed.cz\/en\/#organization","name":"Recovery Seed s.r.o.","url":"https:\/\/recoveryseed.cz\/en\/","logo":{"@type":"ImageObject","inLanguage":"it-IT","@id":"https:\/\/recoveryseed.cz\/en\/#\/schema\/logo\/image\/","url":"https:\/\/recoveryseed.cz\/wp-content\/uploads\/2020\/12\/cropped-CryptoSteel__2_-removebg-preview-e1607373653659.png","contentUrl":"https:\/\/recoveryseed.cz\/wp-content\/uploads\/2020\/12\/cropped-CryptoSteel__2_-removebg-preview-e1607373653659.png","width":500,"height":88,"caption":"Recovery Seed s.r.o."},"image":{"@id":"https:\/\/recoveryseed.cz\/en\/#\/schema\/logo\/image\/"},"sameAs":["https:\/\/www.facebook.com\/Recoveryseed.cz","https:\/\/www.instagram.com\/recoveryseed.cz\/"]}]}},"_links":{"self":[{"href":"https:\/\/recoveryseed.cz\/it\/wp-json\/wp\/v2\/product\/4886"}],"collection":[{"href":"https:\/\/recoveryseed.cz\/it\/wp-json\/wp\/v2\/product"}],"about":[{"href":"https:\/\/recoveryseed.cz\/it\/wp-json\/wp\/v2\/types\/product"}],"version-history":[{"count":0,"href":"https:\/\/recoveryseed.cz\/it\/wp-json\/wp\/v2\/product\/4886\/revisions"}],"wp:featuredmedia":[{"embeddable":true,"href":"https:\/\/recoveryseed.cz\/it\/wp-json\/wp\/v2\/media\/5686"}],"wp:attachment":[{"href":"https:\/\/recoveryseed.cz\/it\/wp-json\/wp\/v2\/media?parent=4886"}],"wp:term":[{"taxonomy":"product_cat","embeddable":true,"href":"https:\/\/recoveryseed.cz\/it\/wp-json\/wp\/v2\/product_cat?post=4886"},{"taxonomy":"product_tag","embeddable":true,"href":"https:\/\/recoveryseed.cz\/it\/wp-json\/wp\/v2\/product_tag?post=4886"}],"curies":[{"name":"wp","href":"https:\/\/api.w.org\/{rel}","templated":true}]}}