{"id":5658,"date":"2022-10-19T07:58:55","date_gmt":"2022-10-19T07:58:55","guid":{"rendered":"https:\/\/recoveryseed.cz\/?post_type=product&#038;p=5658"},"modified":"2026-01-14T14:52:11","modified_gmt":"2026-01-14T14:52:11","slug":"grid-punch-shamir-backup","status":"publish","type":"product","link":"https:\/\/recoveryseed.cz\/it\/product\/griglia-punch-shamir-backup\/","title":{"rendered":"GRIGLIA DI PUNZONATURA SHAMIR BACKUP"},"content":{"rendered":"<p class=\" translation-block\"><span style=\"font-size: 15px\">Le piastre di Recoveryseed.cz sono prodotte nella <b>Repubblica Ceca<\/b> con acciaio inossidabile a specchio della massima qualit\u00e0.<\/span><\/p>\n<p>Visualizza la versione completa <strong>GRIGLIA<\/strong>\u00a0<b>SHAMIR BACKUP <\/b>Contiene <b>4<\/b> Questa combinazione \u00e8 consigliata per la soluzione Shamir offerta da Trezor per la sua cassaforte hardware modello T. Questo backup di semi \u00e8 uno dei pi\u00f9 sicuri in assoluto!<\/p>\n<p>A differenza di altri nostri prodotti, non presenta alcun testo aggiuntivo o logo bitcoin, per cui non \u00e8 evidente a prima vista a cosa serva la targhetta.<\/p>\n<p class=\" translation-block\">Si tratta di un acciaio <span style=\"font-weight: 400\">1.4307<\/span> con uno spessore di 1,5 mm - che protegger\u00e0 il vostro seme da <b>acqua, tempo e calore<\/b> - fino a 1510\u00b0.<\/p>\n<p><strong style=\"font-size: 15px;\">Se lo desiderate, potete aggiungere altri pezzi al carrello per ampliare il numero di spazi di archiviazione possibili.<\/strong><\/p>\n<p>Per la migliore spiegazione, citeremo Mark Palatinus:<\/p>\n<blockquote><p>\"La pratica precedente, in cui se una chiave di criptovaluta veniva persa o dimenticata, una singola frase (il cosiddetto seed di recupero) composta da parole in un ordine specifico era sufficiente per recuperarla, \u00e8 stata sostituita da un sistema pi\u00f9 sofisticato. Gli utenti possono ora suddividere una singola frase seed in pi\u00f9 frasi. Gli utenti avevano strumenti di recupero virtualmente conservati in un solo luogo fisico, di solito scritti su carta e nascosti in una cassaforte. Ora possono dividere e distribuire il loro seme in pi\u00f9 luoghi o a pi\u00f9 persone fidate. Questo aumenta notevolmente la resistenza al furto, alla perdita o al danneggiamento del seme. L'impatto della divisione della frase \u00e8 notevole anche grazie a Shamir Backup in caso di procedure di eredit\u00e0 - in modo che una sola persona non possa recuperare il portafoglio. Inoltre, gli utenti possono decidere se hanno bisogno di tutte le parti o solo di alcune per ripristinare l'accesso. Grazie anche a queste configurazioni uniche scelte dall'uomo, il vostro portafoglio di criptovalute pu\u00f2 ora essere ancora pi\u00f9 protetto\", descrive Marek Palatinus alias Slush.<\/p><\/blockquote>\n<p class=\" translation-block\">Ogni targhetta \u00e8 prestampata con 24 campi per la memorizzazione della password di accesso <strong>BIP39<\/strong> sotto forma di 12, 18 o 24 parole di vostra scelta. Il materiale della targa \u00e8 molto resistente e quasi indistruttibile. La superficie lucida a specchio garantisce una visibilit\u00e0 senza problemi delle parole incise.<\/p>\n<p class=\" translation-block\">Questa versione \u00e8 confezionata in versione <strong>regalo<\/strong> come standard.<\/p>\n<p><em>AVVISO IMPORTANTE! Nessun prodotto, n\u00e9 nostro n\u00e9 di altre aziende, potr\u00e0 mai garantire la completa sicurezza da situazioni come l'incendio completo e la distruzione di un edificio in cui sono ancora preferibilmente presenti sostanze chimiche. Se la piastra si surriscalda fino a 1500\u00b0 e poi ci cade sopra un edificio o un tetto, nessuna soluzione sul mercato pu\u00f2 salvarvi da questa situazione. Non \u00e8 questo il caso dello SHAMIR BACKUP di TREZOR, con il quale \u00e8 possibile dividere la seminatrice in pi\u00f9 postazioni ed evitare di distruggere ogni accesso al portafoglio.  Un punzone automatico pu\u00f2 realizzare un ottimo seme su una piastra d'acciaio, vedi i nostri test e le nostre recensioni.<\/em><\/p>","protected":false},"excerpt":{"rendered":"<p>Contenuto della confezione Shamir backup:<\/p>\n<p>4x piastra di recupero dei semi in acciaio inox a specchio di prima qualit\u00e0<\/p>\n<p>1x punzone automatico<\/p>\n<p>1x salvietta per la pulizia<\/p>","protected":false},"featured_media":5664,"template":"","meta":{"site-sidebar-layout":"default","site-content-layout":"default","ast-site-content-layout":"","site-content-style":"default","site-sidebar-style":"default","ast-global-header-display":"","ast-banner-title-visibility":"","ast-main-header-display":"","ast-hfb-above-header-display":"","ast-hfb-below-header-display":"","ast-hfb-mobile-header-display":"","site-post-title":"","ast-breadcrumbs-content":"","ast-featured-img":"","footer-sml-layout":"","theme-transparent-header-meta":"default","adv-header-id-meta":"","stick-header-meta":"","header-above-stick-meta":"","header-main-stick-meta":"","header-below-stick-meta":"","astra-migrate-meta-layouts":"default","ast-page-background-enabled":"default","ast-page-background-meta":{"desktop":{"background-color":"","background-image":"","background-repeat":"repeat","background-position":"center center","background-size":"auto","background-attachment":"scroll","background-type":"","background-media":"","overlay-type":"","overlay-color":"","overlay-opacity":"","overlay-gradient":""},"tablet":{"background-color":"","background-image":"","background-repeat":"repeat","background-position":"center center","background-size":"auto","background-attachment":"scroll","background-type":"","background-media":"","overlay-type":"","overlay-color":"","overlay-opacity":"","overlay-gradient":""},"mobile":{"background-color":"","background-image":"","background-repeat":"repeat","background-position":"center center","background-size":"auto","background-attachment":"scroll","background-type":"","background-media":"","overlay-type":"","overlay-color":"","overlay-opacity":"","overlay-gradient":""}},"ast-content-background-meta":{"desktop":{"background-color":"var(--ast-global-color-5)","background-image":"","background-repeat":"repeat","background-position":"center center","background-size":"auto","background-attachment":"scroll","background-type":"","background-media":"","overlay-type":"","overlay-color":"","overlay-opacity":"","overlay-gradient":""},"tablet":{"background-color":"var(--ast-global-color-5)","background-image":"","background-repeat":"repeat","background-position":"center center","background-size":"auto","background-attachment":"scroll","background-type":"","background-media":"","overlay-type":"","overlay-color":"","overlay-opacity":"","overlay-gradient":""},"mobile":{"background-color":"var(--ast-global-color-5)","background-image":"","background-repeat":"repeat","background-position":"center center","background-size":"auto","background-attachment":"scroll","background-type":"","background-media":"","overlay-type":"","overlay-color":"","overlay-opacity":"","overlay-gradient":""}}},"product_cat":[62],"product_tag":[],"yoast_head":"<!-- This site is optimized with the Yoast SEO plugin v23.0 - https:\/\/yoast.com\/wordpress\/plugins\/seo\/ -->\n<title>Grid punch shamir backup | recoveryseed.cz<\/title>\n<meta name=\"description\" content=\"Balen\u00ed Shamir backup obsahuje 4 recovery seed m\u0159\u00ed\u017eky z pr\u00e9miov\u00e9 zrcadlov\u00e9 nerezov\u00e9 oceli. Prohl\u00e9dn\u011bte si na\u0161e produkty.\" \/>\n<meta name=\"robots\" content=\"index, follow, max-snippet:-1, max-image-preview:large, max-video-preview:-1\" \/>\n<link rel=\"canonical\" href=\"https:\/\/recoveryseed.cz\/it\/product\/griglia-punch-shamir-backup\/\" \/>\n<meta property=\"og:locale\" content=\"it_IT\" \/>\n<meta property=\"og:type\" content=\"article\" \/>\n<meta property=\"og:title\" content=\"Grid punch shamir backup | recoveryseed.cz\" \/>\n<meta property=\"og:description\" content=\"Balen\u00ed Shamir backup obsahuje 4 recovery seed m\u0159\u00ed\u017eky z pr\u00e9miov\u00e9 zrcadlov\u00e9 nerezov\u00e9 oceli. Prohl\u00e9dn\u011bte si na\u0161e produkty.\" \/>\n<meta property=\"og:url\" content=\"https:\/\/recoveryseed.cz\/it\/product\/griglia-punch-shamir-backup\/\" \/>\n<meta property=\"og:site_name\" content=\"RecoverySeed.cz - Ulo\u017ete sv\u016fj crypto seed bezpe\u010dn\u011b!\" \/>\n<meta property=\"article:publisher\" content=\"https:\/\/www.facebook.com\/Recoveryseed.cz\" \/>\n<meta property=\"article:modified_time\" content=\"2026-01-14T14:52:11+00:00\" \/>\n<meta property=\"og:image\" content=\"https:\/\/recoveryseed.cz\/wp-content\/uploads\/2022\/10\/grid-shamir-punch-1.jpg\" \/>\n\t<meta property=\"og:image:width\" content=\"900\" \/>\n\t<meta property=\"og:image:height\" content=\"900\" \/>\n\t<meta property=\"og:image:type\" content=\"image\/jpeg\" \/>\n<meta name=\"twitter:card\" content=\"summary_large_image\" \/>\n<meta name=\"twitter:label1\" content=\"Est. reading time\" \/>\n\t<meta name=\"twitter:data1\" content=\"2 minuti\" \/>\n<script type=\"application\/ld+json\" class=\"yoast-schema-graph\">{\"@context\":\"https:\/\/schema.org\",\"@graph\":[{\"@type\":\"WebPage\",\"@id\":\"https:\/\/recoveryseed.cz\/produkt\/grid-punch-shamir-backup\/\",\"url\":\"https:\/\/recoveryseed.cz\/produkt\/grid-punch-shamir-backup\/\",\"name\":\"Grid punch shamir backup | recoveryseed.cz\",\"isPartOf\":{\"@id\":\"https:\/\/recoveryseed.cz\/en\/#website\"},\"primaryImageOfPage\":{\"@id\":\"https:\/\/recoveryseed.cz\/produkt\/grid-punch-shamir-backup\/#primaryimage\"},\"image\":{\"@id\":\"https:\/\/recoveryseed.cz\/produkt\/grid-punch-shamir-backup\/#primaryimage\"},\"thumbnailUrl\":\"https:\/\/recoveryseed.cz\/wp-content\/uploads\/2022\/10\/grid-shamir-punch-1.jpg\",\"datePublished\":\"2022-10-19T07:58:55+00:00\",\"dateModified\":\"2026-01-14T14:52:11+00:00\",\"description\":\"Balen\u00ed Shamir backup obsahuje 4 recovery seed m\u0159\u00ed\u017eky z pr\u00e9miov\u00e9 zrcadlov\u00e9 nerezov\u00e9 oceli. Prohl\u00e9dn\u011bte si na\u0161e produkty.\",\"breadcrumb\":{\"@id\":\"https:\/\/recoveryseed.cz\/produkt\/grid-punch-shamir-backup\/#breadcrumb\"},\"inLanguage\":\"it-IT\",\"potentialAction\":[{\"@type\":\"ReadAction\",\"target\":[\"https:\/\/recoveryseed.cz\/produkt\/grid-punch-shamir-backup\/\"]}]},{\"@type\":\"ImageObject\",\"inLanguage\":\"it-IT\",\"@id\":\"https:\/\/recoveryseed.cz\/produkt\/grid-punch-shamir-backup\/#primaryimage\",\"url\":\"https:\/\/recoveryseed.cz\/wp-content\/uploads\/2022\/10\/grid-shamir-punch-1.jpg\",\"contentUrl\":\"https:\/\/recoveryseed.cz\/wp-content\/uploads\/2022\/10\/grid-shamir-punch-1.jpg\",\"width\":900,\"height\":900},{\"@type\":\"BreadcrumbList\",\"@id\":\"https:\/\/recoveryseed.cz\/produkt\/grid-punch-shamir-backup\/#breadcrumb\",\"itemListElement\":[{\"@type\":\"ListItem\",\"position\":1,\"name\":\"Dom\u016f\",\"item\":\"https:\/\/recoveryseed.cz\/\"},{\"@type\":\"ListItem\",\"position\":2,\"name\":\"Obchod\",\"item\":\"https:\/\/recoveryseed.cz\/eshop-recovery-seed-metal-plate\/\"},{\"@type\":\"ListItem\",\"position\":3,\"name\":\"GRID PUNCH SHAMIR BACKUP\"}]},{\"@type\":\"WebSite\",\"@id\":\"https:\/\/recoveryseed.cz\/en\/#website\",\"url\":\"https:\/\/recoveryseed.cz\/en\/\",\"name\":\"RecoverySeed.cz - Ulo\u017ete sv\u016fj crypto seed bezpe\u010dn\u011b!\",\"description\":\"\",\"publisher\":{\"@id\":\"https:\/\/recoveryseed.cz\/en\/#organization\"},\"potentialAction\":[{\"@type\":\"SearchAction\",\"target\":{\"@type\":\"EntryPoint\",\"urlTemplate\":\"https:\/\/recoveryseed.cz\/en\/?s={search_term_string}\"},\"query-input\":\"required name=search_term_string\"}],\"inLanguage\":\"it-IT\"},{\"@type\":\"Organization\",\"@id\":\"https:\/\/recoveryseed.cz\/en\/#organization\",\"name\":\"Recovery Seed s.r.o.\",\"url\":\"https:\/\/recoveryseed.cz\/en\/\",\"logo\":{\"@type\":\"ImageObject\",\"inLanguage\":\"it-IT\",\"@id\":\"https:\/\/recoveryseed.cz\/en\/#\/schema\/logo\/image\/\",\"url\":\"https:\/\/recoveryseed.cz\/wp-content\/uploads\/2020\/12\/cropped-CryptoSteel__2_-removebg-preview-e1607373653659.png\",\"contentUrl\":\"https:\/\/recoveryseed.cz\/wp-content\/uploads\/2020\/12\/cropped-CryptoSteel__2_-removebg-preview-e1607373653659.png\",\"width\":500,\"height\":88,\"caption\":\"Recovery Seed s.r.o.\"},\"image\":{\"@id\":\"https:\/\/recoveryseed.cz\/en\/#\/schema\/logo\/image\/\"},\"sameAs\":[\"https:\/\/www.facebook.com\/Recoveryseed.cz\",\"https:\/\/www.instagram.com\/recoveryseed.cz\/\"]}]}<\/script>\n<!-- \/ Yoast SEO plugin. -->","yoast_head_json":{"title":"Grid punch shamir backup | recoveryseed.cz","description":"Balen\u00ed Shamir backup obsahuje 4 recovery seed m\u0159\u00ed\u017eky z pr\u00e9miov\u00e9 zrcadlov\u00e9 nerezov\u00e9 oceli. Prohl\u00e9dn\u011bte si na\u0161e produkty.","robots":{"index":"index","follow":"follow","max-snippet":"max-snippet:-1","max-image-preview":"max-image-preview:large","max-video-preview":"max-video-preview:-1"},"canonical":"https:\/\/recoveryseed.cz\/it\/product\/griglia-punch-shamir-backup\/","og_locale":"it_IT","og_type":"article","og_title":"Grid punch shamir backup | recoveryseed.cz","og_description":"Balen\u00ed Shamir backup obsahuje 4 recovery seed m\u0159\u00ed\u017eky z pr\u00e9miov\u00e9 zrcadlov\u00e9 nerezov\u00e9 oceli. Prohl\u00e9dn\u011bte si na\u0161e produkty.","og_url":"https:\/\/recoveryseed.cz\/it\/product\/griglia-punch-shamir-backup\/","og_site_name":"RecoverySeed.cz - Ulo\u017ete sv\u016fj crypto seed bezpe\u010dn\u011b!","article_publisher":"https:\/\/www.facebook.com\/Recoveryseed.cz","article_modified_time":"2026-01-14T14:52:11+00:00","og_image":[{"width":900,"height":900,"url":"https:\/\/recoveryseed.cz\/wp-content\/uploads\/2022\/10\/grid-shamir-punch-1.jpg","type":"image\/jpeg"}],"twitter_card":"summary_large_image","twitter_misc":{"Est. reading time":"2 minuti"},"schema":{"@context":"https:\/\/schema.org","@graph":[{"@type":"WebPage","@id":"https:\/\/recoveryseed.cz\/produkt\/grid-punch-shamir-backup\/","url":"https:\/\/recoveryseed.cz\/produkt\/grid-punch-shamir-backup\/","name":"Grid punch shamir backup | recoveryseed.cz","isPartOf":{"@id":"https:\/\/recoveryseed.cz\/en\/#website"},"primaryImageOfPage":{"@id":"https:\/\/recoveryseed.cz\/produkt\/grid-punch-shamir-backup\/#primaryimage"},"image":{"@id":"https:\/\/recoveryseed.cz\/produkt\/grid-punch-shamir-backup\/#primaryimage"},"thumbnailUrl":"https:\/\/recoveryseed.cz\/wp-content\/uploads\/2022\/10\/grid-shamir-punch-1.jpg","datePublished":"2022-10-19T07:58:55+00:00","dateModified":"2026-01-14T14:52:11+00:00","description":"Balen\u00ed Shamir backup obsahuje 4 recovery seed m\u0159\u00ed\u017eky z pr\u00e9miov\u00e9 zrcadlov\u00e9 nerezov\u00e9 oceli. Prohl\u00e9dn\u011bte si na\u0161e produkty.","breadcrumb":{"@id":"https:\/\/recoveryseed.cz\/produkt\/grid-punch-shamir-backup\/#breadcrumb"},"inLanguage":"it-IT","potentialAction":[{"@type":"ReadAction","target":["https:\/\/recoveryseed.cz\/produkt\/grid-punch-shamir-backup\/"]}]},{"@type":"ImageObject","inLanguage":"it-IT","@id":"https:\/\/recoveryseed.cz\/produkt\/grid-punch-shamir-backup\/#primaryimage","url":"https:\/\/recoveryseed.cz\/wp-content\/uploads\/2022\/10\/grid-shamir-punch-1.jpg","contentUrl":"https:\/\/recoveryseed.cz\/wp-content\/uploads\/2022\/10\/grid-shamir-punch-1.jpg","width":900,"height":900},{"@type":"BreadcrumbList","@id":"https:\/\/recoveryseed.cz\/produkt\/grid-punch-shamir-backup\/#breadcrumb","itemListElement":[{"@type":"ListItem","position":1,"name":"Dom\u016f","item":"https:\/\/recoveryseed.cz\/"},{"@type":"ListItem","position":2,"name":"Obchod","item":"https:\/\/recoveryseed.cz\/eshop-recovery-seed-metal-plate\/"},{"@type":"ListItem","position":3,"name":"GRID PUNCH SHAMIR BACKUP"}]},{"@type":"WebSite","@id":"https:\/\/recoveryseed.cz\/en\/#website","url":"https:\/\/recoveryseed.cz\/en\/","name":"RecoverySeed.cz - Ulo\u017ete sv\u016fj crypto seed bezpe\u010dn\u011b!","description":"","publisher":{"@id":"https:\/\/recoveryseed.cz\/en\/#organization"},"potentialAction":[{"@type":"SearchAction","target":{"@type":"EntryPoint","urlTemplate":"https:\/\/recoveryseed.cz\/en\/?s={search_term_string}"},"query-input":"required name=search_term_string"}],"inLanguage":"it-IT"},{"@type":"Organization","@id":"https:\/\/recoveryseed.cz\/en\/#organization","name":"Recovery Seed s.r.o.","url":"https:\/\/recoveryseed.cz\/en\/","logo":{"@type":"ImageObject","inLanguage":"it-IT","@id":"https:\/\/recoveryseed.cz\/en\/#\/schema\/logo\/image\/","url":"https:\/\/recoveryseed.cz\/wp-content\/uploads\/2020\/12\/cropped-CryptoSteel__2_-removebg-preview-e1607373653659.png","contentUrl":"https:\/\/recoveryseed.cz\/wp-content\/uploads\/2020\/12\/cropped-CryptoSteel__2_-removebg-preview-e1607373653659.png","width":500,"height":88,"caption":"Recovery Seed s.r.o."},"image":{"@id":"https:\/\/recoveryseed.cz\/en\/#\/schema\/logo\/image\/"},"sameAs":["https:\/\/www.facebook.com\/Recoveryseed.cz","https:\/\/www.instagram.com\/recoveryseed.cz\/"]}]}},"_links":{"self":[{"href":"https:\/\/recoveryseed.cz\/it\/wp-json\/wp\/v2\/product\/5658"}],"collection":[{"href":"https:\/\/recoveryseed.cz\/it\/wp-json\/wp\/v2\/product"}],"about":[{"href":"https:\/\/recoveryseed.cz\/it\/wp-json\/wp\/v2\/types\/product"}],"version-history":[{"count":1,"href":"https:\/\/recoveryseed.cz\/it\/wp-json\/wp\/v2\/product\/5658\/revisions"}],"predecessor-version":[{"id":6814,"href":"https:\/\/recoveryseed.cz\/it\/wp-json\/wp\/v2\/product\/5658\/revisions\/6814"}],"wp:featuredmedia":[{"embeddable":true,"href":"https:\/\/recoveryseed.cz\/it\/wp-json\/wp\/v2\/media\/5664"}],"wp:attachment":[{"href":"https:\/\/recoveryseed.cz\/it\/wp-json\/wp\/v2\/media?parent=5658"}],"wp:term":[{"taxonomy":"product_cat","embeddable":true,"href":"https:\/\/recoveryseed.cz\/it\/wp-json\/wp\/v2\/product_cat?post=5658"},{"taxonomy":"product_tag","embeddable":true,"href":"https:\/\/recoveryseed.cz\/it\/wp-json\/wp\/v2\/product_tag?post=5658"}],"curies":[{"name":"wp","href":"https:\/\/api.w.org\/{rel}","templated":true}]}}