{"id":5669,"date":"2022-10-19T08:28:26","date_gmt":"2022-10-19T08:28:26","guid":{"rendered":"https:\/\/recoveryseed.cz\/?post_type=product&#038;p=5669"},"modified":"2026-01-14T14:51:51","modified_gmt":"2026-01-14T14:51:51","slug":"grid-punch-standard","status":"publish","type":"product","link":"https:\/\/recoveryseed.cz\/it\/product\/griglia-punzone-standard\/","title":{"rendered":"PUNZONATURA A GRIGLIA STANDARD"},"content":{"rendered":"<p class=\" translation-block\">Le piastre di Recoveryseed.cz sono prodotte nella <b>Repubblica Ceca<\/b> con acciaio inossidabile a specchio della massima qualit\u00e0.<\/p>\n<p><b>GRID PUNCH<\/b><span style=\"font-weight: 400;\">\u00a0<\/span><b>STANDARD<\/b><span style=\"font-weight: 400;\">\u00a0contiene una piastrina, che viene utilizzata per scrivere un seme. Questo aggiunge un ulteriore livello di sicurezza al vostro portafoglio hardware. Potete dormire sonni tranquilli sapendo di aver fatto tutto il necessario per tenere al sicuro le vostre criptovalute.<\/span><\/p>\n<p><span style=\"font-weight: 400;\">Visualizza la versione completa<\/span><b> GRIGLIA<\/b><span style=\"font-weight: 400;\"> A differenza di altri nostri prodotti, non presenta alcun testo aggiuntivo o logo bitcoin, per cui non \u00e8 evidente a prima vista a cosa serva la targhetta.\u00a0<\/span><\/p>\n<p><span style=\"font-weight: 400;\">Il processo di scrittura di un seme utilizzando il richiamo automatico \u00e8 molto semplice. L'asse verticale rappresenta le lettere e quello orizzontale il loro ordine. Si consiglia di segnare le parole in anticipo con un pennarello, poi basta usare l'autopunzonatore per marcare in modo permanente i campi desiderati. Si consiglia di approfondire il pi\u00f9 possibile le lettere. Si consiglia di marcare solo le prime 4 lettere della parola.<\/span><\/p>\n<p class=\" translation-block\"><span style=\"font-weight: 400\">Si tratta di acciaio 1.4307 con uno spessore di 1,5 mm, in modo da poter proteggere facilmente le sementi dall'acqua, dal tempo e dal calore<\/b><span style=\"font-weight: 400\"> - fino a 1510\u00b0. <\/span><\/p>\n<p class=\" translation-block\"><span style=\"font-size: 15px;font-weight: 400\">Ogni targa \u00e8 prestampata con 24 campi per memorizzare la password di accesso <span style=\"font-size: 15px;font-weight: bold\">BIP39<\/span> sotto forma di 12, 18 o 24 parole del vostro seme. Il materiale della piastra \u00e8 molto resistente e quasi indistruttibile. La superficie lucida a specchio garantisce una visibilit\u00e0 perfetta delle parole incise. <\/span>.<\/p>\n<p><b>Ammaccatrice automatica<\/b><span style=\"font-weight: 400;\"> non \u00e8 difficile da usare.\u00a0<\/span><\/p>\n<p class=\" translation-block\">Questa versione \u00e8 confezionata in versione <strong>regalo<\/strong> come standard.<\/p>\n<p><em>AVVISO IMPORTANTE! Nessun prodotto, n\u00e9 nostro n\u00e9 di altre aziende, potr\u00e0 mai garantire la completa sicurezza da situazioni come l'incendio completo e la distruzione di un edificio in cui sono ancora preferibilmente presenti sostanze chimiche. Se la piastra si surriscalda fino a 1500\u00b0 e poi ci cade sopra un edificio o un tetto, nessuna soluzione sul mercato pu\u00f2 salvarvi da questa situazione. Tuttavia, questo non \u00e8 il caso dello SHAMIR BACKUP di TREZOR, con il quale \u00e8 possibile dividere la seminatrice in pi\u00f9 punti ed evitare la distruzione di tutti gli accessi al portafoglio. Purtroppo, la punzonatura a martello non \u00e8 sempre adatta in un appartamento o in una casa senza officina.  Un punzone automatico pu\u00f2 essere un ottimo sostituto e scrivere un seme su una lastra d'acciaio, vedi i nostri test e recensioni.<\/em><\/p>","protected":false},"excerpt":{"rendered":"<p><span style=\"font-weight: 400;\">Contenuto della confezione:<\/span><\/p>\n<p><span style=\"font-weight: 400;\">1x piastra per semi di recupero in acciaio inox a specchio di prima qualit\u00e0<\/span><\/p>\n<p><span style=\"font-weight: 400;\">1x punzone automatico<\/span><\/p>\n<p>1x panno di lucidatura<\/p>","protected":false},"featured_media":5670,"template":"","meta":{"site-sidebar-layout":"default","site-content-layout":"default","ast-site-content-layout":"default","site-content-style":"default","site-sidebar-style":"default","ast-global-header-display":"","ast-banner-title-visibility":"","ast-main-header-display":"","ast-hfb-above-header-display":"","ast-hfb-below-header-display":"","ast-hfb-mobile-header-display":"","site-post-title":"","ast-breadcrumbs-content":"","ast-featured-img":"","footer-sml-layout":"","theme-transparent-header-meta":"default","adv-header-id-meta":"","stick-header-meta":"","header-above-stick-meta":"","header-main-stick-meta":"","header-below-stick-meta":"","astra-migrate-meta-layouts":"set","ast-page-background-enabled":"default","ast-page-background-meta":{"desktop":{"background-color":"","background-image":"","background-repeat":"repeat","background-position":"center center","background-size":"auto","background-attachment":"scroll","background-type":"","background-media":"","overlay-type":"","overlay-color":"","overlay-opacity":"","overlay-gradient":""},"tablet":{"background-color":"","background-image":"","background-repeat":"repeat","background-position":"center center","background-size":"auto","background-attachment":"scroll","background-type":"","background-media":"","overlay-type":"","overlay-color":"","overlay-opacity":"","overlay-gradient":""},"mobile":{"background-color":"","background-image":"","background-repeat":"repeat","background-position":"center center","background-size":"auto","background-attachment":"scroll","background-type":"","background-media":"","overlay-type":"","overlay-color":"","overlay-opacity":"","overlay-gradient":""}},"ast-content-background-meta":{"desktop":{"background-color":"var(--ast-global-color-5)","background-image":"","background-repeat":"repeat","background-position":"center center","background-size":"auto","background-attachment":"scroll","background-type":"","background-media":"","overlay-type":"","overlay-color":"","overlay-opacity":"","overlay-gradient":""},"tablet":{"background-color":"var(--ast-global-color-5)","background-image":"","background-repeat":"repeat","background-position":"center center","background-size":"auto","background-attachment":"scroll","background-type":"","background-media":"","overlay-type":"","overlay-color":"","overlay-opacity":"","overlay-gradient":""},"mobile":{"background-color":"var(--ast-global-color-5)","background-image":"","background-repeat":"repeat","background-position":"center center","background-size":"auto","background-attachment":"scroll","background-type":"","background-media":"","overlay-type":"","overlay-color":"","overlay-opacity":"","overlay-gradient":""}}},"product_cat":[62],"product_tag":[],"yoast_head":"<!-- This site is optimized with the Yoast SEO plugin v23.0 - https:\/\/yoast.com\/wordpress\/plugins\/seo\/ -->\n<title>Grid punch standard | recoveryseed.cz<\/title>\n<meta name=\"description\" content=\"Grid punch standard je m\u0159\u00ed\u017ekovan\u00e1 desti\u010dka z pr\u00e9miov\u00e9 zrcadlov\u00e9 oceli, kter\u00e1 zajist\u00ed va\u0161im kryptom\u011bn\u00e1m bezpe\u010d\u00ed. Vyberte si tu svou.\" \/>\n<meta name=\"robots\" content=\"index, follow, max-snippet:-1, max-image-preview:large, max-video-preview:-1\" \/>\n<link rel=\"canonical\" href=\"https:\/\/recoveryseed.cz\/it\/product\/griglia-punzone-standard\/\" \/>\n<meta property=\"og:locale\" content=\"it_IT\" \/>\n<meta property=\"og:type\" content=\"article\" \/>\n<meta property=\"og:title\" content=\"Grid punch standard | recoveryseed.cz\" \/>\n<meta property=\"og:description\" content=\"Grid punch standard je m\u0159\u00ed\u017ekovan\u00e1 desti\u010dka z pr\u00e9miov\u00e9 zrcadlov\u00e9 oceli, kter\u00e1 zajist\u00ed va\u0161im kryptom\u011bn\u00e1m bezpe\u010d\u00ed. Vyberte si tu svou.\" \/>\n<meta property=\"og:url\" content=\"https:\/\/recoveryseed.cz\/it\/product\/griglia-punzone-standard\/\" \/>\n<meta property=\"og:site_name\" content=\"RecoverySeed.cz - Ulo\u017ete sv\u016fj crypto seed bezpe\u010dn\u011b!\" \/>\n<meta property=\"article:publisher\" content=\"https:\/\/www.facebook.com\/Recoveryseed.cz\" \/>\n<meta property=\"article:modified_time\" content=\"2026-01-14T14:51:51+00:00\" \/>\n<meta property=\"og:image\" content=\"https:\/\/recoveryseed.cz\/wp-content\/uploads\/2022\/10\/Untitled-design.jpg\" \/>\n\t<meta property=\"og:image:width\" content=\"900\" \/>\n\t<meta property=\"og:image:height\" content=\"900\" \/>\n\t<meta property=\"og:image:type\" content=\"image\/jpeg\" \/>\n<meta name=\"twitter:card\" content=\"summary_large_image\" \/>\n<meta name=\"twitter:label1\" content=\"Est. reading time\" \/>\n\t<meta name=\"twitter:data1\" content=\"2 minuti\" \/>\n<script type=\"application\/ld+json\" class=\"yoast-schema-graph\">{\"@context\":\"https:\/\/schema.org\",\"@graph\":[{\"@type\":\"WebPage\",\"@id\":\"https:\/\/recoveryseed.cz\/produkt\/grid-punch-standard\/\",\"url\":\"https:\/\/recoveryseed.cz\/produkt\/grid-punch-standard\/\",\"name\":\"Grid punch standard | recoveryseed.cz\",\"isPartOf\":{\"@id\":\"https:\/\/recoveryseed.cz\/en\/#website\"},\"primaryImageOfPage\":{\"@id\":\"https:\/\/recoveryseed.cz\/produkt\/grid-punch-standard\/#primaryimage\"},\"image\":{\"@id\":\"https:\/\/recoveryseed.cz\/produkt\/grid-punch-standard\/#primaryimage\"},\"thumbnailUrl\":\"https:\/\/recoveryseed.cz\/wp-content\/uploads\/2022\/10\/Untitled-design.jpg\",\"datePublished\":\"2022-10-19T08:28:26+00:00\",\"dateModified\":\"2026-01-14T14:51:51+00:00\",\"description\":\"Grid punch standard je m\u0159\u00ed\u017ekovan\u00e1 desti\u010dka z pr\u00e9miov\u00e9 zrcadlov\u00e9 oceli, kter\u00e1 zajist\u00ed va\u0161im kryptom\u011bn\u00e1m bezpe\u010d\u00ed. Vyberte si tu svou.\",\"breadcrumb\":{\"@id\":\"https:\/\/recoveryseed.cz\/produkt\/grid-punch-standard\/#breadcrumb\"},\"inLanguage\":\"it-IT\",\"potentialAction\":[{\"@type\":\"ReadAction\",\"target\":[\"https:\/\/recoveryseed.cz\/produkt\/grid-punch-standard\/\"]}]},{\"@type\":\"ImageObject\",\"inLanguage\":\"it-IT\",\"@id\":\"https:\/\/recoveryseed.cz\/produkt\/grid-punch-standard\/#primaryimage\",\"url\":\"https:\/\/recoveryseed.cz\/wp-content\/uploads\/2022\/10\/Untitled-design.jpg\",\"contentUrl\":\"https:\/\/recoveryseed.cz\/wp-content\/uploads\/2022\/10\/Untitled-design.jpg\",\"width\":900,\"height\":900},{\"@type\":\"BreadcrumbList\",\"@id\":\"https:\/\/recoveryseed.cz\/produkt\/grid-punch-standard\/#breadcrumb\",\"itemListElement\":[{\"@type\":\"ListItem\",\"position\":1,\"name\":\"Dom\u016f\",\"item\":\"https:\/\/recoveryseed.cz\/\"},{\"@type\":\"ListItem\",\"position\":2,\"name\":\"Obchod\",\"item\":\"https:\/\/recoveryseed.cz\/eshop-recovery-seed-metal-plate\/\"},{\"@type\":\"ListItem\",\"position\":3,\"name\":\"GRID PUNCH STANDARD\"}]},{\"@type\":\"WebSite\",\"@id\":\"https:\/\/recoveryseed.cz\/en\/#website\",\"url\":\"https:\/\/recoveryseed.cz\/en\/\",\"name\":\"RecoverySeed.cz - Ulo\u017ete sv\u016fj crypto seed bezpe\u010dn\u011b!\",\"description\":\"\",\"publisher\":{\"@id\":\"https:\/\/recoveryseed.cz\/en\/#organization\"},\"potentialAction\":[{\"@type\":\"SearchAction\",\"target\":{\"@type\":\"EntryPoint\",\"urlTemplate\":\"https:\/\/recoveryseed.cz\/en\/?s={search_term_string}\"},\"query-input\":\"required name=search_term_string\"}],\"inLanguage\":\"it-IT\"},{\"@type\":\"Organization\",\"@id\":\"https:\/\/recoveryseed.cz\/en\/#organization\",\"name\":\"Recovery Seed s.r.o.\",\"url\":\"https:\/\/recoveryseed.cz\/en\/\",\"logo\":{\"@type\":\"ImageObject\",\"inLanguage\":\"it-IT\",\"@id\":\"https:\/\/recoveryseed.cz\/en\/#\/schema\/logo\/image\/\",\"url\":\"https:\/\/recoveryseed.cz\/wp-content\/uploads\/2020\/12\/cropped-CryptoSteel__2_-removebg-preview-e1607373653659.png\",\"contentUrl\":\"https:\/\/recoveryseed.cz\/wp-content\/uploads\/2020\/12\/cropped-CryptoSteel__2_-removebg-preview-e1607373653659.png\",\"width\":500,\"height\":88,\"caption\":\"Recovery Seed s.r.o.\"},\"image\":{\"@id\":\"https:\/\/recoveryseed.cz\/en\/#\/schema\/logo\/image\/\"},\"sameAs\":[\"https:\/\/www.facebook.com\/Recoveryseed.cz\",\"https:\/\/www.instagram.com\/recoveryseed.cz\/\"]}]}<\/script>\n<!-- \/ Yoast SEO plugin. -->","yoast_head_json":{"title":"Grid punch standard | recoveryseed.cz","description":"Grid punch standard je m\u0159\u00ed\u017ekovan\u00e1 desti\u010dka z pr\u00e9miov\u00e9 zrcadlov\u00e9 oceli, kter\u00e1 zajist\u00ed va\u0161im kryptom\u011bn\u00e1m bezpe\u010d\u00ed. Vyberte si tu svou.","robots":{"index":"index","follow":"follow","max-snippet":"max-snippet:-1","max-image-preview":"max-image-preview:large","max-video-preview":"max-video-preview:-1"},"canonical":"https:\/\/recoveryseed.cz\/it\/product\/griglia-punzone-standard\/","og_locale":"it_IT","og_type":"article","og_title":"Grid punch standard | recoveryseed.cz","og_description":"Grid punch standard je m\u0159\u00ed\u017ekovan\u00e1 desti\u010dka z pr\u00e9miov\u00e9 zrcadlov\u00e9 oceli, kter\u00e1 zajist\u00ed va\u0161im kryptom\u011bn\u00e1m bezpe\u010d\u00ed. Vyberte si tu svou.","og_url":"https:\/\/recoveryseed.cz\/it\/product\/griglia-punzone-standard\/","og_site_name":"RecoverySeed.cz - Ulo\u017ete sv\u016fj crypto seed bezpe\u010dn\u011b!","article_publisher":"https:\/\/www.facebook.com\/Recoveryseed.cz","article_modified_time":"2026-01-14T14:51:51+00:00","og_image":[{"width":900,"height":900,"url":"https:\/\/recoveryseed.cz\/wp-content\/uploads\/2022\/10\/Untitled-design.jpg","type":"image\/jpeg"}],"twitter_card":"summary_large_image","twitter_misc":{"Est. reading time":"2 minuti"},"schema":{"@context":"https:\/\/schema.org","@graph":[{"@type":"WebPage","@id":"https:\/\/recoveryseed.cz\/produkt\/grid-punch-standard\/","url":"https:\/\/recoveryseed.cz\/produkt\/grid-punch-standard\/","name":"Grid punch standard | recoveryseed.cz","isPartOf":{"@id":"https:\/\/recoveryseed.cz\/en\/#website"},"primaryImageOfPage":{"@id":"https:\/\/recoveryseed.cz\/produkt\/grid-punch-standard\/#primaryimage"},"image":{"@id":"https:\/\/recoveryseed.cz\/produkt\/grid-punch-standard\/#primaryimage"},"thumbnailUrl":"https:\/\/recoveryseed.cz\/wp-content\/uploads\/2022\/10\/Untitled-design.jpg","datePublished":"2022-10-19T08:28:26+00:00","dateModified":"2026-01-14T14:51:51+00:00","description":"Grid punch standard je m\u0159\u00ed\u017ekovan\u00e1 desti\u010dka z pr\u00e9miov\u00e9 zrcadlov\u00e9 oceli, kter\u00e1 zajist\u00ed va\u0161im kryptom\u011bn\u00e1m bezpe\u010d\u00ed. Vyberte si tu svou.","breadcrumb":{"@id":"https:\/\/recoveryseed.cz\/produkt\/grid-punch-standard\/#breadcrumb"},"inLanguage":"it-IT","potentialAction":[{"@type":"ReadAction","target":["https:\/\/recoveryseed.cz\/produkt\/grid-punch-standard\/"]}]},{"@type":"ImageObject","inLanguage":"it-IT","@id":"https:\/\/recoveryseed.cz\/produkt\/grid-punch-standard\/#primaryimage","url":"https:\/\/recoveryseed.cz\/wp-content\/uploads\/2022\/10\/Untitled-design.jpg","contentUrl":"https:\/\/recoveryseed.cz\/wp-content\/uploads\/2022\/10\/Untitled-design.jpg","width":900,"height":900},{"@type":"BreadcrumbList","@id":"https:\/\/recoveryseed.cz\/produkt\/grid-punch-standard\/#breadcrumb","itemListElement":[{"@type":"ListItem","position":1,"name":"Dom\u016f","item":"https:\/\/recoveryseed.cz\/"},{"@type":"ListItem","position":2,"name":"Obchod","item":"https:\/\/recoveryseed.cz\/eshop-recovery-seed-metal-plate\/"},{"@type":"ListItem","position":3,"name":"GRID PUNCH STANDARD"}]},{"@type":"WebSite","@id":"https:\/\/recoveryseed.cz\/en\/#website","url":"https:\/\/recoveryseed.cz\/en\/","name":"RecoverySeed.cz - Ulo\u017ete sv\u016fj crypto seed bezpe\u010dn\u011b!","description":"","publisher":{"@id":"https:\/\/recoveryseed.cz\/en\/#organization"},"potentialAction":[{"@type":"SearchAction","target":{"@type":"EntryPoint","urlTemplate":"https:\/\/recoveryseed.cz\/en\/?s={search_term_string}"},"query-input":"required name=search_term_string"}],"inLanguage":"it-IT"},{"@type":"Organization","@id":"https:\/\/recoveryseed.cz\/en\/#organization","name":"Recovery Seed s.r.o.","url":"https:\/\/recoveryseed.cz\/en\/","logo":{"@type":"ImageObject","inLanguage":"it-IT","@id":"https:\/\/recoveryseed.cz\/en\/#\/schema\/logo\/image\/","url":"https:\/\/recoveryseed.cz\/wp-content\/uploads\/2020\/12\/cropped-CryptoSteel__2_-removebg-preview-e1607373653659.png","contentUrl":"https:\/\/recoveryseed.cz\/wp-content\/uploads\/2020\/12\/cropped-CryptoSteel__2_-removebg-preview-e1607373653659.png","width":500,"height":88,"caption":"Recovery Seed s.r.o."},"image":{"@id":"https:\/\/recoveryseed.cz\/en\/#\/schema\/logo\/image\/"},"sameAs":["https:\/\/www.facebook.com\/Recoveryseed.cz","https:\/\/www.instagram.com\/recoveryseed.cz\/"]}]}},"_links":{"self":[{"href":"https:\/\/recoveryseed.cz\/it\/wp-json\/wp\/v2\/product\/5669"}],"collection":[{"href":"https:\/\/recoveryseed.cz\/it\/wp-json\/wp\/v2\/product"}],"about":[{"href":"https:\/\/recoveryseed.cz\/it\/wp-json\/wp\/v2\/types\/product"}],"version-history":[{"count":1,"href":"https:\/\/recoveryseed.cz\/it\/wp-json\/wp\/v2\/product\/5669\/revisions"}],"predecessor-version":[{"id":6779,"href":"https:\/\/recoveryseed.cz\/it\/wp-json\/wp\/v2\/product\/5669\/revisions\/6779"}],"wp:featuredmedia":[{"embeddable":true,"href":"https:\/\/recoveryseed.cz\/it\/wp-json\/wp\/v2\/media\/5670"}],"wp:attachment":[{"href":"https:\/\/recoveryseed.cz\/it\/wp-json\/wp\/v2\/media?parent=5669"}],"wp:term":[{"taxonomy":"product_cat","embeddable":true,"href":"https:\/\/recoveryseed.cz\/it\/wp-json\/wp\/v2\/product_cat?post=5669"},{"taxonomy":"product_tag","embeddable":true,"href":"https:\/\/recoveryseed.cz\/it\/wp-json\/wp\/v2\/product_tag?post=5669"}],"curies":[{"name":"wp","href":"https:\/\/api.w.org\/{rel}","templated":true}]}}