{"id":4886,"date":"2022-01-03T22:32:20","date_gmt":"2022-01-03T22:32:20","guid":{"rendered":"https:\/\/recoveryseed.cz\/?post_type=product&#038;p=4886"},"modified":"2023-03-12T09:17:46","modified_gmt":"2023-03-12T09:17:46","slug":"grid-double","status":"publish","type":"product","link":"https:\/\/recoveryseed.cz\/pl\/product\/grid-double-2\/","title":{"rendered":"GRID DOUBLE"},"content":{"rendered":"<p class=\" translation-block\">P\u0142yty Recoveryseed.cz s\u0105 produkowane w <b>Czechach<\/b> z najwy\u017cszej jako\u015bci lustrzanej stali nierdzewnej.<\/p>\n<p>Zobacz pe\u0142n\u0105 wersj\u0119<strong> GRID<\/strong> <b>PODW\u00d3JNY\u00a0<\/b>Zawiera\u00a0<b>2<\/b>\u00a0Ta kombinacja jest zalecana, je\u015bli posiadasz 2 portfele i w zwi\u0105zku z tym potrzebujesz niezawodnie zapisa\u0107 2 nasiona. Lub je\u015bli chcesz podarowa\u0107 rodzinie lub przyjacio\u0142om nasz\u0105 p\u0142ytk\u0119 z nasionami regeneracyjnymi.<\/p>\n<p><span style=\"font-weight: 400;\">Zobacz pe\u0142n\u0105 wersj\u0119<\/span><b> GRID<\/b><span style=\"font-weight: 400;\"> W przeciwie\u0144stwie do innych naszych produkt\u00f3w, nie ma dodatkowego tekstu ani logo Bitcoin, wi\u0119c na pierwszy rzut oka nie jest oczywiste, do czego s\u0142u\u017cy tabliczka.\u00a0<\/span><\/p>\n<p><span style=\"font-weight: 400;\">Proces zapisywania nasion za pomoc\u0105 o\u0142\u00f3wka do grawerowania jest naprawd\u0119 prosty. O\u015b pionowa reprezentuje litery, a o\u015b pozioma ich kolejno\u015b\u0107. Zalecamy wcze\u015bniejsze zaznaczenie s\u0142\u00f3w markerem, a nast\u0119pnie u\u017cycie o\u0142\u00f3wka do grawerowania w celu trwa\u0142ego zaznaczenia \u017c\u0105danych p\u00f3l. Zalecamy maksymalne pog\u0142\u0119bienie liter. Nale\u017cy zaznaczy\u0107 tylko pierwsze 4 litery s\u0142owa.<\/span><\/p>\n<p class=\" translation-block\"><span style=\"font-weight: 400\">Jest to stal EN 10088-2 o grubo\u015bci 1,5 mm - dzi\u0119ki czemu mo\u017cna \u0142atwo chroni\u0107 nasiona przed <\/span><b>wod\u0105, czasem i wysok\u0105 temperatur\u0105<\/b><span style=\"font-weight: 400\"> - do 1510\u00b0. <\/span>.<\/p>\n<p class=\" translation-block\"><span style=\"font-size: 15px;font-weight: 400\">Ka\u017cda p\u0142ytka jest wst\u0119pnie zadrukowana 24 polami do przechowywania has\u0142a dost\u0119pu <span style=\"font-size: 15px;font-weight: bold\">BIP39<\/span> w postaci 12, 18 lub 24 s\u0142\u00f3w nasion. Materia\u0142 p\u0142ytki jest bardzo wytrzyma\u0142y i niemal niezniszczalny. B\u0142yszcz\u0105ca, lustrzana powierzchnia zapewnia doskona\u0142\u0105 widoczno\u015b\u0107 wygrawerowanych s\u0142\u00f3w. <\/span><\/p>\n<p><b>O\u0142\u00f3wek do grawerowania<\/b><span style=\"font-weight: 400;\">\u00a0nie jest trudny w obs\u0142udze. Nie ma potrzeby w\u0142\u0105czania go po w\u0142o\u017ceniu baterii AA. Wystarczy nacisn\u0105\u0107 i przytrzyma\u0107 przycisk znajduj\u0105cy si\u0119 z przodu o\u0142\u00f3wka. O\u0142\u00f3wek uruchamia si\u0119 automatycznie i mo\u017cna grawerowa\u0107 szybko i \u0142atwo. Baterie nie s\u0105 do\u0142\u0105czone<\/span><\/p>\n<p class=\" translation-block\">Ta wersja jest standardowo zapakowana w <strong>prezentow\u0105<\/strong> wersj\u0119.<\/p>","protected":false},"excerpt":{"rendered":"<p>Zawarto\u015b\u0107 opakowania:<\/p>\n<p>2x p\u0142ytka do odzyskiwania nasion wykonana z wysokiej jako\u015bci lustrzanej stali nierdzewnej<\/p>\n<p>1x o\u0142\u00f3wek do grawerowania (baterie nie s\u0105 do\u0142\u0105czone)<\/p>\n<p>1x \u015bciereczka do polerowania<\/p>","protected":false},"featured_media":5686,"template":"","meta":{"site-sidebar-layout":"default","site-content-layout":"default","ast-site-content-layout":"","site-content-style":"default","site-sidebar-style":"default","ast-global-header-display":"","ast-banner-title-visibility":"","ast-main-header-display":"","ast-hfb-above-header-display":"","ast-hfb-below-header-display":"","ast-hfb-mobile-header-display":"","site-post-title":"","ast-breadcrumbs-content":"","ast-featured-img":"","footer-sml-layout":"","theme-transparent-header-meta":"default","adv-header-id-meta":"","stick-header-meta":"","header-above-stick-meta":"","header-main-stick-meta":"","header-below-stick-meta":"","astra-migrate-meta-layouts":"default","ast-page-background-enabled":"default","ast-page-background-meta":{"desktop":{"background-color":"","background-image":"","background-repeat":"repeat","background-position":"center center","background-size":"auto","background-attachment":"scroll","background-type":"","background-media":"","overlay-type":"","overlay-color":"","overlay-opacity":"","overlay-gradient":""},"tablet":{"background-color":"","background-image":"","background-repeat":"repeat","background-position":"center center","background-size":"auto","background-attachment":"scroll","background-type":"","background-media":"","overlay-type":"","overlay-color":"","overlay-opacity":"","overlay-gradient":""},"mobile":{"background-color":"","background-image":"","background-repeat":"repeat","background-position":"center center","background-size":"auto","background-attachment":"scroll","background-type":"","background-media":"","overlay-type":"","overlay-color":"","overlay-opacity":"","overlay-gradient":""}},"ast-content-background-meta":{"desktop":{"background-color":"var(--ast-global-color-5)","background-image":"","background-repeat":"repeat","background-position":"center center","background-size":"auto","background-attachment":"scroll","background-type":"","background-media":"","overlay-type":"","overlay-color":"","overlay-opacity":"","overlay-gradient":""},"tablet":{"background-color":"var(--ast-global-color-5)","background-image":"","background-repeat":"repeat","background-position":"center center","background-size":"auto","background-attachment":"scroll","background-type":"","background-media":"","overlay-type":"","overlay-color":"","overlay-opacity":"","overlay-gradient":""},"mobile":{"background-color":"var(--ast-global-color-5)","background-image":"","background-repeat":"repeat","background-position":"center center","background-size":"auto","background-attachment":"scroll","background-type":"","background-media":"","overlay-type":"","overlay-color":"","overlay-opacity":"","overlay-gradient":""}}},"product_cat":[62],"product_tag":[],"yoast_head":"<!-- This site is optimized with the Yoast SEO plugin v23.0 - https:\/\/yoast.com\/wordpress\/plugins\/seo\/ -->\n<title>Grid double | recoveryseed.cz<\/title>\n<meta name=\"description\" content=\"Balen\u00ed obsahuje dvakr\u00e1t m\u0159\u00ed\u017ekovanou desti\u010dku z pr\u00e9miov\u00e9 oceli pro bezpe\u010dn\u00e9 ulo\u017een\u00ed va\u0161ich kryptom\u011bn. Objednejte si ho je\u0161t\u011b dnes.\" \/>\n<meta name=\"robots\" content=\"index, follow, max-snippet:-1, max-image-preview:large, max-video-preview:-1\" \/>\n<link rel=\"canonical\" href=\"https:\/\/recoveryseed.cz\/pl\/product\/grid-double-2\/\" \/>\n<meta property=\"og:locale\" content=\"pl_PL\" \/>\n<meta property=\"og:type\" content=\"article\" \/>\n<meta property=\"og:title\" content=\"Grid double | recoveryseed.cz\" \/>\n<meta property=\"og:description\" content=\"Balen\u00ed obsahuje dvakr\u00e1t m\u0159\u00ed\u017ekovanou desti\u010dku z pr\u00e9miov\u00e9 oceli pro bezpe\u010dn\u00e9 ulo\u017een\u00ed va\u0161ich kryptom\u011bn. Objednejte si ho je\u0161t\u011b dnes.\" \/>\n<meta property=\"og:url\" content=\"https:\/\/recoveryseed.cz\/pl\/product\/grid-double-2\/\" \/>\n<meta property=\"og:site_name\" content=\"RecoverySeed.cz - Ulo\u017ete sv\u016fj crypto seed bezpe\u010dn\u011b!\" \/>\n<meta property=\"article:publisher\" content=\"https:\/\/www.facebook.com\/Recoveryseed.cz\" \/>\n<meta property=\"article:modified_time\" content=\"2023-03-12T09:17:46+00:00\" \/>\n<meta property=\"og:image\" content=\"https:\/\/recoveryseed.cz\/wp-content\/uploads\/2022\/01\/grid-double-standard-1.jpg\" \/>\n\t<meta property=\"og:image:width\" content=\"900\" \/>\n\t<meta property=\"og:image:height\" content=\"900\" \/>\n\t<meta property=\"og:image:type\" content=\"image\/jpeg\" \/>\n<meta name=\"twitter:card\" content=\"summary_large_image\" \/>\n<meta name=\"twitter:label1\" content=\"Est. reading time\" \/>\n\t<meta name=\"twitter:data1\" content=\"2 minuty\" \/>\n<script type=\"application\/ld+json\" class=\"yoast-schema-graph\">{\"@context\":\"https:\/\/schema.org\",\"@graph\":[{\"@type\":\"WebPage\",\"@id\":\"https:\/\/recoveryseed.cz\/produkt\/grid-double\/\",\"url\":\"https:\/\/recoveryseed.cz\/produkt\/grid-double\/\",\"name\":\"Grid double | recoveryseed.cz\",\"isPartOf\":{\"@id\":\"https:\/\/recoveryseed.cz\/en\/#website\"},\"primaryImageOfPage\":{\"@id\":\"https:\/\/recoveryseed.cz\/produkt\/grid-double\/#primaryimage\"},\"image\":{\"@id\":\"https:\/\/recoveryseed.cz\/produkt\/grid-double\/#primaryimage\"},\"thumbnailUrl\":\"https:\/\/recoveryseed.cz\/wp-content\/uploads\/2022\/01\/grid-double-standard-1.jpg\",\"datePublished\":\"2022-01-03T22:32:20+00:00\",\"dateModified\":\"2023-03-12T09:17:46+00:00\",\"description\":\"Balen\u00ed obsahuje dvakr\u00e1t m\u0159\u00ed\u017ekovanou desti\u010dku z pr\u00e9miov\u00e9 oceli pro bezpe\u010dn\u00e9 ulo\u017een\u00ed va\u0161ich kryptom\u011bn. Objednejte si ho je\u0161t\u011b dnes.\",\"breadcrumb\":{\"@id\":\"https:\/\/recoveryseed.cz\/produkt\/grid-double\/#breadcrumb\"},\"inLanguage\":\"pl-PL\",\"potentialAction\":[{\"@type\":\"ReadAction\",\"target\":[\"https:\/\/recoveryseed.cz\/produkt\/grid-double\/\"]}]},{\"@type\":\"ImageObject\",\"inLanguage\":\"pl-PL\",\"@id\":\"https:\/\/recoveryseed.cz\/produkt\/grid-double\/#primaryimage\",\"url\":\"https:\/\/recoveryseed.cz\/wp-content\/uploads\/2022\/01\/grid-double-standard-1.jpg\",\"contentUrl\":\"https:\/\/recoveryseed.cz\/wp-content\/uploads\/2022\/01\/grid-double-standard-1.jpg\",\"width\":900,\"height\":900},{\"@type\":\"BreadcrumbList\",\"@id\":\"https:\/\/recoveryseed.cz\/produkt\/grid-double\/#breadcrumb\",\"itemListElement\":[{\"@type\":\"ListItem\",\"position\":1,\"name\":\"Dom\u016f\",\"item\":\"https:\/\/recoveryseed.cz\/\"},{\"@type\":\"ListItem\",\"position\":2,\"name\":\"Obchod\",\"item\":\"https:\/\/recoveryseed.cz\/eshop-recovery-seed-metal-plate\/\"},{\"@type\":\"ListItem\",\"position\":3,\"name\":\"GRID DOUBLE\"}]},{\"@type\":\"WebSite\",\"@id\":\"https:\/\/recoveryseed.cz\/en\/#website\",\"url\":\"https:\/\/recoveryseed.cz\/en\/\",\"name\":\"RecoverySeed.cz - Ulo\u017ete sv\u016fj crypto seed bezpe\u010dn\u011b!\",\"description\":\"\",\"publisher\":{\"@id\":\"https:\/\/recoveryseed.cz\/en\/#organization\"},\"potentialAction\":[{\"@type\":\"SearchAction\",\"target\":{\"@type\":\"EntryPoint\",\"urlTemplate\":\"https:\/\/recoveryseed.cz\/en\/?s={search_term_string}\"},\"query-input\":\"required name=search_term_string\"}],\"inLanguage\":\"pl-PL\"},{\"@type\":\"Organization\",\"@id\":\"https:\/\/recoveryseed.cz\/en\/#organization\",\"name\":\"Recovery Seed s.r.o.\",\"url\":\"https:\/\/recoveryseed.cz\/en\/\",\"logo\":{\"@type\":\"ImageObject\",\"inLanguage\":\"pl-PL\",\"@id\":\"https:\/\/recoveryseed.cz\/en\/#\/schema\/logo\/image\/\",\"url\":\"https:\/\/recoveryseed.cz\/wp-content\/uploads\/2020\/12\/cropped-CryptoSteel__2_-removebg-preview-e1607373653659.png\",\"contentUrl\":\"https:\/\/recoveryseed.cz\/wp-content\/uploads\/2020\/12\/cropped-CryptoSteel__2_-removebg-preview-e1607373653659.png\",\"width\":500,\"height\":88,\"caption\":\"Recovery Seed s.r.o.\"},\"image\":{\"@id\":\"https:\/\/recoveryseed.cz\/en\/#\/schema\/logo\/image\/\"},\"sameAs\":[\"https:\/\/www.facebook.com\/Recoveryseed.cz\",\"https:\/\/www.instagram.com\/recoveryseed.cz\/\"]}]}<\/script>\n<!-- \/ Yoast SEO plugin. -->","yoast_head_json":{"title":"Grid double | recoveryseed.cz","description":"Balen\u00ed obsahuje dvakr\u00e1t m\u0159\u00ed\u017ekovanou desti\u010dku z pr\u00e9miov\u00e9 oceli pro bezpe\u010dn\u00e9 ulo\u017een\u00ed va\u0161ich kryptom\u011bn. Objednejte si ho je\u0161t\u011b dnes.","robots":{"index":"index","follow":"follow","max-snippet":"max-snippet:-1","max-image-preview":"max-image-preview:large","max-video-preview":"max-video-preview:-1"},"canonical":"https:\/\/recoveryseed.cz\/pl\/product\/grid-double-2\/","og_locale":"pl_PL","og_type":"article","og_title":"Grid double | recoveryseed.cz","og_description":"Balen\u00ed obsahuje dvakr\u00e1t m\u0159\u00ed\u017ekovanou desti\u010dku z pr\u00e9miov\u00e9 oceli pro bezpe\u010dn\u00e9 ulo\u017een\u00ed va\u0161ich kryptom\u011bn. Objednejte si ho je\u0161t\u011b dnes.","og_url":"https:\/\/recoveryseed.cz\/pl\/product\/grid-double-2\/","og_site_name":"RecoverySeed.cz - Ulo\u017ete sv\u016fj crypto seed bezpe\u010dn\u011b!","article_publisher":"https:\/\/www.facebook.com\/Recoveryseed.cz","article_modified_time":"2023-03-12T09:17:46+00:00","og_image":[{"width":900,"height":900,"url":"https:\/\/recoveryseed.cz\/wp-content\/uploads\/2022\/01\/grid-double-standard-1.jpg","type":"image\/jpeg"}],"twitter_card":"summary_large_image","twitter_misc":{"Est. reading time":"2 minuty"},"schema":{"@context":"https:\/\/schema.org","@graph":[{"@type":"WebPage","@id":"https:\/\/recoveryseed.cz\/produkt\/grid-double\/","url":"https:\/\/recoveryseed.cz\/produkt\/grid-double\/","name":"Grid double | recoveryseed.cz","isPartOf":{"@id":"https:\/\/recoveryseed.cz\/en\/#website"},"primaryImageOfPage":{"@id":"https:\/\/recoveryseed.cz\/produkt\/grid-double\/#primaryimage"},"image":{"@id":"https:\/\/recoveryseed.cz\/produkt\/grid-double\/#primaryimage"},"thumbnailUrl":"https:\/\/recoveryseed.cz\/wp-content\/uploads\/2022\/01\/grid-double-standard-1.jpg","datePublished":"2022-01-03T22:32:20+00:00","dateModified":"2023-03-12T09:17:46+00:00","description":"Balen\u00ed obsahuje dvakr\u00e1t m\u0159\u00ed\u017ekovanou desti\u010dku z pr\u00e9miov\u00e9 oceli pro bezpe\u010dn\u00e9 ulo\u017een\u00ed va\u0161ich kryptom\u011bn. Objednejte si ho je\u0161t\u011b dnes.","breadcrumb":{"@id":"https:\/\/recoveryseed.cz\/produkt\/grid-double\/#breadcrumb"},"inLanguage":"pl-PL","potentialAction":[{"@type":"ReadAction","target":["https:\/\/recoveryseed.cz\/produkt\/grid-double\/"]}]},{"@type":"ImageObject","inLanguage":"pl-PL","@id":"https:\/\/recoveryseed.cz\/produkt\/grid-double\/#primaryimage","url":"https:\/\/recoveryseed.cz\/wp-content\/uploads\/2022\/01\/grid-double-standard-1.jpg","contentUrl":"https:\/\/recoveryseed.cz\/wp-content\/uploads\/2022\/01\/grid-double-standard-1.jpg","width":900,"height":900},{"@type":"BreadcrumbList","@id":"https:\/\/recoveryseed.cz\/produkt\/grid-double\/#breadcrumb","itemListElement":[{"@type":"ListItem","position":1,"name":"Dom\u016f","item":"https:\/\/recoveryseed.cz\/"},{"@type":"ListItem","position":2,"name":"Obchod","item":"https:\/\/recoveryseed.cz\/eshop-recovery-seed-metal-plate\/"},{"@type":"ListItem","position":3,"name":"GRID DOUBLE"}]},{"@type":"WebSite","@id":"https:\/\/recoveryseed.cz\/en\/#website","url":"https:\/\/recoveryseed.cz\/en\/","name":"RecoverySeed.cz - Ulo\u017ete sv\u016fj crypto seed bezpe\u010dn\u011b!","description":"","publisher":{"@id":"https:\/\/recoveryseed.cz\/en\/#organization"},"potentialAction":[{"@type":"SearchAction","target":{"@type":"EntryPoint","urlTemplate":"https:\/\/recoveryseed.cz\/en\/?s={search_term_string}"},"query-input":"required name=search_term_string"}],"inLanguage":"pl-PL"},{"@type":"Organization","@id":"https:\/\/recoveryseed.cz\/en\/#organization","name":"Recovery Seed s.r.o.","url":"https:\/\/recoveryseed.cz\/en\/","logo":{"@type":"ImageObject","inLanguage":"pl-PL","@id":"https:\/\/recoveryseed.cz\/en\/#\/schema\/logo\/image\/","url":"https:\/\/recoveryseed.cz\/wp-content\/uploads\/2020\/12\/cropped-CryptoSteel__2_-removebg-preview-e1607373653659.png","contentUrl":"https:\/\/recoveryseed.cz\/wp-content\/uploads\/2020\/12\/cropped-CryptoSteel__2_-removebg-preview-e1607373653659.png","width":500,"height":88,"caption":"Recovery Seed s.r.o."},"image":{"@id":"https:\/\/recoveryseed.cz\/en\/#\/schema\/logo\/image\/"},"sameAs":["https:\/\/www.facebook.com\/Recoveryseed.cz","https:\/\/www.instagram.com\/recoveryseed.cz\/"]}]}},"_links":{"self":[{"href":"https:\/\/recoveryseed.cz\/pl\/wp-json\/wp\/v2\/product\/4886"}],"collection":[{"href":"https:\/\/recoveryseed.cz\/pl\/wp-json\/wp\/v2\/product"}],"about":[{"href":"https:\/\/recoveryseed.cz\/pl\/wp-json\/wp\/v2\/types\/product"}],"version-history":[{"count":0,"href":"https:\/\/recoveryseed.cz\/pl\/wp-json\/wp\/v2\/product\/4886\/revisions"}],"wp:featuredmedia":[{"embeddable":true,"href":"https:\/\/recoveryseed.cz\/pl\/wp-json\/wp\/v2\/media\/5686"}],"wp:attachment":[{"href":"https:\/\/recoveryseed.cz\/pl\/wp-json\/wp\/v2\/media?parent=4886"}],"wp:term":[{"taxonomy":"product_cat","embeddable":true,"href":"https:\/\/recoveryseed.cz\/pl\/wp-json\/wp\/v2\/product_cat?post=4886"},{"taxonomy":"product_tag","embeddable":true,"href":"https:\/\/recoveryseed.cz\/pl\/wp-json\/wp\/v2\/product_tag?post=4886"}],"curies":[{"name":"wp","href":"https:\/\/api.w.org\/{rel}","templated":true}]}}