{"id":4923,"date":"2022-01-03T22:48:15","date_gmt":"2022-01-03T22:48:15","guid":{"rendered":"https:\/\/recoveryseed.cz\/?post_type=product&#038;p=4923"},"modified":"2026-01-14T14:52:21","modified_gmt":"2026-01-14T14:52:21","slug":"grid-two","status":"publish","type":"product","link":"https:\/\/recoveryseed.cz\/pl\/product\/grid-two\/","title":{"rendered":"GRID TWO"},"content":{"rendered":"<p class=\" translation-block\">P\u0142yty Recoveryseed.cz s\u0105 produkowane w <b>Czechach<\/b> z najwy\u017cszej jako\u015bci lustrzanej stali nierdzewnej.<\/p>\n<p>Zobacz pe\u0142n\u0105 wersj\u0119 <strong>GRID TWO<\/strong> Zawiera dwie p\u0142ytki bez o\u0142\u00f3wka do grawerowania lub o\u0142\u00f3wka automatycznego, dlatego zalecamy go na przyk\u0142ad jako rozszerzenie kopii zapasowej SHAMIR.<\/p>\n<p>Zobacz pe\u0142n\u0105 wersj\u0119<b> GRID<\/b> W przeciwie\u0144stwie do innych naszych produkt\u00f3w, nie ma dodatkowego tekstu ani logo Bitcoin, wi\u0119c na pierwszy rzut oka nie jest oczywiste, do czego s\u0142u\u017cy tabliczka.<\/p>\n<p class=\" translation-block\">Jest to stal <span style=\"font-weight: 400\">1.4307<\/span> o grubo\u015bci 1,5 mm - ochroni nasiona przed <b>wod\u0105, czasem i gor\u0105cem<\/b> - do 1510\u00b0.<\/p>\n<p class=\" translation-block\"><span style=\"font-weight: 400\">Ka\u017cda p\u0142ytka jest wst\u0119pnie zadrukowana 24 polami do przechowywania has\u0142a dost\u0119pu<\/span><b> BIP39<\/b><span style=\"font-weight: 400\"> w postaci 12, 18 lub 24 s\u0142\u00f3w. Materia\u0142 p\u0142ytki jest bardzo wytrzyma\u0142y i niemal niezniszczalny. B\u0142yszcz\u0105ca, lustrzana powierzchnia zapewnia doskona\u0142\u0105 widoczno\u015b\u0107 wygrawerowanych s\u0142\u00f3w.<\/p>\n<p>Ta wersja nie zawiera o\u0142\u00f3wka do grawerowania ani automatycznego wg\u0142\u0119bienia i nie jest pakowana na prezent.<\/p>\n<p><em>WA\u017bNA UWAGA! \u017baden produkt, czy to od nas, czy od jakiejkolwiek innej firmy, nigdy nie zagwarantuje ca\u0142kowitego bezpiecze\u0144stwa w sytuacjach takich jak ca\u0142kowite spalenie i zniszczenie budynku, w kt\u00f3rym nadal znajduj\u0105 si\u0119 chemikalia. Je\u015bli p\u0142yta rozgrzeje si\u0119 do temperatury 1500\u00b0, a nast\u0119pnie spadnie na ni\u0105 budynek lub dach, \u017cadne rozwi\u0105zanie dost\u0119pne na rynku nie uchroni u\u017cytkownika przed tak\u0105 sytuacj\u0105. Nie ma to jednak miejsca w przypadku SHAMIR BACKUP firmy TREZOR, gdzie mo\u017cna podzieli\u0107 siewnik na wiele lokalizacji i unikn\u0105\u0107 zniszczenia ca\u0142ego dost\u0119pu do portfela.\u00a0<\/em><\/p>","protected":false},"excerpt":{"rendered":"<p><span style=\"font-weight: 400;\">Zawarto\u015b\u0107 opakowania:<\/span><\/p>\n<p><span style=\"font-weight: 400;\">2x p\u0142ytka do odzyskiwania nasion wykonana z wysokiej jako\u015bci lustrzanej stali nierdzewnej<\/span><\/p>\n<p>1x \u015bciereczka do polerowania<\/p>","protected":false},"featured_media":5675,"template":"","meta":{"site-sidebar-layout":"default","site-content-layout":"default","ast-site-content-layout":"","site-content-style":"default","site-sidebar-style":"default","ast-global-header-display":"","ast-banner-title-visibility":"","ast-main-header-display":"","ast-hfb-above-header-display":"","ast-hfb-below-header-display":"","ast-hfb-mobile-header-display":"","site-post-title":"","ast-breadcrumbs-content":"","ast-featured-img":"","footer-sml-layout":"","theme-transparent-header-meta":"default","adv-header-id-meta":"","stick-header-meta":"","header-above-stick-meta":"","header-main-stick-meta":"","header-below-stick-meta":"","astra-migrate-meta-layouts":"default","ast-page-background-enabled":"default","ast-page-background-meta":{"desktop":{"background-color":"","background-image":"","background-repeat":"repeat","background-position":"center center","background-size":"auto","background-attachment":"scroll","background-type":"","background-media":"","overlay-type":"","overlay-color":"","overlay-opacity":"","overlay-gradient":""},"tablet":{"background-color":"","background-image":"","background-repeat":"repeat","background-position":"center center","background-size":"auto","background-attachment":"scroll","background-type":"","background-media":"","overlay-type":"","overlay-color":"","overlay-opacity":"","overlay-gradient":""},"mobile":{"background-color":"","background-image":"","background-repeat":"repeat","background-position":"center center","background-size":"auto","background-attachment":"scroll","background-type":"","background-media":"","overlay-type":"","overlay-color":"","overlay-opacity":"","overlay-gradient":""}},"ast-content-background-meta":{"desktop":{"background-color":"var(--ast-global-color-5)","background-image":"","background-repeat":"repeat","background-position":"center center","background-size":"auto","background-attachment":"scroll","background-type":"","background-media":"","overlay-type":"","overlay-color":"","overlay-opacity":"","overlay-gradient":""},"tablet":{"background-color":"var(--ast-global-color-5)","background-image":"","background-repeat":"repeat","background-position":"center center","background-size":"auto","background-attachment":"scroll","background-type":"","background-media":"","overlay-type":"","overlay-color":"","overlay-opacity":"","overlay-gradient":""},"mobile":{"background-color":"var(--ast-global-color-5)","background-image":"","background-repeat":"repeat","background-position":"center center","background-size":"auto","background-attachment":"scroll","background-type":"","background-media":"","overlay-type":"","overlay-color":"","overlay-opacity":"","overlay-gradient":""}}},"product_cat":[62],"product_tag":[],"yoast_head":"<!-- This site is optimized with the Yoast SEO plugin v23.0 - https:\/\/yoast.com\/wordpress\/plugins\/seo\/ -->\n<title>Grid two | recoveryseed.cz<\/title>\n<meta name=\"description\" content=\"Balen\u00ed obsahuje dvakr\u00e1t recovery seed m\u0159\u00ed\u017eku z nerezov\u00e9 oceli pro uchov\u00e1n\u00ed va\u0161ich kryptom\u011bn. Zajist\u011bte jim bezpe\u010d\u00ed. | recoveryseed.cz\" \/>\n<meta name=\"robots\" content=\"index, follow, max-snippet:-1, max-image-preview:large, max-video-preview:-1\" \/>\n<link rel=\"canonical\" href=\"https:\/\/recoveryseed.cz\/pl\/product\/grid-two\/\" \/>\n<meta property=\"og:locale\" content=\"pl_PL\" \/>\n<meta property=\"og:type\" content=\"article\" \/>\n<meta property=\"og:title\" content=\"Grid two | recoveryseed.cz\" \/>\n<meta property=\"og:description\" content=\"Balen\u00ed obsahuje dvakr\u00e1t recovery seed m\u0159\u00ed\u017eku z nerezov\u00e9 oceli pro uchov\u00e1n\u00ed va\u0161ich kryptom\u011bn. Zajist\u011bte jim bezpe\u010d\u00ed. | recoveryseed.cz\" \/>\n<meta property=\"og:url\" content=\"https:\/\/recoveryseed.cz\/pl\/product\/grid-two\/\" \/>\n<meta property=\"og:site_name\" content=\"RecoverySeed.cz - Ulo\u017ete sv\u016fj crypto seed bezpe\u010dn\u011b!\" \/>\n<meta property=\"article:publisher\" content=\"https:\/\/www.facebook.com\/Recoveryseed.cz\" \/>\n<meta property=\"article:modified_time\" content=\"2026-01-14T14:52:21+00:00\" \/>\n<meta property=\"og:image\" content=\"https:\/\/recoveryseed.cz\/wp-content\/uploads\/2022\/01\/double-grid-punch.jpg\" \/>\n\t<meta property=\"og:image:width\" content=\"900\" \/>\n\t<meta property=\"og:image:height\" content=\"900\" \/>\n\t<meta property=\"og:image:type\" content=\"image\/jpeg\" \/>\n<meta name=\"twitter:card\" content=\"summary_large_image\" \/>\n<meta name=\"twitter:label1\" content=\"Est. reading time\" \/>\n\t<meta name=\"twitter:data1\" content=\"2 minuty\" \/>\n<script type=\"application\/ld+json\" class=\"yoast-schema-graph\">{\"@context\":\"https:\/\/schema.org\",\"@graph\":[{\"@type\":\"WebPage\",\"@id\":\"https:\/\/recoveryseed.cz\/produkt\/grid-two\/\",\"url\":\"https:\/\/recoveryseed.cz\/produkt\/grid-two\/\",\"name\":\"Grid two | recoveryseed.cz\",\"isPartOf\":{\"@id\":\"https:\/\/recoveryseed.cz\/en\/#website\"},\"primaryImageOfPage\":{\"@id\":\"https:\/\/recoveryseed.cz\/produkt\/grid-two\/#primaryimage\"},\"image\":{\"@id\":\"https:\/\/recoveryseed.cz\/produkt\/grid-two\/#primaryimage\"},\"thumbnailUrl\":\"https:\/\/recoveryseed.cz\/wp-content\/uploads\/2022\/01\/double-grid-punch.jpg\",\"datePublished\":\"2022-01-03T22:48:15+00:00\",\"dateModified\":\"2026-01-14T14:52:21+00:00\",\"description\":\"Balen\u00ed obsahuje dvakr\u00e1t recovery seed m\u0159\u00ed\u017eku z nerezov\u00e9 oceli pro uchov\u00e1n\u00ed va\u0161ich kryptom\u011bn. Zajist\u011bte jim bezpe\u010d\u00ed. | recoveryseed.cz\",\"breadcrumb\":{\"@id\":\"https:\/\/recoveryseed.cz\/produkt\/grid-two\/#breadcrumb\"},\"inLanguage\":\"pl-PL\",\"potentialAction\":[{\"@type\":\"ReadAction\",\"target\":[\"https:\/\/recoveryseed.cz\/produkt\/grid-two\/\"]}]},{\"@type\":\"ImageObject\",\"inLanguage\":\"pl-PL\",\"@id\":\"https:\/\/recoveryseed.cz\/produkt\/grid-two\/#primaryimage\",\"url\":\"https:\/\/recoveryseed.cz\/wp-content\/uploads\/2022\/01\/double-grid-punch.jpg\",\"contentUrl\":\"https:\/\/recoveryseed.cz\/wp-content\/uploads\/2022\/01\/double-grid-punch.jpg\",\"width\":900,\"height\":900},{\"@type\":\"BreadcrumbList\",\"@id\":\"https:\/\/recoveryseed.cz\/produkt\/grid-two\/#breadcrumb\",\"itemListElement\":[{\"@type\":\"ListItem\",\"position\":1,\"name\":\"Dom\u016f\",\"item\":\"https:\/\/recoveryseed.cz\/\"},{\"@type\":\"ListItem\",\"position\":2,\"name\":\"Obchod\",\"item\":\"https:\/\/recoveryseed.cz\/eshop-recovery-seed-metal-plate\/\"},{\"@type\":\"ListItem\",\"position\":3,\"name\":\"GRID TWO\"}]},{\"@type\":\"WebSite\",\"@id\":\"https:\/\/recoveryseed.cz\/en\/#website\",\"url\":\"https:\/\/recoveryseed.cz\/en\/\",\"name\":\"RecoverySeed.cz - Ulo\u017ete sv\u016fj crypto seed bezpe\u010dn\u011b!\",\"description\":\"\",\"publisher\":{\"@id\":\"https:\/\/recoveryseed.cz\/en\/#organization\"},\"potentialAction\":[{\"@type\":\"SearchAction\",\"target\":{\"@type\":\"EntryPoint\",\"urlTemplate\":\"https:\/\/recoveryseed.cz\/en\/?s={search_term_string}\"},\"query-input\":\"required name=search_term_string\"}],\"inLanguage\":\"pl-PL\"},{\"@type\":\"Organization\",\"@id\":\"https:\/\/recoveryseed.cz\/en\/#organization\",\"name\":\"Recovery Seed s.r.o.\",\"url\":\"https:\/\/recoveryseed.cz\/en\/\",\"logo\":{\"@type\":\"ImageObject\",\"inLanguage\":\"pl-PL\",\"@id\":\"https:\/\/recoveryseed.cz\/en\/#\/schema\/logo\/image\/\",\"url\":\"https:\/\/recoveryseed.cz\/wp-content\/uploads\/2020\/12\/cropped-CryptoSteel__2_-removebg-preview-e1607373653659.png\",\"contentUrl\":\"https:\/\/recoveryseed.cz\/wp-content\/uploads\/2020\/12\/cropped-CryptoSteel__2_-removebg-preview-e1607373653659.png\",\"width\":500,\"height\":88,\"caption\":\"Recovery Seed s.r.o.\"},\"image\":{\"@id\":\"https:\/\/recoveryseed.cz\/en\/#\/schema\/logo\/image\/\"},\"sameAs\":[\"https:\/\/www.facebook.com\/Recoveryseed.cz\",\"https:\/\/www.instagram.com\/recoveryseed.cz\/\"]}]}<\/script>\n<!-- \/ Yoast SEO plugin. -->","yoast_head_json":{"title":"Grid two | recoveryseed.cz","description":"Balen\u00ed obsahuje dvakr\u00e1t recovery seed m\u0159\u00ed\u017eku z nerezov\u00e9 oceli pro uchov\u00e1n\u00ed va\u0161ich kryptom\u011bn. Zajist\u011bte jim bezpe\u010d\u00ed. | recoveryseed.cz","robots":{"index":"index","follow":"follow","max-snippet":"max-snippet:-1","max-image-preview":"max-image-preview:large","max-video-preview":"max-video-preview:-1"},"canonical":"https:\/\/recoveryseed.cz\/pl\/product\/grid-two\/","og_locale":"pl_PL","og_type":"article","og_title":"Grid two | recoveryseed.cz","og_description":"Balen\u00ed obsahuje dvakr\u00e1t recovery seed m\u0159\u00ed\u017eku z nerezov\u00e9 oceli pro uchov\u00e1n\u00ed va\u0161ich kryptom\u011bn. Zajist\u011bte jim bezpe\u010d\u00ed. | recoveryseed.cz","og_url":"https:\/\/recoveryseed.cz\/pl\/product\/grid-two\/","og_site_name":"RecoverySeed.cz - Ulo\u017ete sv\u016fj crypto seed bezpe\u010dn\u011b!","article_publisher":"https:\/\/www.facebook.com\/Recoveryseed.cz","article_modified_time":"2026-01-14T14:52:21+00:00","og_image":[{"width":900,"height":900,"url":"https:\/\/recoveryseed.cz\/wp-content\/uploads\/2022\/01\/double-grid-punch.jpg","type":"image\/jpeg"}],"twitter_card":"summary_large_image","twitter_misc":{"Est. reading time":"2 minuty"},"schema":{"@context":"https:\/\/schema.org","@graph":[{"@type":"WebPage","@id":"https:\/\/recoveryseed.cz\/produkt\/grid-two\/","url":"https:\/\/recoveryseed.cz\/produkt\/grid-two\/","name":"Grid two | recoveryseed.cz","isPartOf":{"@id":"https:\/\/recoveryseed.cz\/en\/#website"},"primaryImageOfPage":{"@id":"https:\/\/recoveryseed.cz\/produkt\/grid-two\/#primaryimage"},"image":{"@id":"https:\/\/recoveryseed.cz\/produkt\/grid-two\/#primaryimage"},"thumbnailUrl":"https:\/\/recoveryseed.cz\/wp-content\/uploads\/2022\/01\/double-grid-punch.jpg","datePublished":"2022-01-03T22:48:15+00:00","dateModified":"2026-01-14T14:52:21+00:00","description":"Balen\u00ed obsahuje dvakr\u00e1t recovery seed m\u0159\u00ed\u017eku z nerezov\u00e9 oceli pro uchov\u00e1n\u00ed va\u0161ich kryptom\u011bn. Zajist\u011bte jim bezpe\u010d\u00ed. | recoveryseed.cz","breadcrumb":{"@id":"https:\/\/recoveryseed.cz\/produkt\/grid-two\/#breadcrumb"},"inLanguage":"pl-PL","potentialAction":[{"@type":"ReadAction","target":["https:\/\/recoveryseed.cz\/produkt\/grid-two\/"]}]},{"@type":"ImageObject","inLanguage":"pl-PL","@id":"https:\/\/recoveryseed.cz\/produkt\/grid-two\/#primaryimage","url":"https:\/\/recoveryseed.cz\/wp-content\/uploads\/2022\/01\/double-grid-punch.jpg","contentUrl":"https:\/\/recoveryseed.cz\/wp-content\/uploads\/2022\/01\/double-grid-punch.jpg","width":900,"height":900},{"@type":"BreadcrumbList","@id":"https:\/\/recoveryseed.cz\/produkt\/grid-two\/#breadcrumb","itemListElement":[{"@type":"ListItem","position":1,"name":"Dom\u016f","item":"https:\/\/recoveryseed.cz\/"},{"@type":"ListItem","position":2,"name":"Obchod","item":"https:\/\/recoveryseed.cz\/eshop-recovery-seed-metal-plate\/"},{"@type":"ListItem","position":3,"name":"GRID TWO"}]},{"@type":"WebSite","@id":"https:\/\/recoveryseed.cz\/en\/#website","url":"https:\/\/recoveryseed.cz\/en\/","name":"RecoverySeed.cz - Ulo\u017ete sv\u016fj crypto seed bezpe\u010dn\u011b!","description":"","publisher":{"@id":"https:\/\/recoveryseed.cz\/en\/#organization"},"potentialAction":[{"@type":"SearchAction","target":{"@type":"EntryPoint","urlTemplate":"https:\/\/recoveryseed.cz\/en\/?s={search_term_string}"},"query-input":"required name=search_term_string"}],"inLanguage":"pl-PL"},{"@type":"Organization","@id":"https:\/\/recoveryseed.cz\/en\/#organization","name":"Recovery Seed s.r.o.","url":"https:\/\/recoveryseed.cz\/en\/","logo":{"@type":"ImageObject","inLanguage":"pl-PL","@id":"https:\/\/recoveryseed.cz\/en\/#\/schema\/logo\/image\/","url":"https:\/\/recoveryseed.cz\/wp-content\/uploads\/2020\/12\/cropped-CryptoSteel__2_-removebg-preview-e1607373653659.png","contentUrl":"https:\/\/recoveryseed.cz\/wp-content\/uploads\/2020\/12\/cropped-CryptoSteel__2_-removebg-preview-e1607373653659.png","width":500,"height":88,"caption":"Recovery Seed s.r.o."},"image":{"@id":"https:\/\/recoveryseed.cz\/en\/#\/schema\/logo\/image\/"},"sameAs":["https:\/\/www.facebook.com\/Recoveryseed.cz","https:\/\/www.instagram.com\/recoveryseed.cz\/"]}]}},"_links":{"self":[{"href":"https:\/\/recoveryseed.cz\/pl\/wp-json\/wp\/v2\/product\/4923"}],"collection":[{"href":"https:\/\/recoveryseed.cz\/pl\/wp-json\/wp\/v2\/product"}],"about":[{"href":"https:\/\/recoveryseed.cz\/pl\/wp-json\/wp\/v2\/types\/product"}],"version-history":[{"count":1,"href":"https:\/\/recoveryseed.cz\/pl\/wp-json\/wp\/v2\/product\/4923\/revisions"}],"predecessor-version":[{"id":6816,"href":"https:\/\/recoveryseed.cz\/pl\/wp-json\/wp\/v2\/product\/4923\/revisions\/6816"}],"wp:featuredmedia":[{"embeddable":true,"href":"https:\/\/recoveryseed.cz\/pl\/wp-json\/wp\/v2\/media\/5675"}],"wp:attachment":[{"href":"https:\/\/recoveryseed.cz\/pl\/wp-json\/wp\/v2\/media?parent=4923"}],"wp:term":[{"taxonomy":"product_cat","embeddable":true,"href":"https:\/\/recoveryseed.cz\/pl\/wp-json\/wp\/v2\/product_cat?post=4923"},{"taxonomy":"product_tag","embeddable":true,"href":"https:\/\/recoveryseed.cz\/pl\/wp-json\/wp\/v2\/product_tag?post=4923"}],"curies":[{"name":"wp","href":"https:\/\/api.w.org\/{rel}","templated":true}]}}