{"id":5658,"date":"2022-10-19T07:58:55","date_gmt":"2022-10-19T07:58:55","guid":{"rendered":"https:\/\/recoveryseed.cz\/?post_type=product&#038;p=5658"},"modified":"2026-01-14T14:52:11","modified_gmt":"2026-01-14T14:52:11","slug":"grid-punch-shamir-backup","status":"publish","type":"product","link":"https:\/\/recoveryseed.cz\/pl\/product\/grid-punch-shamir-backup\/","title":{"rendered":"KOPIA ZAPASOWA SIATKI SHAMIR"},"content":{"rendered":"<p class=\" translation-block\"><span style=\"font-size: 15px\">P\u0142yty Recoveryseed.cz s\u0105 produkowane w <b>Czechach<\/b> z najwy\u017cszej jako\u015bci lustrzanej stali nierdzewnej.<\/span>.<\/p>\n<p>Zobacz pe\u0142n\u0105 wersj\u0119 <strong>GRID<\/strong>\u00a0<b>SHAMIR BACKUP <\/b>Zawiera <b>4<\/b> Ta kombinacja jest zalecana dla rozwi\u0105zania Shamir oferowanego przez Trezor dla ich sprz\u0119towego sejfu portfela model T. Ten ostateczny backup nasion jest jednym z najbezpieczniejszych w historii!<\/p>\n<p>W przeciwie\u0144stwie do innych naszych produkt\u00f3w, nie ma dodatkowego tekstu ani logo Bitcoin, wi\u0119c na pierwszy rzut oka nie jest oczywiste, do czego s\u0142u\u017cy tabliczka.<\/p>\n<p class=\" translation-block\">Jest to stal <span style=\"font-weight: 400\">1.4307<\/span> o grubo\u015bci 1,5 mm - ochroni nasiona przed <b>wod\u0105, czasem i gor\u0105cem<\/b> - do 1510\u00b0.<\/p>\n<p><strong style=\"font-size: 15px;\">Je\u015bli chcesz, mo\u017cesz doda\u0107 wi\u0119cej element\u00f3w do koszyka, aby zwi\u0119kszy\u0107 liczb\u0119 mo\u017cliwych miejsc do przechowywania.<\/strong><\/p>\n<p>Aby uzyska\u0107 najlepsze wyja\u015bnienie, zacytujemy Marka Palatinusa:<\/p>\n<blockquote><p>\"Dotychczasowa praktyka, zgodnie z kt\u00f3r\u0105 w przypadku zgubienia lub zapomnienia klucza kryptowaluty, do jego odzyskania wystarcza\u0142a pojedyncza fraza (tzw. recovery seed) sk\u0142adaj\u0105ca si\u0119 ze s\u0142\u00f3w w okre\u015blonej kolejno\u015bci, jest obecnie zast\u0119powana przez bardziej wyrafinowany system. U\u017cytkownicy mog\u0105 teraz podzieli\u0107 pojedyncz\u0105 fraz\u0119 seed na kilka. U\u017cytkownicy maj\u0105 narz\u0119dzia do odzyskiwania danych praktycznie przechowywane tylko w jednej fizycznej lokalizacji, zwykle zapisane na papierze i ukryte w sejfie. Teraz mog\u0105 dzieli\u0107 i dystrybuowa\u0107 swoje nasiona do wielu lokalizacji lub do wielu zaufanych os\u00f3b. To znacznie zwi\u0119ksza odporno\u015b\u0107 na kradzie\u017c, utrat\u0119 lub uszkodzenie seedu. Wp\u0142yw podzia\u0142u frazy jest r\u00f3wnie\u017c zauwa\u017calny dzi\u0119ki Shamir Backup w przypadku post\u0119powania spadkowego - tak, aby tylko jedna osoba nie mog\u0142a odzyska\u0107 portfela. Ponadto u\u017cytkownicy mog\u0105 zdecydowa\u0107, czy do przywr\u00f3cenia dost\u0119pu potrzebuj\u0105 wszystkich cz\u0119\u015bci, czy tylko niekt\u00f3rych z nich. R\u00f3wnie\u017c dzi\u0119ki tym unikalnym, wybranym przez cz\u0142owieka konfiguracjom, portfel kryptowalutowy mo\u017ce by\u0107 teraz jeszcze lepiej chroniony\" - opisuje Marek Palatinus aka Slush.<\/p><\/blockquote>\n<p class=\" translation-block\">Ka\u017cda p\u0142ytka jest wst\u0119pnie zadrukowana 24 polami do przechowywania has\u0142a dost\u0119pu <strong>BIP39<\/strong> w postaci 12, 18 lub 24 s\u0142\u00f3w. Materia\u0142 p\u0142ytki jest bardzo wytrzyma\u0142y i niemal niezniszczalny. B\u0142yszcz\u0105ca, lustrzana powierzchnia gwarantuje bezproblemow\u0105 widoczno\u015b\u0107 wygrawerowanych s\u0142\u00f3w.<\/p>\n<p class=\" translation-block\">Ta wersja jest standardowo zapakowana w <strong>prezentow\u0105<\/strong> wersj\u0119.<\/p>\n<p><em>WA\u017bNA UWAGA! \u017baden produkt, czy to od nas, czy od jakiejkolwiek innej firmy, nigdy nie zagwarantuje ca\u0142kowitego bezpiecze\u0144stwa w sytuacjach takich jak ca\u0142kowite spalenie i zniszczenie budynku, w kt\u00f3rym nadal znajduj\u0105 si\u0119 chemikalia. Je\u015bli p\u0142yta rozgrzeje si\u0119 do 1500\u00b0, a nast\u0119pnie spadnie na ni\u0105 budynek lub dach, \u017cadne rozwi\u0105zanie dost\u0119pne na rynku nie uratuje Ci\u0119 przed tak\u0105 sytuacj\u0105. Inaczej jest w przypadku SHAMIR BACKUP firmy TREZOR, gdzie mo\u017cna podzieli\u0107 siewnik na wiele lokalizacji i unikn\u0105\u0107 zniszczenia ca\u0142ego dost\u0119pu do portfela.  Automatyczny dziurkacz mo\u017ce wykona\u0107 \u015bwietny seed na stalowej p\u0142ytce, zobacz nasze testy i recenzje.<\/em><\/p>","protected":false},"excerpt":{"rendered":"<p>Zawarto\u015b\u0107 opakowania Kopia zapasowa Shamir:<\/p>\n<p>4-krotna p\u0142yta do odzyskiwania nasion wykonana z lustrzanej stali nierdzewnej premium<\/p>\n<p>1x automatyczny dziurkacz<\/p>\n<p>1x chusteczka czyszcz\u0105ca<\/p>","protected":false},"featured_media":5664,"template":"","meta":{"site-sidebar-layout":"default","site-content-layout":"default","ast-site-content-layout":"","site-content-style":"default","site-sidebar-style":"default","ast-global-header-display":"","ast-banner-title-visibility":"","ast-main-header-display":"","ast-hfb-above-header-display":"","ast-hfb-below-header-display":"","ast-hfb-mobile-header-display":"","site-post-title":"","ast-breadcrumbs-content":"","ast-featured-img":"","footer-sml-layout":"","theme-transparent-header-meta":"default","adv-header-id-meta":"","stick-header-meta":"","header-above-stick-meta":"","header-main-stick-meta":"","header-below-stick-meta":"","astra-migrate-meta-layouts":"default","ast-page-background-enabled":"default","ast-page-background-meta":{"desktop":{"background-color":"","background-image":"","background-repeat":"repeat","background-position":"center center","background-size":"auto","background-attachment":"scroll","background-type":"","background-media":"","overlay-type":"","overlay-color":"","overlay-opacity":"","overlay-gradient":""},"tablet":{"background-color":"","background-image":"","background-repeat":"repeat","background-position":"center center","background-size":"auto","background-attachment":"scroll","background-type":"","background-media":"","overlay-type":"","overlay-color":"","overlay-opacity":"","overlay-gradient":""},"mobile":{"background-color":"","background-image":"","background-repeat":"repeat","background-position":"center center","background-size":"auto","background-attachment":"scroll","background-type":"","background-media":"","overlay-type":"","overlay-color":"","overlay-opacity":"","overlay-gradient":""}},"ast-content-background-meta":{"desktop":{"background-color":"var(--ast-global-color-5)","background-image":"","background-repeat":"repeat","background-position":"center center","background-size":"auto","background-attachment":"scroll","background-type":"","background-media":"","overlay-type":"","overlay-color":"","overlay-opacity":"","overlay-gradient":""},"tablet":{"background-color":"var(--ast-global-color-5)","background-image":"","background-repeat":"repeat","background-position":"center center","background-size":"auto","background-attachment":"scroll","background-type":"","background-media":"","overlay-type":"","overlay-color":"","overlay-opacity":"","overlay-gradient":""},"mobile":{"background-color":"var(--ast-global-color-5)","background-image":"","background-repeat":"repeat","background-position":"center center","background-size":"auto","background-attachment":"scroll","background-type":"","background-media":"","overlay-type":"","overlay-color":"","overlay-opacity":"","overlay-gradient":""}}},"product_cat":[62],"product_tag":[],"yoast_head":"<!-- This site is optimized with the Yoast SEO plugin v23.0 - https:\/\/yoast.com\/wordpress\/plugins\/seo\/ -->\n<title>Grid punch shamir backup | recoveryseed.cz<\/title>\n<meta name=\"description\" content=\"Balen\u00ed Shamir backup obsahuje 4 recovery seed m\u0159\u00ed\u017eky z pr\u00e9miov\u00e9 zrcadlov\u00e9 nerezov\u00e9 oceli. Prohl\u00e9dn\u011bte si na\u0161e produkty.\" \/>\n<meta name=\"robots\" content=\"index, follow, max-snippet:-1, max-image-preview:large, max-video-preview:-1\" \/>\n<link rel=\"canonical\" href=\"https:\/\/recoveryseed.cz\/pl\/product\/grid-punch-shamir-backup\/\" \/>\n<meta property=\"og:locale\" content=\"pl_PL\" \/>\n<meta property=\"og:type\" content=\"article\" \/>\n<meta property=\"og:title\" content=\"Grid punch shamir backup | recoveryseed.cz\" \/>\n<meta property=\"og:description\" content=\"Balen\u00ed Shamir backup obsahuje 4 recovery seed m\u0159\u00ed\u017eky z pr\u00e9miov\u00e9 zrcadlov\u00e9 nerezov\u00e9 oceli. Prohl\u00e9dn\u011bte si na\u0161e produkty.\" \/>\n<meta property=\"og:url\" content=\"https:\/\/recoveryseed.cz\/pl\/product\/grid-punch-shamir-backup\/\" \/>\n<meta property=\"og:site_name\" content=\"RecoverySeed.cz - Ulo\u017ete sv\u016fj crypto seed bezpe\u010dn\u011b!\" \/>\n<meta property=\"article:publisher\" content=\"https:\/\/www.facebook.com\/Recoveryseed.cz\" \/>\n<meta property=\"article:modified_time\" content=\"2026-01-14T14:52:11+00:00\" \/>\n<meta property=\"og:image\" content=\"https:\/\/recoveryseed.cz\/wp-content\/uploads\/2022\/10\/grid-shamir-punch-1.jpg\" \/>\n\t<meta property=\"og:image:width\" content=\"900\" \/>\n\t<meta property=\"og:image:height\" content=\"900\" \/>\n\t<meta property=\"og:image:type\" content=\"image\/jpeg\" \/>\n<meta name=\"twitter:card\" content=\"summary_large_image\" \/>\n<meta name=\"twitter:label1\" content=\"Est. reading time\" \/>\n\t<meta name=\"twitter:data1\" content=\"2 minuty\" \/>\n<script type=\"application\/ld+json\" class=\"yoast-schema-graph\">{\"@context\":\"https:\/\/schema.org\",\"@graph\":[{\"@type\":\"WebPage\",\"@id\":\"https:\/\/recoveryseed.cz\/produkt\/grid-punch-shamir-backup\/\",\"url\":\"https:\/\/recoveryseed.cz\/produkt\/grid-punch-shamir-backup\/\",\"name\":\"Grid punch shamir backup | recoveryseed.cz\",\"isPartOf\":{\"@id\":\"https:\/\/recoveryseed.cz\/en\/#website\"},\"primaryImageOfPage\":{\"@id\":\"https:\/\/recoveryseed.cz\/produkt\/grid-punch-shamir-backup\/#primaryimage\"},\"image\":{\"@id\":\"https:\/\/recoveryseed.cz\/produkt\/grid-punch-shamir-backup\/#primaryimage\"},\"thumbnailUrl\":\"https:\/\/recoveryseed.cz\/wp-content\/uploads\/2022\/10\/grid-shamir-punch-1.jpg\",\"datePublished\":\"2022-10-19T07:58:55+00:00\",\"dateModified\":\"2026-01-14T14:52:11+00:00\",\"description\":\"Balen\u00ed Shamir backup obsahuje 4 recovery seed m\u0159\u00ed\u017eky z pr\u00e9miov\u00e9 zrcadlov\u00e9 nerezov\u00e9 oceli. Prohl\u00e9dn\u011bte si na\u0161e produkty.\",\"breadcrumb\":{\"@id\":\"https:\/\/recoveryseed.cz\/produkt\/grid-punch-shamir-backup\/#breadcrumb\"},\"inLanguage\":\"pl-PL\",\"potentialAction\":[{\"@type\":\"ReadAction\",\"target\":[\"https:\/\/recoveryseed.cz\/produkt\/grid-punch-shamir-backup\/\"]}]},{\"@type\":\"ImageObject\",\"inLanguage\":\"pl-PL\",\"@id\":\"https:\/\/recoveryseed.cz\/produkt\/grid-punch-shamir-backup\/#primaryimage\",\"url\":\"https:\/\/recoveryseed.cz\/wp-content\/uploads\/2022\/10\/grid-shamir-punch-1.jpg\",\"contentUrl\":\"https:\/\/recoveryseed.cz\/wp-content\/uploads\/2022\/10\/grid-shamir-punch-1.jpg\",\"width\":900,\"height\":900},{\"@type\":\"BreadcrumbList\",\"@id\":\"https:\/\/recoveryseed.cz\/produkt\/grid-punch-shamir-backup\/#breadcrumb\",\"itemListElement\":[{\"@type\":\"ListItem\",\"position\":1,\"name\":\"Dom\u016f\",\"item\":\"https:\/\/recoveryseed.cz\/\"},{\"@type\":\"ListItem\",\"position\":2,\"name\":\"Obchod\",\"item\":\"https:\/\/recoveryseed.cz\/eshop-recovery-seed-metal-plate\/\"},{\"@type\":\"ListItem\",\"position\":3,\"name\":\"GRID PUNCH SHAMIR BACKUP\"}]},{\"@type\":\"WebSite\",\"@id\":\"https:\/\/recoveryseed.cz\/en\/#website\",\"url\":\"https:\/\/recoveryseed.cz\/en\/\",\"name\":\"RecoverySeed.cz - Ulo\u017ete sv\u016fj crypto seed bezpe\u010dn\u011b!\",\"description\":\"\",\"publisher\":{\"@id\":\"https:\/\/recoveryseed.cz\/en\/#organization\"},\"potentialAction\":[{\"@type\":\"SearchAction\",\"target\":{\"@type\":\"EntryPoint\",\"urlTemplate\":\"https:\/\/recoveryseed.cz\/en\/?s={search_term_string}\"},\"query-input\":\"required name=search_term_string\"}],\"inLanguage\":\"pl-PL\"},{\"@type\":\"Organization\",\"@id\":\"https:\/\/recoveryseed.cz\/en\/#organization\",\"name\":\"Recovery Seed s.r.o.\",\"url\":\"https:\/\/recoveryseed.cz\/en\/\",\"logo\":{\"@type\":\"ImageObject\",\"inLanguage\":\"pl-PL\",\"@id\":\"https:\/\/recoveryseed.cz\/en\/#\/schema\/logo\/image\/\",\"url\":\"https:\/\/recoveryseed.cz\/wp-content\/uploads\/2020\/12\/cropped-CryptoSteel__2_-removebg-preview-e1607373653659.png\",\"contentUrl\":\"https:\/\/recoveryseed.cz\/wp-content\/uploads\/2020\/12\/cropped-CryptoSteel__2_-removebg-preview-e1607373653659.png\",\"width\":500,\"height\":88,\"caption\":\"Recovery Seed s.r.o.\"},\"image\":{\"@id\":\"https:\/\/recoveryseed.cz\/en\/#\/schema\/logo\/image\/\"},\"sameAs\":[\"https:\/\/www.facebook.com\/Recoveryseed.cz\",\"https:\/\/www.instagram.com\/recoveryseed.cz\/\"]}]}<\/script>\n<!-- \/ Yoast SEO plugin. -->","yoast_head_json":{"title":"Grid punch shamir backup | recoveryseed.cz","description":"Balen\u00ed Shamir backup obsahuje 4 recovery seed m\u0159\u00ed\u017eky z pr\u00e9miov\u00e9 zrcadlov\u00e9 nerezov\u00e9 oceli. Prohl\u00e9dn\u011bte si na\u0161e produkty.","robots":{"index":"index","follow":"follow","max-snippet":"max-snippet:-1","max-image-preview":"max-image-preview:large","max-video-preview":"max-video-preview:-1"},"canonical":"https:\/\/recoveryseed.cz\/pl\/product\/grid-punch-shamir-backup\/","og_locale":"pl_PL","og_type":"article","og_title":"Grid punch shamir backup | recoveryseed.cz","og_description":"Balen\u00ed Shamir backup obsahuje 4 recovery seed m\u0159\u00ed\u017eky z pr\u00e9miov\u00e9 zrcadlov\u00e9 nerezov\u00e9 oceli. Prohl\u00e9dn\u011bte si na\u0161e produkty.","og_url":"https:\/\/recoveryseed.cz\/pl\/product\/grid-punch-shamir-backup\/","og_site_name":"RecoverySeed.cz - Ulo\u017ete sv\u016fj crypto seed bezpe\u010dn\u011b!","article_publisher":"https:\/\/www.facebook.com\/Recoveryseed.cz","article_modified_time":"2026-01-14T14:52:11+00:00","og_image":[{"width":900,"height":900,"url":"https:\/\/recoveryseed.cz\/wp-content\/uploads\/2022\/10\/grid-shamir-punch-1.jpg","type":"image\/jpeg"}],"twitter_card":"summary_large_image","twitter_misc":{"Est. reading time":"2 minuty"},"schema":{"@context":"https:\/\/schema.org","@graph":[{"@type":"WebPage","@id":"https:\/\/recoveryseed.cz\/produkt\/grid-punch-shamir-backup\/","url":"https:\/\/recoveryseed.cz\/produkt\/grid-punch-shamir-backup\/","name":"Grid punch shamir backup | recoveryseed.cz","isPartOf":{"@id":"https:\/\/recoveryseed.cz\/en\/#website"},"primaryImageOfPage":{"@id":"https:\/\/recoveryseed.cz\/produkt\/grid-punch-shamir-backup\/#primaryimage"},"image":{"@id":"https:\/\/recoveryseed.cz\/produkt\/grid-punch-shamir-backup\/#primaryimage"},"thumbnailUrl":"https:\/\/recoveryseed.cz\/wp-content\/uploads\/2022\/10\/grid-shamir-punch-1.jpg","datePublished":"2022-10-19T07:58:55+00:00","dateModified":"2026-01-14T14:52:11+00:00","description":"Balen\u00ed Shamir backup obsahuje 4 recovery seed m\u0159\u00ed\u017eky z pr\u00e9miov\u00e9 zrcadlov\u00e9 nerezov\u00e9 oceli. Prohl\u00e9dn\u011bte si na\u0161e produkty.","breadcrumb":{"@id":"https:\/\/recoveryseed.cz\/produkt\/grid-punch-shamir-backup\/#breadcrumb"},"inLanguage":"pl-PL","potentialAction":[{"@type":"ReadAction","target":["https:\/\/recoveryseed.cz\/produkt\/grid-punch-shamir-backup\/"]}]},{"@type":"ImageObject","inLanguage":"pl-PL","@id":"https:\/\/recoveryseed.cz\/produkt\/grid-punch-shamir-backup\/#primaryimage","url":"https:\/\/recoveryseed.cz\/wp-content\/uploads\/2022\/10\/grid-shamir-punch-1.jpg","contentUrl":"https:\/\/recoveryseed.cz\/wp-content\/uploads\/2022\/10\/grid-shamir-punch-1.jpg","width":900,"height":900},{"@type":"BreadcrumbList","@id":"https:\/\/recoveryseed.cz\/produkt\/grid-punch-shamir-backup\/#breadcrumb","itemListElement":[{"@type":"ListItem","position":1,"name":"Dom\u016f","item":"https:\/\/recoveryseed.cz\/"},{"@type":"ListItem","position":2,"name":"Obchod","item":"https:\/\/recoveryseed.cz\/eshop-recovery-seed-metal-plate\/"},{"@type":"ListItem","position":3,"name":"GRID PUNCH SHAMIR BACKUP"}]},{"@type":"WebSite","@id":"https:\/\/recoveryseed.cz\/en\/#website","url":"https:\/\/recoveryseed.cz\/en\/","name":"RecoverySeed.cz - Ulo\u017ete sv\u016fj crypto seed bezpe\u010dn\u011b!","description":"","publisher":{"@id":"https:\/\/recoveryseed.cz\/en\/#organization"},"potentialAction":[{"@type":"SearchAction","target":{"@type":"EntryPoint","urlTemplate":"https:\/\/recoveryseed.cz\/en\/?s={search_term_string}"},"query-input":"required name=search_term_string"}],"inLanguage":"pl-PL"},{"@type":"Organization","@id":"https:\/\/recoveryseed.cz\/en\/#organization","name":"Recovery Seed s.r.o.","url":"https:\/\/recoveryseed.cz\/en\/","logo":{"@type":"ImageObject","inLanguage":"pl-PL","@id":"https:\/\/recoveryseed.cz\/en\/#\/schema\/logo\/image\/","url":"https:\/\/recoveryseed.cz\/wp-content\/uploads\/2020\/12\/cropped-CryptoSteel__2_-removebg-preview-e1607373653659.png","contentUrl":"https:\/\/recoveryseed.cz\/wp-content\/uploads\/2020\/12\/cropped-CryptoSteel__2_-removebg-preview-e1607373653659.png","width":500,"height":88,"caption":"Recovery Seed s.r.o."},"image":{"@id":"https:\/\/recoveryseed.cz\/en\/#\/schema\/logo\/image\/"},"sameAs":["https:\/\/www.facebook.com\/Recoveryseed.cz","https:\/\/www.instagram.com\/recoveryseed.cz\/"]}]}},"_links":{"self":[{"href":"https:\/\/recoveryseed.cz\/pl\/wp-json\/wp\/v2\/product\/5658"}],"collection":[{"href":"https:\/\/recoveryseed.cz\/pl\/wp-json\/wp\/v2\/product"}],"about":[{"href":"https:\/\/recoveryseed.cz\/pl\/wp-json\/wp\/v2\/types\/product"}],"version-history":[{"count":1,"href":"https:\/\/recoveryseed.cz\/pl\/wp-json\/wp\/v2\/product\/5658\/revisions"}],"predecessor-version":[{"id":6814,"href":"https:\/\/recoveryseed.cz\/pl\/wp-json\/wp\/v2\/product\/5658\/revisions\/6814"}],"wp:featuredmedia":[{"embeddable":true,"href":"https:\/\/recoveryseed.cz\/pl\/wp-json\/wp\/v2\/media\/5664"}],"wp:attachment":[{"href":"https:\/\/recoveryseed.cz\/pl\/wp-json\/wp\/v2\/media?parent=5658"}],"wp:term":[{"taxonomy":"product_cat","embeddable":true,"href":"https:\/\/recoveryseed.cz\/pl\/wp-json\/wp\/v2\/product_cat?post=5658"},{"taxonomy":"product_tag","embeddable":true,"href":"https:\/\/recoveryseed.cz\/pl\/wp-json\/wp\/v2\/product_tag?post=5658"}],"curies":[{"name":"wp","href":"https:\/\/api.w.org\/{rel}","templated":true}]}}