{"id":5669,"date":"2022-10-19T08:28:26","date_gmt":"2022-10-19T08:28:26","guid":{"rendered":"https:\/\/recoveryseed.cz\/?post_type=product&#038;p=5669"},"modified":"2026-01-14T14:51:51","modified_gmt":"2026-01-14T14:51:51","slug":"grid-punch-standard","status":"publish","type":"product","link":"https:\/\/recoveryseed.cz\/pl\/product\/grid-punch-standard\/","title":{"rendered":"DZIURKACZ SIATKOWY STANDARD"},"content":{"rendered":"<p class=\" translation-block\">P\u0142yty Recoveryseed.cz s\u0105 produkowane w <b>Czechach<\/b> z najwy\u017cszej jako\u015bci lustrzanej stali nierdzewnej.<\/p>\n<p><b>GRID PUNCH<\/b><span style=\"font-weight: 400;\">\u00a0<\/span><b>STANDARD<\/b><span style=\"font-weight: 400;\">\u00a0zawiera jedn\u0105 p\u0142ytk\u0119, kt\u00f3ra s\u0142u\u017cy do zapisania jednego nasiona. Zapewni to kolejny poziom bezpiecze\u0144stwa portfela sprz\u0119towego. Mo\u017cesz spa\u0107 spokojnie, wiedz\u0105c, \u017ce zrobi\u0142e\u015b wszystko, co musisz, aby zapewni\u0107 bezpiecze\u0144stwo swoich kryptowalut.<\/span><\/p>\n<p><span style=\"font-weight: 400;\">Zobacz pe\u0142n\u0105 wersj\u0119<\/span><b> GRID<\/b><span style=\"font-weight: 400;\"> W przeciwie\u0144stwie do innych naszych produkt\u00f3w, nie ma dodatkowego tekstu ani logo Bitcoin, wi\u0119c na pierwszy rzut oka nie jest oczywiste, do czego s\u0142u\u017cy tabliczka.\u00a0<\/span><\/p>\n<p><span style=\"font-weight: 400;\">Proces pisania nasion przy u\u017cyciu automatycznej nagany jest naprawd\u0119 prosty. O\u015b pionowa reprezentuje litery, a o\u015b pozioma ich kolejno\u015b\u0107. Zaleca si\u0119 wcze\u015bniejsze zaznaczenie s\u0142\u00f3w markerem, a nast\u0119pnie u\u017cycie automatycznego interpunktora do trwa\u0142ego zaznaczenia \u017c\u0105danych p\u00f3l. Zaleca si\u0119 jak najwi\u0119ksze pog\u0142\u0119bienie liter. Nale\u017cy zaznaczy\u0107 tylko pierwsze 4 litery s\u0142owa.<\/span><\/p>\n<p class=\" translation-block\"><span style=\"font-weight: 400\">Jest to stal 1.4307 o grubo\u015bci 1,5 mm - dzi\u0119ki czemu mo\u017cna \u0142atwo chroni\u0107 nasiona przed <\/span><b>wod\u0105, czasem i wysok\u0105 temperatur\u0105<\/b><span style=\"font-weight: 400\"> - do 1510\u00b0. <\/span>.<\/p>\n<p class=\" translation-block\"><span style=\"font-size: 15px;font-weight: 400\">Ka\u017cda p\u0142ytka jest wst\u0119pnie zadrukowana 24 polami do przechowywania has\u0142a dost\u0119pu <span style=\"font-size: 15px;font-weight: bold\">BIP39<\/span> w postaci 12, 18 lub 24 s\u0142\u00f3w nasion. Materia\u0142 p\u0142ytki jest bardzo wytrzyma\u0142y i niemal niezniszczalny. B\u0142yszcz\u0105ca, lustrzana powierzchnia zapewnia doskona\u0142\u0105 widoczno\u015b\u0107 wygrawerowanych s\u0142\u00f3w. <\/span><\/p>\n<p><b>Automatyczna maszyna do wgniatania<\/b><span style=\"font-weight: 400;\"> nie jest trudny w obs\u0142udze.\u00a0<\/span><\/p>\n<p class=\" translation-block\">Ta wersja jest standardowo zapakowana w <strong>prezentow\u0105<\/strong> wersj\u0119.<\/p>\n<p><em>WA\u017bNA UWAGA! \u017baden produkt, czy to od nas, czy od jakiejkolwiek innej firmy, nigdy nie zagwarantuje ca\u0142kowitego bezpiecze\u0144stwa w sytuacjach takich jak ca\u0142kowite spalenie i zniszczenie budynku, w kt\u00f3rym nadal znajduj\u0105 si\u0119 chemikalia. Je\u015bli p\u0142yta rozgrzeje si\u0119 do temperatury 1500\u00b0, a nast\u0119pnie spadnie na ni\u0105 budynek lub dach, \u017cadne rozwi\u0105zanie dost\u0119pne na rynku nie uchroni u\u017cytkownika przed tak\u0105 sytuacj\u0105. Nie dotyczy to jednak SHAMIR BACKUP firmy TREZOR, w kt\u00f3rym mo\u017cna podzieli\u0107 siewnik na wiele lokalizacji i zapobiec zniszczeniu ca\u0142ego dost\u0119pu do portfela. Niestety, stemplowanie m\u0142otkiem nie zawsze sprawdza si\u0119 w mieszkaniu lub domu bez warsztatu.  Automatyczny dziurkacz mo\u017ce by\u0107 \u015bwietnym zamiennikiem i zapisywa\u0107 nasiona na stalowej p\u0142ytce, zobacz nasze testy i recenzje.<\/em><\/p>","protected":false},"excerpt":{"rendered":"<p><span style=\"font-weight: 400;\">Zawarto\u015b\u0107 opakowania:<\/span><\/p>\n<p><span style=\"font-weight: 400;\">1x p\u0142ytka do odzyskiwania nasion wykonana z wysokiej jako\u015bci lustrzanej stali nierdzewnej<\/span><\/p>\n<p><span style=\"font-weight: 400;\">1x automatyczny dziurkacz<\/span><\/p>\n<p>1x \u015bciereczka do polerowania<\/p>","protected":false},"featured_media":5670,"template":"","meta":{"site-sidebar-layout":"default","site-content-layout":"default","ast-site-content-layout":"default","site-content-style":"default","site-sidebar-style":"default","ast-global-header-display":"","ast-banner-title-visibility":"","ast-main-header-display":"","ast-hfb-above-header-display":"","ast-hfb-below-header-display":"","ast-hfb-mobile-header-display":"","site-post-title":"","ast-breadcrumbs-content":"","ast-featured-img":"","footer-sml-layout":"","theme-transparent-header-meta":"default","adv-header-id-meta":"","stick-header-meta":"","header-above-stick-meta":"","header-main-stick-meta":"","header-below-stick-meta":"","astra-migrate-meta-layouts":"set","ast-page-background-enabled":"default","ast-page-background-meta":{"desktop":{"background-color":"","background-image":"","background-repeat":"repeat","background-position":"center center","background-size":"auto","background-attachment":"scroll","background-type":"","background-media":"","overlay-type":"","overlay-color":"","overlay-opacity":"","overlay-gradient":""},"tablet":{"background-color":"","background-image":"","background-repeat":"repeat","background-position":"center center","background-size":"auto","background-attachment":"scroll","background-type":"","background-media":"","overlay-type":"","overlay-color":"","overlay-opacity":"","overlay-gradient":""},"mobile":{"background-color":"","background-image":"","background-repeat":"repeat","background-position":"center center","background-size":"auto","background-attachment":"scroll","background-type":"","background-media":"","overlay-type":"","overlay-color":"","overlay-opacity":"","overlay-gradient":""}},"ast-content-background-meta":{"desktop":{"background-color":"var(--ast-global-color-5)","background-image":"","background-repeat":"repeat","background-position":"center center","background-size":"auto","background-attachment":"scroll","background-type":"","background-media":"","overlay-type":"","overlay-color":"","overlay-opacity":"","overlay-gradient":""},"tablet":{"background-color":"var(--ast-global-color-5)","background-image":"","background-repeat":"repeat","background-position":"center center","background-size":"auto","background-attachment":"scroll","background-type":"","background-media":"","overlay-type":"","overlay-color":"","overlay-opacity":"","overlay-gradient":""},"mobile":{"background-color":"var(--ast-global-color-5)","background-image":"","background-repeat":"repeat","background-position":"center center","background-size":"auto","background-attachment":"scroll","background-type":"","background-media":"","overlay-type":"","overlay-color":"","overlay-opacity":"","overlay-gradient":""}}},"product_cat":[62],"product_tag":[],"yoast_head":"<!-- This site is optimized with the Yoast SEO plugin v23.0 - https:\/\/yoast.com\/wordpress\/plugins\/seo\/ -->\n<title>Grid punch standard | recoveryseed.cz<\/title>\n<meta name=\"description\" content=\"Grid punch standard je m\u0159\u00ed\u017ekovan\u00e1 desti\u010dka z pr\u00e9miov\u00e9 zrcadlov\u00e9 oceli, kter\u00e1 zajist\u00ed va\u0161im kryptom\u011bn\u00e1m bezpe\u010d\u00ed. Vyberte si tu svou.\" \/>\n<meta name=\"robots\" content=\"index, follow, max-snippet:-1, max-image-preview:large, max-video-preview:-1\" \/>\n<link rel=\"canonical\" href=\"https:\/\/recoveryseed.cz\/pl\/product\/grid-punch-standard\/\" \/>\n<meta property=\"og:locale\" content=\"pl_PL\" \/>\n<meta property=\"og:type\" content=\"article\" \/>\n<meta property=\"og:title\" content=\"Grid punch standard | recoveryseed.cz\" \/>\n<meta property=\"og:description\" content=\"Grid punch standard je m\u0159\u00ed\u017ekovan\u00e1 desti\u010dka z pr\u00e9miov\u00e9 zrcadlov\u00e9 oceli, kter\u00e1 zajist\u00ed va\u0161im kryptom\u011bn\u00e1m bezpe\u010d\u00ed. Vyberte si tu svou.\" \/>\n<meta property=\"og:url\" content=\"https:\/\/recoveryseed.cz\/pl\/product\/grid-punch-standard\/\" \/>\n<meta property=\"og:site_name\" content=\"RecoverySeed.cz - Ulo\u017ete sv\u016fj crypto seed bezpe\u010dn\u011b!\" \/>\n<meta property=\"article:publisher\" content=\"https:\/\/www.facebook.com\/Recoveryseed.cz\" \/>\n<meta property=\"article:modified_time\" content=\"2026-01-14T14:51:51+00:00\" \/>\n<meta property=\"og:image\" content=\"https:\/\/recoveryseed.cz\/wp-content\/uploads\/2022\/10\/Untitled-design.jpg\" \/>\n\t<meta property=\"og:image:width\" content=\"900\" \/>\n\t<meta property=\"og:image:height\" content=\"900\" \/>\n\t<meta property=\"og:image:type\" content=\"image\/jpeg\" \/>\n<meta name=\"twitter:card\" content=\"summary_large_image\" \/>\n<meta name=\"twitter:label1\" content=\"Est. reading time\" \/>\n\t<meta name=\"twitter:data1\" content=\"2 minuty\" \/>\n<script type=\"application\/ld+json\" class=\"yoast-schema-graph\">{\"@context\":\"https:\/\/schema.org\",\"@graph\":[{\"@type\":\"WebPage\",\"@id\":\"https:\/\/recoveryseed.cz\/produkt\/grid-punch-standard\/\",\"url\":\"https:\/\/recoveryseed.cz\/produkt\/grid-punch-standard\/\",\"name\":\"Grid punch standard | recoveryseed.cz\",\"isPartOf\":{\"@id\":\"https:\/\/recoveryseed.cz\/en\/#website\"},\"primaryImageOfPage\":{\"@id\":\"https:\/\/recoveryseed.cz\/produkt\/grid-punch-standard\/#primaryimage\"},\"image\":{\"@id\":\"https:\/\/recoveryseed.cz\/produkt\/grid-punch-standard\/#primaryimage\"},\"thumbnailUrl\":\"https:\/\/recoveryseed.cz\/wp-content\/uploads\/2022\/10\/Untitled-design.jpg\",\"datePublished\":\"2022-10-19T08:28:26+00:00\",\"dateModified\":\"2026-01-14T14:51:51+00:00\",\"description\":\"Grid punch standard je m\u0159\u00ed\u017ekovan\u00e1 desti\u010dka z pr\u00e9miov\u00e9 zrcadlov\u00e9 oceli, kter\u00e1 zajist\u00ed va\u0161im kryptom\u011bn\u00e1m bezpe\u010d\u00ed. Vyberte si tu svou.\",\"breadcrumb\":{\"@id\":\"https:\/\/recoveryseed.cz\/produkt\/grid-punch-standard\/#breadcrumb\"},\"inLanguage\":\"pl-PL\",\"potentialAction\":[{\"@type\":\"ReadAction\",\"target\":[\"https:\/\/recoveryseed.cz\/produkt\/grid-punch-standard\/\"]}]},{\"@type\":\"ImageObject\",\"inLanguage\":\"pl-PL\",\"@id\":\"https:\/\/recoveryseed.cz\/produkt\/grid-punch-standard\/#primaryimage\",\"url\":\"https:\/\/recoveryseed.cz\/wp-content\/uploads\/2022\/10\/Untitled-design.jpg\",\"contentUrl\":\"https:\/\/recoveryseed.cz\/wp-content\/uploads\/2022\/10\/Untitled-design.jpg\",\"width\":900,\"height\":900},{\"@type\":\"BreadcrumbList\",\"@id\":\"https:\/\/recoveryseed.cz\/produkt\/grid-punch-standard\/#breadcrumb\",\"itemListElement\":[{\"@type\":\"ListItem\",\"position\":1,\"name\":\"Dom\u016f\",\"item\":\"https:\/\/recoveryseed.cz\/\"},{\"@type\":\"ListItem\",\"position\":2,\"name\":\"Obchod\",\"item\":\"https:\/\/recoveryseed.cz\/eshop-recovery-seed-metal-plate\/\"},{\"@type\":\"ListItem\",\"position\":3,\"name\":\"GRID PUNCH STANDARD\"}]},{\"@type\":\"WebSite\",\"@id\":\"https:\/\/recoveryseed.cz\/en\/#website\",\"url\":\"https:\/\/recoveryseed.cz\/en\/\",\"name\":\"RecoverySeed.cz - Ulo\u017ete sv\u016fj crypto seed bezpe\u010dn\u011b!\",\"description\":\"\",\"publisher\":{\"@id\":\"https:\/\/recoveryseed.cz\/en\/#organization\"},\"potentialAction\":[{\"@type\":\"SearchAction\",\"target\":{\"@type\":\"EntryPoint\",\"urlTemplate\":\"https:\/\/recoveryseed.cz\/en\/?s={search_term_string}\"},\"query-input\":\"required name=search_term_string\"}],\"inLanguage\":\"pl-PL\"},{\"@type\":\"Organization\",\"@id\":\"https:\/\/recoveryseed.cz\/en\/#organization\",\"name\":\"Recovery Seed s.r.o.\",\"url\":\"https:\/\/recoveryseed.cz\/en\/\",\"logo\":{\"@type\":\"ImageObject\",\"inLanguage\":\"pl-PL\",\"@id\":\"https:\/\/recoveryseed.cz\/en\/#\/schema\/logo\/image\/\",\"url\":\"https:\/\/recoveryseed.cz\/wp-content\/uploads\/2020\/12\/cropped-CryptoSteel__2_-removebg-preview-e1607373653659.png\",\"contentUrl\":\"https:\/\/recoveryseed.cz\/wp-content\/uploads\/2020\/12\/cropped-CryptoSteel__2_-removebg-preview-e1607373653659.png\",\"width\":500,\"height\":88,\"caption\":\"Recovery Seed s.r.o.\"},\"image\":{\"@id\":\"https:\/\/recoveryseed.cz\/en\/#\/schema\/logo\/image\/\"},\"sameAs\":[\"https:\/\/www.facebook.com\/Recoveryseed.cz\",\"https:\/\/www.instagram.com\/recoveryseed.cz\/\"]}]}<\/script>\n<!-- \/ Yoast SEO plugin. -->","yoast_head_json":{"title":"Grid punch standard | recoveryseed.cz","description":"Grid punch standard je m\u0159\u00ed\u017ekovan\u00e1 desti\u010dka z pr\u00e9miov\u00e9 zrcadlov\u00e9 oceli, kter\u00e1 zajist\u00ed va\u0161im kryptom\u011bn\u00e1m bezpe\u010d\u00ed. Vyberte si tu svou.","robots":{"index":"index","follow":"follow","max-snippet":"max-snippet:-1","max-image-preview":"max-image-preview:large","max-video-preview":"max-video-preview:-1"},"canonical":"https:\/\/recoveryseed.cz\/pl\/product\/grid-punch-standard\/","og_locale":"pl_PL","og_type":"article","og_title":"Grid punch standard | recoveryseed.cz","og_description":"Grid punch standard je m\u0159\u00ed\u017ekovan\u00e1 desti\u010dka z pr\u00e9miov\u00e9 zrcadlov\u00e9 oceli, kter\u00e1 zajist\u00ed va\u0161im kryptom\u011bn\u00e1m bezpe\u010d\u00ed. Vyberte si tu svou.","og_url":"https:\/\/recoveryseed.cz\/pl\/product\/grid-punch-standard\/","og_site_name":"RecoverySeed.cz - Ulo\u017ete sv\u016fj crypto seed bezpe\u010dn\u011b!","article_publisher":"https:\/\/www.facebook.com\/Recoveryseed.cz","article_modified_time":"2026-01-14T14:51:51+00:00","og_image":[{"width":900,"height":900,"url":"https:\/\/recoveryseed.cz\/wp-content\/uploads\/2022\/10\/Untitled-design.jpg","type":"image\/jpeg"}],"twitter_card":"summary_large_image","twitter_misc":{"Est. reading time":"2 minuty"},"schema":{"@context":"https:\/\/schema.org","@graph":[{"@type":"WebPage","@id":"https:\/\/recoveryseed.cz\/produkt\/grid-punch-standard\/","url":"https:\/\/recoveryseed.cz\/produkt\/grid-punch-standard\/","name":"Grid punch standard | recoveryseed.cz","isPartOf":{"@id":"https:\/\/recoveryseed.cz\/en\/#website"},"primaryImageOfPage":{"@id":"https:\/\/recoveryseed.cz\/produkt\/grid-punch-standard\/#primaryimage"},"image":{"@id":"https:\/\/recoveryseed.cz\/produkt\/grid-punch-standard\/#primaryimage"},"thumbnailUrl":"https:\/\/recoveryseed.cz\/wp-content\/uploads\/2022\/10\/Untitled-design.jpg","datePublished":"2022-10-19T08:28:26+00:00","dateModified":"2026-01-14T14:51:51+00:00","description":"Grid punch standard je m\u0159\u00ed\u017ekovan\u00e1 desti\u010dka z pr\u00e9miov\u00e9 zrcadlov\u00e9 oceli, kter\u00e1 zajist\u00ed va\u0161im kryptom\u011bn\u00e1m bezpe\u010d\u00ed. Vyberte si tu svou.","breadcrumb":{"@id":"https:\/\/recoveryseed.cz\/produkt\/grid-punch-standard\/#breadcrumb"},"inLanguage":"pl-PL","potentialAction":[{"@type":"ReadAction","target":["https:\/\/recoveryseed.cz\/produkt\/grid-punch-standard\/"]}]},{"@type":"ImageObject","inLanguage":"pl-PL","@id":"https:\/\/recoveryseed.cz\/produkt\/grid-punch-standard\/#primaryimage","url":"https:\/\/recoveryseed.cz\/wp-content\/uploads\/2022\/10\/Untitled-design.jpg","contentUrl":"https:\/\/recoveryseed.cz\/wp-content\/uploads\/2022\/10\/Untitled-design.jpg","width":900,"height":900},{"@type":"BreadcrumbList","@id":"https:\/\/recoveryseed.cz\/produkt\/grid-punch-standard\/#breadcrumb","itemListElement":[{"@type":"ListItem","position":1,"name":"Dom\u016f","item":"https:\/\/recoveryseed.cz\/"},{"@type":"ListItem","position":2,"name":"Obchod","item":"https:\/\/recoveryseed.cz\/eshop-recovery-seed-metal-plate\/"},{"@type":"ListItem","position":3,"name":"GRID PUNCH STANDARD"}]},{"@type":"WebSite","@id":"https:\/\/recoveryseed.cz\/en\/#website","url":"https:\/\/recoveryseed.cz\/en\/","name":"RecoverySeed.cz - Ulo\u017ete sv\u016fj crypto seed bezpe\u010dn\u011b!","description":"","publisher":{"@id":"https:\/\/recoveryseed.cz\/en\/#organization"},"potentialAction":[{"@type":"SearchAction","target":{"@type":"EntryPoint","urlTemplate":"https:\/\/recoveryseed.cz\/en\/?s={search_term_string}"},"query-input":"required name=search_term_string"}],"inLanguage":"pl-PL"},{"@type":"Organization","@id":"https:\/\/recoveryseed.cz\/en\/#organization","name":"Recovery Seed s.r.o.","url":"https:\/\/recoveryseed.cz\/en\/","logo":{"@type":"ImageObject","inLanguage":"pl-PL","@id":"https:\/\/recoveryseed.cz\/en\/#\/schema\/logo\/image\/","url":"https:\/\/recoveryseed.cz\/wp-content\/uploads\/2020\/12\/cropped-CryptoSteel__2_-removebg-preview-e1607373653659.png","contentUrl":"https:\/\/recoveryseed.cz\/wp-content\/uploads\/2020\/12\/cropped-CryptoSteel__2_-removebg-preview-e1607373653659.png","width":500,"height":88,"caption":"Recovery Seed s.r.o."},"image":{"@id":"https:\/\/recoveryseed.cz\/en\/#\/schema\/logo\/image\/"},"sameAs":["https:\/\/www.facebook.com\/Recoveryseed.cz","https:\/\/www.instagram.com\/recoveryseed.cz\/"]}]}},"_links":{"self":[{"href":"https:\/\/recoveryseed.cz\/pl\/wp-json\/wp\/v2\/product\/5669"}],"collection":[{"href":"https:\/\/recoveryseed.cz\/pl\/wp-json\/wp\/v2\/product"}],"about":[{"href":"https:\/\/recoveryseed.cz\/pl\/wp-json\/wp\/v2\/types\/product"}],"version-history":[{"count":1,"href":"https:\/\/recoveryseed.cz\/pl\/wp-json\/wp\/v2\/product\/5669\/revisions"}],"predecessor-version":[{"id":6779,"href":"https:\/\/recoveryseed.cz\/pl\/wp-json\/wp\/v2\/product\/5669\/revisions\/6779"}],"wp:featuredmedia":[{"embeddable":true,"href":"https:\/\/recoveryseed.cz\/pl\/wp-json\/wp\/v2\/media\/5670"}],"wp:attachment":[{"href":"https:\/\/recoveryseed.cz\/pl\/wp-json\/wp\/v2\/media?parent=5669"}],"wp:term":[{"taxonomy":"product_cat","embeddable":true,"href":"https:\/\/recoveryseed.cz\/pl\/wp-json\/wp\/v2\/product_cat?post=5669"},{"taxonomy":"product_tag","embeddable":true,"href":"https:\/\/recoveryseed.cz\/pl\/wp-json\/wp\/v2\/product_tag?post=5669"}],"curies":[{"name":"wp","href":"https:\/\/api.w.org\/{rel}","templated":true}]}}