{"id":5666,"date":"2022-10-19T08:20:39","date_gmt":"2022-10-19T08:20:39","guid":{"rendered":"https:\/\/recoveryseed.cz\/?post_type=product&#038;p=5666"},"modified":"2026-01-14T14:52:01","modified_gmt":"2026-01-14T14:52:01","slug":"grid-punch-double","status":"publish","type":"product","link":"https:\/\/recoveryseed.cz\/pt\/product\/perfuracao-de-grelha-dupla\/","title":{"rendered":"PERFURA\u00c7\u00c3O DE GRELHA DUPLA"},"content":{"rendered":"<p class=\" translation-block\">As placas Recoveryseed.cz s\u00e3o fabricadas na <b>Rep\u00fablica Checa<\/b> a partir de a\u00e7o inoxid\u00e1vel espelhado da mais alta qualidade.<\/p>\n<p>Ver vers\u00e3o completa<strong> GRID<\/strong> <b>DUPLO\u00a0<\/b>Cont\u00e9m\u00a0<b>2<\/b>\u00a0Esta combina\u00e7\u00e3o \u00e9 recomendada se tiver 2 carteiras e, por conseguinte, precisar de escrever 2 sementes de forma fi\u00e1vel. Ou se quiser oferecer aos seus familiares ou amigos a nossa placa de sementes de recupera\u00e7\u00e3o.<\/p>\n<p><span style=\"font-weight: 400;\">Ver vers\u00e3o completa<\/span><b> GRID<\/b><span style=\"font-weight: 400;\"> Ao contr\u00e1rio dos nossos outros produtos, n\u00e3o tem texto adicional ou log\u00f3tipo bitcoin, pelo que n\u00e3o \u00e9 \u00f3bvio \u00e0 primeira vista para que serve a placa.\u00a0<\/span><\/p>\n<p><span style=\"font-weight: 400;\">O processo de escrever uma semente utilizando a auto-reprimenda \u00e9 muito simples. O eixo vertical representa as letras, e o eixo horizontal representa a sua ordem. Recomenda-se que as palavras sejam marcadas previamente com um marcador, e depois basta utilizar o pontuador autom\u00e1tico para marcar permanentemente os campos desejados. Recomenda-se que aprofunde as letras o mais poss\u00edvel. Apenas as primeiras 4 letras da palavra devem ser marcadas.<\/span><\/p>\n<p class=\" translation-block\"><span style=\"font-weight: 400\">\u00c9 de a\u00e7o 1.4307 com uma espessura de 1,5 mm - para que possa proteger facilmente as suas sementes contra <\/span><b>\u00e1gua, tempo e calor<\/b><span style=\"font-weight: 400\"> - at\u00e9 1510\u00b0.<\/p>\n<p class=\" translation-block\"><span style=\"font-size: 15px;font-weight: 400\">Cada placa \u00e9 pr\u00e9-impressa com 24 campos para guardar a palavra-passe de acesso <span style=\"font-size: 15px;font-weight: bold\">BIP39<\/span> sob a forma de 12, 18 ou 24 palavras da sua semente. O material da placa \u00e9 muito resistente e quase indestrut\u00edvel. A superf\u00edcie espelhada brilhante garante uma visibilidade perfeita das suas palavras gravadas. <\/span><\/p>\n<p><span style=\"font-weight: 400;\">O Pun\u00e7\u00e3o Autom\u00e1tico n\u00e3o \u00e9 dif\u00edcil de operar.<\/span><\/p>\n<p class=\" translation-block\">Esta vers\u00e3o \u00e9 embalada numa vers\u00e3o de <strong>prenda<\/strong> como padr\u00e3o.<\/p>\n<p><em>AVISO IMPORTANTE! Nenhum produto, nosso ou de qualquer outra empresa, garante a seguran\u00e7a total em situa\u00e7\u00f5es como o inc\u00eandio total e a destrui\u00e7\u00e3o de um edif\u00edcio onde ainda existam, de prefer\u00eancia, alguns produtos qu\u00edmicos. Se a placa aquecer at\u00e9 1500\u00b0 e depois um edif\u00edcio ou um telhado cair sobre ela, nenhuma solu\u00e7\u00e3o no mercado o poder\u00e1 salvar desta situa\u00e7\u00e3o. N\u00e3o \u00e9 o caso do SHAMIR BACKUP da TREZOR, onde pode dividir o semeador em v\u00e1rios locais e evitar a destrui\u00e7\u00e3o de todos os acessos \u00e0 sua carteira.  Um perfurador autom\u00e1tico pode fazer uma excelente semente numa placa de a\u00e7o, veja os nossos testes e an\u00e1lises.<\/em><\/p>","protected":false},"excerpt":{"rendered":"<p>Conte\u00fado da embalagem:<\/p>\n<p>2x placa de recupera\u00e7\u00e3o de sementes em a\u00e7o inoxid\u00e1vel espelhado de qualidade superior<\/p>\n<p>1x pun\u00e7\u00e3o autom\u00e1tico<\/p>\n<p>1x pano de polimento<\/p>","protected":false},"featured_media":5667,"template":"","meta":{"site-sidebar-layout":"default","site-content-layout":"default","ast-site-content-layout":"","site-content-style":"default","site-sidebar-style":"default","ast-global-header-display":"","ast-banner-title-visibility":"","ast-main-header-display":"","ast-hfb-above-header-display":"","ast-hfb-below-header-display":"","ast-hfb-mobile-header-display":"","site-post-title":"","ast-breadcrumbs-content":"","ast-featured-img":"","footer-sml-layout":"","theme-transparent-header-meta":"default","adv-header-id-meta":"","stick-header-meta":"","header-above-stick-meta":"","header-main-stick-meta":"","header-below-stick-meta":"","astra-migrate-meta-layouts":"default","ast-page-background-enabled":"default","ast-page-background-meta":{"desktop":{"background-color":"","background-image":"","background-repeat":"repeat","background-position":"center center","background-size":"auto","background-attachment":"scroll","background-type":"","background-media":"","overlay-type":"","overlay-color":"","overlay-opacity":"","overlay-gradient":""},"tablet":{"background-color":"","background-image":"","background-repeat":"repeat","background-position":"center center","background-size":"auto","background-attachment":"scroll","background-type":"","background-media":"","overlay-type":"","overlay-color":"","overlay-opacity":"","overlay-gradient":""},"mobile":{"background-color":"","background-image":"","background-repeat":"repeat","background-position":"center center","background-size":"auto","background-attachment":"scroll","background-type":"","background-media":"","overlay-type":"","overlay-color":"","overlay-opacity":"","overlay-gradient":""}},"ast-content-background-meta":{"desktop":{"background-color":"var(--ast-global-color-5)","background-image":"","background-repeat":"repeat","background-position":"center center","background-size":"auto","background-attachment":"scroll","background-type":"","background-media":"","overlay-type":"","overlay-color":"","overlay-opacity":"","overlay-gradient":""},"tablet":{"background-color":"var(--ast-global-color-5)","background-image":"","background-repeat":"repeat","background-position":"center center","background-size":"auto","background-attachment":"scroll","background-type":"","background-media":"","overlay-type":"","overlay-color":"","overlay-opacity":"","overlay-gradient":""},"mobile":{"background-color":"var(--ast-global-color-5)","background-image":"","background-repeat":"repeat","background-position":"center center","background-size":"auto","background-attachment":"scroll","background-type":"","background-media":"","overlay-type":"","overlay-color":"","overlay-opacity":"","overlay-gradient":""}}},"product_cat":[62],"product_tag":[],"yoast_head":"<!-- This site is optimized with the Yoast SEO plugin v23.0 - https:\/\/yoast.com\/wordpress\/plugins\/seo\/ -->\n<title>Grid punch double | recoveryseed.cz<\/title>\n<meta name=\"description\" content=\"V tomto bal\u00ed\u010dku naleznete 2 recovery m\u0159\u00ed\u017ekovan\u00e9 desti\u010dky z pr\u00e9miov\u00e9 oceli, kter\u00e9 zajist\u00ed va\u0161im kryptom\u011bn\u00e1m bezpe\u010d\u00ed. Zjist\u011bte v\u00edce.\" \/>\n<meta name=\"robots\" content=\"index, follow, max-snippet:-1, max-image-preview:large, max-video-preview:-1\" \/>\n<link rel=\"canonical\" href=\"https:\/\/recoveryseed.cz\/pt\/product\/perfuracao-de-grelha-dupla\/\" \/>\n<meta property=\"og:locale\" content=\"pt_PT\" \/>\n<meta property=\"og:type\" content=\"article\" \/>\n<meta property=\"og:title\" content=\"Grid punch double | recoveryseed.cz\" \/>\n<meta property=\"og:description\" content=\"V tomto bal\u00ed\u010dku naleznete 2 recovery m\u0159\u00ed\u017ekovan\u00e9 desti\u010dky z pr\u00e9miov\u00e9 oceli, kter\u00e9 zajist\u00ed va\u0161im kryptom\u011bn\u00e1m bezpe\u010d\u00ed. Zjist\u011bte v\u00edce.\" \/>\n<meta property=\"og:url\" content=\"https:\/\/recoveryseed.cz\/pt\/product\/perfuracao-de-grelha-dupla\/\" \/>\n<meta property=\"og:site_name\" content=\"RecoverySeed.cz - Ulo\u017ete sv\u016fj crypto seed bezpe\u010dn\u011b!\" \/>\n<meta property=\"article:publisher\" content=\"https:\/\/www.facebook.com\/Recoveryseed.cz\" \/>\n<meta property=\"article:modified_time\" content=\"2026-01-14T14:52:01+00:00\" \/>\n<meta property=\"og:image\" content=\"https:\/\/recoveryseed.cz\/wp-content\/uploads\/2022\/10\/double-grid.jpg\" \/>\n\t<meta property=\"og:image:width\" content=\"900\" \/>\n\t<meta property=\"og:image:height\" content=\"900\" \/>\n\t<meta property=\"og:image:type\" content=\"image\/jpeg\" \/>\n<meta name=\"twitter:card\" content=\"summary_large_image\" \/>\n<meta name=\"twitter:label1\" content=\"Est. reading time\" \/>\n\t<meta name=\"twitter:data1\" content=\"2 minutos\" \/>\n<script type=\"application\/ld+json\" class=\"yoast-schema-graph\">{\"@context\":\"https:\/\/schema.org\",\"@graph\":[{\"@type\":\"WebPage\",\"@id\":\"https:\/\/recoveryseed.cz\/produkt\/grid-punch-double\/\",\"url\":\"https:\/\/recoveryseed.cz\/produkt\/grid-punch-double\/\",\"name\":\"Grid punch double | recoveryseed.cz\",\"isPartOf\":{\"@id\":\"https:\/\/recoveryseed.cz\/en\/#website\"},\"primaryImageOfPage\":{\"@id\":\"https:\/\/recoveryseed.cz\/produkt\/grid-punch-double\/#primaryimage\"},\"image\":{\"@id\":\"https:\/\/recoveryseed.cz\/produkt\/grid-punch-double\/#primaryimage\"},\"thumbnailUrl\":\"https:\/\/recoveryseed.cz\/wp-content\/uploads\/2022\/10\/double-grid.jpg\",\"datePublished\":\"2022-10-19T08:20:39+00:00\",\"dateModified\":\"2026-01-14T14:52:01+00:00\",\"description\":\"V tomto bal\u00ed\u010dku naleznete 2 recovery m\u0159\u00ed\u017ekovan\u00e9 desti\u010dky z pr\u00e9miov\u00e9 oceli, kter\u00e9 zajist\u00ed va\u0161im kryptom\u011bn\u00e1m bezpe\u010d\u00ed. Zjist\u011bte v\u00edce.\",\"breadcrumb\":{\"@id\":\"https:\/\/recoveryseed.cz\/produkt\/grid-punch-double\/#breadcrumb\"},\"inLanguage\":\"pt-PT\",\"potentialAction\":[{\"@type\":\"ReadAction\",\"target\":[\"https:\/\/recoveryseed.cz\/produkt\/grid-punch-double\/\"]}]},{\"@type\":\"ImageObject\",\"inLanguage\":\"pt-PT\",\"@id\":\"https:\/\/recoveryseed.cz\/produkt\/grid-punch-double\/#primaryimage\",\"url\":\"https:\/\/recoveryseed.cz\/wp-content\/uploads\/2022\/10\/double-grid.jpg\",\"contentUrl\":\"https:\/\/recoveryseed.cz\/wp-content\/uploads\/2022\/10\/double-grid.jpg\",\"width\":900,\"height\":900},{\"@type\":\"BreadcrumbList\",\"@id\":\"https:\/\/recoveryseed.cz\/produkt\/grid-punch-double\/#breadcrumb\",\"itemListElement\":[{\"@type\":\"ListItem\",\"position\":1,\"name\":\"Dom\u016f\",\"item\":\"https:\/\/recoveryseed.cz\/\"},{\"@type\":\"ListItem\",\"position\":2,\"name\":\"Obchod\",\"item\":\"https:\/\/recoveryseed.cz\/eshop-recovery-seed-metal-plate\/\"},{\"@type\":\"ListItem\",\"position\":3,\"name\":\"GRID PUNCH DOUBLE\"}]},{\"@type\":\"WebSite\",\"@id\":\"https:\/\/recoveryseed.cz\/en\/#website\",\"url\":\"https:\/\/recoveryseed.cz\/en\/\",\"name\":\"RecoverySeed.cz - Ulo\u017ete sv\u016fj crypto seed bezpe\u010dn\u011b!\",\"description\":\"\",\"publisher\":{\"@id\":\"https:\/\/recoveryseed.cz\/en\/#organization\"},\"potentialAction\":[{\"@type\":\"SearchAction\",\"target\":{\"@type\":\"EntryPoint\",\"urlTemplate\":\"https:\/\/recoveryseed.cz\/en\/?s={search_term_string}\"},\"query-input\":\"required name=search_term_string\"}],\"inLanguage\":\"pt-PT\"},{\"@type\":\"Organization\",\"@id\":\"https:\/\/recoveryseed.cz\/en\/#organization\",\"name\":\"Recovery Seed s.r.o.\",\"url\":\"https:\/\/recoveryseed.cz\/en\/\",\"logo\":{\"@type\":\"ImageObject\",\"inLanguage\":\"pt-PT\",\"@id\":\"https:\/\/recoveryseed.cz\/en\/#\/schema\/logo\/image\/\",\"url\":\"https:\/\/recoveryseed.cz\/wp-content\/uploads\/2020\/12\/cropped-CryptoSteel__2_-removebg-preview-e1607373653659.png\",\"contentUrl\":\"https:\/\/recoveryseed.cz\/wp-content\/uploads\/2020\/12\/cropped-CryptoSteel__2_-removebg-preview-e1607373653659.png\",\"width\":500,\"height\":88,\"caption\":\"Recovery Seed s.r.o.\"},\"image\":{\"@id\":\"https:\/\/recoveryseed.cz\/en\/#\/schema\/logo\/image\/\"},\"sameAs\":[\"https:\/\/www.facebook.com\/Recoveryseed.cz\",\"https:\/\/www.instagram.com\/recoveryseed.cz\/\"]}]}<\/script>\n<!-- \/ Yoast SEO plugin. -->","yoast_head_json":{"title":"Grid punch double | recoveryseed.cz","description":"V tomto bal\u00ed\u010dku naleznete 2 recovery m\u0159\u00ed\u017ekovan\u00e9 desti\u010dky z pr\u00e9miov\u00e9 oceli, kter\u00e9 zajist\u00ed va\u0161im kryptom\u011bn\u00e1m bezpe\u010d\u00ed. Zjist\u011bte v\u00edce.","robots":{"index":"index","follow":"follow","max-snippet":"max-snippet:-1","max-image-preview":"max-image-preview:large","max-video-preview":"max-video-preview:-1"},"canonical":"https:\/\/recoveryseed.cz\/pt\/product\/perfuracao-de-grelha-dupla\/","og_locale":"pt_PT","og_type":"article","og_title":"Grid punch double | recoveryseed.cz","og_description":"V tomto bal\u00ed\u010dku naleznete 2 recovery m\u0159\u00ed\u017ekovan\u00e9 desti\u010dky z pr\u00e9miov\u00e9 oceli, kter\u00e9 zajist\u00ed va\u0161im kryptom\u011bn\u00e1m bezpe\u010d\u00ed. Zjist\u011bte v\u00edce.","og_url":"https:\/\/recoveryseed.cz\/pt\/product\/perfuracao-de-grelha-dupla\/","og_site_name":"RecoverySeed.cz - Ulo\u017ete sv\u016fj crypto seed bezpe\u010dn\u011b!","article_publisher":"https:\/\/www.facebook.com\/Recoveryseed.cz","article_modified_time":"2026-01-14T14:52:01+00:00","og_image":[{"width":900,"height":900,"url":"https:\/\/recoveryseed.cz\/wp-content\/uploads\/2022\/10\/double-grid.jpg","type":"image\/jpeg"}],"twitter_card":"summary_large_image","twitter_misc":{"Est. reading time":"2 minutos"},"schema":{"@context":"https:\/\/schema.org","@graph":[{"@type":"WebPage","@id":"https:\/\/recoveryseed.cz\/produkt\/grid-punch-double\/","url":"https:\/\/recoveryseed.cz\/produkt\/grid-punch-double\/","name":"Grid punch double | recoveryseed.cz","isPartOf":{"@id":"https:\/\/recoveryseed.cz\/en\/#website"},"primaryImageOfPage":{"@id":"https:\/\/recoveryseed.cz\/produkt\/grid-punch-double\/#primaryimage"},"image":{"@id":"https:\/\/recoveryseed.cz\/produkt\/grid-punch-double\/#primaryimage"},"thumbnailUrl":"https:\/\/recoveryseed.cz\/wp-content\/uploads\/2022\/10\/double-grid.jpg","datePublished":"2022-10-19T08:20:39+00:00","dateModified":"2026-01-14T14:52:01+00:00","description":"V tomto bal\u00ed\u010dku naleznete 2 recovery m\u0159\u00ed\u017ekovan\u00e9 desti\u010dky z pr\u00e9miov\u00e9 oceli, kter\u00e9 zajist\u00ed va\u0161im kryptom\u011bn\u00e1m bezpe\u010d\u00ed. Zjist\u011bte v\u00edce.","breadcrumb":{"@id":"https:\/\/recoveryseed.cz\/produkt\/grid-punch-double\/#breadcrumb"},"inLanguage":"pt-PT","potentialAction":[{"@type":"ReadAction","target":["https:\/\/recoveryseed.cz\/produkt\/grid-punch-double\/"]}]},{"@type":"ImageObject","inLanguage":"pt-PT","@id":"https:\/\/recoveryseed.cz\/produkt\/grid-punch-double\/#primaryimage","url":"https:\/\/recoveryseed.cz\/wp-content\/uploads\/2022\/10\/double-grid.jpg","contentUrl":"https:\/\/recoveryseed.cz\/wp-content\/uploads\/2022\/10\/double-grid.jpg","width":900,"height":900},{"@type":"BreadcrumbList","@id":"https:\/\/recoveryseed.cz\/produkt\/grid-punch-double\/#breadcrumb","itemListElement":[{"@type":"ListItem","position":1,"name":"Dom\u016f","item":"https:\/\/recoveryseed.cz\/"},{"@type":"ListItem","position":2,"name":"Obchod","item":"https:\/\/recoveryseed.cz\/eshop-recovery-seed-metal-plate\/"},{"@type":"ListItem","position":3,"name":"GRID PUNCH DOUBLE"}]},{"@type":"WebSite","@id":"https:\/\/recoveryseed.cz\/en\/#website","url":"https:\/\/recoveryseed.cz\/en\/","name":"RecoverySeed.cz - Ulo\u017ete sv\u016fj crypto seed bezpe\u010dn\u011b!","description":"","publisher":{"@id":"https:\/\/recoveryseed.cz\/en\/#organization"},"potentialAction":[{"@type":"SearchAction","target":{"@type":"EntryPoint","urlTemplate":"https:\/\/recoveryseed.cz\/en\/?s={search_term_string}"},"query-input":"required name=search_term_string"}],"inLanguage":"pt-PT"},{"@type":"Organization","@id":"https:\/\/recoveryseed.cz\/en\/#organization","name":"Recovery Seed s.r.o.","url":"https:\/\/recoveryseed.cz\/en\/","logo":{"@type":"ImageObject","inLanguage":"pt-PT","@id":"https:\/\/recoveryseed.cz\/en\/#\/schema\/logo\/image\/","url":"https:\/\/recoveryseed.cz\/wp-content\/uploads\/2020\/12\/cropped-CryptoSteel__2_-removebg-preview-e1607373653659.png","contentUrl":"https:\/\/recoveryseed.cz\/wp-content\/uploads\/2020\/12\/cropped-CryptoSteel__2_-removebg-preview-e1607373653659.png","width":500,"height":88,"caption":"Recovery Seed s.r.o."},"image":{"@id":"https:\/\/recoveryseed.cz\/en\/#\/schema\/logo\/image\/"},"sameAs":["https:\/\/www.facebook.com\/Recoveryseed.cz","https:\/\/www.instagram.com\/recoveryseed.cz\/"]}]}},"_links":{"self":[{"href":"https:\/\/recoveryseed.cz\/pt\/wp-json\/wp\/v2\/product\/5666"}],"collection":[{"href":"https:\/\/recoveryseed.cz\/pt\/wp-json\/wp\/v2\/product"}],"about":[{"href":"https:\/\/recoveryseed.cz\/pt\/wp-json\/wp\/v2\/types\/product"}],"version-history":[{"count":1,"href":"https:\/\/recoveryseed.cz\/pt\/wp-json\/wp\/v2\/product\/5666\/revisions"}],"predecessor-version":[{"id":6811,"href":"https:\/\/recoveryseed.cz\/pt\/wp-json\/wp\/v2\/product\/5666\/revisions\/6811"}],"wp:featuredmedia":[{"embeddable":true,"href":"https:\/\/recoveryseed.cz\/pt\/wp-json\/wp\/v2\/media\/5667"}],"wp:attachment":[{"href":"https:\/\/recoveryseed.cz\/pt\/wp-json\/wp\/v2\/media?parent=5666"}],"wp:term":[{"taxonomy":"product_cat","embeddable":true,"href":"https:\/\/recoveryseed.cz\/pt\/wp-json\/wp\/v2\/product_cat?post=5666"},{"taxonomy":"product_tag","embeddable":true,"href":"https:\/\/recoveryseed.cz\/pt\/wp-json\/wp\/v2\/product_tag?post=5666"}],"curies":[{"name":"wp","href":"https:\/\/api.w.org\/{rel}","templated":true}]}}