{"id":4742,"date":"2021-12-12T23:16:55","date_gmt":"2021-12-12T23:16:55","guid":{"rendered":"https:\/\/recoveryseed.cz\/?post_type=product&#038;p=4742"},"modified":"2023-03-12T09:10:29","modified_gmt":"2023-03-12T09:10:29","slug":"grid-standart","status":"publish","type":"product","link":"https:\/\/recoveryseed.cz\/sk\/product\/grid-standart-2\/","title":{"rendered":"GRID STANDARD"},"content":{"rendered":"<p class=\" translation-block\">Dosky Recoveryseed.cz sa vyr\u00e1baj\u00fa v <b>\u010ceskej republike<\/b> z najkvalitnej\u0161ej zrkadlovej nehrdzavej\u00facej ocele.<\/p>\n<p><b>GRID<\/b><span style=\"font-weight: 400;\">\u00a0<\/span><b>STANDARD<\/b><span style=\"font-weight: 400;\">\u00a0obsahuje jednu dosku, ktor\u00e1 sa pou\u017e\u00edva na z\u00e1pis jedn\u00e9ho semienka. T\u00fdmto sp\u00f4sobom kr\u00e1sne prid\u00e1te \u010fal\u0161iu \u00farove\u0148 zabezpe\u010denia svojej hardv\u00e9rovej pe\u0148a\u017eenky. M\u00f4\u017eete pokojne spa\u0165 s vedom\u00edm, \u017ee ste urobili v\u0161etko, \u010do je potrebn\u00e9, aby boli va\u0161e kryptomeny v bezpe\u010d\u00ed.<\/span><\/p>\n<p><span style=\"font-weight: 400;\">Zobrazi\u0165 cel\u00fa verziu<\/span><b> GRID<\/b><span style=\"font-weight: 400;\"> Na prednej strane m\u00e1 mrie\u017eku pre 1-12 slov a na zadnej strane \u010fal\u0161\u00edch 12-24. Na rozdiel od na\u0161ich ostatn\u00fdch produktov nem\u00e1 \u017eiadny \u010fal\u0161\u00ed text ani logo bitcoinu, tak\u017ee na prv\u00fd poh\u013ead nie je zrejm\u00e9, na \u010do je tabu\u013eka ur\u010den\u00e1.\u00a0<\/span><\/p>\n<p><span style=\"font-weight: 400;\">Postup p\u00edsania semien pomocou grav\u00edrovacej ceruzky je naozaj jednoduch\u00fd. Zvisl\u00e1 os predstavuje p\u00edsmen\u00e1 a vodorovn\u00e1 os ich poradie. Odpor\u00fa\u010dame si slov\u00e1 vopred ozna\u010di\u0165 fixkou a potom u\u017e len grav\u00edrovacou ceruzkou natrvalo vyzna\u010di\u0165 po\u017eadovan\u00e9 polia. Odpor\u00fa\u010dame, aby boli p\u00edsmen\u00e1 \u010do najviac preh\u013aben\u00e9. Ozna\u010den\u00e9 by mali by\u0165 len prv\u00e9 4 p\u00edsmen\u00e1 slova.<\/span><\/p>\n<p class=\" translation-block\"><span style=\"font-weight: 400\">Je to oce\u013e pod\u013ea normy EN 10088-2 s hr\u00fabkou 1,5 mm - tak\u017ee m\u00f4\u017eete \u013eahko ochr\u00e1ni\u0165 svoje semen\u00e1 pred <\/span><b>vodou, \u010dasom a teplom<\/b><span style=\"font-weight: 400\"> - a\u017e do 1510\u00b0. <\/span><\/p>\n<p class=\" translation-block\"><span style=\"font-size: 15px;font-weight: 400\">Ka\u017ed\u00e1 tabu\u013eka m\u00e1 predtla\u010den\u00fdch 24 pol\u00ed na ulo\u017eenie <span style=\"font-size: 15px;font-weight: bold\">pr\u00edstupov\u00e9ho hesla BIP39<\/span> v podobe 12, 18 alebo 24 slov v\u00e1\u0161ho osiva. Materi\u00e1l dosky je ve\u013emi pevn\u00fd a takmer nezni\u010dite\u013en\u00fd. Leskl\u00fd zrkadlov\u00fd povrch zabezpe\u010duje bezprobl\u00e9mov\u00fa vidite\u013enos\u0165 va\u0161ich vygrav\u00edrovan\u00fdch slov. <\/span><\/p>\n<p><b>Grav\u00edrovacia ceruzka<\/b><span style=\"font-weight: 400;\">\u00a0nie je n\u00e1ro\u010dn\u00fd na obsluhu. Po vlo\u017een\u00ed bat\u00e9ri\u00ed AA ho nie je potrebn\u00e9 zap\u00edna\u0165. Sta\u010d\u00ed stla\u010di\u0165 a podr\u017ea\u0165 tla\u010didlo umiestnen\u00e9 na prednej strane ceruzky. Ceruzka sa automaticky spust\u00ed a vy m\u00f4\u017eete r\u00fdchlo a jednoducho grav\u00edrova\u0165. Bat\u00e9rie nie s\u00fa s\u00fa\u010das\u0165ou balenia<\/span><\/p>\n<p class=\" translation-block\">T\u00e1to verzia je \u0161tandardne balen\u00e1 vo verzii <strong>dar\u010dek<\/strong>.<\/p>\n<p><em>D\u00d4LE\u017dIT\u00c9 UPOZORNENIE! \u017diadny v\u00fdrobok, \u010di u\u017e od n\u00e1s alebo od inej spolo\u010dnosti, nikdy nezaru\u010d\u00ed \u00fapln\u00fa bezpe\u010dnos\u0165 v situ\u00e1ci\u00e1ch, ako je \u00fapln\u00e9 vyhorenie a zni\u010denie budovy, v ktorej sa e\u0161te st\u00e1le nach\u00e1dzaj\u00fa prednostne nejak\u00e9 chemick\u00e9 l\u00e1tky. Ak sa doska rozp\u00e1li na 1500\u00b0 a potom na \u0148u spadne budova alebo strecha, \u017eiadne rie\u0161enie na trhu v\u00e1s pred touto situ\u00e1ciou neochr\u00e1ni. To v\u0161ak nie je pr\u00edpad zariadenia TREZOR SHAMIR BACKUP, kde m\u00f4\u017eete seja\u010dku rozdeli\u0165 na viacero miest a zabr\u00e1ni\u0165 tak zni\u010deniu v\u0161etk\u00fdch pr\u00edstupov k va\u0161ej pe\u0148a\u017eenke. Na\u0161e dosky si m\u00f4\u017eete zak\u00fapi\u0165 aj bez grav\u00edrovacieho pera, ak uprednost\u0148ujete napr\u00edklad p\u00edsanie pomocou reli\u00e9fnych p\u00edsmen, \u010do m\u00f4\u017eete urobi\u0165 svojpomocne. \u017dia\u013e, grav\u00edrovanie kladivom nie je v\u017edy vhodn\u00e9 v byte alebo dome bez dielne.  Grav\u00edrovacie pero m\u00f4\u017ee by\u0165 skvelou n\u00e1hradou a nap\u00edsa\u0165 semeno na oce\u013eov\u00fd plech, pozrite si na\u0161e testy a recenzie grav\u00edrovania.<\/em><\/p>","protected":false},"excerpt":{"rendered":"<p><span style=\"font-weight: 400;\">Obsah balenia:<\/span><\/p>\n<p><span style=\"font-weight: 400;\">1x regenera\u010dn\u00e1 doska z prvotriednej zrkadlovej nehrdzavej\u00facej ocele<\/span><\/p>\n<p><span style=\"font-weight: 400;\">1x grav\u00edrovacia ceruzka (bat\u00e9rie nie s\u00fa s\u00fa\u010das\u0165ou balenia)<\/span><\/p>\n<p>1x le\u0161tiaca handri\u010dka<\/p>","protected":false},"featured_media":5687,"template":"","meta":{"site-sidebar-layout":"default","site-content-layout":"default","ast-site-content-layout":"","site-content-style":"default","site-sidebar-style":"default","ast-global-header-display":"","ast-banner-title-visibility":"","ast-main-header-display":"","ast-hfb-above-header-display":"","ast-hfb-below-header-display":"","ast-hfb-mobile-header-display":"","site-post-title":"","ast-breadcrumbs-content":"","ast-featured-img":"","footer-sml-layout":"","theme-transparent-header-meta":"default","adv-header-id-meta":"","stick-header-meta":"","header-above-stick-meta":"","header-main-stick-meta":"","header-below-stick-meta":"","astra-migrate-meta-layouts":"default","ast-page-background-enabled":"default","ast-page-background-meta":{"desktop":{"background-color":"","background-image":"","background-repeat":"repeat","background-position":"center center","background-size":"auto","background-attachment":"scroll","background-type":"","background-media":"","overlay-type":"","overlay-color":"","overlay-opacity":"","overlay-gradient":""},"tablet":{"background-color":"","background-image":"","background-repeat":"repeat","background-position":"center center","background-size":"auto","background-attachment":"scroll","background-type":"","background-media":"","overlay-type":"","overlay-color":"","overlay-opacity":"","overlay-gradient":""},"mobile":{"background-color":"","background-image":"","background-repeat":"repeat","background-position":"center center","background-size":"auto","background-attachment":"scroll","background-type":"","background-media":"","overlay-type":"","overlay-color":"","overlay-opacity":"","overlay-gradient":""}},"ast-content-background-meta":{"desktop":{"background-color":"var(--ast-global-color-5)","background-image":"","background-repeat":"repeat","background-position":"center center","background-size":"auto","background-attachment":"scroll","background-type":"","background-media":"","overlay-type":"","overlay-color":"","overlay-opacity":"","overlay-gradient":""},"tablet":{"background-color":"var(--ast-global-color-5)","background-image":"","background-repeat":"repeat","background-position":"center center","background-size":"auto","background-attachment":"scroll","background-type":"","background-media":"","overlay-type":"","overlay-color":"","overlay-opacity":"","overlay-gradient":""},"mobile":{"background-color":"var(--ast-global-color-5)","background-image":"","background-repeat":"repeat","background-position":"center center","background-size":"auto","background-attachment":"scroll","background-type":"","background-media":"","overlay-type":"","overlay-color":"","overlay-opacity":"","overlay-gradient":""}}},"product_cat":[62],"product_tag":[],"yoast_head":"<!-- This site is optimized with the Yoast SEO plugin v23.0 - https:\/\/yoast.com\/wordpress\/plugins\/seo\/ -->\n<title>Grid standard | recoveryseed.cz<\/title>\n<meta name=\"description\" content=\"Grid standard je recovery seed desti\u010dka s m\u0159\u00ed\u017ekou z pr\u00e9miov\u00e9 zrcadlov\u00e9 nerezov\u00e9 oceli. Vyzkou\u0161ejte ji tak\u00e9. | recoveryseed.cz\" \/>\n<meta name=\"robots\" content=\"index, follow, max-snippet:-1, max-image-preview:large, max-video-preview:-1\" \/>\n<link rel=\"canonical\" href=\"https:\/\/recoveryseed.cz\/sk\/product\/grid-standart-2\/\" \/>\n<meta property=\"og:locale\" content=\"sk_SK\" \/>\n<meta property=\"og:type\" content=\"article\" \/>\n<meta property=\"og:title\" content=\"Grid standard | recoveryseed.cz\" \/>\n<meta property=\"og:description\" content=\"Grid standard je recovery seed desti\u010dka s m\u0159\u00ed\u017ekou z pr\u00e9miov\u00e9 zrcadlov\u00e9 nerezov\u00e9 oceli. Vyzkou\u0161ejte ji tak\u00e9. | recoveryseed.cz\" \/>\n<meta property=\"og:url\" content=\"https:\/\/recoveryseed.cz\/sk\/product\/grid-standart-2\/\" \/>\n<meta property=\"og:site_name\" content=\"RecoverySeed.cz - Ulo\u017ete sv\u016fj crypto seed bezpe\u010dn\u011b!\" \/>\n<meta property=\"article:publisher\" content=\"https:\/\/www.facebook.com\/Recoveryseed.cz\" \/>\n<meta property=\"article:modified_time\" content=\"2023-03-12T09:10:29+00:00\" \/>\n<meta property=\"og:image\" content=\"https:\/\/recoveryseed.cz\/wp-content\/uploads\/2021\/12\/standard-1.jpg\" \/>\n\t<meta property=\"og:image:width\" content=\"900\" \/>\n\t<meta property=\"og:image:height\" content=\"900\" \/>\n\t<meta property=\"og:image:type\" content=\"image\/jpeg\" \/>\n<meta name=\"twitter:card\" content=\"summary_large_image\" \/>\n<meta name=\"twitter:label1\" content=\"Est. reading time\" \/>\n\t<meta name=\"twitter:data1\" content=\"3 min\u00faty\" \/>\n<script type=\"application\/ld+json\" class=\"yoast-schema-graph\">{\"@context\":\"https:\/\/schema.org\",\"@graph\":[{\"@type\":\"WebPage\",\"@id\":\"https:\/\/recoveryseed.cz\/produkt\/grid-standart\/\",\"url\":\"https:\/\/recoveryseed.cz\/produkt\/grid-standart\/\",\"name\":\"Grid standard | recoveryseed.cz\",\"isPartOf\":{\"@id\":\"https:\/\/recoveryseed.cz\/en\/#website\"},\"primaryImageOfPage\":{\"@id\":\"https:\/\/recoveryseed.cz\/produkt\/grid-standart\/#primaryimage\"},\"image\":{\"@id\":\"https:\/\/recoveryseed.cz\/produkt\/grid-standart\/#primaryimage\"},\"thumbnailUrl\":\"https:\/\/recoveryseed.cz\/wp-content\/uploads\/2021\/12\/standard-1.jpg\",\"datePublished\":\"2021-12-12T23:16:55+00:00\",\"dateModified\":\"2023-03-12T09:10:29+00:00\",\"description\":\"Grid standard je recovery seed desti\u010dka s m\u0159\u00ed\u017ekou z pr\u00e9miov\u00e9 zrcadlov\u00e9 nerezov\u00e9 oceli. Vyzkou\u0161ejte ji tak\u00e9. | recoveryseed.cz\",\"breadcrumb\":{\"@id\":\"https:\/\/recoveryseed.cz\/produkt\/grid-standart\/#breadcrumb\"},\"inLanguage\":\"sk-SK\",\"potentialAction\":[{\"@type\":\"ReadAction\",\"target\":[\"https:\/\/recoveryseed.cz\/produkt\/grid-standart\/\"]}]},{\"@type\":\"ImageObject\",\"inLanguage\":\"sk-SK\",\"@id\":\"https:\/\/recoveryseed.cz\/produkt\/grid-standart\/#primaryimage\",\"url\":\"https:\/\/recoveryseed.cz\/wp-content\/uploads\/2021\/12\/standard-1.jpg\",\"contentUrl\":\"https:\/\/recoveryseed.cz\/wp-content\/uploads\/2021\/12\/standard-1.jpg\",\"width\":900,\"height\":900},{\"@type\":\"BreadcrumbList\",\"@id\":\"https:\/\/recoveryseed.cz\/produkt\/grid-standart\/#breadcrumb\",\"itemListElement\":[{\"@type\":\"ListItem\",\"position\":1,\"name\":\"Dom\u016f\",\"item\":\"https:\/\/recoveryseed.cz\/\"},{\"@type\":\"ListItem\",\"position\":2,\"name\":\"Obchod\",\"item\":\"https:\/\/recoveryseed.cz\/eshop-recovery-seed-metal-plate\/\"},{\"@type\":\"ListItem\",\"position\":3,\"name\":\"GRID STANDARD\"}]},{\"@type\":\"WebSite\",\"@id\":\"https:\/\/recoveryseed.cz\/en\/#website\",\"url\":\"https:\/\/recoveryseed.cz\/en\/\",\"name\":\"RecoverySeed.cz - Ulo\u017ete sv\u016fj crypto seed bezpe\u010dn\u011b!\",\"description\":\"\",\"publisher\":{\"@id\":\"https:\/\/recoveryseed.cz\/en\/#organization\"},\"potentialAction\":[{\"@type\":\"SearchAction\",\"target\":{\"@type\":\"EntryPoint\",\"urlTemplate\":\"https:\/\/recoveryseed.cz\/en\/?s={search_term_string}\"},\"query-input\":\"required name=search_term_string\"}],\"inLanguage\":\"sk-SK\"},{\"@type\":\"Organization\",\"@id\":\"https:\/\/recoveryseed.cz\/en\/#organization\",\"name\":\"Recovery Seed s.r.o.\",\"url\":\"https:\/\/recoveryseed.cz\/en\/\",\"logo\":{\"@type\":\"ImageObject\",\"inLanguage\":\"sk-SK\",\"@id\":\"https:\/\/recoveryseed.cz\/en\/#\/schema\/logo\/image\/\",\"url\":\"https:\/\/recoveryseed.cz\/wp-content\/uploads\/2020\/12\/cropped-CryptoSteel__2_-removebg-preview-e1607373653659.png\",\"contentUrl\":\"https:\/\/recoveryseed.cz\/wp-content\/uploads\/2020\/12\/cropped-CryptoSteel__2_-removebg-preview-e1607373653659.png\",\"width\":500,\"height\":88,\"caption\":\"Recovery Seed s.r.o.\"},\"image\":{\"@id\":\"https:\/\/recoveryseed.cz\/en\/#\/schema\/logo\/image\/\"},\"sameAs\":[\"https:\/\/www.facebook.com\/Recoveryseed.cz\",\"https:\/\/www.instagram.com\/recoveryseed.cz\/\"]}]}<\/script>\n<!-- \/ Yoast SEO plugin. -->","yoast_head_json":{"title":"Grid standard | recoveryseed.cz","description":"Grid standard je recovery seed desti\u010dka s m\u0159\u00ed\u017ekou z pr\u00e9miov\u00e9 zrcadlov\u00e9 nerezov\u00e9 oceli. Vyzkou\u0161ejte ji tak\u00e9. | recoveryseed.cz","robots":{"index":"index","follow":"follow","max-snippet":"max-snippet:-1","max-image-preview":"max-image-preview:large","max-video-preview":"max-video-preview:-1"},"canonical":"https:\/\/recoveryseed.cz\/sk\/product\/grid-standart-2\/","og_locale":"sk_SK","og_type":"article","og_title":"Grid standard | recoveryseed.cz","og_description":"Grid standard je recovery seed desti\u010dka s m\u0159\u00ed\u017ekou z pr\u00e9miov\u00e9 zrcadlov\u00e9 nerezov\u00e9 oceli. Vyzkou\u0161ejte ji tak\u00e9. | recoveryseed.cz","og_url":"https:\/\/recoveryseed.cz\/sk\/product\/grid-standart-2\/","og_site_name":"RecoverySeed.cz - Ulo\u017ete sv\u016fj crypto seed bezpe\u010dn\u011b!","article_publisher":"https:\/\/www.facebook.com\/Recoveryseed.cz","article_modified_time":"2023-03-12T09:10:29+00:00","og_image":[{"width":900,"height":900,"url":"https:\/\/recoveryseed.cz\/wp-content\/uploads\/2021\/12\/standard-1.jpg","type":"image\/jpeg"}],"twitter_card":"summary_large_image","twitter_misc":{"Est. reading time":"3 min\u00faty"},"schema":{"@context":"https:\/\/schema.org","@graph":[{"@type":"WebPage","@id":"https:\/\/recoveryseed.cz\/produkt\/grid-standart\/","url":"https:\/\/recoveryseed.cz\/produkt\/grid-standart\/","name":"Grid standard | recoveryseed.cz","isPartOf":{"@id":"https:\/\/recoveryseed.cz\/en\/#website"},"primaryImageOfPage":{"@id":"https:\/\/recoveryseed.cz\/produkt\/grid-standart\/#primaryimage"},"image":{"@id":"https:\/\/recoveryseed.cz\/produkt\/grid-standart\/#primaryimage"},"thumbnailUrl":"https:\/\/recoveryseed.cz\/wp-content\/uploads\/2021\/12\/standard-1.jpg","datePublished":"2021-12-12T23:16:55+00:00","dateModified":"2023-03-12T09:10:29+00:00","description":"Grid standard je recovery seed desti\u010dka s m\u0159\u00ed\u017ekou z pr\u00e9miov\u00e9 zrcadlov\u00e9 nerezov\u00e9 oceli. Vyzkou\u0161ejte ji tak\u00e9. | recoveryseed.cz","breadcrumb":{"@id":"https:\/\/recoveryseed.cz\/produkt\/grid-standart\/#breadcrumb"},"inLanguage":"sk-SK","potentialAction":[{"@type":"ReadAction","target":["https:\/\/recoveryseed.cz\/produkt\/grid-standart\/"]}]},{"@type":"ImageObject","inLanguage":"sk-SK","@id":"https:\/\/recoveryseed.cz\/produkt\/grid-standart\/#primaryimage","url":"https:\/\/recoveryseed.cz\/wp-content\/uploads\/2021\/12\/standard-1.jpg","contentUrl":"https:\/\/recoveryseed.cz\/wp-content\/uploads\/2021\/12\/standard-1.jpg","width":900,"height":900},{"@type":"BreadcrumbList","@id":"https:\/\/recoveryseed.cz\/produkt\/grid-standart\/#breadcrumb","itemListElement":[{"@type":"ListItem","position":1,"name":"Dom\u016f","item":"https:\/\/recoveryseed.cz\/"},{"@type":"ListItem","position":2,"name":"Obchod","item":"https:\/\/recoveryseed.cz\/eshop-recovery-seed-metal-plate\/"},{"@type":"ListItem","position":3,"name":"GRID STANDARD"}]},{"@type":"WebSite","@id":"https:\/\/recoveryseed.cz\/en\/#website","url":"https:\/\/recoveryseed.cz\/en\/","name":"RecoverySeed.cz - Ulo\u017ete sv\u016fj crypto seed bezpe\u010dn\u011b!","description":"","publisher":{"@id":"https:\/\/recoveryseed.cz\/en\/#organization"},"potentialAction":[{"@type":"SearchAction","target":{"@type":"EntryPoint","urlTemplate":"https:\/\/recoveryseed.cz\/en\/?s={search_term_string}"},"query-input":"required name=search_term_string"}],"inLanguage":"sk-SK"},{"@type":"Organization","@id":"https:\/\/recoveryseed.cz\/en\/#organization","name":"Recovery Seed s.r.o.","url":"https:\/\/recoveryseed.cz\/en\/","logo":{"@type":"ImageObject","inLanguage":"sk-SK","@id":"https:\/\/recoveryseed.cz\/en\/#\/schema\/logo\/image\/","url":"https:\/\/recoveryseed.cz\/wp-content\/uploads\/2020\/12\/cropped-CryptoSteel__2_-removebg-preview-e1607373653659.png","contentUrl":"https:\/\/recoveryseed.cz\/wp-content\/uploads\/2020\/12\/cropped-CryptoSteel__2_-removebg-preview-e1607373653659.png","width":500,"height":88,"caption":"Recovery Seed s.r.o."},"image":{"@id":"https:\/\/recoveryseed.cz\/en\/#\/schema\/logo\/image\/"},"sameAs":["https:\/\/www.facebook.com\/Recoveryseed.cz","https:\/\/www.instagram.com\/recoveryseed.cz\/"]}]}},"_links":{"self":[{"href":"https:\/\/recoveryseed.cz\/sk\/wp-json\/wp\/v2\/product\/4742"}],"collection":[{"href":"https:\/\/recoveryseed.cz\/sk\/wp-json\/wp\/v2\/product"}],"about":[{"href":"https:\/\/recoveryseed.cz\/sk\/wp-json\/wp\/v2\/types\/product"}],"version-history":[{"count":0,"href":"https:\/\/recoveryseed.cz\/sk\/wp-json\/wp\/v2\/product\/4742\/revisions"}],"wp:featuredmedia":[{"embeddable":true,"href":"https:\/\/recoveryseed.cz\/sk\/wp-json\/wp\/v2\/media\/5687"}],"wp:attachment":[{"href":"https:\/\/recoveryseed.cz\/sk\/wp-json\/wp\/v2\/media?parent=4742"}],"wp:term":[{"taxonomy":"product_cat","embeddable":true,"href":"https:\/\/recoveryseed.cz\/sk\/wp-json\/wp\/v2\/product_cat?post=4742"},{"taxonomy":"product_tag","embeddable":true,"href":"https:\/\/recoveryseed.cz\/sk\/wp-json\/wp\/v2\/product_tag?post=4742"}],"curies":[{"name":"wp","href":"https:\/\/api.w.org\/{rel}","templated":true}]}}