{"id":4916,"date":"2022-01-03T22:44:15","date_gmt":"2022-01-03T22:44:15","guid":{"rendered":"https:\/\/recoveryseed.cz\/?post_type=product&#038;p=4916"},"modified":"2023-03-12T09:21:51","modified_gmt":"2023-03-12T09:21:51","slug":"grid-shamir-backup","status":"publish","type":"product","link":"https:\/\/recoveryseed.cz\/sk\/product\/grid-shamir-backup\/","title":{"rendered":"Z\u00c1LOHOVANIE SIETE SHAMIR"},"content":{"rendered":"<p class=\" translation-block\"><span style=\"font-size: 15px\">Tabu\u013eky Recoveryseed.cz s\u00fa vyroben\u00e9 v <b>\u010ceskej republike<\/b> z najkvalitnej\u0161ej zrkadlovej nehrdzavej\u00facej ocele.<\/span><\/p>\n<p>Zobrazi\u0165 cel\u00fa verziu <strong>GRID<\/strong>\u00a0<b>\u0160AMIR BACKUP <\/b>Obsahuje <b>4<\/b> obnovy osiva, t\u00e1to kombin\u00e1cia sa odpor\u00fa\u010da pre rie\u0161enie Shamir, ktor\u00e9 pon\u00faka spolo\u010dnos\u0165 Trezor pre svoj hardv\u00e9rov\u00fd trezor na pe\u0148a\u017eenku model T. T\u00e1to dokonal\u00e1 z\u00e1loha osiva je jednou z najbezpe\u010dnej\u0161\u00edch v\u00f4bec!<\/p>\n<p>Na prednej strane m\u00e1 mrie\u017eku pre 1-12 slov a na zadnej strane \u010fal\u0161\u00edch 12-24. Na rozdiel od na\u0161ich ostatn\u00fdch produktov nem\u00e1 \u017eiadny \u010fal\u0161\u00ed text ani logo bitcoinu, tak\u017ee na prv\u00fd poh\u013ead nie je zrejm\u00e9, na \u010do je tabu\u013eka ur\u010den\u00e1.<\/p>\n<p class=\" translation-block\">Je to oce\u013e <span style=\"font-size: 15px;font-style: normal;font-weight: 400\">EN 10088-2 s hr\u00fabkou 1,5 mm - b<\/span><span style=\"font-size: 15px\">teda chr\u00e1ni va\u0161e semen\u00e1 pred <b>vodou, \u010dasom a teplom<\/b> - a\u017e do 1510\u00b0.<\/span><\/p>\n<p><strong style=\"font-size: 15px;\">Ak chcete, m\u00f4\u017eete do ko\u0161\u00edka prida\u0165 viac kusov a roz\u0161\u00edri\u0165 tak po\u010det mo\u017en\u00fdch \u00falo\u017en\u00fdch priestorov.<\/strong><\/p>\n<p>Pre najlep\u0161ie vysvetlenie budeme citova\u0165 Marka Palatinusa:<\/p>\n<blockquote><p>\"Doteraj\u0161iu prax, ke\u010f v pr\u00edpade straty alebo zabudnutia kryptomenov\u00e9ho k\u013e\u00fa\u010da sta\u010dila na jeho obnovenie jedin\u00e1 fr\u00e1za (tzv. recovery seed) pozost\u00e1vaj\u00faca zo slov v ur\u010ditom porad\u00ed, nahr\u00e1dza sofistikovanej\u0161\u00ed syst\u00e9m. Pou\u017e\u00edvatelia teraz m\u00f4\u017eu jednu seedov\u00fa fr\u00e1zu rozdeli\u0165 na nieko\u013eko. Pou\u017e\u00edvatelia maj\u00fa n\u00e1stroje na obnovu prakticky ulo\u017een\u00e9 len na jednom fyzickom mieste, zvy\u010dajne nap\u00edsan\u00e9 na papieri a ukryt\u00e9 v trezore. Teraz m\u00f4\u017eu svoj seed rozdeli\u0165 a distribuova\u0165 na viacero miest alebo viacer\u00fdm d\u00f4veryhodn\u00fdm osob\u00e1m. T\u00fdm sa v\u00fdrazne zvy\u0161uje odolnos\u0165 vo\u010di kr\u00e1de\u017ei, strate alebo po\u0161kodeniu seedu. Vplyv rozdelenia fr\u00e1zy je pozoruhodn\u00fd aj v\u010faka z\u00e1lohovaniu Shamir v pr\u00edpade dedi\u010dsk\u00e9ho konania - aby pe\u0148a\u017eenku nemohla z\u00edska\u0165 sp\u00e4\u0165 len jedna osoba. Okrem toho sa pou\u017e\u00edvatelia m\u00f4\u017eu rozhodn\u00fa\u0165, \u010di na obnovenie pr\u00edstupu potrebuj\u00fa v\u0161etky \u010dasti alebo len niektor\u00e9 z nich. Aj v\u010faka t\u00fdmto jedine\u010dn\u00fdm konfigur\u00e1ci\u00e1m, ktor\u00e9 si \u010dlovek s\u00e1m zvol\u00ed, m\u00f4\u017ee by\u0165 teraz va\u0161a kryptope\u0148a\u017eenka e\u0161te lep\u0161ie chr\u00e1nen\u00e1,\" opisuje Marek Palatinus alias Slush.<\/p><\/blockquote>\n<p class=\" translation-block\">Na ka\u017edom \u0161t\u00edtku je predtla\u010den\u00fdch 24 pol\u00ed na ulo\u017eenie pr\u00edstupov\u00e9ho hesla <strong>BIP39<\/strong> v podobe 12, 18 alebo 24 slov v\u00e1\u0161ho osiva. Materi\u00e1l dosky je ve\u013emi pevn\u00fd a takmer nezni\u010dite\u013en\u00fd. Leskl\u00fd zrkadlov\u00fd povrch zaru\u010duje bezprobl\u00e9mov\u00fa vidite\u013enos\u0165 va\u0161ich vygrav\u00edrovan\u00fdch slov.<\/p>\n<p class=\" translation-block\"><span style=\"font-weight: 400\"><strong>Ryteck\u00e1 ceruzka<\/strong> nie je n\u00e1ro\u010dn\u00e1 na obsluhu. Po vlo\u017een\u00ed bat\u00e9ri\u00ed AA ju nie je potrebn\u00e9 zap\u00edna\u0165. Sta\u010d\u00ed stla\u010di\u0165 a podr\u017ea\u0165 tla\u010didlo umiestnen\u00e9 na prednej strane ceruzky. Ceruzka sa automaticky spust\u00ed a vy m\u00f4\u017eete grav\u00edrova\u0165 r\u00fdchlo a jednoducho. Bat\u00e9rie nie s\u00fa s\u00fa\u010das\u0165ou balenia.<\/span><\/p>\n<p class=\" translation-block\">T\u00e1to verzia je \u0161tandardne balen\u00e1 vo verzii <strong>dar\u010dek<\/strong>.<\/p>\n<p><em>D\u00d4LE\u017dIT\u00c9 UPOZORNENIE! \u017diadny v\u00fdrobok, \u010di u\u017e od n\u00e1s alebo od inej spolo\u010dnosti, nikdy nezaru\u010d\u00ed \u00fapln\u00fa bezpe\u010dnos\u0165 v situ\u00e1ci\u00e1ch, ako je \u00fapln\u00e9 vyhorenie a zni\u010denie budovy, v ktorej sa e\u0161te st\u00e1le nach\u00e1dzaj\u00fa prednostne nejak\u00e9 chemick\u00e9 l\u00e1tky. Ak sa doska rozp\u00e1li na 1500\u00b0 a potom na \u0148u spadne budova alebo strecha, \u017eiadne rie\u0161enie na trhu v\u00e1s pred touto situ\u00e1ciou neochr\u00e1ni. To v\u0161ak nie je pr\u00edpad zariadenia TREZOR SHAMIR BACKUP, kde m\u00f4\u017eete seja\u010dku rozdeli\u0165 na viacero miest a zabr\u00e1ni\u0165 tak zni\u010deniu v\u0161etk\u00fdch pr\u00edstupov k va\u0161ej pe\u0148a\u017eenke. Na\u0161e dosky si m\u00f4\u017eete zak\u00fapi\u0165 aj bez grav\u00edrovacieho pera, ak uprednost\u0148ujete napr\u00edklad p\u00edsanie pomocou reli\u00e9fnych p\u00edsmen, \u010do m\u00f4\u017eete urobi\u0165 svojpomocne. \u017dia\u013e, grav\u00edrovanie kladivom nie je v\u017edy vhodn\u00e9 v byte alebo dome bez dielne.  Grav\u00edrovacie pero m\u00f4\u017ee by\u0165 skvelou n\u00e1hradou a nap\u00edsa\u0165 semeno na oce\u013eov\u00fd plech, pozrite si na\u0161e testy a recenzie grav\u00edrovania.<\/em><\/p>","protected":false},"excerpt":{"rendered":"<p>Obsah balenia Z\u00e1lohovanie Shamir:<\/p>\n<p>4x obnovovacia doska z prvotriednej zrkadlovej nehrdzavej\u00facej ocele<\/p>\n<p>1x grav\u00edrovacia ceruzka (bat\u00e9rie nie s\u00fa s\u00fa\u010das\u0165ou balenia)<\/p>\n<p>1x n\u00e1hradn\u00fd hrot pre grav\u00edrovaciu ceruzku<\/p>","protected":false},"featured_media":5688,"template":"","meta":{"site-sidebar-layout":"default","site-content-layout":"default","ast-site-content-layout":"","site-content-style":"default","site-sidebar-style":"default","ast-global-header-display":"","ast-banner-title-visibility":"","ast-main-header-display":"","ast-hfb-above-header-display":"","ast-hfb-below-header-display":"","ast-hfb-mobile-header-display":"","site-post-title":"","ast-breadcrumbs-content":"","ast-featured-img":"","footer-sml-layout":"","theme-transparent-header-meta":"default","adv-header-id-meta":"","stick-header-meta":"","header-above-stick-meta":"","header-main-stick-meta":"","header-below-stick-meta":"","astra-migrate-meta-layouts":"default","ast-page-background-enabled":"default","ast-page-background-meta":{"desktop":{"background-color":"","background-image":"","background-repeat":"repeat","background-position":"center center","background-size":"auto","background-attachment":"scroll","background-type":"","background-media":"","overlay-type":"","overlay-color":"","overlay-opacity":"","overlay-gradient":""},"tablet":{"background-color":"","background-image":"","background-repeat":"repeat","background-position":"center center","background-size":"auto","background-attachment":"scroll","background-type":"","background-media":"","overlay-type":"","overlay-color":"","overlay-opacity":"","overlay-gradient":""},"mobile":{"background-color":"","background-image":"","background-repeat":"repeat","background-position":"center center","background-size":"auto","background-attachment":"scroll","background-type":"","background-media":"","overlay-type":"","overlay-color":"","overlay-opacity":"","overlay-gradient":""}},"ast-content-background-meta":{"desktop":{"background-color":"var(--ast-global-color-5)","background-image":"","background-repeat":"repeat","background-position":"center center","background-size":"auto","background-attachment":"scroll","background-type":"","background-media":"","overlay-type":"","overlay-color":"","overlay-opacity":"","overlay-gradient":""},"tablet":{"background-color":"var(--ast-global-color-5)","background-image":"","background-repeat":"repeat","background-position":"center center","background-size":"auto","background-attachment":"scroll","background-type":"","background-media":"","overlay-type":"","overlay-color":"","overlay-opacity":"","overlay-gradient":""},"mobile":{"background-color":"var(--ast-global-color-5)","background-image":"","background-repeat":"repeat","background-position":"center center","background-size":"auto","background-attachment":"scroll","background-type":"","background-media":"","overlay-type":"","overlay-color":"","overlay-opacity":"","overlay-gradient":""}}},"product_cat":[62],"product_tag":[],"yoast_head":"<!-- This site is optimized with the Yoast SEO plugin v23.0 - https:\/\/yoast.com\/wordpress\/plugins\/seo\/ -->\n<title>Grid shamir backup | recoveryseed.cz<\/title>\n<meta name=\"description\" content=\"M\u0159\u00ed\u017ekovan\u00e1 z\u00e1lo\u017en\u00ed desti\u010dka shamir je vyroben\u00e1 z pr\u00e9miov\u00e9 nerezov\u00e9 oceli. Vyzkou\u0161ejte grid shamir backup je\u0161t\u011b dnes. | recoveryseed.cz\" \/>\n<meta name=\"robots\" content=\"index, follow, max-snippet:-1, max-image-preview:large, max-video-preview:-1\" \/>\n<link rel=\"canonical\" href=\"https:\/\/recoveryseed.cz\/sk\/product\/griglia-shamir-backup\/\" \/>\n<meta property=\"og:locale\" content=\"sk_SK\" \/>\n<meta property=\"og:type\" content=\"article\" \/>\n<meta property=\"og:title\" content=\"Grid shamir backup | recoveryseed.cz\" \/>\n<meta property=\"og:description\" content=\"M\u0159\u00ed\u017ekovan\u00e1 z\u00e1lo\u017en\u00ed desti\u010dka shamir je vyroben\u00e1 z pr\u00e9miov\u00e9 nerezov\u00e9 oceli. Vyzkou\u0161ejte grid shamir backup je\u0161t\u011b dnes. | recoveryseed.cz\" \/>\n<meta property=\"og:url\" content=\"https:\/\/recoveryseed.cz\/sk\/product\/griglia-shamir-backup\/\" \/>\n<meta property=\"og:site_name\" content=\"RecoverySeed.cz - Ulo\u017ete sv\u016fj crypto seed bezpe\u010dn\u011b!\" \/>\n<meta property=\"article:publisher\" content=\"https:\/\/www.facebook.com\/Recoveryseed.cz\" \/>\n<meta property=\"article:modified_time\" content=\"2023-03-12T09:21:51+00:00\" \/>\n<meta property=\"og:image\" content=\"https:\/\/recoveryseed.cz\/wp-content\/uploads\/2022\/01\/grid-standard.jpg\" \/>\n\t<meta property=\"og:image:width\" content=\"900\" \/>\n\t<meta property=\"og:image:height\" content=\"900\" \/>\n\t<meta property=\"og:image:type\" content=\"image\/jpeg\" \/>\n<meta name=\"twitter:card\" content=\"summary_large_image\" \/>\n<meta name=\"twitter:label1\" content=\"Est. reading time\" \/>\n\t<meta name=\"twitter:data1\" content=\"3 min\u00faty\" \/>\n<script type=\"application\/ld+json\" class=\"yoast-schema-graph\">{\"@context\":\"https:\/\/schema.org\",\"@graph\":[{\"@type\":\"WebPage\",\"@id\":\"https:\/\/recoveryseed.cz\/it\/product\/griglia-shamir-backup\/\",\"url\":\"https:\/\/recoveryseed.cz\/it\/product\/griglia-shamir-backup\/\",\"name\":\"Grid shamir backup | recoveryseed.cz\",\"isPartOf\":{\"@id\":\"https:\/\/recoveryseed.cz\/en\/#website\"},\"primaryImageOfPage\":{\"@id\":\"https:\/\/recoveryseed.cz\/it\/product\/griglia-shamir-backup\/#primaryimage\"},\"image\":{\"@id\":\"https:\/\/recoveryseed.cz\/it\/product\/griglia-shamir-backup\/#primaryimage\"},\"thumbnailUrl\":\"https:\/\/recoveryseed.cz\/wp-content\/uploads\/2022\/01\/grid-standard.jpg\",\"datePublished\":\"2022-01-03T22:44:15+00:00\",\"dateModified\":\"2023-03-12T09:21:51+00:00\",\"description\":\"M\u0159\u00ed\u017ekovan\u00e1 z\u00e1lo\u017en\u00ed desti\u010dka shamir je vyroben\u00e1 z pr\u00e9miov\u00e9 nerezov\u00e9 oceli. Vyzkou\u0161ejte grid shamir backup je\u0161t\u011b dnes. | recoveryseed.cz\",\"breadcrumb\":{\"@id\":\"https:\/\/recoveryseed.cz\/it\/product\/griglia-shamir-backup\/#breadcrumb\"},\"inLanguage\":\"sk-SK\",\"potentialAction\":[{\"@type\":\"ReadAction\",\"target\":[\"https:\/\/recoveryseed.cz\/it\/product\/griglia-shamir-backup\/\"]}]},{\"@type\":\"ImageObject\",\"inLanguage\":\"sk-SK\",\"@id\":\"https:\/\/recoveryseed.cz\/it\/product\/griglia-shamir-backup\/#primaryimage\",\"url\":\"https:\/\/recoveryseed.cz\/wp-content\/uploads\/2022\/01\/grid-standard.jpg\",\"contentUrl\":\"https:\/\/recoveryseed.cz\/wp-content\/uploads\/2022\/01\/grid-standard.jpg\",\"width\":900,\"height\":900},{\"@type\":\"BreadcrumbList\",\"@id\":\"https:\/\/recoveryseed.cz\/it\/product\/griglia-shamir-backup\/#breadcrumb\",\"itemListElement\":[{\"@type\":\"ListItem\",\"position\":1,\"name\":\"Dom\u016f\",\"item\":\"https:\/\/recoveryseed.cz\/\"},{\"@type\":\"ListItem\",\"position\":2,\"name\":\"Obchod\",\"item\":\"https:\/\/recoveryseed.cz\/eshop-recovery-seed-metal-plate\/\"},{\"@type\":\"ListItem\",\"position\":3,\"name\":\"GRID SHAMIR BACKUP\"}]},{\"@type\":\"WebSite\",\"@id\":\"https:\/\/recoveryseed.cz\/en\/#website\",\"url\":\"https:\/\/recoveryseed.cz\/en\/\",\"name\":\"RecoverySeed.cz - Ulo\u017ete sv\u016fj crypto seed bezpe\u010dn\u011b!\",\"description\":\"\",\"publisher\":{\"@id\":\"https:\/\/recoveryseed.cz\/en\/#organization\"},\"potentialAction\":[{\"@type\":\"SearchAction\",\"target\":{\"@type\":\"EntryPoint\",\"urlTemplate\":\"https:\/\/recoveryseed.cz\/en\/?s={search_term_string}\"},\"query-input\":\"required name=search_term_string\"}],\"inLanguage\":\"sk-SK\"},{\"@type\":\"Organization\",\"@id\":\"https:\/\/recoveryseed.cz\/en\/#organization\",\"name\":\"Recovery Seed s.r.o.\",\"url\":\"https:\/\/recoveryseed.cz\/en\/\",\"logo\":{\"@type\":\"ImageObject\",\"inLanguage\":\"sk-SK\",\"@id\":\"https:\/\/recoveryseed.cz\/en\/#\/schema\/logo\/image\/\",\"url\":\"https:\/\/recoveryseed.cz\/wp-content\/uploads\/2020\/12\/cropped-CryptoSteel__2_-removebg-preview-e1607373653659.png\",\"contentUrl\":\"https:\/\/recoveryseed.cz\/wp-content\/uploads\/2020\/12\/cropped-CryptoSteel__2_-removebg-preview-e1607373653659.png\",\"width\":500,\"height\":88,\"caption\":\"Recovery Seed s.r.o.\"},\"image\":{\"@id\":\"https:\/\/recoveryseed.cz\/en\/#\/schema\/logo\/image\/\"},\"sameAs\":[\"https:\/\/www.facebook.com\/Recoveryseed.cz\",\"https:\/\/www.instagram.com\/recoveryseed.cz\/\"]}]}<\/script>\n<!-- \/ Yoast SEO plugin. -->","yoast_head_json":{"title":"Grid shamir backup | recoveryseed.cz","description":"M\u0159\u00ed\u017ekovan\u00e1 z\u00e1lo\u017en\u00ed desti\u010dka shamir je vyroben\u00e1 z pr\u00e9miov\u00e9 nerezov\u00e9 oceli. Vyzkou\u0161ejte grid shamir backup je\u0161t\u011b dnes. | recoveryseed.cz","robots":{"index":"index","follow":"follow","max-snippet":"max-snippet:-1","max-image-preview":"max-image-preview:large","max-video-preview":"max-video-preview:-1"},"canonical":"https:\/\/recoveryseed.cz\/sk\/product\/griglia-shamir-backup\/","og_locale":"sk_SK","og_type":"article","og_title":"Grid shamir backup | recoveryseed.cz","og_description":"M\u0159\u00ed\u017ekovan\u00e1 z\u00e1lo\u017en\u00ed desti\u010dka shamir je vyroben\u00e1 z pr\u00e9miov\u00e9 nerezov\u00e9 oceli. Vyzkou\u0161ejte grid shamir backup je\u0161t\u011b dnes. | recoveryseed.cz","og_url":"https:\/\/recoveryseed.cz\/sk\/product\/griglia-shamir-backup\/","og_site_name":"RecoverySeed.cz - Ulo\u017ete sv\u016fj crypto seed bezpe\u010dn\u011b!","article_publisher":"https:\/\/www.facebook.com\/Recoveryseed.cz","article_modified_time":"2023-03-12T09:21:51+00:00","og_image":[{"width":900,"height":900,"url":"https:\/\/recoveryseed.cz\/wp-content\/uploads\/2022\/01\/grid-standard.jpg","type":"image\/jpeg"}],"twitter_card":"summary_large_image","twitter_misc":{"Est. reading time":"3 min\u00faty"},"schema":{"@context":"https:\/\/schema.org","@graph":[{"@type":"WebPage","@id":"https:\/\/recoveryseed.cz\/it\/product\/griglia-shamir-backup\/","url":"https:\/\/recoveryseed.cz\/it\/product\/griglia-shamir-backup\/","name":"Grid shamir backup | recoveryseed.cz","isPartOf":{"@id":"https:\/\/recoveryseed.cz\/en\/#website"},"primaryImageOfPage":{"@id":"https:\/\/recoveryseed.cz\/it\/product\/griglia-shamir-backup\/#primaryimage"},"image":{"@id":"https:\/\/recoveryseed.cz\/it\/product\/griglia-shamir-backup\/#primaryimage"},"thumbnailUrl":"https:\/\/recoveryseed.cz\/wp-content\/uploads\/2022\/01\/grid-standard.jpg","datePublished":"2022-01-03T22:44:15+00:00","dateModified":"2023-03-12T09:21:51+00:00","description":"M\u0159\u00ed\u017ekovan\u00e1 z\u00e1lo\u017en\u00ed desti\u010dka shamir je vyroben\u00e1 z pr\u00e9miov\u00e9 nerezov\u00e9 oceli. Vyzkou\u0161ejte grid shamir backup je\u0161t\u011b dnes. | recoveryseed.cz","breadcrumb":{"@id":"https:\/\/recoveryseed.cz\/it\/product\/griglia-shamir-backup\/#breadcrumb"},"inLanguage":"sk-SK","potentialAction":[{"@type":"ReadAction","target":["https:\/\/recoveryseed.cz\/it\/product\/griglia-shamir-backup\/"]}]},{"@type":"ImageObject","inLanguage":"sk-SK","@id":"https:\/\/recoveryseed.cz\/it\/product\/griglia-shamir-backup\/#primaryimage","url":"https:\/\/recoveryseed.cz\/wp-content\/uploads\/2022\/01\/grid-standard.jpg","contentUrl":"https:\/\/recoveryseed.cz\/wp-content\/uploads\/2022\/01\/grid-standard.jpg","width":900,"height":900},{"@type":"BreadcrumbList","@id":"https:\/\/recoveryseed.cz\/it\/product\/griglia-shamir-backup\/#breadcrumb","itemListElement":[{"@type":"ListItem","position":1,"name":"Dom\u016f","item":"https:\/\/recoveryseed.cz\/"},{"@type":"ListItem","position":2,"name":"Obchod","item":"https:\/\/recoveryseed.cz\/eshop-recovery-seed-metal-plate\/"},{"@type":"ListItem","position":3,"name":"GRID SHAMIR BACKUP"}]},{"@type":"WebSite","@id":"https:\/\/recoveryseed.cz\/en\/#website","url":"https:\/\/recoveryseed.cz\/en\/","name":"RecoverySeed.cz - Ulo\u017ete sv\u016fj crypto seed bezpe\u010dn\u011b!","description":"","publisher":{"@id":"https:\/\/recoveryseed.cz\/en\/#organization"},"potentialAction":[{"@type":"SearchAction","target":{"@type":"EntryPoint","urlTemplate":"https:\/\/recoveryseed.cz\/en\/?s={search_term_string}"},"query-input":"required name=search_term_string"}],"inLanguage":"sk-SK"},{"@type":"Organization","@id":"https:\/\/recoveryseed.cz\/en\/#organization","name":"Recovery Seed s.r.o.","url":"https:\/\/recoveryseed.cz\/en\/","logo":{"@type":"ImageObject","inLanguage":"sk-SK","@id":"https:\/\/recoveryseed.cz\/en\/#\/schema\/logo\/image\/","url":"https:\/\/recoveryseed.cz\/wp-content\/uploads\/2020\/12\/cropped-CryptoSteel__2_-removebg-preview-e1607373653659.png","contentUrl":"https:\/\/recoveryseed.cz\/wp-content\/uploads\/2020\/12\/cropped-CryptoSteel__2_-removebg-preview-e1607373653659.png","width":500,"height":88,"caption":"Recovery Seed s.r.o."},"image":{"@id":"https:\/\/recoveryseed.cz\/en\/#\/schema\/logo\/image\/"},"sameAs":["https:\/\/www.facebook.com\/Recoveryseed.cz","https:\/\/www.instagram.com\/recoveryseed.cz\/"]}]}},"_links":{"self":[{"href":"https:\/\/recoveryseed.cz\/sk\/wp-json\/wp\/v2\/product\/4916"}],"collection":[{"href":"https:\/\/recoveryseed.cz\/sk\/wp-json\/wp\/v2\/product"}],"about":[{"href":"https:\/\/recoveryseed.cz\/sk\/wp-json\/wp\/v2\/types\/product"}],"version-history":[{"count":0,"href":"https:\/\/recoveryseed.cz\/sk\/wp-json\/wp\/v2\/product\/4916\/revisions"}],"wp:featuredmedia":[{"embeddable":true,"href":"https:\/\/recoveryseed.cz\/sk\/wp-json\/wp\/v2\/media\/5688"}],"wp:attachment":[{"href":"https:\/\/recoveryseed.cz\/sk\/wp-json\/wp\/v2\/media?parent=4916"}],"wp:term":[{"taxonomy":"product_cat","embeddable":true,"href":"https:\/\/recoveryseed.cz\/sk\/wp-json\/wp\/v2\/product_cat?post=4916"},{"taxonomy":"product_tag","embeddable":true,"href":"https:\/\/recoveryseed.cz\/sk\/wp-json\/wp\/v2\/product_tag?post=4916"}],"curies":[{"name":"wp","href":"https:\/\/api.w.org\/{rel}","templated":true}]}}