{"id":4886,"date":"2022-01-03T22:32:20","date_gmt":"2022-01-03T22:32:20","guid":{"rendered":"https:\/\/recoveryseed.cz\/?post_type=product&#038;p=4886"},"modified":"2023-03-12T09:17:46","modified_gmt":"2023-03-12T09:17:46","slug":"grid-double","status":"publish","type":"product","link":"https:\/\/recoveryseed.cz\/sl\/product\/mreza-dvojcek\/","title":{"rendered":"GRID DOUBLE"},"content":{"rendered":"<p class=\" translation-block\">Plo\u0161\u010de Recoveryseed.cz so izdelane v <b>\u010ce\u0161ki republiki<\/b> iz zrcalnega nerjave\u010dega jekla najvi\u0161je kakovosti.<\/p>\n<p>Poglej celotno razli\u010dico<strong> GRID<\/strong> <b>DVOJ\u010cKA\u00a0<\/b>Vsebuje\u00a0<b>2<\/b>\u00a0obnovitev plo\u0161\u010dic s semeni, je ta kombinacija priporo\u010dljiva, \u010de imate 2 denarnici in morate zato zanesljivo zapisati 2 semena. Ali \u010de \u017eelite z na\u0161o plo\u0161\u010dico za obnovitvena semena obdarovati dru\u017eino ali prijatelje.<\/p>\n<p><span style=\"font-weight: 400;\">Poglej celotno razli\u010dico<\/span><b> GRID<\/b><span style=\"font-weight: 400;\"> Na sprednji strani ima mre\u017eo za 1-12 besed, na zadnji strani pa \u0161e 12-24.Za razliko od na\u0161ih drugih izdelkov nima dodatnega besedila ali logotipa bitcoin, zato na prvi pogled ni jasno, \u010demu je plo\u0161\u010dica namenjena.\u00a0<\/span><\/p>\n<p><span style=\"font-weight: 400;\">Pisanje semena s svin\u010dnikom za graviranje je zelo preprosto. Navpi\u010dna os predstavlja \u010drke, vodoravna os pa njihov vrstni red. Priporo\u010damo, da besede vnaprej ozna\u010dite z ozna\u010devalnikom, nato pa z gravirnim svin\u010dnikom le trajno ozna\u010dite \u017eelena polja. Priporo\u010damo, da so \u010drke \u010dim bolj poglobljene. Ozna\u010dene naj bodo samo prve \u0161tiri \u010drke besede.<\/span><\/p>\n<p class=\" translation-block\"><span style=\"font-weight: 400\">Je iz jekla EN 10088-2 z debelino 1,5 mm - zato lahko svoja semena enostavno za\u0161\u010ditite pred <\/span><b>vodo, \u010dasom in vro\u010dino<\/b><span style=\"font-weight: 400\"> - do 1510\u00b0. <\/span><\/p>\n<p class=\" translation-block\"><span style=\"font-size: 15px;font-weight: 400\">Na vsaki plo\u0161\u010dici je vnaprej natisnjenih 24 polj za shranjevanje <span style=\"font-size: 15px;font-weight: bold\">BIP39<\/span> gesla za dostop v obliki 12, 18 ali 24 besed va\u0161ega semena. Material plo\u0161\u010de je zelo mo\u010dan in skoraj neuni\u010dljiv. Ble\u0161\u010de\u010da zrcalna povr\u0161ina zagotavlja brezhibno vidnost va\u0161ih graviranih besed. <\/span><\/p>\n<p><b>Svin\u010dnik za graviranje<\/b><span style=\"font-weight: 400;\">\u00a0ni te\u017eko upravljati. Po vstavitvi baterij AA ga ni treba vklopiti. Preprosto pritisnite in dr\u017eite gumb na sprednji strani svin\u010dnika. Svin\u010dnik se samodejno za\u017eene, vi pa lahko hitro in enostavno gravirate. Baterije niso vklju\u010dene<\/span><\/p>\n<p class=\" translation-block\">Ta razli\u010dica je standardno pakirana v <strong>darilni<\/strong> razli\u010dici.<\/p>","protected":false},"excerpt":{"rendered":"<p>Vsebina paketa:<\/p>\n<p>1x obnovitvena plo\u0161\u010da za semena iz vrhunskega zrcalnega nerjavnega jekla<\/p>\n<p>1x svin\u010dnik za graviranje (baterije niso vklju\u010dene)<\/p>\n<p>1x krpa za poliranje<\/p>","protected":false},"featured_media":5686,"template":"","meta":{"site-sidebar-layout":"default","site-content-layout":"default","ast-site-content-layout":"","site-content-style":"default","site-sidebar-style":"default","ast-global-header-display":"","ast-banner-title-visibility":"","ast-main-header-display":"","ast-hfb-above-header-display":"","ast-hfb-below-header-display":"","ast-hfb-mobile-header-display":"","site-post-title":"","ast-breadcrumbs-content":"","ast-featured-img":"","footer-sml-layout":"","theme-transparent-header-meta":"default","adv-header-id-meta":"","stick-header-meta":"","header-above-stick-meta":"","header-main-stick-meta":"","header-below-stick-meta":"","astra-migrate-meta-layouts":"default","ast-page-background-enabled":"default","ast-page-background-meta":{"desktop":{"background-color":"","background-image":"","background-repeat":"repeat","background-position":"center center","background-size":"auto","background-attachment":"scroll","background-type":"","background-media":"","overlay-type":"","overlay-color":"","overlay-opacity":"","overlay-gradient":""},"tablet":{"background-color":"","background-image":"","background-repeat":"repeat","background-position":"center center","background-size":"auto","background-attachment":"scroll","background-type":"","background-media":"","overlay-type":"","overlay-color":"","overlay-opacity":"","overlay-gradient":""},"mobile":{"background-color":"","background-image":"","background-repeat":"repeat","background-position":"center center","background-size":"auto","background-attachment":"scroll","background-type":"","background-media":"","overlay-type":"","overlay-color":"","overlay-opacity":"","overlay-gradient":""}},"ast-content-background-meta":{"desktop":{"background-color":"var(--ast-global-color-5)","background-image":"","background-repeat":"repeat","background-position":"center center","background-size":"auto","background-attachment":"scroll","background-type":"","background-media":"","overlay-type":"","overlay-color":"","overlay-opacity":"","overlay-gradient":""},"tablet":{"background-color":"var(--ast-global-color-5)","background-image":"","background-repeat":"repeat","background-position":"center center","background-size":"auto","background-attachment":"scroll","background-type":"","background-media":"","overlay-type":"","overlay-color":"","overlay-opacity":"","overlay-gradient":""},"mobile":{"background-color":"var(--ast-global-color-5)","background-image":"","background-repeat":"repeat","background-position":"center center","background-size":"auto","background-attachment":"scroll","background-type":"","background-media":"","overlay-type":"","overlay-color":"","overlay-opacity":"","overlay-gradient":""}}},"product_cat":[62],"product_tag":[],"yoast_head":"<!-- This site is optimized with the Yoast SEO plugin v23.0 - https:\/\/yoast.com\/wordpress\/plugins\/seo\/ -->\n<title>Grid double | recoveryseed.cz<\/title>\n<meta name=\"description\" content=\"Balen\u00ed obsahuje dvakr\u00e1t m\u0159\u00ed\u017ekovanou desti\u010dku z pr\u00e9miov\u00e9 oceli pro bezpe\u010dn\u00e9 ulo\u017een\u00ed va\u0161ich kryptom\u011bn. Objednejte si ho je\u0161t\u011b dnes.\" \/>\n<meta name=\"robots\" content=\"index, follow, max-snippet:-1, max-image-preview:large, max-video-preview:-1\" \/>\n<link rel=\"canonical\" href=\"https:\/\/recoveryseed.cz\/sl\/product\/mreza-dvojcek\/\" \/>\n<meta property=\"og:locale\" content=\"sl_SI\" \/>\n<meta property=\"og:type\" content=\"article\" \/>\n<meta property=\"og:title\" content=\"Grid double | recoveryseed.cz\" \/>\n<meta property=\"og:description\" content=\"Balen\u00ed obsahuje dvakr\u00e1t m\u0159\u00ed\u017ekovanou desti\u010dku z pr\u00e9miov\u00e9 oceli pro bezpe\u010dn\u00e9 ulo\u017een\u00ed va\u0161ich kryptom\u011bn. Objednejte si ho je\u0161t\u011b dnes.\" \/>\n<meta property=\"og:url\" content=\"https:\/\/recoveryseed.cz\/sl\/product\/mreza-dvojcek\/\" \/>\n<meta property=\"og:site_name\" content=\"RecoverySeed.cz - Ulo\u017ete sv\u016fj crypto seed bezpe\u010dn\u011b!\" \/>\n<meta property=\"article:publisher\" content=\"https:\/\/www.facebook.com\/Recoveryseed.cz\" \/>\n<meta property=\"article:modified_time\" content=\"2023-03-12T09:17:46+00:00\" \/>\n<meta property=\"og:image\" content=\"https:\/\/recoveryseed.cz\/wp-content\/uploads\/2022\/01\/grid-double-standard-1.jpg\" \/>\n\t<meta property=\"og:image:width\" content=\"900\" \/>\n\t<meta property=\"og:image:height\" content=\"900\" \/>\n\t<meta property=\"og:image:type\" content=\"image\/jpeg\" \/>\n<meta name=\"twitter:card\" content=\"summary_large_image\" \/>\n<meta name=\"twitter:label1\" content=\"Est. reading time\" \/>\n\t<meta name=\"twitter:data1\" content=\"2 minuti\" \/>\n<script type=\"application\/ld+json\" class=\"yoast-schema-graph\">{\"@context\":\"https:\/\/schema.org\",\"@graph\":[{\"@type\":\"WebPage\",\"@id\":\"https:\/\/recoveryseed.cz\/produkt\/grid-double\/\",\"url\":\"https:\/\/recoveryseed.cz\/produkt\/grid-double\/\",\"name\":\"Grid double | recoveryseed.cz\",\"isPartOf\":{\"@id\":\"https:\/\/recoveryseed.cz\/en\/#website\"},\"primaryImageOfPage\":{\"@id\":\"https:\/\/recoveryseed.cz\/produkt\/grid-double\/#primaryimage\"},\"image\":{\"@id\":\"https:\/\/recoveryseed.cz\/produkt\/grid-double\/#primaryimage\"},\"thumbnailUrl\":\"https:\/\/recoveryseed.cz\/wp-content\/uploads\/2022\/01\/grid-double-standard-1.jpg\",\"datePublished\":\"2022-01-03T22:32:20+00:00\",\"dateModified\":\"2023-03-12T09:17:46+00:00\",\"description\":\"Balen\u00ed obsahuje dvakr\u00e1t m\u0159\u00ed\u017ekovanou desti\u010dku z pr\u00e9miov\u00e9 oceli pro bezpe\u010dn\u00e9 ulo\u017een\u00ed va\u0161ich kryptom\u011bn. Objednejte si ho je\u0161t\u011b dnes.\",\"breadcrumb\":{\"@id\":\"https:\/\/recoveryseed.cz\/produkt\/grid-double\/#breadcrumb\"},\"inLanguage\":\"sl-SI\",\"potentialAction\":[{\"@type\":\"ReadAction\",\"target\":[\"https:\/\/recoveryseed.cz\/produkt\/grid-double\/\"]}]},{\"@type\":\"ImageObject\",\"inLanguage\":\"sl-SI\",\"@id\":\"https:\/\/recoveryseed.cz\/produkt\/grid-double\/#primaryimage\",\"url\":\"https:\/\/recoveryseed.cz\/wp-content\/uploads\/2022\/01\/grid-double-standard-1.jpg\",\"contentUrl\":\"https:\/\/recoveryseed.cz\/wp-content\/uploads\/2022\/01\/grid-double-standard-1.jpg\",\"width\":900,\"height\":900},{\"@type\":\"BreadcrumbList\",\"@id\":\"https:\/\/recoveryseed.cz\/produkt\/grid-double\/#breadcrumb\",\"itemListElement\":[{\"@type\":\"ListItem\",\"position\":1,\"name\":\"Dom\u016f\",\"item\":\"https:\/\/recoveryseed.cz\/\"},{\"@type\":\"ListItem\",\"position\":2,\"name\":\"Obchod\",\"item\":\"https:\/\/recoveryseed.cz\/eshop-recovery-seed-metal-plate\/\"},{\"@type\":\"ListItem\",\"position\":3,\"name\":\"GRID DOUBLE\"}]},{\"@type\":\"WebSite\",\"@id\":\"https:\/\/recoveryseed.cz\/en\/#website\",\"url\":\"https:\/\/recoveryseed.cz\/en\/\",\"name\":\"RecoverySeed.cz - Ulo\u017ete sv\u016fj crypto seed bezpe\u010dn\u011b!\",\"description\":\"\",\"publisher\":{\"@id\":\"https:\/\/recoveryseed.cz\/en\/#organization\"},\"potentialAction\":[{\"@type\":\"SearchAction\",\"target\":{\"@type\":\"EntryPoint\",\"urlTemplate\":\"https:\/\/recoveryseed.cz\/en\/?s={search_term_string}\"},\"query-input\":\"required name=search_term_string\"}],\"inLanguage\":\"sl-SI\"},{\"@type\":\"Organization\",\"@id\":\"https:\/\/recoveryseed.cz\/en\/#organization\",\"name\":\"Recovery Seed s.r.o.\",\"url\":\"https:\/\/recoveryseed.cz\/en\/\",\"logo\":{\"@type\":\"ImageObject\",\"inLanguage\":\"sl-SI\",\"@id\":\"https:\/\/recoveryseed.cz\/en\/#\/schema\/logo\/image\/\",\"url\":\"https:\/\/recoveryseed.cz\/wp-content\/uploads\/2020\/12\/cropped-CryptoSteel__2_-removebg-preview-e1607373653659.png\",\"contentUrl\":\"https:\/\/recoveryseed.cz\/wp-content\/uploads\/2020\/12\/cropped-CryptoSteel__2_-removebg-preview-e1607373653659.png\",\"width\":500,\"height\":88,\"caption\":\"Recovery Seed s.r.o.\"},\"image\":{\"@id\":\"https:\/\/recoveryseed.cz\/en\/#\/schema\/logo\/image\/\"},\"sameAs\":[\"https:\/\/www.facebook.com\/Recoveryseed.cz\",\"https:\/\/www.instagram.com\/recoveryseed.cz\/\"]}]}<\/script>\n<!-- \/ Yoast SEO plugin. -->","yoast_head_json":{"title":"Grid double | recoveryseed.cz","description":"Balen\u00ed obsahuje dvakr\u00e1t m\u0159\u00ed\u017ekovanou desti\u010dku z pr\u00e9miov\u00e9 oceli pro bezpe\u010dn\u00e9 ulo\u017een\u00ed va\u0161ich kryptom\u011bn. Objednejte si ho je\u0161t\u011b dnes.","robots":{"index":"index","follow":"follow","max-snippet":"max-snippet:-1","max-image-preview":"max-image-preview:large","max-video-preview":"max-video-preview:-1"},"canonical":"https:\/\/recoveryseed.cz\/sl\/product\/mreza-dvojcek\/","og_locale":"sl_SI","og_type":"article","og_title":"Grid double | recoveryseed.cz","og_description":"Balen\u00ed obsahuje dvakr\u00e1t m\u0159\u00ed\u017ekovanou desti\u010dku z pr\u00e9miov\u00e9 oceli pro bezpe\u010dn\u00e9 ulo\u017een\u00ed va\u0161ich kryptom\u011bn. Objednejte si ho je\u0161t\u011b dnes.","og_url":"https:\/\/recoveryseed.cz\/sl\/product\/mreza-dvojcek\/","og_site_name":"RecoverySeed.cz - Ulo\u017ete sv\u016fj crypto seed bezpe\u010dn\u011b!","article_publisher":"https:\/\/www.facebook.com\/Recoveryseed.cz","article_modified_time":"2023-03-12T09:17:46+00:00","og_image":[{"width":900,"height":900,"url":"https:\/\/recoveryseed.cz\/wp-content\/uploads\/2022\/01\/grid-double-standard-1.jpg","type":"image\/jpeg"}],"twitter_card":"summary_large_image","twitter_misc":{"Est. reading time":"2 minuti"},"schema":{"@context":"https:\/\/schema.org","@graph":[{"@type":"WebPage","@id":"https:\/\/recoveryseed.cz\/produkt\/grid-double\/","url":"https:\/\/recoveryseed.cz\/produkt\/grid-double\/","name":"Grid double | recoveryseed.cz","isPartOf":{"@id":"https:\/\/recoveryseed.cz\/en\/#website"},"primaryImageOfPage":{"@id":"https:\/\/recoveryseed.cz\/produkt\/grid-double\/#primaryimage"},"image":{"@id":"https:\/\/recoveryseed.cz\/produkt\/grid-double\/#primaryimage"},"thumbnailUrl":"https:\/\/recoveryseed.cz\/wp-content\/uploads\/2022\/01\/grid-double-standard-1.jpg","datePublished":"2022-01-03T22:32:20+00:00","dateModified":"2023-03-12T09:17:46+00:00","description":"Balen\u00ed obsahuje dvakr\u00e1t m\u0159\u00ed\u017ekovanou desti\u010dku z pr\u00e9miov\u00e9 oceli pro bezpe\u010dn\u00e9 ulo\u017een\u00ed va\u0161ich kryptom\u011bn. Objednejte si ho je\u0161t\u011b dnes.","breadcrumb":{"@id":"https:\/\/recoveryseed.cz\/produkt\/grid-double\/#breadcrumb"},"inLanguage":"sl-SI","potentialAction":[{"@type":"ReadAction","target":["https:\/\/recoveryseed.cz\/produkt\/grid-double\/"]}]},{"@type":"ImageObject","inLanguage":"sl-SI","@id":"https:\/\/recoveryseed.cz\/produkt\/grid-double\/#primaryimage","url":"https:\/\/recoveryseed.cz\/wp-content\/uploads\/2022\/01\/grid-double-standard-1.jpg","contentUrl":"https:\/\/recoveryseed.cz\/wp-content\/uploads\/2022\/01\/grid-double-standard-1.jpg","width":900,"height":900},{"@type":"BreadcrumbList","@id":"https:\/\/recoveryseed.cz\/produkt\/grid-double\/#breadcrumb","itemListElement":[{"@type":"ListItem","position":1,"name":"Dom\u016f","item":"https:\/\/recoveryseed.cz\/"},{"@type":"ListItem","position":2,"name":"Obchod","item":"https:\/\/recoveryseed.cz\/eshop-recovery-seed-metal-plate\/"},{"@type":"ListItem","position":3,"name":"GRID DOUBLE"}]},{"@type":"WebSite","@id":"https:\/\/recoveryseed.cz\/en\/#website","url":"https:\/\/recoveryseed.cz\/en\/","name":"RecoverySeed.cz - Ulo\u017ete sv\u016fj crypto seed bezpe\u010dn\u011b!","description":"","publisher":{"@id":"https:\/\/recoveryseed.cz\/en\/#organization"},"potentialAction":[{"@type":"SearchAction","target":{"@type":"EntryPoint","urlTemplate":"https:\/\/recoveryseed.cz\/en\/?s={search_term_string}"},"query-input":"required name=search_term_string"}],"inLanguage":"sl-SI"},{"@type":"Organization","@id":"https:\/\/recoveryseed.cz\/en\/#organization","name":"Recovery Seed s.r.o.","url":"https:\/\/recoveryseed.cz\/en\/","logo":{"@type":"ImageObject","inLanguage":"sl-SI","@id":"https:\/\/recoveryseed.cz\/en\/#\/schema\/logo\/image\/","url":"https:\/\/recoveryseed.cz\/wp-content\/uploads\/2020\/12\/cropped-CryptoSteel__2_-removebg-preview-e1607373653659.png","contentUrl":"https:\/\/recoveryseed.cz\/wp-content\/uploads\/2020\/12\/cropped-CryptoSteel__2_-removebg-preview-e1607373653659.png","width":500,"height":88,"caption":"Recovery Seed s.r.o."},"image":{"@id":"https:\/\/recoveryseed.cz\/en\/#\/schema\/logo\/image\/"},"sameAs":["https:\/\/www.facebook.com\/Recoveryseed.cz","https:\/\/www.instagram.com\/recoveryseed.cz\/"]}]}},"_links":{"self":[{"href":"https:\/\/recoveryseed.cz\/sl\/wp-json\/wp\/v2\/product\/4886"}],"collection":[{"href":"https:\/\/recoveryseed.cz\/sl\/wp-json\/wp\/v2\/product"}],"about":[{"href":"https:\/\/recoveryseed.cz\/sl\/wp-json\/wp\/v2\/types\/product"}],"version-history":[{"count":0,"href":"https:\/\/recoveryseed.cz\/sl\/wp-json\/wp\/v2\/product\/4886\/revisions"}],"wp:featuredmedia":[{"embeddable":true,"href":"https:\/\/recoveryseed.cz\/sl\/wp-json\/wp\/v2\/media\/5686"}],"wp:attachment":[{"href":"https:\/\/recoveryseed.cz\/sl\/wp-json\/wp\/v2\/media?parent=4886"}],"wp:term":[{"taxonomy":"product_cat","embeddable":true,"href":"https:\/\/recoveryseed.cz\/sl\/wp-json\/wp\/v2\/product_cat?post=4886"},{"taxonomy":"product_tag","embeddable":true,"href":"https:\/\/recoveryseed.cz\/sl\/wp-json\/wp\/v2\/product_tag?post=4886"}],"curies":[{"name":"wp","href":"https:\/\/api.w.org\/{rel}","templated":true}]}}