{"id":4916,"date":"2022-01-03T22:44:15","date_gmt":"2022-01-03T22:44:15","guid":{"rendered":"https:\/\/recoveryseed.cz\/?post_type=product&#038;p=4916"},"modified":"2023-03-12T09:21:51","modified_gmt":"2023-03-12T09:21:51","slug":"grid-shamir-backup","status":"publish","type":"product","link":"https:\/\/recoveryseed.cz\/sl\/product\/grid-shamir-backup\/","title":{"rendered":"VARNOSTNA KOPIJA OMRE\u017dJA SHAMIR"},"content":{"rendered":"<p class=\" translation-block\"><span style=\"font-size: 15px\">Plo\u0161\u010de Recoveryseed.cz so izdelane v <b>\u010ce\u0161ki republiki<\/b> iz zrcalnega nerjave\u010dega jekla najvi\u0161je kakovosti.<\/span><\/p>\n<p>Poglej celotno razli\u010dico <strong>GRID<\/strong>\u00a0<b>SHAMIR BACKUP <\/b>Vsebuje <b>4<\/b> obnovitev semenskih plo\u0161\u010d, je ta kombinacija priporo\u010dljiva za re\u0161itev Shamir, ki jo ponuja Trezor za svoj strojni denarnica sef model T. Ta ultimativna varnostna kopija semen je ena najvarnej\u0161ih doslej!<\/p>\n<p>Na sprednji strani ima mre\u017eo za 1-12 besed, na zadnji strani pa \u0161e 12-24.Za razliko od na\u0161ih drugih izdelkov nima dodatnega besedila ali logotipa bitcoin, zato na prvi pogled ni jasno, \u010demu je plo\u0161\u010dica namenjena.<\/p>\n<p class=\" translation-block\">Gre za jeklo <span style=\"font-size: 15px;font-style: normal;font-weight: 400\">EN 10088-2 debeline 1,5 mm - b<\/span><span style=\"font-size: 15px\">tako je va\u0161e seme za\u0161\u010diteno pred <b>vodo, \u010dasom in vro\u010dino<\/b> - do 1510\u00b0.<\/span><\/p>\n<p><strong style=\"font-size: 15px;\">\u010ce \u017eelite, lahko v ko\u0161arico dodate ve\u010d kosov in tako raz\u0161irite \u0161tevilo mo\u017enih prostorov za shranjevanje.<\/strong><\/p>\n<p>Za najbolj\u0161o razlago bomo citirali Marka Palatinusa:<\/p>\n<blockquote><p>\"Prej\u0161njo prakso, ko je ob izgubi ali pozabi klju\u010da kriptovalute za njegovo obnovitev zadostovala ena sama fraza (t. i. obnovitveno seme), sestavljena iz besed v dolo\u010denem vrstnem redu, nadome\u0161\u010da bolj izpopolnjen sistem. Uporabniki lahko zdaj en sam semenski stavek razdelijo na ve\u010d delov. Uporabniki imajo orodja za obnovitev prakti\u010dno shranjena le na eni fizi\u010dni lokaciji, obi\u010dajno zapisana na papirju in skrita v sefu. Zdaj lahko svoje seme razdelijo in razdelijo na ve\u010d lokacij ali ve\u010d zaupanja vrednim osebam. To mo\u010dno pove\u010da odpornost proti kraji, izgubi ali po\u0161kodbi semena. U\u010dinek delitve stavka je zaradi Shamirjevega varnostnega kopiranja opazen tudi v primeru zapu\u0161\u010dinskih postopkov - da denarnice ne more povrniti le ena oseba. Poleg tega se lahko uporabniki odlo\u010dijo, ali za obnovitev dostopa potrebujejo vse dele ali le nekatere. Tudi zaradi teh edinstvenih konfiguracij, ki jih je izbral \u010dlovek, je lahko va\u0161a kripto denarnica zdaj \u0161e bolje za\u0161\u010ditena,\" opisuje Marek Palatinus alias Slush.<\/p><\/blockquote>\n<p class=\" translation-block\">Na vsaki plo\u0161\u010dici je vnaprej natisnjenih 24 polj za shranjevanje <strong>gesla za dostop do BIP39<\/strong> v obliki 12, 18 ali 24 besed va\u0161ega semena. Material plo\u0161\u010de je zelo mo\u010dan in skoraj neuni\u010dljiv. Ble\u0161\u010de\u010da zrcalna povr\u0161ina zagotavlja nemoteno vidnost va\u0161ih graviranih besed.<\/p>\n<p class=\" translation-block\"><span style=\"font-weight: 400\"><strong>Slikarski svin\u010dnik<\/strong> ni te\u017eko upravljati. Po vstavitvi baterij AA ga ni treba vklopiti. Preprosto pritisnite in dr\u017eite gumb, ki se nahaja na sprednji strani svin\u010dnika. Svin\u010dnik se samodejno za\u017eene, vi pa lahko hitro in enostavno gravirate. Baterije niso prilo\u017eene.<\/span><\/p>\n<p class=\" translation-block\">Ta razli\u010dica je standardno pakirana v <strong>darilni<\/strong> razli\u010dici.<\/p>\n<p><em>POMEMBNO OBVESTILO! Noben izdelek, niti na\u0161 niti katerega koli drugega podjetja, ne zagotavlja popolne varnosti v primerih, kot sta popoln izgorelost in uni\u010denje stavbe, v kateri je po mo\u017enosti \u0161e vedno nekaj kemikalij. \u010ce se plo\u0161\u010da segreje do 1500\u00b0 in nato nanjo pade stavba ali streha, vas iz te situacije ne more re\u0161iti nobena re\u0161itev na trgu. Vendar pa to ne velja za TREZORJEV \u0160AMIR BACKUP, pri katerem lahko sejalnico razdelite na ve\u010d lokacij in prepre\u010dite uni\u010denje vseh dostopov do denarnice. Na\u0161e plo\u0161\u010de lahko kupite tudi brez gravirnega peresa, \u010de \u017eelite na primer raje pisati z vtiskovanjem \u010drk, kar lahko storite z lastno pomo\u010djo. \u017dal graviranje s kladivom ni vedno primerno v stanovanju ali hi\u0161i brez delavnice.  Gravirno pero je lahko odli\u010dna zamenjava in na jekleno plo\u0161\u010do vpi\u0161e seme, si oglejte na\u0161e teste in ocene graviranja.<\/em><\/p>","protected":false},"excerpt":{"rendered":"<p>Vsebina paketa Shamir backup:<\/p>\n<p>1x obnovitvena plo\u0161\u010da za semena iz vrhunskega zrcalnega nerjavnega jekla<\/p>\n<p>1x svin\u010dnik za graviranje (baterije niso vklju\u010dene)<\/p>\n<p>1x rezervna konica za svin\u010dnik za graviranje<\/p>","protected":false},"featured_media":5688,"template":"","meta":{"site-sidebar-layout":"default","site-content-layout":"default","ast-site-content-layout":"","site-content-style":"default","site-sidebar-style":"default","ast-global-header-display":"","ast-banner-title-visibility":"","ast-main-header-display":"","ast-hfb-above-header-display":"","ast-hfb-below-header-display":"","ast-hfb-mobile-header-display":"","site-post-title":"","ast-breadcrumbs-content":"","ast-featured-img":"","footer-sml-layout":"","theme-transparent-header-meta":"default","adv-header-id-meta":"","stick-header-meta":"","header-above-stick-meta":"","header-main-stick-meta":"","header-below-stick-meta":"","astra-migrate-meta-layouts":"default","ast-page-background-enabled":"default","ast-page-background-meta":{"desktop":{"background-color":"","background-image":"","background-repeat":"repeat","background-position":"center center","background-size":"auto","background-attachment":"scroll","background-type":"","background-media":"","overlay-type":"","overlay-color":"","overlay-opacity":"","overlay-gradient":""},"tablet":{"background-color":"","background-image":"","background-repeat":"repeat","background-position":"center center","background-size":"auto","background-attachment":"scroll","background-type":"","background-media":"","overlay-type":"","overlay-color":"","overlay-opacity":"","overlay-gradient":""},"mobile":{"background-color":"","background-image":"","background-repeat":"repeat","background-position":"center center","background-size":"auto","background-attachment":"scroll","background-type":"","background-media":"","overlay-type":"","overlay-color":"","overlay-opacity":"","overlay-gradient":""}},"ast-content-background-meta":{"desktop":{"background-color":"var(--ast-global-color-5)","background-image":"","background-repeat":"repeat","background-position":"center center","background-size":"auto","background-attachment":"scroll","background-type":"","background-media":"","overlay-type":"","overlay-color":"","overlay-opacity":"","overlay-gradient":""},"tablet":{"background-color":"var(--ast-global-color-5)","background-image":"","background-repeat":"repeat","background-position":"center center","background-size":"auto","background-attachment":"scroll","background-type":"","background-media":"","overlay-type":"","overlay-color":"","overlay-opacity":"","overlay-gradient":""},"mobile":{"background-color":"var(--ast-global-color-5)","background-image":"","background-repeat":"repeat","background-position":"center center","background-size":"auto","background-attachment":"scroll","background-type":"","background-media":"","overlay-type":"","overlay-color":"","overlay-opacity":"","overlay-gradient":""}}},"product_cat":[62],"product_tag":[],"yoast_head":"<!-- This site is optimized with the Yoast SEO plugin v23.0 - https:\/\/yoast.com\/wordpress\/plugins\/seo\/ -->\n<title>Grid shamir backup | recoveryseed.cz<\/title>\n<meta name=\"description\" content=\"M\u0159\u00ed\u017ekovan\u00e1 z\u00e1lo\u017en\u00ed desti\u010dka shamir je vyroben\u00e1 z pr\u00e9miov\u00e9 nerezov\u00e9 oceli. Vyzkou\u0161ejte grid shamir backup je\u0161t\u011b dnes. | recoveryseed.cz\" \/>\n<meta name=\"robots\" content=\"index, follow, max-snippet:-1, max-image-preview:large, max-video-preview:-1\" \/>\n<link rel=\"canonical\" href=\"https:\/\/recoveryseed.cz\/sl\/product\/griglia-shamir-backup\/\" \/>\n<meta property=\"og:locale\" content=\"sl_SI\" \/>\n<meta property=\"og:type\" content=\"article\" \/>\n<meta property=\"og:title\" content=\"Grid shamir backup | recoveryseed.cz\" \/>\n<meta property=\"og:description\" content=\"M\u0159\u00ed\u017ekovan\u00e1 z\u00e1lo\u017en\u00ed desti\u010dka shamir je vyroben\u00e1 z pr\u00e9miov\u00e9 nerezov\u00e9 oceli. Vyzkou\u0161ejte grid shamir backup je\u0161t\u011b dnes. | recoveryseed.cz\" \/>\n<meta property=\"og:url\" content=\"https:\/\/recoveryseed.cz\/sl\/product\/griglia-shamir-backup\/\" \/>\n<meta property=\"og:site_name\" content=\"RecoverySeed.cz - Ulo\u017ete sv\u016fj crypto seed bezpe\u010dn\u011b!\" \/>\n<meta property=\"article:publisher\" content=\"https:\/\/www.facebook.com\/Recoveryseed.cz\" \/>\n<meta property=\"article:modified_time\" content=\"2023-03-12T09:21:51+00:00\" \/>\n<meta property=\"og:image\" content=\"https:\/\/recoveryseed.cz\/wp-content\/uploads\/2022\/01\/grid-standard.jpg\" \/>\n\t<meta property=\"og:image:width\" content=\"900\" \/>\n\t<meta property=\"og:image:height\" content=\"900\" \/>\n\t<meta property=\"og:image:type\" content=\"image\/jpeg\" \/>\n<meta name=\"twitter:card\" content=\"summary_large_image\" \/>\n<meta name=\"twitter:label1\" content=\"Est. reading time\" \/>\n\t<meta name=\"twitter:data1\" content=\"3 minute\" \/>\n<script type=\"application\/ld+json\" class=\"yoast-schema-graph\">{\"@context\":\"https:\/\/schema.org\",\"@graph\":[{\"@type\":\"WebPage\",\"@id\":\"https:\/\/recoveryseed.cz\/it\/product\/griglia-shamir-backup\/\",\"url\":\"https:\/\/recoveryseed.cz\/it\/product\/griglia-shamir-backup\/\",\"name\":\"Grid shamir backup | recoveryseed.cz\",\"isPartOf\":{\"@id\":\"https:\/\/recoveryseed.cz\/en\/#website\"},\"primaryImageOfPage\":{\"@id\":\"https:\/\/recoveryseed.cz\/it\/product\/griglia-shamir-backup\/#primaryimage\"},\"image\":{\"@id\":\"https:\/\/recoveryseed.cz\/it\/product\/griglia-shamir-backup\/#primaryimage\"},\"thumbnailUrl\":\"https:\/\/recoveryseed.cz\/wp-content\/uploads\/2022\/01\/grid-standard.jpg\",\"datePublished\":\"2022-01-03T22:44:15+00:00\",\"dateModified\":\"2023-03-12T09:21:51+00:00\",\"description\":\"M\u0159\u00ed\u017ekovan\u00e1 z\u00e1lo\u017en\u00ed desti\u010dka shamir je vyroben\u00e1 z pr\u00e9miov\u00e9 nerezov\u00e9 oceli. Vyzkou\u0161ejte grid shamir backup je\u0161t\u011b dnes. | recoveryseed.cz\",\"breadcrumb\":{\"@id\":\"https:\/\/recoveryseed.cz\/it\/product\/griglia-shamir-backup\/#breadcrumb\"},\"inLanguage\":\"sl-SI\",\"potentialAction\":[{\"@type\":\"ReadAction\",\"target\":[\"https:\/\/recoveryseed.cz\/it\/product\/griglia-shamir-backup\/\"]}]},{\"@type\":\"ImageObject\",\"inLanguage\":\"sl-SI\",\"@id\":\"https:\/\/recoveryseed.cz\/it\/product\/griglia-shamir-backup\/#primaryimage\",\"url\":\"https:\/\/recoveryseed.cz\/wp-content\/uploads\/2022\/01\/grid-standard.jpg\",\"contentUrl\":\"https:\/\/recoveryseed.cz\/wp-content\/uploads\/2022\/01\/grid-standard.jpg\",\"width\":900,\"height\":900},{\"@type\":\"BreadcrumbList\",\"@id\":\"https:\/\/recoveryseed.cz\/it\/product\/griglia-shamir-backup\/#breadcrumb\",\"itemListElement\":[{\"@type\":\"ListItem\",\"position\":1,\"name\":\"Dom\u016f\",\"item\":\"https:\/\/recoveryseed.cz\/\"},{\"@type\":\"ListItem\",\"position\":2,\"name\":\"Obchod\",\"item\":\"https:\/\/recoveryseed.cz\/eshop-recovery-seed-metal-plate\/\"},{\"@type\":\"ListItem\",\"position\":3,\"name\":\"GRID SHAMIR BACKUP\"}]},{\"@type\":\"WebSite\",\"@id\":\"https:\/\/recoveryseed.cz\/en\/#website\",\"url\":\"https:\/\/recoveryseed.cz\/en\/\",\"name\":\"RecoverySeed.cz - Ulo\u017ete sv\u016fj crypto seed bezpe\u010dn\u011b!\",\"description\":\"\",\"publisher\":{\"@id\":\"https:\/\/recoveryseed.cz\/en\/#organization\"},\"potentialAction\":[{\"@type\":\"SearchAction\",\"target\":{\"@type\":\"EntryPoint\",\"urlTemplate\":\"https:\/\/recoveryseed.cz\/en\/?s={search_term_string}\"},\"query-input\":\"required name=search_term_string\"}],\"inLanguage\":\"sl-SI\"},{\"@type\":\"Organization\",\"@id\":\"https:\/\/recoveryseed.cz\/en\/#organization\",\"name\":\"Recovery Seed s.r.o.\",\"url\":\"https:\/\/recoveryseed.cz\/en\/\",\"logo\":{\"@type\":\"ImageObject\",\"inLanguage\":\"sl-SI\",\"@id\":\"https:\/\/recoveryseed.cz\/en\/#\/schema\/logo\/image\/\",\"url\":\"https:\/\/recoveryseed.cz\/wp-content\/uploads\/2020\/12\/cropped-CryptoSteel__2_-removebg-preview-e1607373653659.png\",\"contentUrl\":\"https:\/\/recoveryseed.cz\/wp-content\/uploads\/2020\/12\/cropped-CryptoSteel__2_-removebg-preview-e1607373653659.png\",\"width\":500,\"height\":88,\"caption\":\"Recovery Seed s.r.o.\"},\"image\":{\"@id\":\"https:\/\/recoveryseed.cz\/en\/#\/schema\/logo\/image\/\"},\"sameAs\":[\"https:\/\/www.facebook.com\/Recoveryseed.cz\",\"https:\/\/www.instagram.com\/recoveryseed.cz\/\"]}]}<\/script>\n<!-- \/ Yoast SEO plugin. -->","yoast_head_json":{"title":"Grid shamir backup | recoveryseed.cz","description":"M\u0159\u00ed\u017ekovan\u00e1 z\u00e1lo\u017en\u00ed desti\u010dka shamir je vyroben\u00e1 z pr\u00e9miov\u00e9 nerezov\u00e9 oceli. Vyzkou\u0161ejte grid shamir backup je\u0161t\u011b dnes. | recoveryseed.cz","robots":{"index":"index","follow":"follow","max-snippet":"max-snippet:-1","max-image-preview":"max-image-preview:large","max-video-preview":"max-video-preview:-1"},"canonical":"https:\/\/recoveryseed.cz\/sl\/product\/griglia-shamir-backup\/","og_locale":"sl_SI","og_type":"article","og_title":"Grid shamir backup | recoveryseed.cz","og_description":"M\u0159\u00ed\u017ekovan\u00e1 z\u00e1lo\u017en\u00ed desti\u010dka shamir je vyroben\u00e1 z pr\u00e9miov\u00e9 nerezov\u00e9 oceli. Vyzkou\u0161ejte grid shamir backup je\u0161t\u011b dnes. | recoveryseed.cz","og_url":"https:\/\/recoveryseed.cz\/sl\/product\/griglia-shamir-backup\/","og_site_name":"RecoverySeed.cz - Ulo\u017ete sv\u016fj crypto seed bezpe\u010dn\u011b!","article_publisher":"https:\/\/www.facebook.com\/Recoveryseed.cz","article_modified_time":"2023-03-12T09:21:51+00:00","og_image":[{"width":900,"height":900,"url":"https:\/\/recoveryseed.cz\/wp-content\/uploads\/2022\/01\/grid-standard.jpg","type":"image\/jpeg"}],"twitter_card":"summary_large_image","twitter_misc":{"Est. reading time":"3 minute"},"schema":{"@context":"https:\/\/schema.org","@graph":[{"@type":"WebPage","@id":"https:\/\/recoveryseed.cz\/it\/product\/griglia-shamir-backup\/","url":"https:\/\/recoveryseed.cz\/it\/product\/griglia-shamir-backup\/","name":"Grid shamir backup | recoveryseed.cz","isPartOf":{"@id":"https:\/\/recoveryseed.cz\/en\/#website"},"primaryImageOfPage":{"@id":"https:\/\/recoveryseed.cz\/it\/product\/griglia-shamir-backup\/#primaryimage"},"image":{"@id":"https:\/\/recoveryseed.cz\/it\/product\/griglia-shamir-backup\/#primaryimage"},"thumbnailUrl":"https:\/\/recoveryseed.cz\/wp-content\/uploads\/2022\/01\/grid-standard.jpg","datePublished":"2022-01-03T22:44:15+00:00","dateModified":"2023-03-12T09:21:51+00:00","description":"M\u0159\u00ed\u017ekovan\u00e1 z\u00e1lo\u017en\u00ed desti\u010dka shamir je vyroben\u00e1 z pr\u00e9miov\u00e9 nerezov\u00e9 oceli. Vyzkou\u0161ejte grid shamir backup je\u0161t\u011b dnes. | recoveryseed.cz","breadcrumb":{"@id":"https:\/\/recoveryseed.cz\/it\/product\/griglia-shamir-backup\/#breadcrumb"},"inLanguage":"sl-SI","potentialAction":[{"@type":"ReadAction","target":["https:\/\/recoveryseed.cz\/it\/product\/griglia-shamir-backup\/"]}]},{"@type":"ImageObject","inLanguage":"sl-SI","@id":"https:\/\/recoveryseed.cz\/it\/product\/griglia-shamir-backup\/#primaryimage","url":"https:\/\/recoveryseed.cz\/wp-content\/uploads\/2022\/01\/grid-standard.jpg","contentUrl":"https:\/\/recoveryseed.cz\/wp-content\/uploads\/2022\/01\/grid-standard.jpg","width":900,"height":900},{"@type":"BreadcrumbList","@id":"https:\/\/recoveryseed.cz\/it\/product\/griglia-shamir-backup\/#breadcrumb","itemListElement":[{"@type":"ListItem","position":1,"name":"Dom\u016f","item":"https:\/\/recoveryseed.cz\/"},{"@type":"ListItem","position":2,"name":"Obchod","item":"https:\/\/recoveryseed.cz\/eshop-recovery-seed-metal-plate\/"},{"@type":"ListItem","position":3,"name":"GRID SHAMIR BACKUP"}]},{"@type":"WebSite","@id":"https:\/\/recoveryseed.cz\/en\/#website","url":"https:\/\/recoveryseed.cz\/en\/","name":"RecoverySeed.cz - Ulo\u017ete sv\u016fj crypto seed bezpe\u010dn\u011b!","description":"","publisher":{"@id":"https:\/\/recoveryseed.cz\/en\/#organization"},"potentialAction":[{"@type":"SearchAction","target":{"@type":"EntryPoint","urlTemplate":"https:\/\/recoveryseed.cz\/en\/?s={search_term_string}"},"query-input":"required name=search_term_string"}],"inLanguage":"sl-SI"},{"@type":"Organization","@id":"https:\/\/recoveryseed.cz\/en\/#organization","name":"Recovery Seed s.r.o.","url":"https:\/\/recoveryseed.cz\/en\/","logo":{"@type":"ImageObject","inLanguage":"sl-SI","@id":"https:\/\/recoveryseed.cz\/en\/#\/schema\/logo\/image\/","url":"https:\/\/recoveryseed.cz\/wp-content\/uploads\/2020\/12\/cropped-CryptoSteel__2_-removebg-preview-e1607373653659.png","contentUrl":"https:\/\/recoveryseed.cz\/wp-content\/uploads\/2020\/12\/cropped-CryptoSteel__2_-removebg-preview-e1607373653659.png","width":500,"height":88,"caption":"Recovery Seed s.r.o."},"image":{"@id":"https:\/\/recoveryseed.cz\/en\/#\/schema\/logo\/image\/"},"sameAs":["https:\/\/www.facebook.com\/Recoveryseed.cz","https:\/\/www.instagram.com\/recoveryseed.cz\/"]}]}},"_links":{"self":[{"href":"https:\/\/recoveryseed.cz\/sl\/wp-json\/wp\/v2\/product\/4916"}],"collection":[{"href":"https:\/\/recoveryseed.cz\/sl\/wp-json\/wp\/v2\/product"}],"about":[{"href":"https:\/\/recoveryseed.cz\/sl\/wp-json\/wp\/v2\/types\/product"}],"version-history":[{"count":0,"href":"https:\/\/recoveryseed.cz\/sl\/wp-json\/wp\/v2\/product\/4916\/revisions"}],"wp:featuredmedia":[{"embeddable":true,"href":"https:\/\/recoveryseed.cz\/sl\/wp-json\/wp\/v2\/media\/5688"}],"wp:attachment":[{"href":"https:\/\/recoveryseed.cz\/sl\/wp-json\/wp\/v2\/media?parent=4916"}],"wp:term":[{"taxonomy":"product_cat","embeddable":true,"href":"https:\/\/recoveryseed.cz\/sl\/wp-json\/wp\/v2\/product_cat?post=4916"},{"taxonomy":"product_tag","embeddable":true,"href":"https:\/\/recoveryseed.cz\/sl\/wp-json\/wp\/v2\/product_tag?post=4916"}],"curies":[{"name":"wp","href":"https:\/\/api.w.org\/{rel}","templated":true}]}}