{"id":4923,"date":"2022-01-03T22:48:15","date_gmt":"2022-01-03T22:48:15","guid":{"rendered":"https:\/\/recoveryseed.cz\/?post_type=product&#038;p=4923"},"modified":"2026-01-14T14:52:21","modified_gmt":"2026-01-14T14:52:21","slug":"grid-two","status":"publish","type":"product","link":"https:\/\/recoveryseed.cz\/sl\/product\/dve-mrezi\/","title":{"rendered":"GRID TWO"},"content":{"rendered":"<p class=\" translation-block\">Plo\u0161\u010de Recoveryseed.cz so izdelane v <b>\u010ce\u0161ki republiki<\/b> iz zrcalnega nerjave\u010dega jekla najvi\u0161je kakovosti.<\/p>\n<p>Poglej celotno razli\u010dico <strong>GRID TWO<\/strong> Vsebuje dve plo\u0161\u010di brez gravirnega svin\u010dnika ali samodejnega svin\u010dnika, zato ga priporo\u010damo na primer kot raz\u0161iritev rezervne kopije SHAMIR.<\/p>\n<p>Poglej celotno razli\u010dico<b> GRID<\/b> Na sprednji strani ima mre\u017eo za 1-12 besed, na zadnji strani pa \u0161e 12-24.Za razliko od na\u0161ih drugih izdelkov nima dodatnega besedila ali logotipa bitcoin, zato na prvi pogled ni jasno, \u010demu je plo\u0161\u010dica namenjena.<\/p>\n<p class=\" translation-block\">To je jeklo <span style=\"font-weight: 400\">1.4307<\/span> z debelino 1,5 mm - va\u0161e seme bo za\u0161\u010ditilo pred <b>vodo, \u010dasom in vro\u010dino<\/b> - do 1510\u00b0.<\/p>\n<p class=\" translation-block\"><span style=\"font-weight: 400\">Na vsaki plo\u0161\u010dici je vnaprej natisnjenih 24 polj za shranjevanje gesla za dostop<\/span><b> BIP39<\/b><span style=\"font-weight: 400\"> v obliki 12, 18 ali 24 besed va\u0161ega semena. Material plo\u0161\u010de je zelo mo\u010dan in skoraj neuni\u010dljiv. Ble\u0161\u010de\u010da zrcalna povr\u0161ina zagotavlja brezhibno vidnost va\u0161ih vgraviranih besed.<\/span><\/p>\n<p>Ta razli\u010dica ne vklju\u010duje svin\u010dnika za graviranje ali samodejnega vdolbina in ni darilno pakirana.<\/p>\n<p><em>POMEMBNO OBVESTILO! Noben izdelek, niti na\u0161 niti katerega koli drugega podjetja, ne zagotavlja popolne varnosti v primerih, kot sta popoln izgorelost in uni\u010denje stavbe, v kateri je po mo\u017enosti \u0161e vedno nekaj kemikalij. \u010ce se plo\u0161\u010da segreje do 1500\u00b0 in nato nanjo pade stavba ali streha, vas iz te situacije ne more re\u0161iti nobena re\u0161itev na trgu. Vendar pa to ne velja za TREZORJEV \u0160AMIR BACKUP, pri katerem lahko sejalnico razdelite na ve\u010d lokacij in prepre\u010dite uni\u010denje vseh dostopov do va\u0161e denarnice.\u00a0<\/em><\/p>","protected":false},"excerpt":{"rendered":"<p><span style=\"font-weight: 400;\">Vsebina paketa:<\/span><\/p>\n<p><span style=\"font-weight: 400;\">1x obnovitvena plo\u0161\u010da za semena iz vrhunskega zrcalnega nerjavnega jekla<\/span><\/p>\n<p>1x krpa za poliranje<\/p>","protected":false},"featured_media":5675,"template":"","meta":{"site-sidebar-layout":"default","site-content-layout":"default","ast-site-content-layout":"","site-content-style":"default","site-sidebar-style":"default","ast-global-header-display":"","ast-banner-title-visibility":"","ast-main-header-display":"","ast-hfb-above-header-display":"","ast-hfb-below-header-display":"","ast-hfb-mobile-header-display":"","site-post-title":"","ast-breadcrumbs-content":"","ast-featured-img":"","footer-sml-layout":"","theme-transparent-header-meta":"default","adv-header-id-meta":"","stick-header-meta":"","header-above-stick-meta":"","header-main-stick-meta":"","header-below-stick-meta":"","astra-migrate-meta-layouts":"default","ast-page-background-enabled":"default","ast-page-background-meta":{"desktop":{"background-color":"","background-image":"","background-repeat":"repeat","background-position":"center center","background-size":"auto","background-attachment":"scroll","background-type":"","background-media":"","overlay-type":"","overlay-color":"","overlay-opacity":"","overlay-gradient":""},"tablet":{"background-color":"","background-image":"","background-repeat":"repeat","background-position":"center center","background-size":"auto","background-attachment":"scroll","background-type":"","background-media":"","overlay-type":"","overlay-color":"","overlay-opacity":"","overlay-gradient":""},"mobile":{"background-color":"","background-image":"","background-repeat":"repeat","background-position":"center center","background-size":"auto","background-attachment":"scroll","background-type":"","background-media":"","overlay-type":"","overlay-color":"","overlay-opacity":"","overlay-gradient":""}},"ast-content-background-meta":{"desktop":{"background-color":"var(--ast-global-color-5)","background-image":"","background-repeat":"repeat","background-position":"center center","background-size":"auto","background-attachment":"scroll","background-type":"","background-media":"","overlay-type":"","overlay-color":"","overlay-opacity":"","overlay-gradient":""},"tablet":{"background-color":"var(--ast-global-color-5)","background-image":"","background-repeat":"repeat","background-position":"center center","background-size":"auto","background-attachment":"scroll","background-type":"","background-media":"","overlay-type":"","overlay-color":"","overlay-opacity":"","overlay-gradient":""},"mobile":{"background-color":"var(--ast-global-color-5)","background-image":"","background-repeat":"repeat","background-position":"center center","background-size":"auto","background-attachment":"scroll","background-type":"","background-media":"","overlay-type":"","overlay-color":"","overlay-opacity":"","overlay-gradient":""}}},"product_cat":[62],"product_tag":[],"yoast_head":"<!-- This site is optimized with the Yoast SEO plugin v23.0 - https:\/\/yoast.com\/wordpress\/plugins\/seo\/ -->\n<title>Grid two | recoveryseed.cz<\/title>\n<meta name=\"description\" content=\"Balen\u00ed obsahuje dvakr\u00e1t recovery seed m\u0159\u00ed\u017eku z nerezov\u00e9 oceli pro uchov\u00e1n\u00ed va\u0161ich kryptom\u011bn. Zajist\u011bte jim bezpe\u010d\u00ed. | recoveryseed.cz\" \/>\n<meta name=\"robots\" content=\"index, follow, max-snippet:-1, max-image-preview:large, max-video-preview:-1\" \/>\n<link rel=\"canonical\" href=\"https:\/\/recoveryseed.cz\/sl\/product\/dve-mrezi\/\" \/>\n<meta property=\"og:locale\" content=\"sl_SI\" \/>\n<meta property=\"og:type\" content=\"article\" \/>\n<meta property=\"og:title\" content=\"Grid two | recoveryseed.cz\" \/>\n<meta property=\"og:description\" content=\"Balen\u00ed obsahuje dvakr\u00e1t recovery seed m\u0159\u00ed\u017eku z nerezov\u00e9 oceli pro uchov\u00e1n\u00ed va\u0161ich kryptom\u011bn. Zajist\u011bte jim bezpe\u010d\u00ed. | recoveryseed.cz\" \/>\n<meta property=\"og:url\" content=\"https:\/\/recoveryseed.cz\/sl\/product\/dve-mrezi\/\" \/>\n<meta property=\"og:site_name\" content=\"RecoverySeed.cz - Ulo\u017ete sv\u016fj crypto seed bezpe\u010dn\u011b!\" \/>\n<meta property=\"article:publisher\" content=\"https:\/\/www.facebook.com\/Recoveryseed.cz\" \/>\n<meta property=\"article:modified_time\" content=\"2026-01-14T14:52:21+00:00\" \/>\n<meta property=\"og:image\" content=\"https:\/\/recoveryseed.cz\/wp-content\/uploads\/2022\/01\/double-grid-punch.jpg\" \/>\n\t<meta property=\"og:image:width\" content=\"900\" \/>\n\t<meta property=\"og:image:height\" content=\"900\" \/>\n\t<meta property=\"og:image:type\" content=\"image\/jpeg\" \/>\n<meta name=\"twitter:card\" content=\"summary_large_image\" \/>\n<meta name=\"twitter:label1\" content=\"Est. reading time\" \/>\n\t<meta name=\"twitter:data1\" content=\"2 minuti\" \/>\n<script type=\"application\/ld+json\" class=\"yoast-schema-graph\">{\"@context\":\"https:\/\/schema.org\",\"@graph\":[{\"@type\":\"WebPage\",\"@id\":\"https:\/\/recoveryseed.cz\/produkt\/grid-two\/\",\"url\":\"https:\/\/recoveryseed.cz\/produkt\/grid-two\/\",\"name\":\"Grid two | recoveryseed.cz\",\"isPartOf\":{\"@id\":\"https:\/\/recoveryseed.cz\/en\/#website\"},\"primaryImageOfPage\":{\"@id\":\"https:\/\/recoveryseed.cz\/produkt\/grid-two\/#primaryimage\"},\"image\":{\"@id\":\"https:\/\/recoveryseed.cz\/produkt\/grid-two\/#primaryimage\"},\"thumbnailUrl\":\"https:\/\/recoveryseed.cz\/wp-content\/uploads\/2022\/01\/double-grid-punch.jpg\",\"datePublished\":\"2022-01-03T22:48:15+00:00\",\"dateModified\":\"2026-01-14T14:52:21+00:00\",\"description\":\"Balen\u00ed obsahuje dvakr\u00e1t recovery seed m\u0159\u00ed\u017eku z nerezov\u00e9 oceli pro uchov\u00e1n\u00ed va\u0161ich kryptom\u011bn. Zajist\u011bte jim bezpe\u010d\u00ed. | recoveryseed.cz\",\"breadcrumb\":{\"@id\":\"https:\/\/recoveryseed.cz\/produkt\/grid-two\/#breadcrumb\"},\"inLanguage\":\"sl-SI\",\"potentialAction\":[{\"@type\":\"ReadAction\",\"target\":[\"https:\/\/recoveryseed.cz\/produkt\/grid-two\/\"]}]},{\"@type\":\"ImageObject\",\"inLanguage\":\"sl-SI\",\"@id\":\"https:\/\/recoveryseed.cz\/produkt\/grid-two\/#primaryimage\",\"url\":\"https:\/\/recoveryseed.cz\/wp-content\/uploads\/2022\/01\/double-grid-punch.jpg\",\"contentUrl\":\"https:\/\/recoveryseed.cz\/wp-content\/uploads\/2022\/01\/double-grid-punch.jpg\",\"width\":900,\"height\":900},{\"@type\":\"BreadcrumbList\",\"@id\":\"https:\/\/recoveryseed.cz\/produkt\/grid-two\/#breadcrumb\",\"itemListElement\":[{\"@type\":\"ListItem\",\"position\":1,\"name\":\"Dom\u016f\",\"item\":\"https:\/\/recoveryseed.cz\/\"},{\"@type\":\"ListItem\",\"position\":2,\"name\":\"Obchod\",\"item\":\"https:\/\/recoveryseed.cz\/eshop-recovery-seed-metal-plate\/\"},{\"@type\":\"ListItem\",\"position\":3,\"name\":\"GRID TWO\"}]},{\"@type\":\"WebSite\",\"@id\":\"https:\/\/recoveryseed.cz\/en\/#website\",\"url\":\"https:\/\/recoveryseed.cz\/en\/\",\"name\":\"RecoverySeed.cz - Ulo\u017ete sv\u016fj crypto seed bezpe\u010dn\u011b!\",\"description\":\"\",\"publisher\":{\"@id\":\"https:\/\/recoveryseed.cz\/en\/#organization\"},\"potentialAction\":[{\"@type\":\"SearchAction\",\"target\":{\"@type\":\"EntryPoint\",\"urlTemplate\":\"https:\/\/recoveryseed.cz\/en\/?s={search_term_string}\"},\"query-input\":\"required name=search_term_string\"}],\"inLanguage\":\"sl-SI\"},{\"@type\":\"Organization\",\"@id\":\"https:\/\/recoveryseed.cz\/en\/#organization\",\"name\":\"Recovery Seed s.r.o.\",\"url\":\"https:\/\/recoveryseed.cz\/en\/\",\"logo\":{\"@type\":\"ImageObject\",\"inLanguage\":\"sl-SI\",\"@id\":\"https:\/\/recoveryseed.cz\/en\/#\/schema\/logo\/image\/\",\"url\":\"https:\/\/recoveryseed.cz\/wp-content\/uploads\/2020\/12\/cropped-CryptoSteel__2_-removebg-preview-e1607373653659.png\",\"contentUrl\":\"https:\/\/recoveryseed.cz\/wp-content\/uploads\/2020\/12\/cropped-CryptoSteel__2_-removebg-preview-e1607373653659.png\",\"width\":500,\"height\":88,\"caption\":\"Recovery Seed s.r.o.\"},\"image\":{\"@id\":\"https:\/\/recoveryseed.cz\/en\/#\/schema\/logo\/image\/\"},\"sameAs\":[\"https:\/\/www.facebook.com\/Recoveryseed.cz\",\"https:\/\/www.instagram.com\/recoveryseed.cz\/\"]}]}<\/script>\n<!-- \/ Yoast SEO plugin. -->","yoast_head_json":{"title":"Grid two | recoveryseed.cz","description":"Balen\u00ed obsahuje dvakr\u00e1t recovery seed m\u0159\u00ed\u017eku z nerezov\u00e9 oceli pro uchov\u00e1n\u00ed va\u0161ich kryptom\u011bn. Zajist\u011bte jim bezpe\u010d\u00ed. | recoveryseed.cz","robots":{"index":"index","follow":"follow","max-snippet":"max-snippet:-1","max-image-preview":"max-image-preview:large","max-video-preview":"max-video-preview:-1"},"canonical":"https:\/\/recoveryseed.cz\/sl\/product\/dve-mrezi\/","og_locale":"sl_SI","og_type":"article","og_title":"Grid two | recoveryseed.cz","og_description":"Balen\u00ed obsahuje dvakr\u00e1t recovery seed m\u0159\u00ed\u017eku z nerezov\u00e9 oceli pro uchov\u00e1n\u00ed va\u0161ich kryptom\u011bn. Zajist\u011bte jim bezpe\u010d\u00ed. | recoveryseed.cz","og_url":"https:\/\/recoveryseed.cz\/sl\/product\/dve-mrezi\/","og_site_name":"RecoverySeed.cz - Ulo\u017ete sv\u016fj crypto seed bezpe\u010dn\u011b!","article_publisher":"https:\/\/www.facebook.com\/Recoveryseed.cz","article_modified_time":"2026-01-14T14:52:21+00:00","og_image":[{"width":900,"height":900,"url":"https:\/\/recoveryseed.cz\/wp-content\/uploads\/2022\/01\/double-grid-punch.jpg","type":"image\/jpeg"}],"twitter_card":"summary_large_image","twitter_misc":{"Est. reading time":"2 minuti"},"schema":{"@context":"https:\/\/schema.org","@graph":[{"@type":"WebPage","@id":"https:\/\/recoveryseed.cz\/produkt\/grid-two\/","url":"https:\/\/recoveryseed.cz\/produkt\/grid-two\/","name":"Grid two | recoveryseed.cz","isPartOf":{"@id":"https:\/\/recoveryseed.cz\/en\/#website"},"primaryImageOfPage":{"@id":"https:\/\/recoveryseed.cz\/produkt\/grid-two\/#primaryimage"},"image":{"@id":"https:\/\/recoveryseed.cz\/produkt\/grid-two\/#primaryimage"},"thumbnailUrl":"https:\/\/recoveryseed.cz\/wp-content\/uploads\/2022\/01\/double-grid-punch.jpg","datePublished":"2022-01-03T22:48:15+00:00","dateModified":"2026-01-14T14:52:21+00:00","description":"Balen\u00ed obsahuje dvakr\u00e1t recovery seed m\u0159\u00ed\u017eku z nerezov\u00e9 oceli pro uchov\u00e1n\u00ed va\u0161ich kryptom\u011bn. Zajist\u011bte jim bezpe\u010d\u00ed. | recoveryseed.cz","breadcrumb":{"@id":"https:\/\/recoveryseed.cz\/produkt\/grid-two\/#breadcrumb"},"inLanguage":"sl-SI","potentialAction":[{"@type":"ReadAction","target":["https:\/\/recoveryseed.cz\/produkt\/grid-two\/"]}]},{"@type":"ImageObject","inLanguage":"sl-SI","@id":"https:\/\/recoveryseed.cz\/produkt\/grid-two\/#primaryimage","url":"https:\/\/recoveryseed.cz\/wp-content\/uploads\/2022\/01\/double-grid-punch.jpg","contentUrl":"https:\/\/recoveryseed.cz\/wp-content\/uploads\/2022\/01\/double-grid-punch.jpg","width":900,"height":900},{"@type":"BreadcrumbList","@id":"https:\/\/recoveryseed.cz\/produkt\/grid-two\/#breadcrumb","itemListElement":[{"@type":"ListItem","position":1,"name":"Dom\u016f","item":"https:\/\/recoveryseed.cz\/"},{"@type":"ListItem","position":2,"name":"Obchod","item":"https:\/\/recoveryseed.cz\/eshop-recovery-seed-metal-plate\/"},{"@type":"ListItem","position":3,"name":"GRID TWO"}]},{"@type":"WebSite","@id":"https:\/\/recoveryseed.cz\/en\/#website","url":"https:\/\/recoveryseed.cz\/en\/","name":"RecoverySeed.cz - Ulo\u017ete sv\u016fj crypto seed bezpe\u010dn\u011b!","description":"","publisher":{"@id":"https:\/\/recoveryseed.cz\/en\/#organization"},"potentialAction":[{"@type":"SearchAction","target":{"@type":"EntryPoint","urlTemplate":"https:\/\/recoveryseed.cz\/en\/?s={search_term_string}"},"query-input":"required name=search_term_string"}],"inLanguage":"sl-SI"},{"@type":"Organization","@id":"https:\/\/recoveryseed.cz\/en\/#organization","name":"Recovery Seed s.r.o.","url":"https:\/\/recoveryseed.cz\/en\/","logo":{"@type":"ImageObject","inLanguage":"sl-SI","@id":"https:\/\/recoveryseed.cz\/en\/#\/schema\/logo\/image\/","url":"https:\/\/recoveryseed.cz\/wp-content\/uploads\/2020\/12\/cropped-CryptoSteel__2_-removebg-preview-e1607373653659.png","contentUrl":"https:\/\/recoveryseed.cz\/wp-content\/uploads\/2020\/12\/cropped-CryptoSteel__2_-removebg-preview-e1607373653659.png","width":500,"height":88,"caption":"Recovery Seed s.r.o."},"image":{"@id":"https:\/\/recoveryseed.cz\/en\/#\/schema\/logo\/image\/"},"sameAs":["https:\/\/www.facebook.com\/Recoveryseed.cz","https:\/\/www.instagram.com\/recoveryseed.cz\/"]}]}},"_links":{"self":[{"href":"https:\/\/recoveryseed.cz\/sl\/wp-json\/wp\/v2\/product\/4923"}],"collection":[{"href":"https:\/\/recoveryseed.cz\/sl\/wp-json\/wp\/v2\/product"}],"about":[{"href":"https:\/\/recoveryseed.cz\/sl\/wp-json\/wp\/v2\/types\/product"}],"version-history":[{"count":1,"href":"https:\/\/recoveryseed.cz\/sl\/wp-json\/wp\/v2\/product\/4923\/revisions"}],"predecessor-version":[{"id":6816,"href":"https:\/\/recoveryseed.cz\/sl\/wp-json\/wp\/v2\/product\/4923\/revisions\/6816"}],"wp:featuredmedia":[{"embeddable":true,"href":"https:\/\/recoveryseed.cz\/sl\/wp-json\/wp\/v2\/media\/5675"}],"wp:attachment":[{"href":"https:\/\/recoveryseed.cz\/sl\/wp-json\/wp\/v2\/media?parent=4923"}],"wp:term":[{"taxonomy":"product_cat","embeddable":true,"href":"https:\/\/recoveryseed.cz\/sl\/wp-json\/wp\/v2\/product_cat?post=4923"},{"taxonomy":"product_tag","embeddable":true,"href":"https:\/\/recoveryseed.cz\/sl\/wp-json\/wp\/v2\/product_tag?post=4923"}],"curies":[{"name":"wp","href":"https:\/\/api.w.org\/{rel}","templated":true}]}}