{"id":2502,"date":"2021-01-16T13:27:41","date_gmt":"2021-01-16T13:27:41","guid":{"rendered":"https:\/\/recoveryseed.cz\/affiliate-home\/"},"modified":"2023-03-12T08:47:18","modified_gmt":"2023-03-12T08:47:18","slug":"affiliate-home","status":"publish","type":"page","link":"https:\/\/recoveryseed.cz\/sv\/affiliate-hemmet\/","title":{"rendered":"V\u00e5ra samarbetspartners"},"content":{"rendered":"<p>Detta \u00e4r affiliatesektionen i denna butik. Om du \u00e4r en befintlig affiliate, v\u00e4nligen <a href=\"https:\/\/recoveryseed.cz\/sv\/affiliate-hemmet\/affiliate-inloggning\/\">logga in<\/a> f\u00f6r att komma \u00e5t din kontrollpanel.<\/p>\n<p>Om du inte \u00e4r en affiliate, men vill bli det, m\u00e5ste du ans\u00f6ka. F\u00f6r att ans\u00f6ka m\u00e5ste du vara en registrerad anv\u00e4ndare p\u00e5 den h\u00e4r bloggen. Om du har ett befintligt konto p\u00e5 den h\u00e4r bloggen, v\u00e4nligen <a href=\"https:\/\/recoveryseed.cz\/sv\/affiliate-hemmet\/affiliate-inloggning\/\">logga in<\/a>. Om inte, v\u00e4nligen <a href=\"https:\/\/recoveryseed.cz\/sv\/affiliate-hemmet\/ansluta-registrera\/\">Registrera<\/a>.<\/p>","protected":false},"excerpt":{"rendered":"","protected":false},"author":1,"featured_media":0,"parent":0,"menu_order":0,"comment_status":"closed","ping_status":"closed","template":"","meta":{"site-sidebar-layout":"default","site-content-layout":"default","ast-site-content-layout":"","site-content-style":"default","site-sidebar-style":"default","ast-global-header-display":"","ast-banner-title-visibility":"","ast-main-header-display":"","ast-hfb-above-header-display":"","ast-hfb-below-header-display":"","ast-hfb-mobile-header-display":"","site-post-title":"","ast-breadcrumbs-content":"","ast-featured-img":"","footer-sml-layout":"","theme-transparent-header-meta":"default","adv-header-id-meta":"","stick-header-meta":"","header-above-stick-meta":"","header-main-stick-meta":"","header-below-stick-meta":"","astra-migrate-meta-layouts":"default","ast-page-background-enabled":"default","ast-page-background-meta":{"desktop":{"background-color":"","background-image":"","background-repeat":"repeat","background-position":"center center","background-size":"auto","background-attachment":"scroll","background-type":"","background-media":"","overlay-type":"","overlay-color":"","overlay-opacity":"","overlay-gradient":""},"tablet":{"background-color":"","background-image":"","background-repeat":"repeat","background-position":"center center","background-size":"auto","background-attachment":"scroll","background-type":"","background-media":"","overlay-type":"","overlay-color":"","overlay-opacity":"","overlay-gradient":""},"mobile":{"background-color":"","background-image":"","background-repeat":"repeat","background-position":"center center","background-size":"auto","background-attachment":"scroll","background-type":"","background-media":"","overlay-type":"","overlay-color":"","overlay-opacity":"","overlay-gradient":""}},"ast-content-background-meta":{"desktop":{"background-color":"var(--ast-global-color-5)","background-image":"","background-repeat":"repeat","background-position":"center center","background-size":"auto","background-attachment":"scroll","background-type":"","background-media":"","overlay-type":"","overlay-color":"","overlay-opacity":"","overlay-gradient":""},"tablet":{"background-color":"var(--ast-global-color-5)","background-image":"","background-repeat":"repeat","background-position":"center center","background-size":"auto","background-attachment":"scroll","background-type":"","background-media":"","overlay-type":"","overlay-color":"","overlay-opacity":"","overlay-gradient":""},"mobile":{"background-color":"var(--ast-global-color-5)","background-image":"","background-repeat":"repeat","background-position":"center center","background-size":"auto","background-attachment":"scroll","background-type":"","background-media":"","overlay-type":"","overlay-color":"","overlay-opacity":"","overlay-gradient":""}},"footnotes":""},"yoast_head":"<!-- This site is optimized with the Yoast SEO plugin v23.0 - https:\/\/yoast.com\/wordpress\/plugins\/seo\/ -->\n<title>Na\u0161i partne\u0159i | recoveryseed.cz<\/title>\n<meta name=\"description\" content=\"Sta\u0148te se jedn\u00edm z na\u0161ich affiliate partner\u016f! Pokud u n\u00e1s je\u0161t\u011b nem\u00e1te \u00fa\u010det, zaregistrujte se. Pokud jste na\u0161\u00edm parnetrem, p\u0159ihlaste se.\" \/>\n<meta name=\"robots\" content=\"index, follow, max-snippet:-1, max-image-preview:large, max-video-preview:-1\" \/>\n<link rel=\"canonical\" href=\"https:\/\/recoveryseed.cz\/sv\/affiliate-hemmet\/\" \/>\n<meta property=\"og:locale\" content=\"sv_SE\" \/>\n<meta property=\"og:type\" content=\"article\" \/>\n<meta property=\"og:title\" content=\"Na\u0161i partne\u0159i | recoveryseed.cz\" \/>\n<meta property=\"og:description\" content=\"Sta\u0148te se jedn\u00edm z na\u0161ich affiliate partner\u016f! Pokud u n\u00e1s je\u0161t\u011b nem\u00e1te \u00fa\u010det, zaregistrujte se. Pokud jste na\u0161\u00edm parnetrem, p\u0159ihlaste se.\" \/>\n<meta property=\"og:url\" content=\"https:\/\/recoveryseed.cz\/sv\/affiliate-hemmet\/\" \/>\n<meta property=\"og:site_name\" content=\"RecoverySeed.cz - Ulo\u017ete sv\u016fj crypto seed bezpe\u010dn\u011b!\" \/>\n<meta property=\"article:publisher\" content=\"https:\/\/www.facebook.com\/Recoveryseed.cz\" \/>\n<meta property=\"article:modified_time\" content=\"2023-03-12T08:47:18+00:00\" \/>\n<meta name=\"twitter:card\" content=\"summary_large_image\" \/>\n<meta name=\"twitter:label1\" content=\"Est. reading time\" \/>\n\t<meta name=\"twitter:data1\" content=\"1 minut\" \/>\n<script type=\"application\/ld+json\" class=\"yoast-schema-graph\">{\"@context\":\"https:\/\/schema.org\",\"@graph\":[{\"@type\":\"WebPage\",\"@id\":\"https:\/\/recoveryseed.cz\/affiliate-home\/\",\"url\":\"https:\/\/recoveryseed.cz\/affiliate-home\/\",\"name\":\"Na\u0161i partne\u0159i | recoveryseed.cz\",\"isPartOf\":{\"@id\":\"https:\/\/recoveryseed.cz\/en\/#website\"},\"datePublished\":\"2021-01-16T13:27:41+00:00\",\"dateModified\":\"2023-03-12T08:47:18+00:00\",\"description\":\"Sta\u0148te se jedn\u00edm z na\u0161ich affiliate partner\u016f! Pokud u n\u00e1s je\u0161t\u011b nem\u00e1te \u00fa\u010det, zaregistrujte se. Pokud jste na\u0161\u00edm parnetrem, p\u0159ihlaste se.\",\"breadcrumb\":{\"@id\":\"https:\/\/recoveryseed.cz\/affiliate-home\/#breadcrumb\"},\"inLanguage\":\"sv-SE\",\"potentialAction\":[{\"@type\":\"ReadAction\",\"target\":[\"https:\/\/recoveryseed.cz\/affiliate-home\/\"]}]},{\"@type\":\"BreadcrumbList\",\"@id\":\"https:\/\/recoveryseed.cz\/affiliate-home\/#breadcrumb\",\"itemListElement\":[{\"@type\":\"ListItem\",\"position\":1,\"name\":\"Dom\u016f\",\"item\":\"https:\/\/recoveryseed.cz\/\"},{\"@type\":\"ListItem\",\"position\":2,\"name\":\"Na\u0161i partne\u0159i\"}]},{\"@type\":\"WebSite\",\"@id\":\"https:\/\/recoveryseed.cz\/en\/#website\",\"url\":\"https:\/\/recoveryseed.cz\/en\/\",\"name\":\"RecoverySeed.cz - Ulo\u017ete sv\u016fj crypto seed bezpe\u010dn\u011b!\",\"description\":\"\",\"publisher\":{\"@id\":\"https:\/\/recoveryseed.cz\/en\/#organization\"},\"potentialAction\":[{\"@type\":\"SearchAction\",\"target\":{\"@type\":\"EntryPoint\",\"urlTemplate\":\"https:\/\/recoveryseed.cz\/en\/?s={search_term_string}\"},\"query-input\":\"required name=search_term_string\"}],\"inLanguage\":\"sv-SE\"},{\"@type\":\"Organization\",\"@id\":\"https:\/\/recoveryseed.cz\/en\/#organization\",\"name\":\"Recovery Seed s.r.o.\",\"url\":\"https:\/\/recoveryseed.cz\/en\/\",\"logo\":{\"@type\":\"ImageObject\",\"inLanguage\":\"sv-SE\",\"@id\":\"https:\/\/recoveryseed.cz\/en\/#\/schema\/logo\/image\/\",\"url\":\"https:\/\/recoveryseed.cz\/wp-content\/uploads\/2020\/12\/cropped-CryptoSteel__2_-removebg-preview-e1607373653659.png\",\"contentUrl\":\"https:\/\/recoveryseed.cz\/wp-content\/uploads\/2020\/12\/cropped-CryptoSteel__2_-removebg-preview-e1607373653659.png\",\"width\":500,\"height\":88,\"caption\":\"Recovery Seed s.r.o.\"},\"image\":{\"@id\":\"https:\/\/recoveryseed.cz\/en\/#\/schema\/logo\/image\/\"},\"sameAs\":[\"https:\/\/www.facebook.com\/Recoveryseed.cz\",\"https:\/\/www.instagram.com\/recoveryseed.cz\/\"]}]}<\/script>\n<!-- \/ Yoast SEO plugin. -->","yoast_head_json":{"title":"Na\u0161i partne\u0159i | recoveryseed.cz","description":"Sta\u0148te se jedn\u00edm z na\u0161ich affiliate partner\u016f! Pokud u n\u00e1s je\u0161t\u011b nem\u00e1te \u00fa\u010det, zaregistrujte se. Pokud jste na\u0161\u00edm parnetrem, p\u0159ihlaste se.","robots":{"index":"index","follow":"follow","max-snippet":"max-snippet:-1","max-image-preview":"max-image-preview:large","max-video-preview":"max-video-preview:-1"},"canonical":"https:\/\/recoveryseed.cz\/sv\/affiliate-hemmet\/","og_locale":"sv_SE","og_type":"article","og_title":"Na\u0161i partne\u0159i | recoveryseed.cz","og_description":"Sta\u0148te se jedn\u00edm z na\u0161ich affiliate partner\u016f! Pokud u n\u00e1s je\u0161t\u011b nem\u00e1te \u00fa\u010det, zaregistrujte se. Pokud jste na\u0161\u00edm parnetrem, p\u0159ihlaste se.","og_url":"https:\/\/recoveryseed.cz\/sv\/affiliate-hemmet\/","og_site_name":"RecoverySeed.cz - Ulo\u017ete sv\u016fj crypto seed bezpe\u010dn\u011b!","article_publisher":"https:\/\/www.facebook.com\/Recoveryseed.cz","article_modified_time":"2023-03-12T08:47:18+00:00","twitter_card":"summary_large_image","twitter_misc":{"Est. reading time":"1 minut"},"schema":{"@context":"https:\/\/schema.org","@graph":[{"@type":"WebPage","@id":"https:\/\/recoveryseed.cz\/affiliate-home\/","url":"https:\/\/recoveryseed.cz\/affiliate-home\/","name":"Na\u0161i partne\u0159i | recoveryseed.cz","isPartOf":{"@id":"https:\/\/recoveryseed.cz\/en\/#website"},"datePublished":"2021-01-16T13:27:41+00:00","dateModified":"2023-03-12T08:47:18+00:00","description":"Sta\u0148te se jedn\u00edm z na\u0161ich affiliate partner\u016f! Pokud u n\u00e1s je\u0161t\u011b nem\u00e1te \u00fa\u010det, zaregistrujte se. Pokud jste na\u0161\u00edm parnetrem, p\u0159ihlaste se.","breadcrumb":{"@id":"https:\/\/recoveryseed.cz\/affiliate-home\/#breadcrumb"},"inLanguage":"sv-SE","potentialAction":[{"@type":"ReadAction","target":["https:\/\/recoveryseed.cz\/affiliate-home\/"]}]},{"@type":"BreadcrumbList","@id":"https:\/\/recoveryseed.cz\/affiliate-home\/#breadcrumb","itemListElement":[{"@type":"ListItem","position":1,"name":"Dom\u016f","item":"https:\/\/recoveryseed.cz\/"},{"@type":"ListItem","position":2,"name":"Na\u0161i partne\u0159i"}]},{"@type":"WebSite","@id":"https:\/\/recoveryseed.cz\/en\/#website","url":"https:\/\/recoveryseed.cz\/en\/","name":"RecoverySeed.cz - Ulo\u017ete sv\u016fj crypto seed bezpe\u010dn\u011b!","description":"","publisher":{"@id":"https:\/\/recoveryseed.cz\/en\/#organization"},"potentialAction":[{"@type":"SearchAction","target":{"@type":"EntryPoint","urlTemplate":"https:\/\/recoveryseed.cz\/en\/?s={search_term_string}"},"query-input":"required name=search_term_string"}],"inLanguage":"sv-SE"},{"@type":"Organization","@id":"https:\/\/recoveryseed.cz\/en\/#organization","name":"Recovery Seed s.r.o.","url":"https:\/\/recoveryseed.cz\/en\/","logo":{"@type":"ImageObject","inLanguage":"sv-SE","@id":"https:\/\/recoveryseed.cz\/en\/#\/schema\/logo\/image\/","url":"https:\/\/recoveryseed.cz\/wp-content\/uploads\/2020\/12\/cropped-CryptoSteel__2_-removebg-preview-e1607373653659.png","contentUrl":"https:\/\/recoveryseed.cz\/wp-content\/uploads\/2020\/12\/cropped-CryptoSteel__2_-removebg-preview-e1607373653659.png","width":500,"height":88,"caption":"Recovery Seed s.r.o."},"image":{"@id":"https:\/\/recoveryseed.cz\/en\/#\/schema\/logo\/image\/"},"sameAs":["https:\/\/www.facebook.com\/Recoveryseed.cz","https:\/\/www.instagram.com\/recoveryseed.cz\/"]}]}},"_links":{"self":[{"href":"https:\/\/recoveryseed.cz\/sv\/wp-json\/wp\/v2\/pages\/2502"}],"collection":[{"href":"https:\/\/recoveryseed.cz\/sv\/wp-json\/wp\/v2\/pages"}],"about":[{"href":"https:\/\/recoveryseed.cz\/sv\/wp-json\/wp\/v2\/types\/page"}],"author":[{"embeddable":true,"href":"https:\/\/recoveryseed.cz\/sv\/wp-json\/wp\/v2\/users\/1"}],"replies":[{"embeddable":true,"href":"https:\/\/recoveryseed.cz\/sv\/wp-json\/wp\/v2\/comments?post=2502"}],"version-history":[{"count":0,"href":"https:\/\/recoveryseed.cz\/sv\/wp-json\/wp\/v2\/pages\/2502\/revisions"}],"wp:attachment":[{"href":"https:\/\/recoveryseed.cz\/sv\/wp-json\/wp\/v2\/media?parent=2502"}],"curies":[{"name":"wp","href":"https:\/\/api.w.org\/{rel}","templated":true}]}}