{"id":4923,"date":"2022-01-03T22:48:15","date_gmt":"2022-01-03T22:48:15","guid":{"rendered":"https:\/\/recoveryseed.cz\/?post_type=product&#038;p=4923"},"modified":"2026-01-14T14:52:21","modified_gmt":"2026-01-14T14:52:21","slug":"grid-two","status":"publish","type":"product","link":"https:\/\/recoveryseed.cz\/sv\/product\/rutnat-tva\/","title":{"rendered":"GRID TV\u00c5"},"content":{"rendered":"<p class=\" translation-block\">Recoveryseed.cz-plattorna tillverkas i <b>Tjeckien<\/b> av rostfritt st\u00e5l av h\u00f6gsta kvalitet.<\/p>\n<p>Visa fullst\u00e4ndig version <strong>GRID TV\u00c5<\/strong> Den inneh\u00e5ller tv\u00e5 plattor utan gravyrpenna eller automatisk penna, s\u00e5 vi rekommenderar den till exempel som en f\u00f6rl\u00e4ngning av din SHAMIR backup.<\/p>\n<p>Visa fullst\u00e4ndig version<b> GRID<\/b> har ett rutn\u00e4t f\u00f6r 1-12 ord p\u00e5 framsidan, och ytterligare 12-24 p\u00e5 baksidan.Till skillnad fr\u00e5n v\u00e5ra andra produkter har den ingen ytterligare text eller bitcoin-logotyp, s\u00e5 det \u00e4r inte uppenbart vid f\u00f6rsta anblicken vad plattan \u00e4r till f\u00f6r.<\/p>\n<p class=\" translation-block\">Det \u00e4r ett st\u00e5l <span style=\"font-weight: 400\">1.4307<\/span> med en tjocklek p\u00e5 1,5 mm - det skyddar ditt fr\u00f6 mot <b>vatten, tid och v\u00e4rme<\/b> - upp till 1510\u00b0.<\/p>\n<p class=\" translation-block\"><span style=\"font-weight: 400\">Varje platta \u00e4r f\u00f6rtryckt med 24 f\u00e4lt f\u00f6r att lagra ditt l\u00f6senord<\/span><b> BIP39<\/b><span style=\"font-weight: 400\"> i form av 12, 18 eller 24 ord som du sj\u00e4lv v\u00e4ljer. Pl\u00e5tmaterialet \u00e4r mycket starkt och n\u00e4stan of\u00f6rst\u00f6rbart. Den glansiga spegelytan s\u00e4kerst\u00e4ller s\u00f6ml\u00f6s synlighet av dina graverade ord.<\/span><\/p>\n<p>Denna version inkluderar inte en gravyrpenna eller automatisk dimple och \u00e4r inte presentf\u00f6rpackad.<\/p>\n<p><em>VIKTIGT MEDDELANDE! Inga produkter, vare sig fr\u00e5n oss eller n\u00e5got annat f\u00f6retag, kan n\u00e5gonsin garantera fullst\u00e4ndig s\u00e4kerhet i situationer som fullst\u00e4ndig utbr\u00e4nning och f\u00f6rst\u00f6relse av en byggnad d\u00e4r det fortfarande finns kemikalier kvar. Om plattan blir upp till 1500\u00b0 varm och en byggnad eller ett tak faller ner p\u00e5 den, finns det ingen l\u00f6sning p\u00e5 marknaden som kan r\u00e4dda dig fr\u00e5n denna situation. Detta \u00e4r dock inte fallet med TREZORs SHAMIR BACKUP, d\u00e4r du kan dela upp s\u00e5maskinen p\u00e5 flera platser och f\u00f6rhindra att all tillg\u00e5ng till din pl\u00e5nbok f\u00f6rst\u00f6rs.\u00a0<\/em><\/p>","protected":false},"excerpt":{"rendered":"<p><span style=\"font-weight: 400;\">Paketets inneh\u00e5ll:<\/span><\/p>\n<p><span style=\"font-weight: 400;\">2x uts\u00e4desplatta f\u00f6r \u00e5tervinning tillverkad av premium rostfritt st\u00e5l<\/span><\/p>\n<p>1x polerduk<\/p>","protected":false},"featured_media":5675,"template":"","meta":{"site-sidebar-layout":"default","site-content-layout":"default","ast-site-content-layout":"","site-content-style":"default","site-sidebar-style":"default","ast-global-header-display":"","ast-banner-title-visibility":"","ast-main-header-display":"","ast-hfb-above-header-display":"","ast-hfb-below-header-display":"","ast-hfb-mobile-header-display":"","site-post-title":"","ast-breadcrumbs-content":"","ast-featured-img":"","footer-sml-layout":"","theme-transparent-header-meta":"default","adv-header-id-meta":"","stick-header-meta":"","header-above-stick-meta":"","header-main-stick-meta":"","header-below-stick-meta":"","astra-migrate-meta-layouts":"default","ast-page-background-enabled":"default","ast-page-background-meta":{"desktop":{"background-color":"","background-image":"","background-repeat":"repeat","background-position":"center center","background-size":"auto","background-attachment":"scroll","background-type":"","background-media":"","overlay-type":"","overlay-color":"","overlay-opacity":"","overlay-gradient":""},"tablet":{"background-color":"","background-image":"","background-repeat":"repeat","background-position":"center center","background-size":"auto","background-attachment":"scroll","background-type":"","background-media":"","overlay-type":"","overlay-color":"","overlay-opacity":"","overlay-gradient":""},"mobile":{"background-color":"","background-image":"","background-repeat":"repeat","background-position":"center center","background-size":"auto","background-attachment":"scroll","background-type":"","background-media":"","overlay-type":"","overlay-color":"","overlay-opacity":"","overlay-gradient":""}},"ast-content-background-meta":{"desktop":{"background-color":"var(--ast-global-color-5)","background-image":"","background-repeat":"repeat","background-position":"center center","background-size":"auto","background-attachment":"scroll","background-type":"","background-media":"","overlay-type":"","overlay-color":"","overlay-opacity":"","overlay-gradient":""},"tablet":{"background-color":"var(--ast-global-color-5)","background-image":"","background-repeat":"repeat","background-position":"center center","background-size":"auto","background-attachment":"scroll","background-type":"","background-media":"","overlay-type":"","overlay-color":"","overlay-opacity":"","overlay-gradient":""},"mobile":{"background-color":"var(--ast-global-color-5)","background-image":"","background-repeat":"repeat","background-position":"center center","background-size":"auto","background-attachment":"scroll","background-type":"","background-media":"","overlay-type":"","overlay-color":"","overlay-opacity":"","overlay-gradient":""}}},"product_cat":[62],"product_tag":[],"yoast_head":"<!-- This site is optimized with the Yoast SEO plugin v23.0 - https:\/\/yoast.com\/wordpress\/plugins\/seo\/ -->\n<title>Grid two | recoveryseed.cz<\/title>\n<meta name=\"description\" content=\"Balen\u00ed obsahuje dvakr\u00e1t recovery seed m\u0159\u00ed\u017eku z nerezov\u00e9 oceli pro uchov\u00e1n\u00ed va\u0161ich kryptom\u011bn. Zajist\u011bte jim bezpe\u010d\u00ed. | recoveryseed.cz\" \/>\n<meta name=\"robots\" content=\"index, follow, max-snippet:-1, max-image-preview:large, max-video-preview:-1\" \/>\n<link rel=\"canonical\" href=\"https:\/\/recoveryseed.cz\/sv\/product\/rutnat-tva\/\" \/>\n<meta property=\"og:locale\" content=\"sv_SE\" \/>\n<meta property=\"og:type\" content=\"article\" \/>\n<meta property=\"og:title\" content=\"Grid two | recoveryseed.cz\" \/>\n<meta property=\"og:description\" content=\"Balen\u00ed obsahuje dvakr\u00e1t recovery seed m\u0159\u00ed\u017eku z nerezov\u00e9 oceli pro uchov\u00e1n\u00ed va\u0161ich kryptom\u011bn. Zajist\u011bte jim bezpe\u010d\u00ed. | recoveryseed.cz\" \/>\n<meta property=\"og:url\" content=\"https:\/\/recoveryseed.cz\/sv\/product\/rutnat-tva\/\" \/>\n<meta property=\"og:site_name\" content=\"RecoverySeed.cz - Ulo\u017ete sv\u016fj crypto seed bezpe\u010dn\u011b!\" \/>\n<meta property=\"article:publisher\" content=\"https:\/\/www.facebook.com\/Recoveryseed.cz\" \/>\n<meta property=\"article:modified_time\" content=\"2026-01-14T14:52:21+00:00\" \/>\n<meta property=\"og:image\" content=\"https:\/\/recoveryseed.cz\/wp-content\/uploads\/2022\/01\/double-grid-punch.jpg\" \/>\n\t<meta property=\"og:image:width\" content=\"900\" \/>\n\t<meta property=\"og:image:height\" content=\"900\" \/>\n\t<meta property=\"og:image:type\" content=\"image\/jpeg\" \/>\n<meta name=\"twitter:card\" content=\"summary_large_image\" \/>\n<meta name=\"twitter:label1\" content=\"Est. reading time\" \/>\n\t<meta name=\"twitter:data1\" content=\"2 minuter\" \/>\n<script type=\"application\/ld+json\" class=\"yoast-schema-graph\">{\"@context\":\"https:\/\/schema.org\",\"@graph\":[{\"@type\":\"WebPage\",\"@id\":\"https:\/\/recoveryseed.cz\/produkt\/grid-two\/\",\"url\":\"https:\/\/recoveryseed.cz\/produkt\/grid-two\/\",\"name\":\"Grid two | recoveryseed.cz\",\"isPartOf\":{\"@id\":\"https:\/\/recoveryseed.cz\/en\/#website\"},\"primaryImageOfPage\":{\"@id\":\"https:\/\/recoveryseed.cz\/produkt\/grid-two\/#primaryimage\"},\"image\":{\"@id\":\"https:\/\/recoveryseed.cz\/produkt\/grid-two\/#primaryimage\"},\"thumbnailUrl\":\"https:\/\/recoveryseed.cz\/wp-content\/uploads\/2022\/01\/double-grid-punch.jpg\",\"datePublished\":\"2022-01-03T22:48:15+00:00\",\"dateModified\":\"2026-01-14T14:52:21+00:00\",\"description\":\"Balen\u00ed obsahuje dvakr\u00e1t recovery seed m\u0159\u00ed\u017eku z nerezov\u00e9 oceli pro uchov\u00e1n\u00ed va\u0161ich kryptom\u011bn. Zajist\u011bte jim bezpe\u010d\u00ed. | recoveryseed.cz\",\"breadcrumb\":{\"@id\":\"https:\/\/recoveryseed.cz\/produkt\/grid-two\/#breadcrumb\"},\"inLanguage\":\"sv-SE\",\"potentialAction\":[{\"@type\":\"ReadAction\",\"target\":[\"https:\/\/recoveryseed.cz\/produkt\/grid-two\/\"]}]},{\"@type\":\"ImageObject\",\"inLanguage\":\"sv-SE\",\"@id\":\"https:\/\/recoveryseed.cz\/produkt\/grid-two\/#primaryimage\",\"url\":\"https:\/\/recoveryseed.cz\/wp-content\/uploads\/2022\/01\/double-grid-punch.jpg\",\"contentUrl\":\"https:\/\/recoveryseed.cz\/wp-content\/uploads\/2022\/01\/double-grid-punch.jpg\",\"width\":900,\"height\":900},{\"@type\":\"BreadcrumbList\",\"@id\":\"https:\/\/recoveryseed.cz\/produkt\/grid-two\/#breadcrumb\",\"itemListElement\":[{\"@type\":\"ListItem\",\"position\":1,\"name\":\"Dom\u016f\",\"item\":\"https:\/\/recoveryseed.cz\/\"},{\"@type\":\"ListItem\",\"position\":2,\"name\":\"Obchod\",\"item\":\"https:\/\/recoveryseed.cz\/eshop-recovery-seed-metal-plate\/\"},{\"@type\":\"ListItem\",\"position\":3,\"name\":\"GRID TWO\"}]},{\"@type\":\"WebSite\",\"@id\":\"https:\/\/recoveryseed.cz\/en\/#website\",\"url\":\"https:\/\/recoveryseed.cz\/en\/\",\"name\":\"RecoverySeed.cz - Ulo\u017ete sv\u016fj crypto seed bezpe\u010dn\u011b!\",\"description\":\"\",\"publisher\":{\"@id\":\"https:\/\/recoveryseed.cz\/en\/#organization\"},\"potentialAction\":[{\"@type\":\"SearchAction\",\"target\":{\"@type\":\"EntryPoint\",\"urlTemplate\":\"https:\/\/recoveryseed.cz\/en\/?s={search_term_string}\"},\"query-input\":\"required name=search_term_string\"}],\"inLanguage\":\"sv-SE\"},{\"@type\":\"Organization\",\"@id\":\"https:\/\/recoveryseed.cz\/en\/#organization\",\"name\":\"Recovery Seed s.r.o.\",\"url\":\"https:\/\/recoveryseed.cz\/en\/\",\"logo\":{\"@type\":\"ImageObject\",\"inLanguage\":\"sv-SE\",\"@id\":\"https:\/\/recoveryseed.cz\/en\/#\/schema\/logo\/image\/\",\"url\":\"https:\/\/recoveryseed.cz\/wp-content\/uploads\/2020\/12\/cropped-CryptoSteel__2_-removebg-preview-e1607373653659.png\",\"contentUrl\":\"https:\/\/recoveryseed.cz\/wp-content\/uploads\/2020\/12\/cropped-CryptoSteel__2_-removebg-preview-e1607373653659.png\",\"width\":500,\"height\":88,\"caption\":\"Recovery Seed s.r.o.\"},\"image\":{\"@id\":\"https:\/\/recoveryseed.cz\/en\/#\/schema\/logo\/image\/\"},\"sameAs\":[\"https:\/\/www.facebook.com\/Recoveryseed.cz\",\"https:\/\/www.instagram.com\/recoveryseed.cz\/\"]}]}<\/script>\n<!-- \/ Yoast SEO plugin. -->","yoast_head_json":{"title":"Grid two | recoveryseed.cz","description":"Balen\u00ed obsahuje dvakr\u00e1t recovery seed m\u0159\u00ed\u017eku z nerezov\u00e9 oceli pro uchov\u00e1n\u00ed va\u0161ich kryptom\u011bn. Zajist\u011bte jim bezpe\u010d\u00ed. | recoveryseed.cz","robots":{"index":"index","follow":"follow","max-snippet":"max-snippet:-1","max-image-preview":"max-image-preview:large","max-video-preview":"max-video-preview:-1"},"canonical":"https:\/\/recoveryseed.cz\/sv\/product\/rutnat-tva\/","og_locale":"sv_SE","og_type":"article","og_title":"Grid two | recoveryseed.cz","og_description":"Balen\u00ed obsahuje dvakr\u00e1t recovery seed m\u0159\u00ed\u017eku z nerezov\u00e9 oceli pro uchov\u00e1n\u00ed va\u0161ich kryptom\u011bn. Zajist\u011bte jim bezpe\u010d\u00ed. | recoveryseed.cz","og_url":"https:\/\/recoveryseed.cz\/sv\/product\/rutnat-tva\/","og_site_name":"RecoverySeed.cz - Ulo\u017ete sv\u016fj crypto seed bezpe\u010dn\u011b!","article_publisher":"https:\/\/www.facebook.com\/Recoveryseed.cz","article_modified_time":"2026-01-14T14:52:21+00:00","og_image":[{"width":900,"height":900,"url":"https:\/\/recoveryseed.cz\/wp-content\/uploads\/2022\/01\/double-grid-punch.jpg","type":"image\/jpeg"}],"twitter_card":"summary_large_image","twitter_misc":{"Est. reading time":"2 minuter"},"schema":{"@context":"https:\/\/schema.org","@graph":[{"@type":"WebPage","@id":"https:\/\/recoveryseed.cz\/produkt\/grid-two\/","url":"https:\/\/recoveryseed.cz\/produkt\/grid-two\/","name":"Grid two | recoveryseed.cz","isPartOf":{"@id":"https:\/\/recoveryseed.cz\/en\/#website"},"primaryImageOfPage":{"@id":"https:\/\/recoveryseed.cz\/produkt\/grid-two\/#primaryimage"},"image":{"@id":"https:\/\/recoveryseed.cz\/produkt\/grid-two\/#primaryimage"},"thumbnailUrl":"https:\/\/recoveryseed.cz\/wp-content\/uploads\/2022\/01\/double-grid-punch.jpg","datePublished":"2022-01-03T22:48:15+00:00","dateModified":"2026-01-14T14:52:21+00:00","description":"Balen\u00ed obsahuje dvakr\u00e1t recovery seed m\u0159\u00ed\u017eku z nerezov\u00e9 oceli pro uchov\u00e1n\u00ed va\u0161ich kryptom\u011bn. Zajist\u011bte jim bezpe\u010d\u00ed. | recoveryseed.cz","breadcrumb":{"@id":"https:\/\/recoveryseed.cz\/produkt\/grid-two\/#breadcrumb"},"inLanguage":"sv-SE","potentialAction":[{"@type":"ReadAction","target":["https:\/\/recoveryseed.cz\/produkt\/grid-two\/"]}]},{"@type":"ImageObject","inLanguage":"sv-SE","@id":"https:\/\/recoveryseed.cz\/produkt\/grid-two\/#primaryimage","url":"https:\/\/recoveryseed.cz\/wp-content\/uploads\/2022\/01\/double-grid-punch.jpg","contentUrl":"https:\/\/recoveryseed.cz\/wp-content\/uploads\/2022\/01\/double-grid-punch.jpg","width":900,"height":900},{"@type":"BreadcrumbList","@id":"https:\/\/recoveryseed.cz\/produkt\/grid-two\/#breadcrumb","itemListElement":[{"@type":"ListItem","position":1,"name":"Dom\u016f","item":"https:\/\/recoveryseed.cz\/"},{"@type":"ListItem","position":2,"name":"Obchod","item":"https:\/\/recoveryseed.cz\/eshop-recovery-seed-metal-plate\/"},{"@type":"ListItem","position":3,"name":"GRID TWO"}]},{"@type":"WebSite","@id":"https:\/\/recoveryseed.cz\/en\/#website","url":"https:\/\/recoveryseed.cz\/en\/","name":"RecoverySeed.cz - Ulo\u017ete sv\u016fj crypto seed bezpe\u010dn\u011b!","description":"","publisher":{"@id":"https:\/\/recoveryseed.cz\/en\/#organization"},"potentialAction":[{"@type":"SearchAction","target":{"@type":"EntryPoint","urlTemplate":"https:\/\/recoveryseed.cz\/en\/?s={search_term_string}"},"query-input":"required name=search_term_string"}],"inLanguage":"sv-SE"},{"@type":"Organization","@id":"https:\/\/recoveryseed.cz\/en\/#organization","name":"Recovery Seed s.r.o.","url":"https:\/\/recoveryseed.cz\/en\/","logo":{"@type":"ImageObject","inLanguage":"sv-SE","@id":"https:\/\/recoveryseed.cz\/en\/#\/schema\/logo\/image\/","url":"https:\/\/recoveryseed.cz\/wp-content\/uploads\/2020\/12\/cropped-CryptoSteel__2_-removebg-preview-e1607373653659.png","contentUrl":"https:\/\/recoveryseed.cz\/wp-content\/uploads\/2020\/12\/cropped-CryptoSteel__2_-removebg-preview-e1607373653659.png","width":500,"height":88,"caption":"Recovery Seed s.r.o."},"image":{"@id":"https:\/\/recoveryseed.cz\/en\/#\/schema\/logo\/image\/"},"sameAs":["https:\/\/www.facebook.com\/Recoveryseed.cz","https:\/\/www.instagram.com\/recoveryseed.cz\/"]}]}},"_links":{"self":[{"href":"https:\/\/recoveryseed.cz\/sv\/wp-json\/wp\/v2\/product\/4923"}],"collection":[{"href":"https:\/\/recoveryseed.cz\/sv\/wp-json\/wp\/v2\/product"}],"about":[{"href":"https:\/\/recoveryseed.cz\/sv\/wp-json\/wp\/v2\/types\/product"}],"version-history":[{"count":1,"href":"https:\/\/recoveryseed.cz\/sv\/wp-json\/wp\/v2\/product\/4923\/revisions"}],"predecessor-version":[{"id":6816,"href":"https:\/\/recoveryseed.cz\/sv\/wp-json\/wp\/v2\/product\/4923\/revisions\/6816"}],"wp:featuredmedia":[{"embeddable":true,"href":"https:\/\/recoveryseed.cz\/sv\/wp-json\/wp\/v2\/media\/5675"}],"wp:attachment":[{"href":"https:\/\/recoveryseed.cz\/sv\/wp-json\/wp\/v2\/media?parent=4923"}],"wp:term":[{"taxonomy":"product_cat","embeddable":true,"href":"https:\/\/recoveryseed.cz\/sv\/wp-json\/wp\/v2\/product_cat?post=4923"},{"taxonomy":"product_tag","embeddable":true,"href":"https:\/\/recoveryseed.cz\/sv\/wp-json\/wp\/v2\/product_tag?post=4923"}],"curies":[{"name":"wp","href":"https:\/\/api.w.org\/{rel}","templated":true}]}}