{"id":5658,"date":"2022-10-19T07:58:55","date_gmt":"2022-10-19T07:58:55","guid":{"rendered":"https:\/\/recoveryseed.cz\/?post_type=product&#038;p=5658"},"modified":"2026-01-14T14:52:11","modified_gmt":"2026-01-14T14:52:11","slug":"grid-punch-shamir-backup","status":"publish","type":"product","link":"https:\/\/recoveryseed.cz\/sv\/product\/grid-punch-shamir-backup\/","title":{"rendered":"GRID PUNCH SHAMIR BACKUP"},"content":{"rendered":"<p class=\" translation-block\"><span style=\"font-size: 15px\">Recoveryseed.cz-plattorna \u00e4r tillverkade i <b>Tjeckien<\/b> av rostfritt st\u00e5l av h\u00f6gsta kvalitet.<\/span><\/p>\n<p>Visa fullst\u00e4ndig version <strong>GRID<\/strong>\u00a0<b>SHAMIR BACKUP <\/b>Inneh\u00e5ller <b>4<\/b> \u00e5tervinningsplattor, denna kombination rekommenderas f\u00f6r Shamir-l\u00f6sningen som erbjuds av Trezor f\u00f6r deras h\u00e5rdvarupl\u00e5nbokss\u00e4ker modell T. Denna ultimata fr\u00f6backup \u00e4r en av de s\u00e4kraste n\u00e5gonsin!<\/p>\n<p>har ett rutn\u00e4t f\u00f6r 1-12 ord p\u00e5 framsidan, och ytterligare 12-24 p\u00e5 baksidan.Till skillnad fr\u00e5n v\u00e5ra andra produkter har den ingen ytterligare text eller bitcoin-logotyp, s\u00e5 det \u00e4r inte uppenbart vid f\u00f6rsta anblicken vad plattan \u00e4r till f\u00f6r.<\/p>\n<p class=\" translation-block\">Det \u00e4r ett st\u00e5l <span style=\"font-weight: 400\">1.4307<\/span> med en tjocklek p\u00e5 1,5 mm - det skyddar ditt fr\u00f6 mot <b>vatten, tid och v\u00e4rme<\/b> - upp till 1510\u00b0.<\/p>\n<p><strong style=\"font-size: 15px;\">Om du vill kan du l\u00e4gga till fler delar i din kundvagn f\u00f6r att ut\u00f6ka antalet m\u00f6jliga f\u00f6rvaringsutrymmen.<\/strong><\/p>\n<p>F\u00f6r att f\u00e5 den b\u00e4sta f\u00f6rklaringen citerar vi Mark Palatinus:<\/p>\n<blockquote><p>\"Den tidigare praxisen, d\u00e4r det r\u00e4ckte med en enda fras (det s\u00e5 kallade recovery seed) best\u00e5ende av ord i en viss ordning f\u00f6r att \u00e5terst\u00e4lla en kryptovalutanyckel om den f\u00f6rlorades eller gl\u00f6mdes bort, ers\u00e4tts av ett mer sofistikerat system. Anv\u00e4ndare kan nu dela upp en enda fr\u00f6fras i flera. Anv\u00e4ndare har \u00e5terst\u00e4llningsverktyg som praktiskt taget lagras p\u00e5 endast en fysisk plats, vanligtvis skrivna p\u00e5 papper och g\u00f6mda i ett kassask\u00e5p. Nu kan de dela upp och distribuera sin seed till flera platser eller till flera betrodda personer. Detta \u00f6kar kraftigt motst\u00e5ndet mot st\u00f6ld, f\u00f6rlust eller skada p\u00e5 fr\u00f6et. Effekten av att dela upp frasen \u00e4r ocks\u00e5 anm\u00e4rkningsv\u00e4rd tack vare Shamir Backup i h\u00e4ndelse av arvsf\u00f6rfaranden - s\u00e5 att endast en person inte kan \u00e5terst\u00e4lla pl\u00e5nboken. Dessutom kan anv\u00e4ndarna best\u00e4mma om de beh\u00f6ver alla delar eller bara n\u00e5gra av dem f\u00f6r att \u00e5terst\u00e4lla \u00e5tkomsten. \u00c4ven tack vare dessa unika m\u00e4nskligt valda konfigurationer kan din kryptopl\u00e5nbok nu skyddas \u00e4nnu b\u00e4ttre\", beskriver Marek Palatinus aka Slush.<\/p><\/blockquote>\n<p class=\" translation-block\">Varje platta \u00e4r f\u00f6rtryckt med 24 f\u00e4lt f\u00f6r lagring av l\u00f6senordet <strong>BIP39<\/strong> i form av 12, 18 eller 24 ord som du sj\u00e4lv v\u00e4ljer. Pl\u00e5tmaterialet \u00e4r mycket starkt och n\u00e4stan of\u00f6rst\u00f6rbart. Den glansiga spegelytan garanterar problemfri synlighet av dina graverade ord.<\/p>\n<p class=\" translation-block\">Denna version \u00e4r f\u00f6rpackad i en <strong>gift<\/strong>-version som standard.<\/p>\n<p><em>VIKTIGT MEDDELANDE! Inga produkter, vare sig fr\u00e5n oss eller n\u00e5got annat f\u00f6retag, kan n\u00e5gonsin garantera fullst\u00e4ndig s\u00e4kerhet i situationer som fullst\u00e4ndig utbr\u00e4nning och f\u00f6rst\u00f6relse av en byggnad d\u00e4r det fortfarande finns kemikalier kvar. Om plattan blir upp till 1500\u00b0 varm och en byggnad eller ett tak faller p\u00e5 den, finns det ingen l\u00f6sning p\u00e5 marknaden som kan r\u00e4dda dig fr\u00e5n denna situation. Detta \u00e4r inte fallet med TREZORs SHAMIR BACKUP, d\u00e4r du kan dela upp s\u00e5maskinen p\u00e5 flera platser och undvika att f\u00f6rst\u00f6ra all tillg\u00e5ng till din pl\u00e5nbok.  En automatisk stans kan g\u00f6ra ett bra fr\u00f6 p\u00e5 en st\u00e5lplatta, se v\u00e5ra tester och recensioner.<\/em><\/p>","protected":false},"excerpt":{"rendered":"<p>Inneh\u00e5ll i f\u00f6rpackningen Shamir backup:<\/p>\n<p>4x uts\u00e4desplatta f\u00f6r \u00e5tervinning tillverkad av premium rostfritt st\u00e5l<\/p>\n<p>1x automatisk stans<\/p>\n<p>1x reng\u00f6ringsservett<\/p>","protected":false},"featured_media":5664,"template":"","meta":{"site-sidebar-layout":"default","site-content-layout":"default","ast-site-content-layout":"","site-content-style":"default","site-sidebar-style":"default","ast-global-header-display":"","ast-banner-title-visibility":"","ast-main-header-display":"","ast-hfb-above-header-display":"","ast-hfb-below-header-display":"","ast-hfb-mobile-header-display":"","site-post-title":"","ast-breadcrumbs-content":"","ast-featured-img":"","footer-sml-layout":"","theme-transparent-header-meta":"default","adv-header-id-meta":"","stick-header-meta":"","header-above-stick-meta":"","header-main-stick-meta":"","header-below-stick-meta":"","astra-migrate-meta-layouts":"default","ast-page-background-enabled":"default","ast-page-background-meta":{"desktop":{"background-color":"","background-image":"","background-repeat":"repeat","background-position":"center center","background-size":"auto","background-attachment":"scroll","background-type":"","background-media":"","overlay-type":"","overlay-color":"","overlay-opacity":"","overlay-gradient":""},"tablet":{"background-color":"","background-image":"","background-repeat":"repeat","background-position":"center center","background-size":"auto","background-attachment":"scroll","background-type":"","background-media":"","overlay-type":"","overlay-color":"","overlay-opacity":"","overlay-gradient":""},"mobile":{"background-color":"","background-image":"","background-repeat":"repeat","background-position":"center center","background-size":"auto","background-attachment":"scroll","background-type":"","background-media":"","overlay-type":"","overlay-color":"","overlay-opacity":"","overlay-gradient":""}},"ast-content-background-meta":{"desktop":{"background-color":"var(--ast-global-color-5)","background-image":"","background-repeat":"repeat","background-position":"center center","background-size":"auto","background-attachment":"scroll","background-type":"","background-media":"","overlay-type":"","overlay-color":"","overlay-opacity":"","overlay-gradient":""},"tablet":{"background-color":"var(--ast-global-color-5)","background-image":"","background-repeat":"repeat","background-position":"center center","background-size":"auto","background-attachment":"scroll","background-type":"","background-media":"","overlay-type":"","overlay-color":"","overlay-opacity":"","overlay-gradient":""},"mobile":{"background-color":"var(--ast-global-color-5)","background-image":"","background-repeat":"repeat","background-position":"center center","background-size":"auto","background-attachment":"scroll","background-type":"","background-media":"","overlay-type":"","overlay-color":"","overlay-opacity":"","overlay-gradient":""}}},"product_cat":[62],"product_tag":[],"yoast_head":"<!-- This site is optimized with the Yoast SEO plugin v23.0 - https:\/\/yoast.com\/wordpress\/plugins\/seo\/ -->\n<title>Grid punch shamir backup | recoveryseed.cz<\/title>\n<meta name=\"description\" content=\"Balen\u00ed Shamir backup obsahuje 4 recovery seed m\u0159\u00ed\u017eky z pr\u00e9miov\u00e9 zrcadlov\u00e9 nerezov\u00e9 oceli. Prohl\u00e9dn\u011bte si na\u0161e produkty.\" \/>\n<meta name=\"robots\" content=\"index, follow, max-snippet:-1, max-image-preview:large, max-video-preview:-1\" \/>\n<link rel=\"canonical\" href=\"https:\/\/recoveryseed.cz\/sv\/product\/grid-punch-shamir-backup\/\" \/>\n<meta property=\"og:locale\" content=\"sv_SE\" \/>\n<meta property=\"og:type\" content=\"article\" \/>\n<meta property=\"og:title\" content=\"Grid punch shamir backup | recoveryseed.cz\" \/>\n<meta property=\"og:description\" content=\"Balen\u00ed Shamir backup obsahuje 4 recovery seed m\u0159\u00ed\u017eky z pr\u00e9miov\u00e9 zrcadlov\u00e9 nerezov\u00e9 oceli. Prohl\u00e9dn\u011bte si na\u0161e produkty.\" \/>\n<meta property=\"og:url\" content=\"https:\/\/recoveryseed.cz\/sv\/product\/grid-punch-shamir-backup\/\" \/>\n<meta property=\"og:site_name\" content=\"RecoverySeed.cz - Ulo\u017ete sv\u016fj crypto seed bezpe\u010dn\u011b!\" \/>\n<meta property=\"article:publisher\" content=\"https:\/\/www.facebook.com\/Recoveryseed.cz\" \/>\n<meta property=\"article:modified_time\" content=\"2026-01-14T14:52:11+00:00\" \/>\n<meta property=\"og:image\" content=\"https:\/\/recoveryseed.cz\/wp-content\/uploads\/2022\/10\/grid-shamir-punch-1.jpg\" \/>\n\t<meta property=\"og:image:width\" content=\"900\" \/>\n\t<meta property=\"og:image:height\" content=\"900\" \/>\n\t<meta property=\"og:image:type\" content=\"image\/jpeg\" \/>\n<meta name=\"twitter:card\" content=\"summary_large_image\" \/>\n<meta name=\"twitter:label1\" content=\"Est. reading time\" \/>\n\t<meta name=\"twitter:data1\" content=\"2 minuter\" \/>\n<script type=\"application\/ld+json\" class=\"yoast-schema-graph\">{\"@context\":\"https:\/\/schema.org\",\"@graph\":[{\"@type\":\"WebPage\",\"@id\":\"https:\/\/recoveryseed.cz\/produkt\/grid-punch-shamir-backup\/\",\"url\":\"https:\/\/recoveryseed.cz\/produkt\/grid-punch-shamir-backup\/\",\"name\":\"Grid punch shamir backup | recoveryseed.cz\",\"isPartOf\":{\"@id\":\"https:\/\/recoveryseed.cz\/en\/#website\"},\"primaryImageOfPage\":{\"@id\":\"https:\/\/recoveryseed.cz\/produkt\/grid-punch-shamir-backup\/#primaryimage\"},\"image\":{\"@id\":\"https:\/\/recoveryseed.cz\/produkt\/grid-punch-shamir-backup\/#primaryimage\"},\"thumbnailUrl\":\"https:\/\/recoveryseed.cz\/wp-content\/uploads\/2022\/10\/grid-shamir-punch-1.jpg\",\"datePublished\":\"2022-10-19T07:58:55+00:00\",\"dateModified\":\"2026-01-14T14:52:11+00:00\",\"description\":\"Balen\u00ed Shamir backup obsahuje 4 recovery seed m\u0159\u00ed\u017eky z pr\u00e9miov\u00e9 zrcadlov\u00e9 nerezov\u00e9 oceli. Prohl\u00e9dn\u011bte si na\u0161e produkty.\",\"breadcrumb\":{\"@id\":\"https:\/\/recoveryseed.cz\/produkt\/grid-punch-shamir-backup\/#breadcrumb\"},\"inLanguage\":\"sv-SE\",\"potentialAction\":[{\"@type\":\"ReadAction\",\"target\":[\"https:\/\/recoveryseed.cz\/produkt\/grid-punch-shamir-backup\/\"]}]},{\"@type\":\"ImageObject\",\"inLanguage\":\"sv-SE\",\"@id\":\"https:\/\/recoveryseed.cz\/produkt\/grid-punch-shamir-backup\/#primaryimage\",\"url\":\"https:\/\/recoveryseed.cz\/wp-content\/uploads\/2022\/10\/grid-shamir-punch-1.jpg\",\"contentUrl\":\"https:\/\/recoveryseed.cz\/wp-content\/uploads\/2022\/10\/grid-shamir-punch-1.jpg\",\"width\":900,\"height\":900},{\"@type\":\"BreadcrumbList\",\"@id\":\"https:\/\/recoveryseed.cz\/produkt\/grid-punch-shamir-backup\/#breadcrumb\",\"itemListElement\":[{\"@type\":\"ListItem\",\"position\":1,\"name\":\"Dom\u016f\",\"item\":\"https:\/\/recoveryseed.cz\/\"},{\"@type\":\"ListItem\",\"position\":2,\"name\":\"Obchod\",\"item\":\"https:\/\/recoveryseed.cz\/eshop-recovery-seed-metal-plate\/\"},{\"@type\":\"ListItem\",\"position\":3,\"name\":\"GRID PUNCH SHAMIR BACKUP\"}]},{\"@type\":\"WebSite\",\"@id\":\"https:\/\/recoveryseed.cz\/en\/#website\",\"url\":\"https:\/\/recoveryseed.cz\/en\/\",\"name\":\"RecoverySeed.cz - Ulo\u017ete sv\u016fj crypto seed bezpe\u010dn\u011b!\",\"description\":\"\",\"publisher\":{\"@id\":\"https:\/\/recoveryseed.cz\/en\/#organization\"},\"potentialAction\":[{\"@type\":\"SearchAction\",\"target\":{\"@type\":\"EntryPoint\",\"urlTemplate\":\"https:\/\/recoveryseed.cz\/en\/?s={search_term_string}\"},\"query-input\":\"required name=search_term_string\"}],\"inLanguage\":\"sv-SE\"},{\"@type\":\"Organization\",\"@id\":\"https:\/\/recoveryseed.cz\/en\/#organization\",\"name\":\"Recovery Seed s.r.o.\",\"url\":\"https:\/\/recoveryseed.cz\/en\/\",\"logo\":{\"@type\":\"ImageObject\",\"inLanguage\":\"sv-SE\",\"@id\":\"https:\/\/recoveryseed.cz\/en\/#\/schema\/logo\/image\/\",\"url\":\"https:\/\/recoveryseed.cz\/wp-content\/uploads\/2020\/12\/cropped-CryptoSteel__2_-removebg-preview-e1607373653659.png\",\"contentUrl\":\"https:\/\/recoveryseed.cz\/wp-content\/uploads\/2020\/12\/cropped-CryptoSteel__2_-removebg-preview-e1607373653659.png\",\"width\":500,\"height\":88,\"caption\":\"Recovery Seed s.r.o.\"},\"image\":{\"@id\":\"https:\/\/recoveryseed.cz\/en\/#\/schema\/logo\/image\/\"},\"sameAs\":[\"https:\/\/www.facebook.com\/Recoveryseed.cz\",\"https:\/\/www.instagram.com\/recoveryseed.cz\/\"]}]}<\/script>\n<!-- \/ Yoast SEO plugin. -->","yoast_head_json":{"title":"Grid punch shamir backup | recoveryseed.cz","description":"Balen\u00ed Shamir backup obsahuje 4 recovery seed m\u0159\u00ed\u017eky z pr\u00e9miov\u00e9 zrcadlov\u00e9 nerezov\u00e9 oceli. Prohl\u00e9dn\u011bte si na\u0161e produkty.","robots":{"index":"index","follow":"follow","max-snippet":"max-snippet:-1","max-image-preview":"max-image-preview:large","max-video-preview":"max-video-preview:-1"},"canonical":"https:\/\/recoveryseed.cz\/sv\/product\/grid-punch-shamir-backup\/","og_locale":"sv_SE","og_type":"article","og_title":"Grid punch shamir backup | recoveryseed.cz","og_description":"Balen\u00ed Shamir backup obsahuje 4 recovery seed m\u0159\u00ed\u017eky z pr\u00e9miov\u00e9 zrcadlov\u00e9 nerezov\u00e9 oceli. Prohl\u00e9dn\u011bte si na\u0161e produkty.","og_url":"https:\/\/recoveryseed.cz\/sv\/product\/grid-punch-shamir-backup\/","og_site_name":"RecoverySeed.cz - Ulo\u017ete sv\u016fj crypto seed bezpe\u010dn\u011b!","article_publisher":"https:\/\/www.facebook.com\/Recoveryseed.cz","article_modified_time":"2026-01-14T14:52:11+00:00","og_image":[{"width":900,"height":900,"url":"https:\/\/recoveryseed.cz\/wp-content\/uploads\/2022\/10\/grid-shamir-punch-1.jpg","type":"image\/jpeg"}],"twitter_card":"summary_large_image","twitter_misc":{"Est. reading time":"2 minuter"},"schema":{"@context":"https:\/\/schema.org","@graph":[{"@type":"WebPage","@id":"https:\/\/recoveryseed.cz\/produkt\/grid-punch-shamir-backup\/","url":"https:\/\/recoveryseed.cz\/produkt\/grid-punch-shamir-backup\/","name":"Grid punch shamir backup | recoveryseed.cz","isPartOf":{"@id":"https:\/\/recoveryseed.cz\/en\/#website"},"primaryImageOfPage":{"@id":"https:\/\/recoveryseed.cz\/produkt\/grid-punch-shamir-backup\/#primaryimage"},"image":{"@id":"https:\/\/recoveryseed.cz\/produkt\/grid-punch-shamir-backup\/#primaryimage"},"thumbnailUrl":"https:\/\/recoveryseed.cz\/wp-content\/uploads\/2022\/10\/grid-shamir-punch-1.jpg","datePublished":"2022-10-19T07:58:55+00:00","dateModified":"2026-01-14T14:52:11+00:00","description":"Balen\u00ed Shamir backup obsahuje 4 recovery seed m\u0159\u00ed\u017eky z pr\u00e9miov\u00e9 zrcadlov\u00e9 nerezov\u00e9 oceli. Prohl\u00e9dn\u011bte si na\u0161e produkty.","breadcrumb":{"@id":"https:\/\/recoveryseed.cz\/produkt\/grid-punch-shamir-backup\/#breadcrumb"},"inLanguage":"sv-SE","potentialAction":[{"@type":"ReadAction","target":["https:\/\/recoveryseed.cz\/produkt\/grid-punch-shamir-backup\/"]}]},{"@type":"ImageObject","inLanguage":"sv-SE","@id":"https:\/\/recoveryseed.cz\/produkt\/grid-punch-shamir-backup\/#primaryimage","url":"https:\/\/recoveryseed.cz\/wp-content\/uploads\/2022\/10\/grid-shamir-punch-1.jpg","contentUrl":"https:\/\/recoveryseed.cz\/wp-content\/uploads\/2022\/10\/grid-shamir-punch-1.jpg","width":900,"height":900},{"@type":"BreadcrumbList","@id":"https:\/\/recoveryseed.cz\/produkt\/grid-punch-shamir-backup\/#breadcrumb","itemListElement":[{"@type":"ListItem","position":1,"name":"Dom\u016f","item":"https:\/\/recoveryseed.cz\/"},{"@type":"ListItem","position":2,"name":"Obchod","item":"https:\/\/recoveryseed.cz\/eshop-recovery-seed-metal-plate\/"},{"@type":"ListItem","position":3,"name":"GRID PUNCH SHAMIR BACKUP"}]},{"@type":"WebSite","@id":"https:\/\/recoveryseed.cz\/en\/#website","url":"https:\/\/recoveryseed.cz\/en\/","name":"RecoverySeed.cz - Ulo\u017ete sv\u016fj crypto seed bezpe\u010dn\u011b!","description":"","publisher":{"@id":"https:\/\/recoveryseed.cz\/en\/#organization"},"potentialAction":[{"@type":"SearchAction","target":{"@type":"EntryPoint","urlTemplate":"https:\/\/recoveryseed.cz\/en\/?s={search_term_string}"},"query-input":"required name=search_term_string"}],"inLanguage":"sv-SE"},{"@type":"Organization","@id":"https:\/\/recoveryseed.cz\/en\/#organization","name":"Recovery Seed s.r.o.","url":"https:\/\/recoveryseed.cz\/en\/","logo":{"@type":"ImageObject","inLanguage":"sv-SE","@id":"https:\/\/recoveryseed.cz\/en\/#\/schema\/logo\/image\/","url":"https:\/\/recoveryseed.cz\/wp-content\/uploads\/2020\/12\/cropped-CryptoSteel__2_-removebg-preview-e1607373653659.png","contentUrl":"https:\/\/recoveryseed.cz\/wp-content\/uploads\/2020\/12\/cropped-CryptoSteel__2_-removebg-preview-e1607373653659.png","width":500,"height":88,"caption":"Recovery Seed s.r.o."},"image":{"@id":"https:\/\/recoveryseed.cz\/en\/#\/schema\/logo\/image\/"},"sameAs":["https:\/\/www.facebook.com\/Recoveryseed.cz","https:\/\/www.instagram.com\/recoveryseed.cz\/"]}]}},"_links":{"self":[{"href":"https:\/\/recoveryseed.cz\/sv\/wp-json\/wp\/v2\/product\/5658"}],"collection":[{"href":"https:\/\/recoveryseed.cz\/sv\/wp-json\/wp\/v2\/product"}],"about":[{"href":"https:\/\/recoveryseed.cz\/sv\/wp-json\/wp\/v2\/types\/product"}],"version-history":[{"count":1,"href":"https:\/\/recoveryseed.cz\/sv\/wp-json\/wp\/v2\/product\/5658\/revisions"}],"predecessor-version":[{"id":6814,"href":"https:\/\/recoveryseed.cz\/sv\/wp-json\/wp\/v2\/product\/5658\/revisions\/6814"}],"wp:featuredmedia":[{"embeddable":true,"href":"https:\/\/recoveryseed.cz\/sv\/wp-json\/wp\/v2\/media\/5664"}],"wp:attachment":[{"href":"https:\/\/recoveryseed.cz\/sv\/wp-json\/wp\/v2\/media?parent=5658"}],"wp:term":[{"taxonomy":"product_cat","embeddable":true,"href":"https:\/\/recoveryseed.cz\/sv\/wp-json\/wp\/v2\/product_cat?post=5658"},{"taxonomy":"product_tag","embeddable":true,"href":"https:\/\/recoveryseed.cz\/sv\/wp-json\/wp\/v2\/product_tag?post=5658"}],"curies":[{"name":"wp","href":"https:\/\/api.w.org\/{rel}","templated":true}]}}