{"id":5666,"date":"2022-10-19T08:20:39","date_gmt":"2022-10-19T08:20:39","guid":{"rendered":"https:\/\/recoveryseed.cz\/?post_type=product&#038;p=5666"},"modified":"2026-01-14T14:52:01","modified_gmt":"2026-01-14T14:52:01","slug":"grid-punch-double","status":"publish","type":"product","link":"https:\/\/recoveryseed.cz\/sv\/product\/grid-punch-double\/","title":{"rendered":"RUTN\u00c4T STANS DUBBEL"},"content":{"rendered":"<p class=\" translation-block\">Recoveryseed.cz-plattorna tillverkas i <b>Tjeckien<\/b> av rostfritt st\u00e5l av h\u00f6gsta kvalitet.<\/p>\n<p>Visa fullst\u00e4ndig version<strong> GRID<\/strong> <b>DUBBEL\u00a0<\/b>Inneh\u00e5ller\u00a0<b>2<\/b>\u00a0\u00e5terh\u00e4mtningsfr\u00f6plattor, denna kombination rekommenderas om du har 2 pl\u00e5nb\u00f6cker och d\u00e4rf\u00f6r beh\u00f6ver skriva 2 fr\u00f6n p\u00e5 ett tillf\u00f6rlitligt s\u00e4tt. Eller om du vill ge din familj eller v\u00e4nner en g\u00e5va med v\u00e5r \u00e5terh\u00e4mtningsfr\u00f6platta.<\/p>\n<p><span style=\"font-weight: 400;\">Visa fullst\u00e4ndig version<\/span><b> GRID<\/b><span style=\"font-weight: 400;\"> har ett rutn\u00e4t f\u00f6r 1-12 ord p\u00e5 framsidan, och ytterligare 12-24 p\u00e5 baksidan.Till skillnad fr\u00e5n v\u00e5ra andra produkter har den ingen ytterligare text eller bitcoin-logotyp, s\u00e5 det \u00e4r inte uppenbart vid f\u00f6rsta anblicken vad plattan \u00e4r till f\u00f6r.\u00a0<\/span><\/p>\n<p><span style=\"font-weight: 400;\">Processen att skriva ett fr\u00f6 med hj\u00e4lp av auto-reprimand \u00e4r verkligen enkel. Den vertikala axeln representerar bokst\u00e4verna och den horisontella axeln deras ordning. Det rekommenderas att markera orden i f\u00f6rv\u00e4g med en mark\u00f6r och sedan bara anv\u00e4nda auto-punktuatorn f\u00f6r att permanent markera de \u00f6nskade f\u00e4lten. Det rekommenderas att f\u00f6rdjupa bokst\u00e4verna s\u00e5 mycket som m\u00f6jligt. Endast de f\u00f6rsta 4 bokst\u00e4verna i ordet ska markeras.<\/span><\/p>\n<p class=\" translation-block\"><span style=\"font-weight: 400\">Det \u00e4r 1.4307 st\u00e5l med en tjocklek p\u00e5 1,5 mm - s\u00e5 att du enkelt kan skydda ditt fr\u00f6 mot <\/span><b>vatten, tid och v\u00e4rme<\/b><span style=\"font-weight: 400\"> - upp till 1510\u00b0. <\/span><\/p>\n<p class=\" translation-block\"><span style=\"font-size: 15px;font-weight: 400\">Varje platta \u00e4r f\u00f6rtryckt med 24 f\u00e4lt f\u00f6r att lagra <span style=\"font-size: 15px;font-weight: bold\">BIP39<\/span>-\u00e5tkomstl\u00f6senordet i form av 12, 18 eller 24 ord av ditt fr\u00f6. Pl\u00e5tmaterialet \u00e4r mycket starkt och n\u00e4stan of\u00f6rst\u00f6rbart. Den glansiga spegelytan s\u00e4kerst\u00e4ller s\u00f6ml\u00f6s synlighet av dina graverade ord. <\/span> &lt;\/span<\/p>\n<p><span style=\"font-weight: 400;\">Den automatiska stansen \u00e4r inte sv\u00e5r att anv\u00e4nda.<\/span><\/p>\n<p class=\" translation-block\">Denna version \u00e4r f\u00f6rpackad i en <strong>gift<\/strong>-version som standard.<\/p>\n<p><em>VIKTIGT MEDDELANDE! Inga produkter, vare sig fr\u00e5n oss eller n\u00e5got annat f\u00f6retag, kan n\u00e5gonsin garantera fullst\u00e4ndig s\u00e4kerhet i situationer som fullst\u00e4ndig utbr\u00e4nning och f\u00f6rst\u00f6relse av en byggnad d\u00e4r det fortfarande finns kemikalier kvar. Om plattan blir upp till 1500\u00b0 varm och en byggnad eller ett tak faller p\u00e5 den, finns det ingen l\u00f6sning p\u00e5 marknaden som kan r\u00e4dda dig fr\u00e5n denna situation. Detta \u00e4r inte fallet med TREZORs SHAMIR BACKUP, d\u00e4r du kan dela upp s\u00e5maskinen p\u00e5 flera platser och undvika att f\u00f6rst\u00f6ra all tillg\u00e5ng till din pl\u00e5nbok.  En automatisk stans kan g\u00f6ra ett bra fr\u00f6 p\u00e5 en st\u00e5lplatta, se v\u00e5ra tester och recensioner.<\/em><\/p>","protected":false},"excerpt":{"rendered":"<p>Paketets inneh\u00e5ll:<\/p>\n<p>2x uts\u00e4desplatta f\u00f6r \u00e5tervinning tillverkad av premium rostfritt st\u00e5l<\/p>\n<p>1x automatisk stans<\/p>\n<p>1x polerduk<\/p>","protected":false},"featured_media":5667,"template":"","meta":{"site-sidebar-layout":"default","site-content-layout":"default","ast-site-content-layout":"","site-content-style":"default","site-sidebar-style":"default","ast-global-header-display":"","ast-banner-title-visibility":"","ast-main-header-display":"","ast-hfb-above-header-display":"","ast-hfb-below-header-display":"","ast-hfb-mobile-header-display":"","site-post-title":"","ast-breadcrumbs-content":"","ast-featured-img":"","footer-sml-layout":"","theme-transparent-header-meta":"default","adv-header-id-meta":"","stick-header-meta":"","header-above-stick-meta":"","header-main-stick-meta":"","header-below-stick-meta":"","astra-migrate-meta-layouts":"default","ast-page-background-enabled":"default","ast-page-background-meta":{"desktop":{"background-color":"","background-image":"","background-repeat":"repeat","background-position":"center center","background-size":"auto","background-attachment":"scroll","background-type":"","background-media":"","overlay-type":"","overlay-color":"","overlay-opacity":"","overlay-gradient":""},"tablet":{"background-color":"","background-image":"","background-repeat":"repeat","background-position":"center center","background-size":"auto","background-attachment":"scroll","background-type":"","background-media":"","overlay-type":"","overlay-color":"","overlay-opacity":"","overlay-gradient":""},"mobile":{"background-color":"","background-image":"","background-repeat":"repeat","background-position":"center center","background-size":"auto","background-attachment":"scroll","background-type":"","background-media":"","overlay-type":"","overlay-color":"","overlay-opacity":"","overlay-gradient":""}},"ast-content-background-meta":{"desktop":{"background-color":"var(--ast-global-color-5)","background-image":"","background-repeat":"repeat","background-position":"center center","background-size":"auto","background-attachment":"scroll","background-type":"","background-media":"","overlay-type":"","overlay-color":"","overlay-opacity":"","overlay-gradient":""},"tablet":{"background-color":"var(--ast-global-color-5)","background-image":"","background-repeat":"repeat","background-position":"center center","background-size":"auto","background-attachment":"scroll","background-type":"","background-media":"","overlay-type":"","overlay-color":"","overlay-opacity":"","overlay-gradient":""},"mobile":{"background-color":"var(--ast-global-color-5)","background-image":"","background-repeat":"repeat","background-position":"center center","background-size":"auto","background-attachment":"scroll","background-type":"","background-media":"","overlay-type":"","overlay-color":"","overlay-opacity":"","overlay-gradient":""}}},"product_cat":[62],"product_tag":[],"yoast_head":"<!-- This site is optimized with the Yoast SEO plugin v23.0 - https:\/\/yoast.com\/wordpress\/plugins\/seo\/ -->\n<title>Grid punch double | recoveryseed.cz<\/title>\n<meta name=\"description\" content=\"V tomto bal\u00ed\u010dku naleznete 2 recovery m\u0159\u00ed\u017ekovan\u00e9 desti\u010dky z pr\u00e9miov\u00e9 oceli, kter\u00e9 zajist\u00ed va\u0161im kryptom\u011bn\u00e1m bezpe\u010d\u00ed. Zjist\u011bte v\u00edce.\" \/>\n<meta name=\"robots\" content=\"index, follow, max-snippet:-1, max-image-preview:large, max-video-preview:-1\" \/>\n<link rel=\"canonical\" href=\"https:\/\/recoveryseed.cz\/sv\/product\/grid-punch-double\/\" \/>\n<meta property=\"og:locale\" content=\"sv_SE\" \/>\n<meta property=\"og:type\" content=\"article\" \/>\n<meta property=\"og:title\" content=\"Grid punch double | recoveryseed.cz\" \/>\n<meta property=\"og:description\" content=\"V tomto bal\u00ed\u010dku naleznete 2 recovery m\u0159\u00ed\u017ekovan\u00e9 desti\u010dky z pr\u00e9miov\u00e9 oceli, kter\u00e9 zajist\u00ed va\u0161im kryptom\u011bn\u00e1m bezpe\u010d\u00ed. Zjist\u011bte v\u00edce.\" \/>\n<meta property=\"og:url\" content=\"https:\/\/recoveryseed.cz\/sv\/product\/grid-punch-double\/\" \/>\n<meta property=\"og:site_name\" content=\"RecoverySeed.cz - Ulo\u017ete sv\u016fj crypto seed bezpe\u010dn\u011b!\" \/>\n<meta property=\"article:publisher\" content=\"https:\/\/www.facebook.com\/Recoveryseed.cz\" \/>\n<meta property=\"article:modified_time\" content=\"2026-01-14T14:52:01+00:00\" \/>\n<meta property=\"og:image\" content=\"https:\/\/recoveryseed.cz\/wp-content\/uploads\/2022\/10\/double-grid.jpg\" \/>\n\t<meta property=\"og:image:width\" content=\"900\" \/>\n\t<meta property=\"og:image:height\" content=\"900\" \/>\n\t<meta property=\"og:image:type\" content=\"image\/jpeg\" \/>\n<meta name=\"twitter:card\" content=\"summary_large_image\" \/>\n<meta name=\"twitter:label1\" content=\"Est. reading time\" \/>\n\t<meta name=\"twitter:data1\" content=\"2 minuter\" \/>\n<script type=\"application\/ld+json\" class=\"yoast-schema-graph\">{\"@context\":\"https:\/\/schema.org\",\"@graph\":[{\"@type\":\"WebPage\",\"@id\":\"https:\/\/recoveryseed.cz\/produkt\/grid-punch-double\/\",\"url\":\"https:\/\/recoveryseed.cz\/produkt\/grid-punch-double\/\",\"name\":\"Grid punch double | recoveryseed.cz\",\"isPartOf\":{\"@id\":\"https:\/\/recoveryseed.cz\/en\/#website\"},\"primaryImageOfPage\":{\"@id\":\"https:\/\/recoveryseed.cz\/produkt\/grid-punch-double\/#primaryimage\"},\"image\":{\"@id\":\"https:\/\/recoveryseed.cz\/produkt\/grid-punch-double\/#primaryimage\"},\"thumbnailUrl\":\"https:\/\/recoveryseed.cz\/wp-content\/uploads\/2022\/10\/double-grid.jpg\",\"datePublished\":\"2022-10-19T08:20:39+00:00\",\"dateModified\":\"2026-01-14T14:52:01+00:00\",\"description\":\"V tomto bal\u00ed\u010dku naleznete 2 recovery m\u0159\u00ed\u017ekovan\u00e9 desti\u010dky z pr\u00e9miov\u00e9 oceli, kter\u00e9 zajist\u00ed va\u0161im kryptom\u011bn\u00e1m bezpe\u010d\u00ed. Zjist\u011bte v\u00edce.\",\"breadcrumb\":{\"@id\":\"https:\/\/recoveryseed.cz\/produkt\/grid-punch-double\/#breadcrumb\"},\"inLanguage\":\"sv-SE\",\"potentialAction\":[{\"@type\":\"ReadAction\",\"target\":[\"https:\/\/recoveryseed.cz\/produkt\/grid-punch-double\/\"]}]},{\"@type\":\"ImageObject\",\"inLanguage\":\"sv-SE\",\"@id\":\"https:\/\/recoveryseed.cz\/produkt\/grid-punch-double\/#primaryimage\",\"url\":\"https:\/\/recoveryseed.cz\/wp-content\/uploads\/2022\/10\/double-grid.jpg\",\"contentUrl\":\"https:\/\/recoveryseed.cz\/wp-content\/uploads\/2022\/10\/double-grid.jpg\",\"width\":900,\"height\":900},{\"@type\":\"BreadcrumbList\",\"@id\":\"https:\/\/recoveryseed.cz\/produkt\/grid-punch-double\/#breadcrumb\",\"itemListElement\":[{\"@type\":\"ListItem\",\"position\":1,\"name\":\"Dom\u016f\",\"item\":\"https:\/\/recoveryseed.cz\/\"},{\"@type\":\"ListItem\",\"position\":2,\"name\":\"Obchod\",\"item\":\"https:\/\/recoveryseed.cz\/eshop-recovery-seed-metal-plate\/\"},{\"@type\":\"ListItem\",\"position\":3,\"name\":\"GRID PUNCH DOUBLE\"}]},{\"@type\":\"WebSite\",\"@id\":\"https:\/\/recoveryseed.cz\/en\/#website\",\"url\":\"https:\/\/recoveryseed.cz\/en\/\",\"name\":\"RecoverySeed.cz - Ulo\u017ete sv\u016fj crypto seed bezpe\u010dn\u011b!\",\"description\":\"\",\"publisher\":{\"@id\":\"https:\/\/recoveryseed.cz\/en\/#organization\"},\"potentialAction\":[{\"@type\":\"SearchAction\",\"target\":{\"@type\":\"EntryPoint\",\"urlTemplate\":\"https:\/\/recoveryseed.cz\/en\/?s={search_term_string}\"},\"query-input\":\"required name=search_term_string\"}],\"inLanguage\":\"sv-SE\"},{\"@type\":\"Organization\",\"@id\":\"https:\/\/recoveryseed.cz\/en\/#organization\",\"name\":\"Recovery Seed s.r.o.\",\"url\":\"https:\/\/recoveryseed.cz\/en\/\",\"logo\":{\"@type\":\"ImageObject\",\"inLanguage\":\"sv-SE\",\"@id\":\"https:\/\/recoveryseed.cz\/en\/#\/schema\/logo\/image\/\",\"url\":\"https:\/\/recoveryseed.cz\/wp-content\/uploads\/2020\/12\/cropped-CryptoSteel__2_-removebg-preview-e1607373653659.png\",\"contentUrl\":\"https:\/\/recoveryseed.cz\/wp-content\/uploads\/2020\/12\/cropped-CryptoSteel__2_-removebg-preview-e1607373653659.png\",\"width\":500,\"height\":88,\"caption\":\"Recovery Seed s.r.o.\"},\"image\":{\"@id\":\"https:\/\/recoveryseed.cz\/en\/#\/schema\/logo\/image\/\"},\"sameAs\":[\"https:\/\/www.facebook.com\/Recoveryseed.cz\",\"https:\/\/www.instagram.com\/recoveryseed.cz\/\"]}]}<\/script>\n<!-- \/ Yoast SEO plugin. -->","yoast_head_json":{"title":"Grid punch double | recoveryseed.cz","description":"V tomto bal\u00ed\u010dku naleznete 2 recovery m\u0159\u00ed\u017ekovan\u00e9 desti\u010dky z pr\u00e9miov\u00e9 oceli, kter\u00e9 zajist\u00ed va\u0161im kryptom\u011bn\u00e1m bezpe\u010d\u00ed. Zjist\u011bte v\u00edce.","robots":{"index":"index","follow":"follow","max-snippet":"max-snippet:-1","max-image-preview":"max-image-preview:large","max-video-preview":"max-video-preview:-1"},"canonical":"https:\/\/recoveryseed.cz\/sv\/product\/grid-punch-double\/","og_locale":"sv_SE","og_type":"article","og_title":"Grid punch double | recoveryseed.cz","og_description":"V tomto bal\u00ed\u010dku naleznete 2 recovery m\u0159\u00ed\u017ekovan\u00e9 desti\u010dky z pr\u00e9miov\u00e9 oceli, kter\u00e9 zajist\u00ed va\u0161im kryptom\u011bn\u00e1m bezpe\u010d\u00ed. Zjist\u011bte v\u00edce.","og_url":"https:\/\/recoveryseed.cz\/sv\/product\/grid-punch-double\/","og_site_name":"RecoverySeed.cz - Ulo\u017ete sv\u016fj crypto seed bezpe\u010dn\u011b!","article_publisher":"https:\/\/www.facebook.com\/Recoveryseed.cz","article_modified_time":"2026-01-14T14:52:01+00:00","og_image":[{"width":900,"height":900,"url":"https:\/\/recoveryseed.cz\/wp-content\/uploads\/2022\/10\/double-grid.jpg","type":"image\/jpeg"}],"twitter_card":"summary_large_image","twitter_misc":{"Est. reading time":"2 minuter"},"schema":{"@context":"https:\/\/schema.org","@graph":[{"@type":"WebPage","@id":"https:\/\/recoveryseed.cz\/produkt\/grid-punch-double\/","url":"https:\/\/recoveryseed.cz\/produkt\/grid-punch-double\/","name":"Grid punch double | recoveryseed.cz","isPartOf":{"@id":"https:\/\/recoveryseed.cz\/en\/#website"},"primaryImageOfPage":{"@id":"https:\/\/recoveryseed.cz\/produkt\/grid-punch-double\/#primaryimage"},"image":{"@id":"https:\/\/recoveryseed.cz\/produkt\/grid-punch-double\/#primaryimage"},"thumbnailUrl":"https:\/\/recoveryseed.cz\/wp-content\/uploads\/2022\/10\/double-grid.jpg","datePublished":"2022-10-19T08:20:39+00:00","dateModified":"2026-01-14T14:52:01+00:00","description":"V tomto bal\u00ed\u010dku naleznete 2 recovery m\u0159\u00ed\u017ekovan\u00e9 desti\u010dky z pr\u00e9miov\u00e9 oceli, kter\u00e9 zajist\u00ed va\u0161im kryptom\u011bn\u00e1m bezpe\u010d\u00ed. Zjist\u011bte v\u00edce.","breadcrumb":{"@id":"https:\/\/recoveryseed.cz\/produkt\/grid-punch-double\/#breadcrumb"},"inLanguage":"sv-SE","potentialAction":[{"@type":"ReadAction","target":["https:\/\/recoveryseed.cz\/produkt\/grid-punch-double\/"]}]},{"@type":"ImageObject","inLanguage":"sv-SE","@id":"https:\/\/recoveryseed.cz\/produkt\/grid-punch-double\/#primaryimage","url":"https:\/\/recoveryseed.cz\/wp-content\/uploads\/2022\/10\/double-grid.jpg","contentUrl":"https:\/\/recoveryseed.cz\/wp-content\/uploads\/2022\/10\/double-grid.jpg","width":900,"height":900},{"@type":"BreadcrumbList","@id":"https:\/\/recoveryseed.cz\/produkt\/grid-punch-double\/#breadcrumb","itemListElement":[{"@type":"ListItem","position":1,"name":"Dom\u016f","item":"https:\/\/recoveryseed.cz\/"},{"@type":"ListItem","position":2,"name":"Obchod","item":"https:\/\/recoveryseed.cz\/eshop-recovery-seed-metal-plate\/"},{"@type":"ListItem","position":3,"name":"GRID PUNCH DOUBLE"}]},{"@type":"WebSite","@id":"https:\/\/recoveryseed.cz\/en\/#website","url":"https:\/\/recoveryseed.cz\/en\/","name":"RecoverySeed.cz - Ulo\u017ete sv\u016fj crypto seed bezpe\u010dn\u011b!","description":"","publisher":{"@id":"https:\/\/recoveryseed.cz\/en\/#organization"},"potentialAction":[{"@type":"SearchAction","target":{"@type":"EntryPoint","urlTemplate":"https:\/\/recoveryseed.cz\/en\/?s={search_term_string}"},"query-input":"required name=search_term_string"}],"inLanguage":"sv-SE"},{"@type":"Organization","@id":"https:\/\/recoveryseed.cz\/en\/#organization","name":"Recovery Seed s.r.o.","url":"https:\/\/recoveryseed.cz\/en\/","logo":{"@type":"ImageObject","inLanguage":"sv-SE","@id":"https:\/\/recoveryseed.cz\/en\/#\/schema\/logo\/image\/","url":"https:\/\/recoveryseed.cz\/wp-content\/uploads\/2020\/12\/cropped-CryptoSteel__2_-removebg-preview-e1607373653659.png","contentUrl":"https:\/\/recoveryseed.cz\/wp-content\/uploads\/2020\/12\/cropped-CryptoSteel__2_-removebg-preview-e1607373653659.png","width":500,"height":88,"caption":"Recovery Seed s.r.o."},"image":{"@id":"https:\/\/recoveryseed.cz\/en\/#\/schema\/logo\/image\/"},"sameAs":["https:\/\/www.facebook.com\/Recoveryseed.cz","https:\/\/www.instagram.com\/recoveryseed.cz\/"]}]}},"_links":{"self":[{"href":"https:\/\/recoveryseed.cz\/sv\/wp-json\/wp\/v2\/product\/5666"}],"collection":[{"href":"https:\/\/recoveryseed.cz\/sv\/wp-json\/wp\/v2\/product"}],"about":[{"href":"https:\/\/recoveryseed.cz\/sv\/wp-json\/wp\/v2\/types\/product"}],"version-history":[{"count":1,"href":"https:\/\/recoveryseed.cz\/sv\/wp-json\/wp\/v2\/product\/5666\/revisions"}],"predecessor-version":[{"id":6811,"href":"https:\/\/recoveryseed.cz\/sv\/wp-json\/wp\/v2\/product\/5666\/revisions\/6811"}],"wp:featuredmedia":[{"embeddable":true,"href":"https:\/\/recoveryseed.cz\/sv\/wp-json\/wp\/v2\/media\/5667"}],"wp:attachment":[{"href":"https:\/\/recoveryseed.cz\/sv\/wp-json\/wp\/v2\/media?parent=5666"}],"wp:term":[{"taxonomy":"product_cat","embeddable":true,"href":"https:\/\/recoveryseed.cz\/sv\/wp-json\/wp\/v2\/product_cat?post=5666"},{"taxonomy":"product_tag","embeddable":true,"href":"https:\/\/recoveryseed.cz\/sv\/wp-json\/wp\/v2\/product_tag?post=5666"}],"curies":[{"name":"wp","href":"https:\/\/api.w.org\/{rel}","templated":true}]}}